{"id":25,"date":"2025-10-16T14:41:41","date_gmt":"2025-10-16T14:41:41","guid":{"rendered":"http:\/\/batubinhphuoc.vn\/index.php\/cart\/"},"modified":"2026-03-24T15:24:21","modified_gmt":"2026-03-24T08:24:21","slug":"gio-hang","status":"publish","type":"page","link":"https:\/\/batubinhphuoc.vn\/en\/gio-hang\/","title":{"rendered":"Gi\u1ecf H\u00e0ng"},"content":{"rendered":"<div data-block-name=\"woocommerce\/cart\" class=\"wp-block-woocommerce-cart alignwide is-loading\">\r\n<div data-block-name=\"woocommerce\/filled-cart-block\" class=\"wp-block-woocommerce-filled-cart-block\">\r\n<div data-block-name=\"woocommerce\/cart-items-block\" class=\"wp-block-woocommerce-cart-items-block\">\r\n<div data-block-name=\"woocommerce\/cart-line-items-block\" class=\"wp-block-woocommerce-cart-line-items-block\">\u00a0<\/div>\r\n\r\n\r\n<\/div>\r\n\r\n\r\n\r\n<div data-block-name=\"woocommerce\/cart-totals-block\" class=\"wp-block-woocommerce-cart-totals-block\">\r\n<div data-block-name=\"woocommerce\/cart-order-summary-block\" class=\"wp-block-woocommerce-cart-order-summary-block\">\r\n<div data-block-name=\"woocommerce\/cart-order-summary-heading-block\" class=\"wp-block-woocommerce-cart-order-summary-heading-block\">\u00a0<\/div>\r\n\r\n\r\n\r\n<div data-block-name=\"woocommerce\/cart-order-summary-coupon-form-block\" class=\"wp-block-woocommerce-cart-order-summary-coupon-form-block\">\u00a0<\/div>\r\n\r\n\r\n\r\n\r\n\r\n\r\n\r\n\r\n\r\n\r\n\r\n\r\n\r\n\r\n\r\n\r\n\r\n\r\n\r\n<div data-block-name=\"woocommerce\/cart-order-summary-totals-block\" class=\"wp-block-woocommerce-cart-order-summary-totals-block\">\n<div data-block-name=\"woocommerce\/cart-order-summary-subtotal-block\" class=\"wp-block-woocommerce-cart-order-summary-subtotal-block\">\u00a0<\/div>\n<div data-block-name=\"woocommerce\/cart-order-summary-discount-block\" class=\"wp-block-woocommerce-cart-order-summary-discount-block\">\u00a0<\/div>\n<div data-block-name=\"woocommerce\/cart-order-summary-fee-block\" class=\"wp-block-woocommerce-cart-order-summary-fee-block\">\u00a0<\/div>\n<div data-block-name=\"woocommerce\/cart-order-summary-shipping-block\" class=\"wp-block-woocommerce-cart-order-summary-shipping-block\">\u00a0<\/div>\n<div data-block-name=\"woocommerce\/cart-order-summary-taxes-block\" class=\"wp-block-woocommerce-cart-order-summary-taxes-block\">\u00a0<\/div><\/div>\r\n<\/div>\r\n\r\n\r\n\r\n<div data-block-name=\"woocommerce\/cart-express-payment-block\" class=\"wp-block-woocommerce-cart-express-payment-block\">\u00a0<\/div>\r\n\r\n\r\n\r\n<div data-block-name=\"woocommerce\/proceed-to-checkout-block\" class=\"wp-block-woocommerce-proceed-to-checkout-block\">\u00a0<\/div>\r\n\r\n\r\n\r\n<div data-block-name=\"woocommerce\/cart-accepted-payment-methods-block\" class=\"wp-block-woocommerce-cart-accepted-payment-methods-block\">\u00a0<\/div>\r\n<\/div>\r\n<\/div>\r\n\r\n\r\n\r\n<div data-block-name=\"woocommerce\/empty-cart-block\" class=\"wp-block-woocommerce-empty-cart-block\">\r\n<h2 class=\"wp-block-heading has-text-align-center with-empty-cart-icon wc-block-cart__empty-cart__title\"><span dir=\"auto\" style=\"vertical-align: inherit;\"><span dir=\"auto\" style=\"vertical-align: inherit;\">Gi\u1ecf h\u00e0ng c\u1ee7a b\u1ea1n hi\u1ec7n \u0111ang tr\u1ed1ng!<\/span><\/span><\/h2>\r\n\r\n\r\n<hr class=\"wp-block-separator has-alpha-channel-opacity is-style-dots\" \/>\r\n\r\n\r\n<h2 class=\"wp-block-heading has-text-align-center\"><span dir=\"auto\" style=\"vertical-align: inherit;\"><span dir=\"auto\" style=\"vertical-align: inherit;\">S\u1ea3n ph\u1ea9m m\u1edbi t\u1ea1i c\u1eeda h\u00e0ng<\/span><\/span><\/h2>\r\n\r\n\r\n<div data-block-name=\"woocommerce\/product-new\" data-columns=\"4\" data-rows=\"1\" class=\"wc-block-grid wp-block-product-new wp-block-woocommerce-product-new wc-block-product-new has-4-columns\"><ul class=\"wc-block-grid__products\"><li class=\"wc-block-grid__product\">\n\t\t\t\t<a href=\"https:\/\/batubinhphuoc.vn\/en\/shop\/hat-dieu-gac-mat-ong-ba-tu-binh-phuoc-65g-ngot-thanh-tu-nhien-do-dep-mat-an-la-me-ngay\/\" class=\"wc-block-grid__product-link\">\n\t\t\t\t\t<div class=\"wc-block-grid__product-onsale\">\n\t\t\t<span aria-hidden=\"true\" data-no-translation=\"\" data-trp-gettext=\"\">Sale<\/span>\n\t\t\t<span class=\"screen-reader-text\" data-no-translation=\"\" data-trp-gettext=\"\">Product on sale<\/span>\n\t\t<\/div>\n\t\t\t\t\t<div class=\"wc-block-grid__product-image\"><img loading=\"lazy\" decoding=\"async\" width=\"300\" height=\"300\" src=\"https:\/\/batubinhphuoc.vn\/wp-content\/uploads\/2026\/03\/z7640298444769_83fc0e0f70df2b47fc4961060d34b92f-300x300.jpg\" class=\"attachment-woocommerce_thumbnail size-woocommerce_thumbnail\" alt=\"h\u1ea1t \u0111i\u1ec1u g\u1ea5c m\u1eadt ong\" srcset=\"https:\/\/batubinhphuoc.vn\/wp-content\/uploads\/2026\/03\/z7640298444769_83fc0e0f70df2b47fc4961060d34b92f-300x300.jpg 300w, https:\/\/batubinhphuoc.vn\/wp-content\/uploads\/2026\/03\/z7640298444769_83fc0e0f70df2b47fc4961060d34b92f-1024x1024.jpg 1024w, https:\/\/batubinhphuoc.vn\/wp-content\/uploads\/2026\/03\/z7640298444769_83fc0e0f70df2b47fc4961060d34b92f-150x150.jpg 150w, https:\/\/batubinhphuoc.vn\/wp-content\/uploads\/2026\/03\/z7640298444769_83fc0e0f70df2b47fc4961060d34b92f-768x768.jpg 768w, https:\/\/batubinhphuoc.vn\/wp-content\/uploads\/2026\/03\/z7640298444769_83fc0e0f70df2b47fc4961060d34b92f-12x12.jpg 12w, https:\/\/batubinhphuoc.vn\/wp-content\/uploads\/2026\/03\/z7640298444769_83fc0e0f70df2b47fc4961060d34b92f-600x600.jpg 600w, https:\/\/batubinhphuoc.vn\/wp-content\/uploads\/2026\/03\/z7640298444769_83fc0e0f70df2b47fc4961060d34b92f-100x100.jpg 100w, https:\/\/batubinhphuoc.vn\/wp-content\/uploads\/2026\/03\/z7640298444769_83fc0e0f70df2b47fc4961060d34b92f.jpg 1200w\" sizes=\"auto, (max-width: 300px) 100vw, 300px\" \/><\/div>\n\t\t\t\t\t<div class=\"wc-block-grid__product-title\">H\u1ea1t \u0110i\u1ec1u G\u1ea5c M\u1eadt Ong B\u00e0 T\u01b0 B\u00ecnh Ph\u01b0\u1edbc 65g \u2013 Ng\u1ecdt Thanh T\u1ef1 Nhi\u00ean, \u0110\u1ecf \u0110\u1eb9p M\u1eaft, \u0102n L\u00e0 M\u00ea Ngay!<\/div>\n\t\t\t\t<\/a>\n\t\t\t\t<div class=\"wc-block-grid__product-price price\"><del aria-hidden=\"true\"><span class=\"woocommerce-Price-amount amount\">86.625&nbsp;<span class=\"woocommerce-Price-currencySymbol\">&#8363;<\/span><\/span><\/del> <span class=\"screen-reader-text\" data-no-translation=\"\" data-trp-gettext=\"\">Original price was: 86.625&nbsp;&#8363;.<\/span><ins aria-hidden=\"true\"><span class=\"woocommerce-Price-amount amount\">64.969&nbsp;<span class=\"woocommerce-Price-currencySymbol\">&#8363;<\/span><\/span><\/ins><span class=\"screen-reader-text\" data-no-translation=\"\" data-trp-gettext=\"\">Current price is: 64.969&nbsp;&#8363;.<\/span><\/div>\n\t\t\t\t\n\t\t\t\t<div class=\"wp-block-button wc-block-grid__product-add-to-cart\"><a href=\"\/en\/wp-json\/wp\/v2\/pages\/25?add-to-cart=2435\" aria-label=\"Add to cart: \u201cH\u1ea1t \u0110i\u1ec1u G\u1ea5c M\u1eadt Ong B\u00e0 T\u01b0 B\u00ecnh Ph\u01b0\u1edbc 65g \u2013 Ng\u1ecdt Thanh T\u1ef1 Nhi\u00ean, \u0110\u1ecf \u0110\u1eb9p M\u1eaft, \u0102n L\u00e0 M\u00ea Ngay!\u201d\" data-quantity=\"1\" data-product_id=\"2435\" data-product_sku=\"\" data-price=\"64969\" rel=\"nofollow\" class=\"wp-block-button__link  add_to_cart_button ajax_add_to_cart\" data-no-translation=\"\" data-trp-gettext=\"\" data-no-translation-aria-label=\"\">Add to cart<\/a><\/div>\n\t\t\t<\/li><li class=\"wc-block-grid__product\">\n\t\t\t\t<a href=\"https:\/\/batubinhphuoc.vn\/en\/shop\/hat-dieu-gac-mat-ong-ba-tu-binh-phuoc-30g-ngot-thanh-gion-bui-mau-sac-bat-mat-tu-nhien\/\" class=\"wc-block-grid__product-link\">\n\t\t\t\t\t<div class=\"wc-block-grid__product-onsale\">\n\t\t\t<span aria-hidden=\"true\" data-no-translation=\"\" data-trp-gettext=\"\">Sale<\/span>\n\t\t\t<span class=\"screen-reader-text\" data-no-translation=\"\" data-trp-gettext=\"\">Product on sale<\/span>\n\t\t<\/div>\n\t\t\t\t\t<div class=\"wc-block-grid__product-image\"><img loading=\"lazy\" decoding=\"async\" width=\"300\" height=\"300\" src=\"https:\/\/batubinhphuoc.vn\/wp-content\/uploads\/2026\/03\/z7640298442236_e9d9b7cb38283e4251819a59baf2b079-300x300.jpg\" class=\"attachment-woocommerce_thumbnail size-woocommerce_thumbnail\" alt=\"H\u1ea1t \u0110i\u1ec1u G\u1ea5c M\u1eadt Ong B\u00e0 T\u01b0 B\u00ecnh Ph\u01b0\u1edbc 30g \u2013 Ng\u1ecdt thanh \u2013 Gi\u00f2n b\u00f9i \u2013 M\u00e0u s\u1eafc b\u1eaft m\u1eaft t\u1ef1 nhi\u00ean\" srcset=\"https:\/\/batubinhphuoc.vn\/wp-content\/uploads\/2026\/03\/z7640298442236_e9d9b7cb38283e4251819a59baf2b079-300x300.jpg 300w, https:\/\/batubinhphuoc.vn\/wp-content\/uploads\/2026\/03\/z7640298442236_e9d9b7cb38283e4251819a59baf2b079-1024x1024.jpg 1024w, https:\/\/batubinhphuoc.vn\/wp-content\/uploads\/2026\/03\/z7640298442236_e9d9b7cb38283e4251819a59baf2b079-150x150.jpg 150w, https:\/\/batubinhphuoc.vn\/wp-content\/uploads\/2026\/03\/z7640298442236_e9d9b7cb38283e4251819a59baf2b079-768x768.jpg 768w, https:\/\/batubinhphuoc.vn\/wp-content\/uploads\/2026\/03\/z7640298442236_e9d9b7cb38283e4251819a59baf2b079-12x12.jpg 12w, https:\/\/batubinhphuoc.vn\/wp-content\/uploads\/2026\/03\/z7640298442236_e9d9b7cb38283e4251819a59baf2b079-600x600.jpg 600w, https:\/\/batubinhphuoc.vn\/wp-content\/uploads\/2026\/03\/z7640298442236_e9d9b7cb38283e4251819a59baf2b079-100x100.jpg 100w, https:\/\/batubinhphuoc.vn\/wp-content\/uploads\/2026\/03\/z7640298442236_e9d9b7cb38283e4251819a59baf2b079.jpg 1200w\" sizes=\"auto, (max-width: 300px) 100vw, 300px\" \/><\/div>\n\t\t\t\t\t<div class=\"wc-block-grid__product-title\">H\u1ea1t \u0110i\u1ec1u G\u1ea5c M\u1eadt Ong B\u00e0 T\u01b0 B\u00ecnh Ph\u01b0\u1edbc 30g \u2013 Ng\u1ecdt thanh \u2013 Gi\u00f2n b\u00f9i \u2013 M\u00e0u s\u1eafc b\u1eaft m\u1eaft t\u1ef1 nhi\u00ean<\/div>\n\t\t\t\t<\/a>\n\t\t\t\t<div class=\"wc-block-grid__product-price price\"><del aria-hidden=\"true\"><span class=\"woocommerce-Price-amount amount\">44.625&nbsp;<span class=\"woocommerce-Price-currencySymbol\">&#8363;<\/span><\/span><\/del> <span class=\"screen-reader-text\" data-no-translation=\"\" data-trp-gettext=\"\">Original price was: 44.625&nbsp;&#8363;.<\/span><ins aria-hidden=\"true\"><span class=\"woocommerce-Price-amount amount\">33.469&nbsp;<span class=\"woocommerce-Price-currencySymbol\">&#8363;<\/span><\/span><\/ins><span class=\"screen-reader-text\" data-no-translation=\"\" data-trp-gettext=\"\">Current price is: 33.469&nbsp;&#8363;.<\/span><\/div>\n\t\t\t\t\n\t\t\t\t<div class=\"wp-block-button wc-block-grid__product-add-to-cart\"><a href=\"\/en\/wp-json\/wp\/v2\/pages\/25?add-to-cart=2436\" aria-label=\"Add to cart: \u201cH\u1ea1t \u0110i\u1ec1u G\u1ea5c M\u1eadt Ong B\u00e0 T\u01b0 B\u00ecnh Ph\u01b0\u1edbc 30g \u2013 Ng\u1ecdt thanh \u2013 Gi\u00f2n b\u00f9i \u2013 M\u00e0u s\u1eafc b\u1eaft m\u1eaft t\u1ef1 nhi\u00ean\u201d\" data-quantity=\"1\" data-product_id=\"2436\" data-product_sku=\"\" data-price=\"33469\" rel=\"nofollow\" class=\"wp-block-button__link  add_to_cart_button ajax_add_to_cart\" data-no-translation=\"\" data-trp-gettext=\"\" data-no-translation-aria-label=\"\">Add to cart<\/a><\/div>\n\t\t\t<\/li><li class=\"wc-block-grid__product\">\n\t\t\t\t<a href=\"https:\/\/batubinhphuoc.vn\/en\/shop\/hat-dieu-gac-mat-ong-ba-tu-binh-phuoc-200g-65g-30g-ngot-dep\/\" class=\"wc-block-grid__product-link\">\n\t\t\t\t\t<div class=\"wc-block-grid__product-onsale\">\n\t\t\t<span aria-hidden=\"true\" data-no-translation=\"\" data-trp-gettext=\"\">Sale<\/span>\n\t\t\t<span class=\"screen-reader-text\" data-no-translation=\"\" data-trp-gettext=\"\">Product on sale<\/span>\n\t\t<\/div>\n\t\t\t\t\t<div class=\"wc-block-grid__product-image\"><img loading=\"lazy\" decoding=\"async\" width=\"300\" height=\"300\" src=\"https:\/\/batubinhphuoc.vn\/wp-content\/uploads\/2026\/03\/z7639934563521_b38154c51d09ed857a3fe68376a0632d-300x300.jpg\" class=\"attachment-woocommerce_thumbnail size-woocommerce_thumbnail\" alt=\"H\u1ea0T \u0110I\u1ec0U G\u1ea4C M\u1eacT ONG\" srcset=\"https:\/\/batubinhphuoc.vn\/wp-content\/uploads\/2026\/03\/z7639934563521_b38154c51d09ed857a3fe68376a0632d-300x300.jpg 300w, https:\/\/batubinhphuoc.vn\/wp-content\/uploads\/2026\/03\/z7639934563521_b38154c51d09ed857a3fe68376a0632d-1024x1024.jpg 1024w, https:\/\/batubinhphuoc.vn\/wp-content\/uploads\/2026\/03\/z7639934563521_b38154c51d09ed857a3fe68376a0632d-150x150.jpg 150w, https:\/\/batubinhphuoc.vn\/wp-content\/uploads\/2026\/03\/z7639934563521_b38154c51d09ed857a3fe68376a0632d-768x768.jpg 768w, https:\/\/batubinhphuoc.vn\/wp-content\/uploads\/2026\/03\/z7639934563521_b38154c51d09ed857a3fe68376a0632d-1536x1536.jpg 1536w, https:\/\/batubinhphuoc.vn\/wp-content\/uploads\/2026\/03\/z7639934563521_b38154c51d09ed857a3fe68376a0632d-2048x2048.jpg 2048w, https:\/\/batubinhphuoc.vn\/wp-content\/uploads\/2026\/03\/z7639934563521_b38154c51d09ed857a3fe68376a0632d-12x12.jpg 12w, https:\/\/batubinhphuoc.vn\/wp-content\/uploads\/2026\/03\/z7639934563521_b38154c51d09ed857a3fe68376a0632d-600x600.jpg 600w, https:\/\/batubinhphuoc.vn\/wp-content\/uploads\/2026\/03\/z7639934563521_b38154c51d09ed857a3fe68376a0632d-100x100.jpg 100w\" sizes=\"auto, (max-width: 300px) 100vw, 300px\" \/><\/div>\n\t\t\t\t\t<div class=\"wc-block-grid__product-title\">H\u1ea1t \u0111i\u1ec1u g\u1ea5c m\u1eadt ong B\u00e0 T\u01b0 B\u00ecnh Ph\u01b0\u1edbc 200g \u2013 65g \u2013 30g \u2013 Ng\u1ecdt, \u0111\u1eb9p<\/div>\n\t\t\t\t<\/a>\n\t\t\t\t<div class=\"wc-block-grid__product-price price\"><span class=\"woocommerce-Price-amount amount\" aria-hidden=\"true\">33.465&nbsp;<span class=\"woocommerce-Price-currencySymbol\">&#8363;<\/span><\/span> <span aria-hidden=\"true\">&ndash;<\/span> <span class=\"woocommerce-Price-amount amount\" aria-hidden=\"true\">136.125&nbsp;<span class=\"woocommerce-Price-currencySymbol\">&#8363;<\/span><\/span><span class=\"screen-reader-text\" data-no-translation=\"\" data-trp-gettext=\"\">Price range: 33.465&nbsp;&#8363; through 136.125&nbsp;&#8363;<\/span><\/div>\n\t\t\t\t\n\t\t\t\t<div class=\"wp-block-button wc-block-grid__product-add-to-cart\"><a href=\"https:\/\/batubinhphuoc.vn\/en\/shop\/hat-dieu-gac-mat-ong-ba-tu-binh-phuoc-200g-65g-30g-ngot-dep\/\" aria-label=\"Select options for \u201cH\u1ea1t \u0111i\u1ec1u g\u1ea5c m\u1eadt ong B\u00e0 T\u01b0 B\u00ecnh Ph\u01b0\u1edbc 200g \u2013 65g \u2013 30g \u2013 Ng\u1ecdt, \u0111\u1eb9p\u201d\" data-quantity=\"1\" data-product_id=\"2394\" data-product_sku=\"\" data-price=\"33465\" rel=\"nofollow\" class=\"wp-block-button__link  add_to_cart_button\" data-no-translation=\"\" data-trp-gettext=\"\" data-no-translation-aria-label=\"\">Select options<\/a><\/div>\n\t\t\t<\/li><li class=\"wc-block-grid__product\">\n\t\t\t\t<a href=\"https:\/\/batubinhphuoc.vn\/en\/shop\/hat-dieu-gac-mat-ong-ba-tu-binh-phuoc\/\" class=\"wc-block-grid__product-link\">\n\t\t\t\t\t<div class=\"wc-block-grid__product-onsale\">\n\t\t\t<span aria-hidden=\"true\" data-no-translation=\"\" data-trp-gettext=\"\">Sale<\/span>\n\t\t\t<span class=\"screen-reader-text\" data-no-translation=\"\" data-trp-gettext=\"\">Product on sale<\/span>\n\t\t<\/div>\n\t\t\t\t\t<div class=\"wc-block-grid__product-image\"><img loading=\"lazy\" decoding=\"async\" width=\"300\" height=\"300\" src=\"https:\/\/batubinhphuoc.vn\/wp-content\/uploads\/2026\/03\/z7640075704874_e67b93f89538c44765077fe3b716fab4-300x300.jpg\" class=\"attachment-woocommerce_thumbnail size-woocommerce_thumbnail\" alt=\"hat-dieu-gac-mat-ong-ba-tu-binh-phuoc\" srcset=\"https:\/\/batubinhphuoc.vn\/wp-content\/uploads\/2026\/03\/z7640075704874_e67b93f89538c44765077fe3b716fab4-300x300.jpg 300w, https:\/\/batubinhphuoc.vn\/wp-content\/uploads\/2026\/03\/z7640075704874_e67b93f89538c44765077fe3b716fab4-1024x1024.jpg 1024w, https:\/\/batubinhphuoc.vn\/wp-content\/uploads\/2026\/03\/z7640075704874_e67b93f89538c44765077fe3b716fab4-150x150.jpg 150w, https:\/\/batubinhphuoc.vn\/wp-content\/uploads\/2026\/03\/z7640075704874_e67b93f89538c44765077fe3b716fab4-768x768.jpg 768w, https:\/\/batubinhphuoc.vn\/wp-content\/uploads\/2026\/03\/z7640075704874_e67b93f89538c44765077fe3b716fab4-1536x1536.jpg 1536w, https:\/\/batubinhphuoc.vn\/wp-content\/uploads\/2026\/03\/z7640075704874_e67b93f89538c44765077fe3b716fab4-2048x2048.jpg 2048w, https:\/\/batubinhphuoc.vn\/wp-content\/uploads\/2026\/03\/z7640075704874_e67b93f89538c44765077fe3b716fab4-12x12.jpg 12w, https:\/\/batubinhphuoc.vn\/wp-content\/uploads\/2026\/03\/z7640075704874_e67b93f89538c44765077fe3b716fab4-600x600.jpg 600w, https:\/\/batubinhphuoc.vn\/wp-content\/uploads\/2026\/03\/z7640075704874_e67b93f89538c44765077fe3b716fab4-100x100.jpg 100w\" sizes=\"auto, (max-width: 300px) 100vw, 300px\" \/><\/div>\n\t\t\t\t\t<div class=\"wc-block-grid__product-title\">H\u1ea1t \u0110i\u1ec1u G\u1ea5c M\u1eadt Ong B\u00e0 T\u01b0 B\u00ecnh Ph\u01b0\u1edbc 200g \u2013 Ng\u1ecdt Thanh T\u1ef1 Nhi\u00ean, \u0110\u1ecf \u0110\u1eb9p M\u1eaft, \u0102n L\u00e0 M\u00ea Ngay!<\/div>\n\t\t\t\t<\/a>\n\t\t\t\t<div class=\"wc-block-grid__product-price price\"><del aria-hidden=\"true\"><span class=\"woocommerce-Price-amount amount\">181.500&nbsp;<span class=\"woocommerce-Price-currencySymbol\">&#8363;<\/span><\/span><\/del> <span class=\"screen-reader-text\" data-no-translation=\"\" data-trp-gettext=\"\">Original price was: 181.500&nbsp;&#8363;.<\/span><ins aria-hidden=\"true\"><span class=\"woocommerce-Price-amount amount\">136.125&nbsp;<span class=\"woocommerce-Price-currencySymbol\">&#8363;<\/span><\/span><\/ins><span class=\"screen-reader-text\" data-no-translation=\"\" data-trp-gettext=\"\">Current price is: 136.125&nbsp;&#8363;.<\/span><\/div>\n\t\t\t\t\n\t\t\t\t<div class=\"wp-block-button wc-block-grid__product-add-to-cart\"><a href=\"\/en\/wp-json\/wp\/v2\/pages\/25?add-to-cart=2382\" aria-label=\"Add to cart: \u201cH\u1ea1t \u0110i\u1ec1u G\u1ea5c M\u1eadt Ong B\u00e0 T\u01b0 B\u00ecnh Ph\u01b0\u1edbc 200g \u2013 Ng\u1ecdt Thanh T\u1ef1 Nhi\u00ean, \u0110\u1ecf \u0110\u1eb9p M\u1eaft, \u0102n L\u00e0 M\u00ea Ngay!\u201d\" data-quantity=\"1\" data-product_id=\"2382\" data-product_sku=\"\" data-price=\"136125\" rel=\"nofollow\" class=\"wp-block-button__link  add_to_cart_button ajax_add_to_cart\" data-no-translation=\"\" data-trp-gettext=\"\" data-no-translation-aria-label=\"\">Add to cart<\/a><\/div>\n\t\t\t<\/li><\/ul><\/div><\/div>\r\n<\/div>","protected":false},"excerpt":{"rendered":"","protected":false},"author":1,"featured_media":0,"parent":0,"menu_order":0,"comment_status":"closed","ping_status":"closed","template":"","meta":{"footnotes":""},"class_list":["post-25","page","type-page","status-publish","hentry"],"yoast_head":"<!-- This site is optimized with the Yoast SEO plugin v26.4 - https:\/\/yoast.com\/wordpress\/plugins\/seo\/ -->\n<title>Gi\u1ecf h\u00e0ng - batubinhphuoc.vn<\/title>\n<meta name=\"description\" content=\"Gi\u1ecf h\u00e0ng h\u1ea1t \u0111i\u1ec1u B\u00e0 T\u01b0 B\u00ecnh Ph\u01b0\u1edbc \u2013 ki\u1ec3m tra s\u1ea3n ph\u1ea9m, c\u1eadp nh\u1eadt s\u1ed1 l\u01b0\u1ee3ng v\u00e0 ho\u00e0n t\u1ea5t \u0111\u01a1n h\u00e0ng nhanh ch\u00f3ng.\" \/>\n<meta name=\"robots\" content=\"index, follow, max-snippet:-1, max-image-preview:large, max-video-preview:-1\" \/>\n<link rel=\"canonical\" href=\"https:\/\/batubinhphuoc.vn\/en\/gio-hang\/\" \/>\n<meta property=\"og:locale\" content=\"en_US\" \/>\n<meta property=\"og:type\" content=\"article\" \/>\n<meta property=\"og:title\" content=\"Gi\u1ecf h\u00e0ng - batubinhphuoc.vn\" \/>\n<meta property=\"og:description\" content=\"Gi\u1ecf h\u00e0ng h\u1ea1t \u0111i\u1ec1u B\u00e0 T\u01b0 B\u00ecnh Ph\u01b0\u1edbc \u2013 ki\u1ec3m tra s\u1ea3n ph\u1ea9m, c\u1eadp nh\u1eadt s\u1ed1 l\u01b0\u1ee3ng v\u00e0 ho\u00e0n t\u1ea5t \u0111\u01a1n h\u00e0ng nhanh ch\u00f3ng.\" \/>\n<meta property=\"og:url\" content=\"https:\/\/batubinhphuoc.vn\/en\/gio-hang\/\" \/>\n<meta property=\"og:site_name\" content=\"batubinhphuoc.vn\" \/>\n<meta property=\"article:modified_time\" content=\"2026-03-24T08:24:21+00:00\" \/>\n<meta name=\"twitter:card\" content=\"summary_large_image\" \/>\n<meta name=\"twitter:label1\" content=\"Est. reading time\" \/>\n\t<meta name=\"twitter:data1\" content=\"1 minute\" \/>\n<script type=\"application\/ld+json\" class=\"yoast-schema-graph\">{\"@context\":\"https:\/\/schema.org\",\"@graph\":[{\"@type\":\"WebPage\",\"@id\":\"https:\/\/batubinhphuoc.vn\/gio-hang\/\",\"url\":\"https:\/\/batubinhphuoc.vn\/gio-hang\/\",\"name\":\"Gi\u1ecf h\u00e0ng - batubinhphuoc.vn\",\"isPartOf\":{\"@id\":\"https:\/\/batubinhphuoc.vn\/#website\"},\"datePublished\":\"2025-10-16T14:41:41+00:00\",\"dateModified\":\"2026-03-24T08:24:21+00:00\",\"description\":\"Gi\u1ecf h\u00e0ng h\u1ea1t \u0111i\u1ec1u B\u00e0 T\u01b0 B\u00ecnh Ph\u01b0\u1edbc \u2013 ki\u1ec3m tra s\u1ea3n ph\u1ea9m, c\u1eadp nh\u1eadt s\u1ed1 l\u01b0\u1ee3ng v\u00e0 ho\u00e0n t\u1ea5t \u0111\u01a1n h\u00e0ng nhanh ch\u00f3ng.\",\"breadcrumb\":{\"@id\":\"https:\/\/batubinhphuoc.vn\/gio-hang\/#breadcrumb\"},\"inLanguage\":\"en-US\",\"potentialAction\":[{\"@type\":\"ReadAction\",\"target\":[\"https:\/\/batubinhphuoc.vn\/gio-hang\/\"]}]},{\"@type\":\"BreadcrumbList\",\"@id\":\"https:\/\/batubinhphuoc.vn\/gio-hang\/#breadcrumb\",\"itemListElement\":[{\"@type\":\"ListItem\",\"position\":1,\"name\":\"Home\",\"item\":\"https:\/\/batubinhphuoc.vn\/\"},{\"@type\":\"ListItem\",\"position\":2,\"name\":\"Gi\u1ecf H\u00e0ng\"}]},{\"@type\":\"WebSite\",\"@id\":\"https:\/\/batubinhphuoc.vn\/#website\",\"url\":\"https:\/\/batubinhphuoc.vn\/\",\"name\":\"batubinhphuoc.vn\",\"description\":\"\",\"potentialAction\":[{\"@type\":\"SearchAction\",\"target\":{\"@type\":\"EntryPoint\",\"urlTemplate\":\"https:\/\/batubinhphuoc.vn\/?s={search_term_string}\"},\"query-input\":{\"@type\":\"PropertyValueSpecification\",\"valueRequired\":true,\"valueName\":\"search_term_string\"}}],\"inLanguage\":\"en-US\"}]}<\/script>\n<!-- \/ Yoast SEO plugin. -->","yoast_head_json":{"title":"Gi\u1ecf h\u00e0ng - batubinhphuoc.vn","description":"Gi\u1ecf h\u00e0ng h\u1ea1t \u0111i\u1ec1u B\u00e0 T\u01b0 B\u00ecnh Ph\u01b0\u1edbc \u2013 ki\u1ec3m tra s\u1ea3n ph\u1ea9m, c\u1eadp nh\u1eadt s\u1ed1 l\u01b0\u1ee3ng v\u00e0 ho\u00e0n t\u1ea5t \u0111\u01a1n h\u00e0ng nhanh ch\u00f3ng.","robots":{"index":"index","follow":"follow","max-snippet":"max-snippet:-1","max-image-preview":"max-image-preview:large","max-video-preview":"max-video-preview:-1"},"canonical":"https:\/\/batubinhphuoc.vn\/en\/gio-hang\/","og_locale":"en_US","og_type":"article","og_title":"Gi\u1ecf h\u00e0ng - batubinhphuoc.vn","og_description":"Gi\u1ecf h\u00e0ng h\u1ea1t \u0111i\u1ec1u B\u00e0 T\u01b0 B\u00ecnh Ph\u01b0\u1edbc \u2013 ki\u1ec3m tra s\u1ea3n ph\u1ea9m, c\u1eadp nh\u1eadt s\u1ed1 l\u01b0\u1ee3ng v\u00e0 ho\u00e0n t\u1ea5t \u0111\u01a1n h\u00e0ng nhanh ch\u00f3ng.","og_url":"https:\/\/batubinhphuoc.vn\/en\/gio-hang\/","og_site_name":"batubinhphuoc.vn","article_modified_time":"2026-03-24T08:24:21+00:00","twitter_card":"summary_large_image","twitter_misc":{"Est. reading time":"1 minute"},"schema":{"@context":"https:\/\/schema.org","@graph":[{"@type":"WebPage","@id":"https:\/\/batubinhphuoc.vn\/gio-hang\/","url":"https:\/\/batubinhphuoc.vn\/gio-hang\/","name":"Gi\u1ecf h\u00e0ng - batubinhphuoc.vn","isPartOf":{"@id":"https:\/\/batubinhphuoc.vn\/#website"},"datePublished":"2025-10-16T14:41:41+00:00","dateModified":"2026-03-24T08:24:21+00:00","description":"Gi\u1ecf h\u00e0ng h\u1ea1t \u0111i\u1ec1u B\u00e0 T\u01b0 B\u00ecnh Ph\u01b0\u1edbc \u2013 ki\u1ec3m tra s\u1ea3n ph\u1ea9m, c\u1eadp nh\u1eadt s\u1ed1 l\u01b0\u1ee3ng v\u00e0 ho\u00e0n t\u1ea5t \u0111\u01a1n h\u00e0ng nhanh ch\u00f3ng.","breadcrumb":{"@id":"https:\/\/batubinhphuoc.vn\/gio-hang\/#breadcrumb"},"inLanguage":"en-US","potentialAction":[{"@type":"ReadAction","target":["https:\/\/batubinhphuoc.vn\/gio-hang\/"]}]},{"@type":"BreadcrumbList","@id":"https:\/\/batubinhphuoc.vn\/gio-hang\/#breadcrumb","itemListElement":[{"@type":"ListItem","position":1,"name":"Home","item":"https:\/\/batubinhphuoc.vn\/"},{"@type":"ListItem","position":2,"name":"Gi\u1ecf H\u00e0ng"}]},{"@type":"WebSite","@id":"https:\/\/batubinhphuoc.vn\/#website","url":"https:\/\/batubinhphuoc.vn\/","name":"batubinhphuoc.vn","description":"","potentialAction":[{"@type":"SearchAction","target":{"@type":"EntryPoint","urlTemplate":"https:\/\/batubinhphuoc.vn\/?s={search_term_string}"},"query-input":{"@type":"PropertyValueSpecification","valueRequired":true,"valueName":"search_term_string"}}],"inLanguage":"en-US"}]}},"_links":{"self":[{"href":"https:\/\/batubinhphuoc.vn\/en\/wp-json\/wp\/v2\/pages\/25","targetHints":{"allow":["GET"]}}],"collection":[{"href":"https:\/\/batubinhphuoc.vn\/en\/wp-json\/wp\/v2\/pages"}],"about":[{"href":"https:\/\/batubinhphuoc.vn\/en\/wp-json\/wp\/v2\/types\/page"}],"author":[{"embeddable":true,"href":"https:\/\/batubinhphuoc.vn\/en\/wp-json\/wp\/v2\/users\/1"}],"replies":[{"embeddable":true,"href":"https:\/\/batubinhphuoc.vn\/en\/wp-json\/wp\/v2\/comments?post=25"}],"version-history":[{"count":5,"href":"https:\/\/batubinhphuoc.vn\/en\/wp-json\/wp\/v2\/pages\/25\/revisions"}],"predecessor-version":[{"id":2495,"href":"https:\/\/batubinhphuoc.vn\/en\/wp-json\/wp\/v2\/pages\/25\/revisions\/2495"}],"wp:attachment":[{"href":"https:\/\/batubinhphuoc.vn\/en\/wp-json\/wp\/v2\/media?parent=25"}],"curies":[{"name":"wp","href":"https:\/\/api.w.org\/{rel}","templated":true}]}}