{"id":97,"date":"2025-10-17T03:17:09","date_gmt":"2025-10-17T03:17:09","guid":{"rendered":"http:\/\/batubinhphuoc.vn\/?page_id=97"},"modified":"2026-03-23T10:30:12","modified_gmt":"2026-03-23T03:30:12","slug":"cau-chuyen-thuong-hieu","status":"publish","type":"page","link":"https:\/\/batubinhphuoc.vn\/en\/cau-chuyen-thuong-hieu\/","title":{"rendered":"Brand story"},"content":{"rendered":"<div class=\"row row-collapse row-full-width\"  id=\"row-646139152\">\n\n\t<div id=\"col-1939527094\" class=\"col small-12 large-12\"  >\n\t\t\t\t<div class=\"col-inner\"  >\n\t\t\t\n\t\t\t\n\n  <div class=\"banner has-hover\" id=\"banner-223137457\">\n          <div class=\"banner-inner fill\">\n        <div class=\"banner-bg fill\" >\n                                                \n                    <\/div>\n\t\t\n        <div class=\"banner-layers container\">\n            <div class=\"fill banner-link\"><\/div>            \n   <div id=\"text-box-222541525\" class=\"text-box banner-layer x0 md-x0 lg-x0 y0 md-y0 lg-y0 res-text\">\n                                <div class=\"text-box-content text dark\">\n              \n              <div class=\"text-inner text-right\">\n                  \n\t<div class=\"img has-hover x md-x lg-x y md-y lg-y\" id=\"image_996357347\">\n\t\t\t\t\t\t\t\t<div class=\"img-inner dark\" >\n\t\t\t<img loading=\"lazy\" decoding=\"async\" width=\"362\" height=\"189\" src=\"https:\/\/batubinhphuoc.vn\/wp-content\/uploads\/2025\/10\/cau-chuyen-thuong-hieu-banner-3.png\" class=\"attachment-original size-original\" alt=\"\" srcset=\"https:\/\/batubinhphuoc.vn\/wp-content\/uploads\/2025\/10\/cau-chuyen-thuong-hieu-banner-3.png 362w, https:\/\/batubinhphuoc.vn\/wp-content\/uploads\/2025\/10\/cau-chuyen-thuong-hieu-banner-3-300x157.png 300w\" sizes=\"auto, (max-width: 362px) 100vw, 362px\" \/>\t\t\t\t\t\t\n\t\t\t\t\t<\/div>\n\t\t\t\t\t\t\t\t\n<style>\n#image_996357347 {\n  width: 100%;\n}\n<\/style>\n\t<\/div>\n\t\n              <\/div>\n           <\/div>\n                            \n<style>\n#text-box-222541525 {\n  width: 45%;\n}\n#text-box-222541525 .text-box-content {\n  font-size: 100%;\n}\n@media (min-width:550px) {\n  #text-box-222541525 {\n    width: 30%;\n  }\n  #text-box-222541525 .text-box-content {\n    font-size: 100%;\n  }\n}\n@media (min-width:850px) {\n  #text-box-222541525 {\n    width: 30%;\n  }\n}\n<\/style>\n    <\/div>\n \n   <div id=\"text-box-384278245\" class=\"text-box banner-layer x50 md-x95 lg-x95 y50 md-y50 lg-y50 res-text\">\n                                <div class=\"text-box-content text dark\">\n              \n\t<div class=\"is-border\"\n\t\tstyle=\"border-width:0px 5px 0px 0px;margin:0px -3% 0px 0px;\">\n\t<\/div>\n              <div class=\"text-inner text-right\">\n                  \n<h3 class=\"uppercase\"><strong>Continuing the family tradition...<\/strong><\/h3>\n<p data-start=\"206\" data-end=\"569\">Kh\u1edfi ngu\u1ed3n t\u1eeb nh\u1eefng n\u0103m 1987, khi c\u00e2y \u0111i\u1ec1u b\u1eaft \u0111\u1ea7u tr\u1edf th\u00e0nh sinh k\u1ebf ch\u1ee7 l\u1ef1c c\u1ee7a nhi\u1ec1u gia \u0111\u00ecnh, ch\u00fang t\u00f4i \u0111\u00e3 s\u1edbm h\u00ecnh th\u00e0nh m\u1ed1i g\u1eafn b\u00f3 b\u1ec1n ch\u1eb7t v\u1edbi ng\u00e0nh \u0111i\u1ec1u. Tr\u00ean n\u1ec1n t\u1ea3ng kinh nghi\u1ec7m v\u00e0 gi\u00e1 tr\u1ecb t\u00edch l\u0169y qua nhi\u1ec1u th\u1ebf h\u1ec7, \u0111\u1ebfn n\u0103m 2010, m\u00f4 h\u00ecnh s\u1ea3n xu\u1ea5t \u2013 ch\u1ebf bi\u1ebfn chuy\u00ean nghi\u1ec7p \u0111\u01b0\u1ee3c x\u00e2y d\u1ef1ng, \u0111\u00e1nh d\u1ea5u b\u01b0\u1edbc chuy\u1ec3n m\u00ecnh quan tr\u1ecdng trong h\u00e0nh tr\u00ecnh ph\u00e1t tri\u1ec3n.<\/p>\n<p data-start=\"571\" data-end=\"1071\">Spent more than 15 years of operation, the unit has non-stop scale, standardized processes and modern technology, gradually asserted its position as one of the pioneer organization in the field of production and processing of cashew nuts clean. Besides orientation improve the quality of products, we also focus on developing sustainable agriculture, protect the environment and contribute positively to the social security at the local, especially support the livelihoods of ethnic minorities and vulnerable groups.<\/p>\n<p data-start=\"1341\" data-end=\"1646\">Based on more than 30 years accumulated experience in this sector, we always focus on improve technology, improve production efficiency and strict control of product quality. The goal is to deliver products that meet international standards and to meet the increasing demands of consumers in domestic and global.<\/p>\n              <\/div>\n           <\/div>\n                            \n<style>\n#text-box-384278245 {\n  width: 95%;\n}\n#text-box-384278245 .text-box-content {\n  font-size: 110%;\n}\n@media (min-width:550px) {\n  #text-box-384278245 {\n    width: 90%;\n  }\n  #text-box-384278245 .text-box-content {\n    font-size: 100%;\n  }\n}\n@media (min-width:850px) {\n  #text-box-384278245 {\n    width: 60%;\n  }\n}\n<\/style>\n    <\/div>\n \n        <\/div>\n      <\/div>\n\n            \n<style>\n#banner-223137457 {\n  padding-top: 150%;\n}\n@media (min-width:550px) {\n  #banner-223137457 {\n    padding-top: 65%;\n  }\n}\n@media (min-width:850px) {\n  #banner-223137457 {\n    padding-top: 35%;\n  }\n}\n<\/style>\n  <\/div>\n\n\n\t\t<\/div>\n\t\t\t\t\t<\/div>\n\n\t\n<\/div>\n\t<div id=\"gap-386128138\" class=\"gap-element clearfix\" style=\"display:block; height:auto;\">\n\t\t\n<style>\n#gap-386128138 {\n  padding-top: 4%;\n}\n<\/style>\n\t<\/div>\n\t\n<div class=\"row row-collapse align-middle\" style=\"max-width:95%\" id=\"row-760853394\">\n\n\t<div id=\"col-1148167628\" class=\"col medium-5 small-12 large-5\"  >\n\t\t\t\t<div class=\"col-inner\"  >\n\t\t\t\n\t\t\t\n<div class=\"row row-collapse row-full-width\"  id=\"row-228505218\">\n\n\t<div id=\"col-309348529\" class=\"col small-12 large-12\"  >\n\t\t\t\t<div class=\"col-inner\"  >\n\t\t\t\n\t<div class=\"is-border\"\n\t\tstyle=\"border-color:rgb(139, 94, 60);border-width:0px 0px 0px 10px;\">\n\t<\/div>\n\t\t\t\n<h2 class=\"uppercase\">Origin \u2013 journey from basalt<\/h2>\n\t\t<\/div>\n\t\t\t\t\n<style>\n#col-309348529 > .col-inner {\n  padding: 0px 0px 0px 8%;\n}\n@media (min-width:850px) {\n  #col-309348529 > .col-inner {\n    padding: 0px 0px 0px 5%;\n  }\n}\n<\/style>\n\t<\/div>\n\n\t\n<\/div>\n\t<div id=\"gap-949862444\" class=\"gap-element clearfix\" style=\"display:block; height:auto;\">\n\t\t\n<style>\n#gap-949862444 {\n  padding-top: 5%;\n}\n<\/style>\n\t<\/div>\n\t\n<div class=\"row row-collapse row-full-width\"  id=\"row-77223150\">\n\n\t<div id=\"col-1567207317\" class=\"col small-12 large-12\"  >\n\t\t\t\t<div class=\"col-inner\"  >\n\t\t\t\n\t\t\t\n<p style=\"text-align: justify;\">From the land Binh Phuoc \u2013 county capital of Vietnam, brand Seeds this April birth as a symbol of truth, durable and humanities. The story begins from these cool roasted and has now become the pride of Vietnam in the international market.<\/p>\n<p style=\"text-align: justify;\">Each particle that is the essence of basalt soil, climate, sun and wind, and hand farmers diligently, sending love, home and thirst for green sustainability.<\/p>\n\t\t<\/div>\n\t\t\t\t\t<\/div>\n\n\t\n<\/div>\n\t\t<\/div>\n\t\t\t\t\n<style>\n#col-1148167628 > .col-inner {\n  margin: 30px 0px 0px 0px;\n}\n<\/style>\n\t<\/div>\n\n\t\n\n\t<div id=\"col-1991075824\" class=\"col medium-7 small-12 large-7\"  >\n\t\t\t\t<div class=\"col-inner\"  >\n\t\t\t\n\t\t\t\n\t<div class=\"img has-hover x md-x lg-x y md-y lg-y\" id=\"image_451974599\">\n\t\t\t\t\t\t\t\t<div class=\"img-inner dark\" >\n\t\t\t<img loading=\"lazy\" decoding=\"async\" width=\"600\" height=\"500\" src=\"https:\/\/batubinhphuoc.vn\/wp-content\/uploads\/2025\/10\/ba-tu-binh-phuoc-cau-chuyen-thuong-hieu-2.jpg\" class=\"attachment-original size-original\" alt=\"\" srcset=\"https:\/\/batubinhphuoc.vn\/wp-content\/uploads\/2025\/10\/ba-tu-binh-phuoc-cau-chuyen-thuong-hieu-2.jpg 600w, https:\/\/batubinhphuoc.vn\/wp-content\/uploads\/2025\/10\/ba-tu-binh-phuoc-cau-chuyen-thuong-hieu-2-300x250.jpg 300w\" sizes=\"auto, (max-width: 600px) 100vw, 600px\" \/>\t\t\t\t\t\t\n\t\t\t\t\t<\/div>\n\t\t\t\t\t\t\t\t\n<style>\n#image_451974599 {\n  width: 100%;\n}\n<\/style>\n\t<\/div>\n\t\n\t\t<\/div>\n\t\t\t\t\t<\/div>\n\n\t\n\n<style>\n#row-760853394 > .col > .col-inner {\n  padding: 0px 10% 0px 5%;\n}\n<\/style>\n<\/div>\n\t<div id=\"gap-1532191350\" class=\"gap-element clearfix\" style=\"display:block; height:auto;\">\n\t\t\n<style>\n#gap-1532191350 {\n  padding-top: 4%;\n}\n<\/style>\n\t<\/div>\n\t\n\n\t<section class=\"section\" id=\"section_1310026586\">\n\t\t<div class=\"section-bg fill\" >\n\t\t\t\t\t\t\t\t\t\n\t\t\t\n\n\t\t<\/div>\n\n\t\t\n\n\t\t<div class=\"section-content relative\">\n\t\t\t\n<div class=\"row row-collapse\" style=\"max-width:95%\" id=\"row-1499494800\">\n\n\t<div id=\"col-1622566569\" class=\"col medium-6 small-12 large-6\"  >\n\t\t\t\t<div class=\"col-inner\"  >\n\t\t\t\n\t\t\t\n<div class=\"row row-collapse row-full-width\"  id=\"row-468431421\">\n\n\t<div id=\"col-1378065875\" class=\"col medium-10 small-12 large-10\"  >\n\t\t\t\t<div class=\"col-inner\"  >\n\t\t\t\n\t\t\t\n\t<div id=\"text-2170816578\" class=\"text\">\n\t\t\n<h2 class=\"uppercase\"><span style=\"text-decoration: underline;\">Vision<\/span><\/h2>\n\t\t\n<style>\n#text-2170816578 {\n  color: rgb(255,255,255);\n}\n#text-2170816578 > * {\n  color: rgb(255,255,255);\n}\n<\/style>\n\t<\/div>\n\t\n\t\t<\/div>\n\t\t\t\t\t<\/div>\n\n\t\n<\/div>\n<div class=\"row row-collapse row-full-width\"  id=\"row-1703348383\">\n\n\t<div id=\"col-857262241\" class=\"col small-12 large-12\"  >\n\t\t\t\t<div class=\"col-inner\"  >\n\t\t\t\n\t\t\t\n\t<div id=\"text-1508983877\" class=\"text\">\n\t\t\n<p style=\"text-align: justify;\">The brand became cashew nuts, Vietnam, representing <strong>quality \u2013 identity \u2013 sustainability<\/strong>bring the spirit \u201cFrom Dong Nai \u2013 Binh Phuoc to The world\u201d.<\/p>\n\t\t\n<style>\n#text-1508983877 {\n  color: rgb(255,255,255);\n}\n#text-1508983877 > * {\n  color: rgb(255,255,255);\n}\n<\/style>\n\t<\/div>\n\t\n\t\t<\/div>\n\t\t\t\t\t<\/div>\n\n\t\n<\/div>\n\t\t<\/div>\n\t\t\t\t\t<\/div>\n\n\t\n\n\t<div id=\"col-979270481\" class=\"col medium-6 small-12 large-6\"  >\n\t\t\t\t<div class=\"col-inner\"  >\n\t\t\t\n\t\t\t\n<div class=\"row row-collapse row-full-width\"  id=\"row-1701769273\">\n\n\t<div id=\"col-820340850\" class=\"col medium-10 small-12 large-10\"  >\n\t\t\t\t<div class=\"col-inner\"  >\n\t\t\t\n\t\t\t\n\t<div id=\"text-190629752\" class=\"text\">\n\t\t\n<h2 class=\"uppercase\"><span style=\"text-decoration: underline;\">Mission<\/span><\/h2>\n\t\t\n<style>\n#text-190629752 {\n  color: rgb(255,255,255);\n}\n#text-190629752 > * {\n  color: rgb(255,255,255);\n}\n<\/style>\n\t<\/div>\n\t\n\t\t<\/div>\n\t\t\t\t\t<\/div>\n\n\t\n<\/div>\n<div class=\"row row-collapse row-full-width\"  id=\"row-606948118\">\n\n\t<div id=\"col-1263297283\" class=\"col small-12 large-12\"  >\n\t\t\t\t<div class=\"col-inner\"  >\n\t\t\t\n\t\t\t\n\t<div id=\"text-3696363997\" class=\"text\">\n\t\t\n<ul class=\"list-disc ml-6\">\n<li>Enhancing value of cashew nuts in Vietnam through sustainable cultivation and deep processing.<\/li>\n<li>Spread the spirit of humanity and community partnerships.<\/li>\n<li>Promote economic model, green, circulation and carbon neutral.<\/li>\n<\/ul>\n\t\t\n<style>\n#text-3696363997 {\n  color: rgb(255,255,255);\n}\n#text-3696363997 > * {\n  color: rgb(255,255,255);\n}\n<\/style>\n\t<\/div>\n\t\n\t\t<\/div>\n\t\t\t\t\t<\/div>\n\n\t\n<\/div>\n\t\t<\/div>\n\t\t\t\t\t<\/div>\n\n\t\n\n<style>\n#row-1499494800 > .col > .col-inner {\n  padding: 0px 0px 0px 0px;\n}\n@media (min-width:550px) {\n  #row-1499494800 > .col > .col-inner {\n    padding: 0px 20% 0px 0px;\n  }\n}\n<\/style>\n<\/div>\n\t\t<\/div>\n\n\t\t\n<style>\n#section_1310026586 {\n  padding-top: 5%;\n  padding-bottom: 5%;\n  background-color: #1f6f4a;\n}\n<\/style>\n\t<\/section>\n\t\n\n\t<section class=\"section\" id=\"section_1460662866\">\n\t\t<div class=\"section-bg fill\" >\n\t\t\t\t\t\t\t\t\t\n\t\t\t\n\n\t\t<\/div>\n\n\t\t\n\n\t\t<div class=\"section-content relative\">\n\t\t\t\n<div class=\"row row-collapse align-center row-divided\" style=\"max-width:95%\" id=\"row-2126377911\">\n\n\t<div id=\"col-1805607248\" class=\"col small-12 large-12\"  >\n\t\t\t\t<div class=\"col-inner\"  >\n\t\t\t\n\t<div class=\"is-border\"\n\t\tstyle=\"border-color:rgb(139, 94, 60);border-width:0px 0px 0px 10px;\">\n\t<\/div>\n\t\t\t\n<h2 class=\"uppercase\">Core values<\/h2>\n\t\t<\/div>\n\t\t\t\t\n<style>\n#col-1805607248 > .col-inner {\n  padding: 0px 0px 0px 5%;\n}\n@media (min-width:550px) {\n  #col-1805607248 > .col-inner {\n    padding: 0px 0px 0px 3%;\n  }\n}\n@media (min-width:850px) {\n  #col-1805607248 > .col-inner {\n    padding: 0px 0px 0px 2%;\n  }\n}\n<\/style>\n\t<\/div>\n\n\t\n\n\t<div id=\"col-1937216072\" class=\"col small-12 large-12\"  >\n\t\t\t\t<div class=\"col-inner text-center\"  >\n\t\t\t\n\t\t\t\n\t<div id=\"gap-237005503\" class=\"gap-element clearfix\" style=\"display:block; height:auto;\">\n\t\t\n<style>\n#gap-237005503 {\n  padding-top: 2%;\n}\n<\/style>\n\t<\/div>\n\t\n<div class=\"row row-small row-full-width align-equal align-center row-box-shadow-2\"  id=\"row-895582121\">\n\n\t<div id=\"col-1388197923\" class=\"col medium-3 small-6 large-3\"  >\n\t\t\t\t<div class=\"col-inner\"  >\n\t\t\t\n\t\t\t\n<h3>\ud83c\udf3f The true<\/h3>\n<p>Retaining all the natural taste, no chemical, no mixing.<\/p>\n\t\t<\/div>\n\t\t\t\t\t<\/div>\n\n\t\n\n\t<div id=\"col-1106592963\" class=\"col medium-3 small-6 large-3\"  >\n\t\t\t\t<div class=\"col-inner\"  >\n\t\t\t\n\t\t\t\n<h3>\ud83e\udd1d Responsibility<\/h3>\n<p>Accompany farmers, share benefits fair.<\/p>\n\t\t<\/div>\n\t\t\t\t\t<\/div>\n\n\t\n\n\t<div id=\"col-653406030\" class=\"col medium-3 small-6 large-3\"  >\n\t\t\t\t<div class=\"col-inner\"  >\n\t\t\t\n\t\t\t\n<h3>\ud83d\udd04 Sustainable<\/h3>\n<p>Applicable model livelihoods under the canopy of the environmental protection.<\/p>\n\t\t<\/div>\n\t\t\t\t\t<\/div>\n\n\t\n\n\t<div id=\"col-936042228\" class=\"col medium-3 small-6 large-3\"  >\n\t\t\t\t<div class=\"col-inner\"  >\n\t\t\t\n\t\t\t\n<h3>\ud83c\udf0e Integration<\/h3>\n<p>International standard: Fairtrade, Rainforest Alliance, Carbon Neutral.<\/p>\n\t\t<\/div>\n\t\t\t\t\t<\/div>\n\n\t\n\n<style>\n#row-895582121 > .col > .col-inner {\n  padding: 15% 5% 15% 5%;\n  background-color: rgb(251, 248, 241);\n}\n@media (min-width:550px) {\n  #row-895582121 > .col > .col-inner {\n    padding: 15% 5% 15% 5%;\n  }\n}\n@media (min-width:850px) {\n  #row-895582121 > .col > .col-inner {\n    padding: 15% 5% 15% 5%;\n  }\n}\n<\/style>\n<\/div>\n\t\t<\/div>\n\t\t\t\t\t<\/div>\n\n\t\n<\/div>\n\t\t<\/div>\n\n\t\t\n<style>\n#section_1460662866 {\n  padding-top: 4%;\n  padding-bottom: 4%;\n}\n<\/style>\n\t<\/section>\n\t\n<div class=\"is-divider divider clearfix\" style=\"margin-top:3px;margin-bottom:3px;max-width:100%;height:2px;\"><\/div>\n\n\t<section class=\"section\" id=\"section_189987227\">\n\t\t<div class=\"section-bg fill\" >\n\t\t\t\t\t\t\t\t\t\n\t\t\t\n\n\t\t<\/div>\n\n\t\t\n\n\t\t<div class=\"section-content relative\">\n\t\t\t\n<div class=\"row row-collapse\" style=\"max-width:95%\" id=\"row-566746641\">\n\n\t<div id=\"col-1100916830\" class=\"col small-12 large-12\"  >\n\t\t\t\t<div class=\"col-inner\"  >\n\t\t\t\n\t<div class=\"is-border\"\n\t\tstyle=\"border-color:rgb(139, 94, 60);border-width:0px 0px 0px 10px;\">\n\t<\/div>\n\t\t\t\n<h2 class=\"uppercase\">Story sustainable \u2013 livelihoods under the canopy thing<\/h2>\n\t\t<\/div>\n\t\t\t\t\n<style>\n#col-1100916830 > .col-inner {\n  padding: 0px 0px 0px 5%;\n}\n@media (min-width:550px) {\n  #col-1100916830 > .col-inner {\n    padding: 0px 0px 0px 2%;\n  }\n}\n<\/style>\n\t<\/div>\n\n\t\n\n\t<div id=\"col-1064892248\" class=\"col small-12 large-12\"  >\n\t\t\t\t<div class=\"col-inner\"  >\n\t\t\t\n\t\t\t\n\t<div id=\"gap-1078358023\" class=\"gap-element clearfix\" style=\"display:block; height:auto;\">\n\t\t\n<style>\n#gap-1078358023 {\n  padding-top: 2%;\n}\n<\/style>\n\t<\/div>\n\t\n<div class=\"row row-collapse row-full-width align-middle\"  id=\"row-566816852\">\n\n\t<div id=\"col-510761702\" class=\"col medium-7 small-12 large-7\"  >\n\t\t\t\t<div class=\"col-inner\"  >\n\t\t\t\n\t\t\t\n\t<div class=\"img has-hover x md-x lg-x y md-y lg-y\" id=\"image_47504291\">\n\t\t\t\t\t\t\t\t<div class=\"img-inner dark\" >\n\t\t\t<img loading=\"lazy\" decoding=\"async\" width=\"600\" height=\"500\" src=\"https:\/\/batubinhphuoc.vn\/wp-content\/uploads\/2025\/10\/ba-tu-binh-phuoc-cau-chuyen-thuong-hieu-3.jpg\" class=\"attachment-original size-original\" alt=\"\" srcset=\"https:\/\/batubinhphuoc.vn\/wp-content\/uploads\/2025\/10\/ba-tu-binh-phuoc-cau-chuyen-thuong-hieu-3.jpg 600w, https:\/\/batubinhphuoc.vn\/wp-content\/uploads\/2025\/10\/ba-tu-binh-phuoc-cau-chuyen-thuong-hieu-3-300x250.jpg 300w\" sizes=\"auto, (max-width: 600px) 100vw, 600px\" \/>\t\t\t\t\t\t\n\t\t\t\t\t<\/div>\n\t\t\t\t\t\t\t\t\n<style>\n#image_47504291 {\n  width: 100%;\n}\n<\/style>\n\t<\/div>\n\t\n\t\t<\/div>\n\t\t\t\t\t<\/div>\n\n\t\n\n\t<div id=\"col-336471523\" class=\"col medium-5 small-12 large-5\"  >\n\t\t\t\t<div class=\"col-inner\"  >\n\t\t\t\n\t\t\t\n<ul class=\"list-disc ml-6 space-y-3\">\n<li><strong><span style=\"color: #1f6f4a;\">Birthday design blue<\/span>:<\/strong> Planted ginger, turmeric, lucerne, mushrooms, raising chickens and honey bees.<\/li>\n<li><strong><span style=\"color: #1f6f4a;\">Economic circulation<\/span>:<\/strong> Recycling shells, leaves, mankind 2 into high value products.<\/li>\n<li><strong><span style=\"color: #1f6f4a;\">Security community<\/span>:<\/strong> Products are Foodbank Vietnam of the collection and processing of food nutrition.<\/li>\n<li><strong><span style=\"color: #1f6f4a;\">Committed to Net Zero<\/span>:<\/strong> Carbon neutral, using solar energy, planting trees to absorb CO\u2082.<\/li>\n<\/ul>\n\t\t<\/div>\n\t\t\t\t\n<style>\n#col-336471523 > .col-inner {\n  padding: 5% 20% 0px 5%;\n  margin: 10% 0px 0px 0px;\n}\n@media (min-width:550px) {\n  #col-336471523 > .col-inner {\n    padding: 0px 20% 0px 5%;\n    margin: 0px 0px 0px -10%;\n  }\n}\n<\/style>\n\t<\/div>\n\n\t\n\n<style>\n#row-566816852 > .col > .col-inner {\n  padding: 0px 10% 0px 5%;\n}\n<\/style>\n<\/div>\n\t\t<\/div>\n\t\t\t\t\t<\/div>\n\n\t\n<\/div>\n\t\t<\/div>\n\n\t\t\n<style>\n#section_189987227 {\n  padding-top: 4%;\n  padding-bottom: 4%;\n}\n<\/style>\n\t<\/section>","protected":false},"excerpt":{"rendered":"","protected":false},"author":1,"featured_media":0,"parent":0,"menu_order":0,"comment_status":"closed","ping_status":"closed","template":"","meta":{"footnotes":""},"class_list":["post-97","page","type-page","status-publish","hentry"],"yoast_head":"<!-- This site is optimized with the Yoast SEO plugin v26.4 - https:\/\/yoast.com\/wordpress\/plugins\/seo\/ -->\n<title>C\u00e2u chuy\u1ec7n th\u01b0\u01a1ng hi\u1ec7u - batubinhphuoc.vn<\/title>\n<meta name=\"robots\" content=\"index, follow, max-snippet:-1, max-image-preview:large, max-video-preview:-1\" \/>\n<link rel=\"canonical\" href=\"https:\/\/batubinhphuoc.vn\/en\/cau-chuyen-thuong-hieu\/\" \/>\n<meta property=\"og:locale\" content=\"en_US\" \/>\n<meta property=\"og:type\" content=\"article\" \/>\n<meta property=\"og:title\" content=\"C\u00e2u chuy\u1ec7n th\u01b0\u01a1ng hi\u1ec7u - batubinhphuoc.vn\" \/>\n<meta property=\"og:url\" content=\"https:\/\/batubinhphuoc.vn\/en\/cau-chuyen-thuong-hieu\/\" \/>\n<meta property=\"og:site_name\" content=\"batubinhphuoc.vn\" \/>\n<meta property=\"article:modified_time\" content=\"2026-03-23T03:30:12+00:00\" \/>\n<meta name=\"twitter:card\" content=\"summary_large_image\" \/>\n<meta name=\"twitter:label1\" content=\"Est. reading time\" \/>\n\t<meta name=\"twitter:data1\" content=\"5 minutes\" \/>\n<script type=\"application\/ld+json\" class=\"yoast-schema-graph\">{\"@context\":\"https:\/\/schema.org\",\"@graph\":[{\"@type\":\"WebPage\",\"@id\":\"https:\/\/batubinhphuoc.vn\/cau-chuyen-thuong-hieu\/\",\"url\":\"https:\/\/batubinhphuoc.vn\/cau-chuyen-thuong-hieu\/\",\"name\":\"C\u00e2u chuy\u1ec7n th\u01b0\u01a1ng hi\u1ec7u - batubinhphuoc.vn\",\"isPartOf\":{\"@id\":\"https:\/\/batubinhphuoc.vn\/#website\"},\"datePublished\":\"2025-10-17T03:17:09+00:00\",\"dateModified\":\"2026-03-23T03:30:12+00:00\",\"breadcrumb\":{\"@id\":\"https:\/\/batubinhphuoc.vn\/cau-chuyen-thuong-hieu\/#breadcrumb\"},\"inLanguage\":\"en-US\",\"potentialAction\":[{\"@type\":\"ReadAction\",\"target\":[\"https:\/\/batubinhphuoc.vn\/cau-chuyen-thuong-hieu\/\"]}]},{\"@type\":\"BreadcrumbList\",\"@id\":\"https:\/\/batubinhphuoc.vn\/cau-chuyen-thuong-hieu\/#breadcrumb\",\"itemListElement\":[{\"@type\":\"ListItem\",\"position\":1,\"name\":\"Home\",\"item\":\"https:\/\/batubinhphuoc.vn\/\"},{\"@type\":\"ListItem\",\"position\":2,\"name\":\"C\u00e2u chuy\u1ec7n th\u01b0\u01a1ng hi\u1ec7u\"}]},{\"@type\":\"WebSite\",\"@id\":\"https:\/\/batubinhphuoc.vn\/#website\",\"url\":\"https:\/\/batubinhphuoc.vn\/\",\"name\":\"batubinhphuoc.vn\",\"description\":\"\",\"potentialAction\":[{\"@type\":\"SearchAction\",\"target\":{\"@type\":\"EntryPoint\",\"urlTemplate\":\"https:\/\/batubinhphuoc.vn\/?s={search_term_string}\"},\"query-input\":{\"@type\":\"PropertyValueSpecification\",\"valueRequired\":true,\"valueName\":\"search_term_string\"}}],\"inLanguage\":\"en-US\"}]}<\/script>\n<!-- \/ Yoast SEO plugin. -->","yoast_head_json":{"title":"C\u00e2u chuy\u1ec7n th\u01b0\u01a1ng hi\u1ec7u - batubinhphuoc.vn","robots":{"index":"index","follow":"follow","max-snippet":"max-snippet:-1","max-image-preview":"max-image-preview:large","max-video-preview":"max-video-preview:-1"},"canonical":"https:\/\/batubinhphuoc.vn\/en\/cau-chuyen-thuong-hieu\/","og_locale":"en_US","og_type":"article","og_title":"C\u00e2u chuy\u1ec7n th\u01b0\u01a1ng hi\u1ec7u - batubinhphuoc.vn","og_url":"https:\/\/batubinhphuoc.vn\/en\/cau-chuyen-thuong-hieu\/","og_site_name":"batubinhphuoc.vn","article_modified_time":"2026-03-23T03:30:12+00:00","twitter_card":"summary_large_image","twitter_misc":{"Est. reading time":"5 minutes"},"schema":{"@context":"https:\/\/schema.org","@graph":[{"@type":"WebPage","@id":"https:\/\/batubinhphuoc.vn\/cau-chuyen-thuong-hieu\/","url":"https:\/\/batubinhphuoc.vn\/cau-chuyen-thuong-hieu\/","name":"C\u00e2u chuy\u1ec7n th\u01b0\u01a1ng hi\u1ec7u - batubinhphuoc.vn","isPartOf":{"@id":"https:\/\/batubinhphuoc.vn\/#website"},"datePublished":"2025-10-17T03:17:09+00:00","dateModified":"2026-03-23T03:30:12+00:00","breadcrumb":{"@id":"https:\/\/batubinhphuoc.vn\/cau-chuyen-thuong-hieu\/#breadcrumb"},"inLanguage":"en-US","potentialAction":[{"@type":"ReadAction","target":["https:\/\/batubinhphuoc.vn\/cau-chuyen-thuong-hieu\/"]}]},{"@type":"BreadcrumbList","@id":"https:\/\/batubinhphuoc.vn\/cau-chuyen-thuong-hieu\/#breadcrumb","itemListElement":[{"@type":"ListItem","position":1,"name":"Home","item":"https:\/\/batubinhphuoc.vn\/"},{"@type":"ListItem","position":2,"name":"C\u00e2u chuy\u1ec7n th\u01b0\u01a1ng hi\u1ec7u"}]},{"@type":"WebSite","@id":"https:\/\/batubinhphuoc.vn\/#website","url":"https:\/\/batubinhphuoc.vn\/","name":"batubinhphuoc.vn","description":"","potentialAction":[{"@type":"SearchAction","target":{"@type":"EntryPoint","urlTemplate":"https:\/\/batubinhphuoc.vn\/?s={search_term_string}"},"query-input":{"@type":"PropertyValueSpecification","valueRequired":true,"valueName":"search_term_string"}}],"inLanguage":"en-US"}]}},"_links":{"self":[{"href":"https:\/\/batubinhphuoc.vn\/en\/wp-json\/wp\/v2\/pages\/97","targetHints":{"allow":["GET"]}}],"collection":[{"href":"https:\/\/batubinhphuoc.vn\/en\/wp-json\/wp\/v2\/pages"}],"about":[{"href":"https:\/\/batubinhphuoc.vn\/en\/wp-json\/wp\/v2\/types\/page"}],"author":[{"embeddable":true,"href":"https:\/\/batubinhphuoc.vn\/en\/wp-json\/wp\/v2\/users\/1"}],"replies":[{"embeddable":true,"href":"https:\/\/batubinhphuoc.vn\/en\/wp-json\/wp\/v2\/comments?post=97"}],"version-history":[{"count":84,"href":"https:\/\/batubinhphuoc.vn\/en\/wp-json\/wp\/v2\/pages\/97\/revisions"}],"predecessor-version":[{"id":2464,"href":"https:\/\/batubinhphuoc.vn\/en\/wp-json\/wp\/v2\/pages\/97\/revisions\/2464"}],"wp:attachment":[{"href":"https:\/\/batubinhphuoc.vn\/en\/wp-json\/wp\/v2\/media?parent=97"}],"curies":[{"name":"wp","href":"https:\/\/api.w.org\/{rel}","templated":true}]}}