{"id":1054,"date":"2025-11-18T21:02:02","date_gmt":"2025-11-18T14:02:02","guid":{"rendered":"https:\/\/batubinhphuoc.vn\/?post_type=product&#038;p=1054"},"modified":"2026-03-12T11:58:32","modified_gmt":"2026-03-12T04:58:32","slug":"hat-dieu-toi-ot-ba-tu-binh-phuoc","status":"publish","type":"product","link":"https:\/\/batubinhphuoc.vn\/en\/shop\/hat-dieu-toi-ot-ba-tu-binh-phuoc\/","title":{"rendered":"Cashew nuts, Garlic, Chilli April Binh Phuoc \u2013 Spicy Full Flavor, Crispy't Nuts (200g | 65g | 30g)"},"content":{"rendered":"<p dir=\"auto\"><strong>M\u00f3n \u0103n v\u1eb7t cao c\u1ea5p t\u1eeb v\u00f9ng tr\u1ed3ng ch\u1ea5t l\u01b0\u1ee3ng cao B\u00ecnh Ph\u01b0\u1edbc \u2013 <a href=\"https:\/\/batubinhphuoc.vn\/en\/shop\/\">Th\u1ee7 ph\u1ee7 h\u1ea1t \u0111i\u1ec1u Vi\u1ec7t Nam<\/a><\/strong><\/p>\n<h4 dir=\"auto\"><span style=\"font-size: 130%;\">H\u1ea1t \u0111i\u1ec1u t\u1ecfi \u1edbt B\u00e0 T\u01b0 B\u00ecnh Ph\u01b0\u1edbc \u2013 \u0110\u1eb7c s\u1ea3n rang c\u1ee7i truy\u1ec1n th\u1ed1ng<\/span><\/h4>\n<p dir=\"auto\">From the farm the green on red, volcanic soil, Bu Gia map \u2013 Binh Phuoc <a href=\"https:\/\/www.facebook.com\/hatdieubatubinhphuoc.official\"><strong>Cashew April<\/strong><\/a> proud to bring products <strong>Cashew Nuts, Garlic, Chilli<\/strong> rang c\u1ee7i th\u1ee7 c\u00f4ng theo b\u00ed quy\u1ebft gia truy\u1ec1n t\u1eeb n\u0103m 1987. M\u1ed7i h\u1ea1t nh\u00e2n tr\u1eafng lo\u1ea1i 1 \u0111\u01b0\u1ee3c ch\u1ecdn l\u1ecdc th\u1ee7 c\u00f4ng t\u1eeb v\u00f9ng tr\u1ed3ng ch\u1ea5t l\u01b0\u1ee3ng cao, rang tr\u00ean l\u1eeda c\u1ee7i \u0111\u1ec1u tay trong quy tr\u00ecnh ch\u1ea5t l\u01b0\u1ee3ng cao, ph\u1ee7 l\u1edbp t\u1ecfi phi v\u00e0ng th\u01a1m l\u1eebng v\u00e0 \u1edbt \u0111\u1ecf cay nh\u1eb9 \u2013 t\u1ea1o n\u00ean v\u1ecb cay n\u1ed3ng \u0111\u1eadm \u0111\u00e0, gi\u00f2n tan t\u1eeb mi\u1ebfng \u0111\u1ea7u ti\u00ean.<\/p>\n<p dir=\"auto\">No oil frying \u2013 No preservatives \u2013 No products, artificial coloring, only the taste is original from high quality raw materials and human hands high quality of the peasants Binh Phuoc feet high.<\/p>\n<h3 dir=\"auto\">V\u00ec sao n\u00ean ch\u1ecdn h\u1ea1t \u0111i\u1ec1u t\u1ecfi \u1edbt B\u00e0 T\u01b0 B\u00ecnh Ph\u01b0\u1edbc?<\/h3>\n<ul dir=\"auto\">\n<li>Crispy naturally thanks to the technique of roasting firewood traditional exclusive<\/li>\n<li>Spicy salty harmonious, fragrant nose from garlic africa and fresh pepper Binh Phuoc<\/li>\n<li>High quality factory certified ISO 22000, HALAL, OCOP 4 stars<\/li>\n<li>Vacuum-packed, modern, retaining all brittleness to 12 months<\/li>\n<li>Abundant plant protein, good fats, vitamin E \u2013 snacks that are still healthy<\/li>\n<\/ul>\n<h3 dir=\"auto\">Th\u00f4ng tin chi ti\u1ebft s\u1ea3n ph\u1ea9m h\u1ea1t \u0111i\u1ec1u t\u1ecfi \u1edbt<\/h3>\n<ul dir=\"auto\">\n<li><strong>Product name<\/strong>: Cashews, Garlic, Chilli April Binh Phuoc<\/li>\n<li><strong>Net weight<\/strong>: 200g \u2013 65g \u2013 30g<\/li>\n<li><strong>Ingredients<\/strong>: Cashew nuts, white, type 1, garlic, caramelized, fresh red pepper, sea salt, sugar, pepper \u2013 100% natural<\/li>\n<li><strong>Term of use<\/strong>: 12 months (calculating from the date of manufacture)<\/li>\n<li><strong>Packaging<\/strong>: Box, PET plastic vacuum or bag zip premium<\/li>\n<li><strong>Place of origin<\/strong>: Binh Phuoc, Vietnam<\/li>\n<li><strong>Brand<\/strong>: April Binh Phuoc \u2013 Crystal Marrow From The Center \u2013 Est.1987<\/li>\n<\/ul>\n<h3 dir=\"auto\">Usage &amp; preservation<\/h3>\n<ul dir=\"auto\">\n<li>Dress directly dishes sip movies, rai, with your friends<\/li>\n<li>Carry when travel, picnic or as a gift high-grade<\/li>\n<li>Stored in dry, cool, avoid direct sunlight<\/li>\n<\/ul>\n<h3 dir=\"auto\">Committed from April Binh Phuoc<\/h3>\n<ul dir=\"auto\">\n<li>100% cashew nuts Binh Phuoc original from the farm house<\/li>\n<li>Return for free 1-1 in 7 days if not satisfied<\/li>\n<li>Nationwide delivery \u2013 freeship n\u1ed9i th\u00e0nh TP.HCM from 500k<\/li>\n<\/ul>\n<p dir=\"auto\"><strong>Let Cashew Nuts, Garlic, Chilli April wake up your taste buds with the pungent integrally from the dedicated 38 years of a mother, Binh Phuoc!<\/strong><\/p>\n<p dir=\"auto\"><strong>Place your order today<\/strong> to get special deals!<\/p>","protected":false},"excerpt":{"rendered":"<p>M\u00f3n \u0103n v\u1eb7t cao c\u1ea5p t\u1eeb v\u00f9ng tr\u1ed3ng ch\u1ea5t l\u01b0\u1ee3ng cao B\u00ecnh Ph\u01b0\u1edbc \u2013 Th\u1ee7 ph\u1ee7 h\u1ea1t \u0111i\u1ec1u Vi\u1ec7t Nam H\u1ea1t \u0111i\u1ec1u t\u1ecfi \u1edbt B\u00e0 T\u01b0 B\u00ecnh Ph\u01b0\u1edbc \u2013 \u0110\u1eb7c s\u1ea3n rang c\u1ee7i truy\u1ec1n th\u1ed1ng T\u1eeb nh\u1eefng n\u00f4ng tr\u1ea1i \u0111i\u1ec1u xanh m\u01b0\u1edbt tr\u00ean \u0111\u1ea5t \u0111\u1ecf bazan B\u00f9 Gia M\u1eadp \u2013 B\u00ecnh Ph\u01b0\u1edbc, H\u1ea1t \u0110i\u1ec1u B\u00e0&#8230;<\/p>","protected":false},"featured_media":1081,"comment_status":"open","ping_status":"closed","template":"","meta":[],"product_brand":[],"product_cat":[20],"product_tag":[24,30,23,28,29,26,22,21,25,27],"class_list":{"0":"post-1054","1":"product","2":"type-product","3":"status-publish","4":"has-post-thumbnail","6":"product_cat-hat-dieu-toi-ot","7":"product_tag-hat-dieu-ba-tu-loai-1","8":"product_tag-hat-dieu-ba-tu-tinh-tuy-tu-tam","9":"product_tag-hat-dieu-binh-phuoc-chinh-goc","10":"product_tag-hat-dieu-binh-phuoc-ocop","11":"product_tag-hat-dieu-ngon-nhat-viet-nam","12":"product_tag-hat-dieu-rang-cui-khong-dau","13":"product_tag-hat-dieu-rang-toi-ot-binh-phuoc","14":"product_tag-hat-dieu-toi-ot-ba-tu-binh-phuoc","15":"product_tag-mua-hat-dieu-toi-ot-online","16":"product_tag-qua-tang-hat-dieu-cao-cap","18":"first","19":"instock","20":"sale","21":"shipping-taxable","22":"purchasable","23":"product-type-variable"},"yoast_head":"<!-- This site is optimized with the Yoast SEO plugin v26.4 - https:\/\/yoast.com\/wordpress\/plugins\/seo\/ -->\n<title>H\u1ea1t \u0110i\u1ec1u T\u1ecfi \u1edat B\u00e0 T\u01b0 B\u00ecnh Ph\u01b0\u1edbc Rang C\u1ee7i \u2013 Gi\u00f2n R\u1ee5m<\/title>\n<meta name=\"description\" content=\"H\u1ea1t \u0111i\u1ec1u t\u1ecfi \u1edbt B\u00e0 T\u01b0 B\u00ecnh Ph\u01b0\u1edbc rang c\u1ee7i th\u1ee7 c\u00f4ng t\u1eeb h\u1ea1t \u0111i\u1ec1u nh\u00e2n tr\u1eafng lo\u1ea1i 1. V\u1ecb cay n\u1ed3ng \u0111\u1eadm \u0111\u00e0, gi\u00f2n r\u1ee5m t\u1ef1 nhi\u00ean, \u0111\u1eb7c s\u1ea3n B\u00ecnh Ph\u01b0\u1edbc.\" \/>\n<meta name=\"robots\" content=\"index, follow, max-snippet:-1, max-image-preview:large, max-video-preview:-1\" \/>\n<link rel=\"canonical\" href=\"https:\/\/batubinhphuoc.vn\/en\/shop\/hat-dieu-toi-ot-ba-tu-binh-phuoc\/\" \/>\n<meta property=\"og:locale\" content=\"en_US\" \/>\n<meta property=\"og:type\" content=\"article\" \/>\n<meta property=\"og:title\" content=\"H\u1ea1t \u0110i\u1ec1u T\u1ecfi \u1edat B\u00e0 T\u01b0 B\u00ecnh Ph\u01b0\u1edbc Rang C\u1ee7i \u2013 Gi\u00f2n R\u1ee5m\" \/>\n<meta property=\"og:description\" content=\"H\u1ea1t \u0111i\u1ec1u t\u1ecfi \u1edbt B\u00e0 T\u01b0 B\u00ecnh Ph\u01b0\u1edbc rang c\u1ee7i th\u1ee7 c\u00f4ng t\u1eeb h\u1ea1t \u0111i\u1ec1u nh\u00e2n tr\u1eafng lo\u1ea1i 1. V\u1ecb cay n\u1ed3ng \u0111\u1eadm \u0111\u00e0, gi\u00f2n r\u1ee5m t\u1ef1 nhi\u00ean, \u0111\u1eb7c s\u1ea3n B\u00ecnh Ph\u01b0\u1edbc.\" \/>\n<meta property=\"og:url\" content=\"https:\/\/batubinhphuoc.vn\/en\/shop\/hat-dieu-toi-ot-ba-tu-binh-phuoc\/\" \/>\n<meta property=\"og:site_name\" content=\"batubinhphuoc.vn\" \/>\n<meta property=\"article:modified_time\" content=\"2026-03-12T04:58:32+00:00\" \/>\n<meta property=\"og:image\" content=\"https:\/\/batubinhphuoc.vn\/wp-content\/uploads\/2025\/11\/Hat-Dieu-Toi-Ot-Ba-Tu-Binh-Phuoc-\u2013-Cay-Nong-Tron-Vi-Gion-Rum-Tung-Hat-200g-65g-30g-3.webp\" \/>\n\t<meta property=\"og:image:width\" content=\"1024\" \/>\n\t<meta property=\"og:image:height\" content=\"1024\" \/>\n\t<meta property=\"og:image:type\" content=\"image\/webp\" \/>\n<meta name=\"twitter:card\" content=\"summary_large_image\" \/>\n<meta name=\"twitter:label1\" content=\"Est. reading time\" \/>\n\t<meta name=\"twitter:data1\" content=\"3 minutes\" \/>\n<script type=\"application\/ld+json\" class=\"yoast-schema-graph\">{\"@context\":\"https:\/\/schema.org\",\"@graph\":[{\"@type\":\"WebPage\",\"@id\":\"https:\/\/batubinhphuoc.vn\/shop\/hat-dieu-toi-ot-ba-tu-binh-phuoc\/\",\"url\":\"https:\/\/batubinhphuoc.vn\/shop\/hat-dieu-toi-ot-ba-tu-binh-phuoc\/\",\"name\":\"H\u1ea1t \u0110i\u1ec1u T\u1ecfi \u1edat B\u00e0 T\u01b0 B\u00ecnh Ph\u01b0\u1edbc Rang C\u1ee7i \u2013 Gi\u00f2n R\u1ee5m\",\"isPartOf\":{\"@id\":\"https:\/\/batubinhphuoc.vn\/#website\"},\"primaryImageOfPage\":{\"@id\":\"https:\/\/batubinhphuoc.vn\/shop\/hat-dieu-toi-ot-ba-tu-binh-phuoc\/#primaryimage\"},\"image\":{\"@id\":\"https:\/\/batubinhphuoc.vn\/shop\/hat-dieu-toi-ot-ba-tu-binh-phuoc\/#primaryimage\"},\"thumbnailUrl\":\"https:\/\/batubinhphuoc.vn\/wp-content\/uploads\/2025\/11\/Hat-Dieu-Toi-Ot-Ba-Tu-Binh-Phuoc-\u2013-Cay-Nong-Tron-Vi-Gion-Rum-Tung-Hat-200g-65g-30g-3.webp\",\"datePublished\":\"2025-11-18T14:02:02+00:00\",\"dateModified\":\"2026-03-12T04:58:32+00:00\",\"description\":\"H\u1ea1t \u0111i\u1ec1u t\u1ecfi \u1edbt B\u00e0 T\u01b0 B\u00ecnh Ph\u01b0\u1edbc rang c\u1ee7i th\u1ee7 c\u00f4ng t\u1eeb h\u1ea1t \u0111i\u1ec1u nh\u00e2n tr\u1eafng lo\u1ea1i 1. V\u1ecb cay n\u1ed3ng \u0111\u1eadm \u0111\u00e0, gi\u00f2n r\u1ee5m t\u1ef1 nhi\u00ean, \u0111\u1eb7c s\u1ea3n B\u00ecnh Ph\u01b0\u1edbc.\",\"breadcrumb\":{\"@id\":\"https:\/\/batubinhphuoc.vn\/shop\/hat-dieu-toi-ot-ba-tu-binh-phuoc\/#breadcrumb\"},\"inLanguage\":\"en-US\",\"potentialAction\":[{\"@type\":\"ReadAction\",\"target\":[\"https:\/\/batubinhphuoc.vn\/shop\/hat-dieu-toi-ot-ba-tu-binh-phuoc\/\"]}]},{\"@type\":\"ImageObject\",\"inLanguage\":\"en-US\",\"@id\":\"https:\/\/batubinhphuoc.vn\/shop\/hat-dieu-toi-ot-ba-tu-binh-phuoc\/#primaryimage\",\"url\":\"https:\/\/batubinhphuoc.vn\/wp-content\/uploads\/2025\/11\/Hat-Dieu-Toi-Ot-Ba-Tu-Binh-Phuoc-\u2013-Cay-Nong-Tron-Vi-Gion-Rum-Tung-Hat-200g-65g-30g-3.webp\",\"contentUrl\":\"https:\/\/batubinhphuoc.vn\/wp-content\/uploads\/2025\/11\/Hat-Dieu-Toi-Ot-Ba-Tu-Binh-Phuoc-\u2013-Cay-Nong-Tron-Vi-Gion-Rum-Tung-Hat-200g-65g-30g-3.webp\",\"width\":1024,\"height\":1024,\"caption\":\"hat-dieu-ba-tu\"},{\"@type\":\"BreadcrumbList\",\"@id\":\"https:\/\/batubinhphuoc.vn\/shop\/hat-dieu-toi-ot-ba-tu-binh-phuoc\/#breadcrumb\",\"itemListElement\":[{\"@type\":\"ListItem\",\"position\":1,\"name\":\"Home\",\"item\":\"https:\/\/batubinhphuoc.vn\/\"},{\"@type\":\"ListItem\",\"position\":2,\"name\":\"S\u1ea3n ph\u1ea9m\",\"item\":\"https:\/\/batubinhphuoc.vn\/shop\/\"},{\"@type\":\"ListItem\",\"position\":3,\"name\":\"H\u1ea1t \u0110i\u1ec1u T\u1ecfi \u1edat B\u00e0 T\u01b0 B\u00ecnh Ph\u01b0\u1edbc \u2013 Cay N\u1ed3ng Tr\u1ecdn V\u1ecb, Gi\u00f2n R\u1ee5m T\u1eebng H\u1ea1t (200g | 65g | 30g)\"}]},{\"@type\":\"WebSite\",\"@id\":\"https:\/\/batubinhphuoc.vn\/#website\",\"url\":\"https:\/\/batubinhphuoc.vn\/\",\"name\":\"batubinhphuoc.vn\",\"description\":\"\",\"potentialAction\":[{\"@type\":\"SearchAction\",\"target\":{\"@type\":\"EntryPoint\",\"urlTemplate\":\"https:\/\/batubinhphuoc.vn\/?s={search_term_string}\"},\"query-input\":{\"@type\":\"PropertyValueSpecification\",\"valueRequired\":true,\"valueName\":\"search_term_string\"}}],\"inLanguage\":\"en-US\"}]}<\/script>\n<!-- \/ Yoast SEO plugin. -->","yoast_head_json":{"title":"H\u1ea1t \u0110i\u1ec1u T\u1ecfi \u1edat B\u00e0 T\u01b0 B\u00ecnh Ph\u01b0\u1edbc Rang C\u1ee7i \u2013 Gi\u00f2n R\u1ee5m","description":"H\u1ea1t \u0111i\u1ec1u t\u1ecfi \u1edbt B\u00e0 T\u01b0 B\u00ecnh Ph\u01b0\u1edbc rang c\u1ee7i th\u1ee7 c\u00f4ng t\u1eeb h\u1ea1t \u0111i\u1ec1u nh\u00e2n tr\u1eafng lo\u1ea1i 1. V\u1ecb cay n\u1ed3ng \u0111\u1eadm \u0111\u00e0, gi\u00f2n r\u1ee5m t\u1ef1 nhi\u00ean, \u0111\u1eb7c s\u1ea3n B\u00ecnh Ph\u01b0\u1edbc.","robots":{"index":"index","follow":"follow","max-snippet":"max-snippet:-1","max-image-preview":"max-image-preview:large","max-video-preview":"max-video-preview:-1"},"canonical":"https:\/\/batubinhphuoc.vn\/en\/shop\/hat-dieu-toi-ot-ba-tu-binh-phuoc\/","og_locale":"en_US","og_type":"article","og_title":"H\u1ea1t \u0110i\u1ec1u T\u1ecfi \u1edat B\u00e0 T\u01b0 B\u00ecnh Ph\u01b0\u1edbc Rang C\u1ee7i \u2013 Gi\u00f2n R\u1ee5m","og_description":"H\u1ea1t \u0111i\u1ec1u t\u1ecfi \u1edbt B\u00e0 T\u01b0 B\u00ecnh Ph\u01b0\u1edbc rang c\u1ee7i th\u1ee7 c\u00f4ng t\u1eeb h\u1ea1t \u0111i\u1ec1u nh\u00e2n tr\u1eafng lo\u1ea1i 1. V\u1ecb cay n\u1ed3ng \u0111\u1eadm \u0111\u00e0, gi\u00f2n r\u1ee5m t\u1ef1 nhi\u00ean, \u0111\u1eb7c s\u1ea3n B\u00ecnh Ph\u01b0\u1edbc.","og_url":"https:\/\/batubinhphuoc.vn\/en\/shop\/hat-dieu-toi-ot-ba-tu-binh-phuoc\/","og_site_name":"batubinhphuoc.vn","article_modified_time":"2026-03-12T04:58:32+00:00","og_image":[{"width":1024,"height":1024,"url":"https:\/\/batubinhphuoc.vn\/wp-content\/uploads\/2025\/11\/Hat-Dieu-Toi-Ot-Ba-Tu-Binh-Phuoc-\u2013-Cay-Nong-Tron-Vi-Gion-Rum-Tung-Hat-200g-65g-30g-3.webp","type":"image\/webp"}],"twitter_card":"summary_large_image","twitter_misc":{"Est. reading time":"3 minutes"},"schema":{"@context":"https:\/\/schema.org","@graph":[{"@type":"WebPage","@id":"https:\/\/batubinhphuoc.vn\/shop\/hat-dieu-toi-ot-ba-tu-binh-phuoc\/","url":"https:\/\/batubinhphuoc.vn\/shop\/hat-dieu-toi-ot-ba-tu-binh-phuoc\/","name":"H\u1ea1t \u0110i\u1ec1u T\u1ecfi \u1edat B\u00e0 T\u01b0 B\u00ecnh Ph\u01b0\u1edbc Rang C\u1ee7i \u2013 Gi\u00f2n R\u1ee5m","isPartOf":{"@id":"https:\/\/batubinhphuoc.vn\/#website"},"primaryImageOfPage":{"@id":"https:\/\/batubinhphuoc.vn\/shop\/hat-dieu-toi-ot-ba-tu-binh-phuoc\/#primaryimage"},"image":{"@id":"https:\/\/batubinhphuoc.vn\/shop\/hat-dieu-toi-ot-ba-tu-binh-phuoc\/#primaryimage"},"thumbnailUrl":"https:\/\/batubinhphuoc.vn\/wp-content\/uploads\/2025\/11\/Hat-Dieu-Toi-Ot-Ba-Tu-Binh-Phuoc-\u2013-Cay-Nong-Tron-Vi-Gion-Rum-Tung-Hat-200g-65g-30g-3.webp","datePublished":"2025-11-18T14:02:02+00:00","dateModified":"2026-03-12T04:58:32+00:00","description":"H\u1ea1t \u0111i\u1ec1u t\u1ecfi \u1edbt B\u00e0 T\u01b0 B\u00ecnh Ph\u01b0\u1edbc rang c\u1ee7i th\u1ee7 c\u00f4ng t\u1eeb h\u1ea1t \u0111i\u1ec1u nh\u00e2n tr\u1eafng lo\u1ea1i 1. V\u1ecb cay n\u1ed3ng \u0111\u1eadm \u0111\u00e0, gi\u00f2n r\u1ee5m t\u1ef1 nhi\u00ean, \u0111\u1eb7c s\u1ea3n B\u00ecnh Ph\u01b0\u1edbc.","breadcrumb":{"@id":"https:\/\/batubinhphuoc.vn\/shop\/hat-dieu-toi-ot-ba-tu-binh-phuoc\/#breadcrumb"},"inLanguage":"en-US","potentialAction":[{"@type":"ReadAction","target":["https:\/\/batubinhphuoc.vn\/shop\/hat-dieu-toi-ot-ba-tu-binh-phuoc\/"]}]},{"@type":"ImageObject","inLanguage":"en-US","@id":"https:\/\/batubinhphuoc.vn\/shop\/hat-dieu-toi-ot-ba-tu-binh-phuoc\/#primaryimage","url":"https:\/\/batubinhphuoc.vn\/wp-content\/uploads\/2025\/11\/Hat-Dieu-Toi-Ot-Ba-Tu-Binh-Phuoc-\u2013-Cay-Nong-Tron-Vi-Gion-Rum-Tung-Hat-200g-65g-30g-3.webp","contentUrl":"https:\/\/batubinhphuoc.vn\/wp-content\/uploads\/2025\/11\/Hat-Dieu-Toi-Ot-Ba-Tu-Binh-Phuoc-\u2013-Cay-Nong-Tron-Vi-Gion-Rum-Tung-Hat-200g-65g-30g-3.webp","width":1024,"height":1024,"caption":"hat-dieu-ba-tu"},{"@type":"BreadcrumbList","@id":"https:\/\/batubinhphuoc.vn\/shop\/hat-dieu-toi-ot-ba-tu-binh-phuoc\/#breadcrumb","itemListElement":[{"@type":"ListItem","position":1,"name":"Home","item":"https:\/\/batubinhphuoc.vn\/"},{"@type":"ListItem","position":2,"name":"S\u1ea3n ph\u1ea9m","item":"https:\/\/batubinhphuoc.vn\/shop\/"},{"@type":"ListItem","position":3,"name":"H\u1ea1t \u0110i\u1ec1u T\u1ecfi \u1edat B\u00e0 T\u01b0 B\u00ecnh Ph\u01b0\u1edbc \u2013 Cay N\u1ed3ng Tr\u1ecdn V\u1ecb, Gi\u00f2n R\u1ee5m T\u1eebng H\u1ea1t (200g | 65g | 30g)"}]},{"@type":"WebSite","@id":"https:\/\/batubinhphuoc.vn\/#website","url":"https:\/\/batubinhphuoc.vn\/","name":"batubinhphuoc.vn","description":"","potentialAction":[{"@type":"SearchAction","target":{"@type":"EntryPoint","urlTemplate":"https:\/\/batubinhphuoc.vn\/?s={search_term_string}"},"query-input":{"@type":"PropertyValueSpecification","valueRequired":true,"valueName":"search_term_string"}}],"inLanguage":"en-US"}]}},"_links":{"self":[{"href":"https:\/\/batubinhphuoc.vn\/en\/wp-json\/wp\/v2\/product\/1054","targetHints":{"allow":["GET"]}}],"collection":[{"href":"https:\/\/batubinhphuoc.vn\/en\/wp-json\/wp\/v2\/product"}],"about":[{"href":"https:\/\/batubinhphuoc.vn\/en\/wp-json\/wp\/v2\/types\/product"}],"replies":[{"embeddable":true,"href":"https:\/\/batubinhphuoc.vn\/en\/wp-json\/wp\/v2\/comments?post=1054"}],"wp:featuredmedia":[{"embeddable":true,"href":"https:\/\/batubinhphuoc.vn\/en\/wp-json\/wp\/v2\/media\/1081"}],"wp:attachment":[{"href":"https:\/\/batubinhphuoc.vn\/en\/wp-json\/wp\/v2\/media?parent=1054"}],"wp:term":[{"taxonomy":"product_brand","embeddable":true,"href":"https:\/\/batubinhphuoc.vn\/en\/wp-json\/wp\/v2\/product_brand?post=1054"},{"taxonomy":"product_cat","embeddable":true,"href":"https:\/\/batubinhphuoc.vn\/en\/wp-json\/wp\/v2\/product_cat?post=1054"},{"taxonomy":"product_tag","embeddable":true,"href":"https:\/\/batubinhphuoc.vn\/en\/wp-json\/wp\/v2\/product_tag?post=1054"}],"curies":[{"name":"wp","href":"https:\/\/api.w.org\/{rel}","templated":true}]}}