{"id":1055,"date":"2025-11-18T21:49:44","date_gmt":"2025-11-18T14:49:44","guid":{"rendered":"https:\/\/batubinhphuoc.vn\/?post_type=product&#038;p=1055"},"modified":"2026-03-12T12:29:48","modified_gmt":"2026-03-12T05:29:48","slug":"hat-dieu-vo-lua-ba-tu-binh-phuoc-160g-gion-bui","status":"publish","type":"product","link":"https:\/\/batubinhphuoc.vn\/en\/shop\/hat-dieu-vo-lua-ba-tu-binh-phuoc-160g-gion-bui\/","title":{"rendered":"Cashew nut Shell Silk April Binh Phuoc 160g \u2013 Crispy Bui Rustic Roasted Wood handmade Original"},"content":{"rendered":"<h2><a href=\"https:\/\/www.facebook.com\/hatdieubatubinhphuoc.official\">H\u1ea1t \u0110i\u1ec1u V\u1ecf L\u1ee5a B\u00e0 T\u01b0 B\u00ecnh Ph\u01b0\u1edbc<\/a> 160g \u2013 Gi\u00f2n B\u00f9i M\u1ed9c M\u1ea1c, Rang C\u1ee7i Th\u1ee7 C\u00f4ng Ch\u00ednh G\u1ed1c<\/h2>\n<p data-start=\"341\" data-end=\"558\">H\u1ea1t \u0110i\u1ec1u V\u1ecf L\u1ee5a B\u00e0 T\u01b0 B\u00ecnh Ph\u01b0\u1edbc 160g l\u00e0 m\u00f3n \u0103n v\u1eb7t truy\u1ec1n th\u1ed1ng \u0111\u01b0\u1ee3c nhi\u1ec1u ng\u01b0\u1eddi y\u00eau th\u00edch. S\u1ea3n ph\u1ea9m gi\u1eef nguy\u00ean l\u1edbp v\u1ecf l\u1ee5a t\u1ef1 nhi\u00ean, kh\u00f4ng t\u1ea9m \u01b0\u1edbp gia v\u1ecb, mang l\u1ea1i v\u1ecb b\u00f9i b\u00e9o \u0111\u1eadm \u0111\u00e0 \u0111\u1eb7c tr\u01b0ng c\u1ee7a h\u1ea1t \u0111i\u1ec1u B\u00ecnh Ph\u01b0\u1edbc.<\/p>\n<p data-start=\"560\" data-end=\"773\">\u0110\u01b0\u1ee3c rang ch\u1eadm b\u1eb1ng c\u1ee7i r\u1eebng kh\u00f4 t\u1ea1i B\u00f9 Gia M\u1eadp \u2013 B\u00ecnh Ph\u01b0\u1edbc, m\u1ed7i m\u1ebb h\u1ea1t \u0111i\u1ec1u \u0111\u1ec1u \u0111\u01b0\u1ee3c \u0111\u1ea3o \u0111\u1ec1u tay trong nhi\u1ec1u gi\u1edd. Nh\u1edd v\u1eady h\u1ea1t \u0111\u1ea1t \u0111\u1ed9 ch\u00edn ho\u00e0n h\u1ea3o, v\u00e0ng s\u1eadm, th\u01a1m nh\u1eb9 m\u00f9i kh\u00f3i c\u1ee7i v\u00e0 gi\u1eef nguy\u00ean \u0111\u1ed9 gi\u00f2n t\u1ef1 nhi\u00ean.<\/p>\n<p data-start=\"775\" data-end=\"933\">Kh\u00f4ng d\u1ea7u chi\u00ean, kh\u00f4ng ch\u1ea5t b\u1ea3o qu\u1ea3n v\u00e0 kh\u00f4ng ph\u1ea9m m\u00e0u nh\u00e2n t\u1ea1o. S\u1ea3n ph\u1ea9m gi\u1eef tr\u1ecdn h\u01b0\u01a1ng v\u1ecb nguy\u00ean b\u1ea3n t\u1eeb nh\u1eefng h\u1ea1t \u0111i\u1ec1u ch\u1ea5t l\u01b0\u1ee3ng cao c\u1ee7a v\u00f9ng \u0111\u1ea5t \u0111\u1ecf bazan.<\/p>\n<p data-start=\"775\" data-end=\"933\"><a href=\"https:\/\/batubinhphuoc.vn\/en\/shop\/\">Why Cashew Nuts Shell, Silk, April 160g always \u201csold out\u201d?<\/a><\/p>\n<ul>\n<li data-section-id=\"13j1twm\" data-start=\"993\" data-end=\"1047\">\n<p data-start=\"995\" data-end=\"1047\">100% h\u1ea1t \u0111i\u1ec1u lo\u1ea1i 1 B\u00ecnh Ph\u01b0\u1edbc to tr\u00f2n, ch\u1eafc th\u1ecbt<\/p>\n<\/li>\n<li data-section-id=\"d4q9sp\" data-start=\"1048\" data-end=\"1101\">\n<p data-start=\"1050\" data-end=\"1101\">Rang c\u1ee7i th\u1ee7 c\u00f4ng gi\u00fap gi\u1eef tr\u1ecdn h\u01b0\u01a1ng v\u1ecb t\u1ef1 nhi\u00ean<\/p>\n<\/li>\n<li data-section-id=\"oq2c8k\" data-start=\"1102\" data-end=\"1162\">\n<p data-start=\"1104\" data-end=\"1162\">L\u1edbp v\u1ecf l\u1ee5a m\u1ecfng t\u1ea1o h\u1eadu v\u1ecb b\u00f9i v\u00e0 h\u01a1i \u0111\u1eafng nh\u1eb9 \u0111\u1eb7c tr\u01b0ng<\/p>\n<\/li>\n<li data-section-id=\"m1s4or\" data-start=\"1163\" data-end=\"1215\">\n<p data-start=\"1165\" data-end=\"1215\">Kh\u00f4ng d\u1ea7u chi\u00ean, kh\u00f4ng mu\u1ed1i, kh\u00f4ng ch\u1ea5t b\u1ea3o qu\u1ea3n<\/p>\n<\/li>\n<li data-section-id=\"1onsuee\" data-start=\"1216\" data-end=\"1271\">\n<p data-start=\"1218\" data-end=\"1271\">Nh\u00e0 m\u00e1y \u0111\u1ea1t ch\u1ee9ng nh\u1eadn ISO 22000, HALAL, OCOP 4 sao<\/p>\n<\/li>\n<\/ul>\n<h2 data-section-id=\"13ern7w\" data-start=\"1278\" data-end=\"1300\">Th\u00e0nh ph\u1ea7n s\u1ea3n ph\u1ea9m<\/h2>\n<ul data-start=\"1302\" data-end=\"1413\">\n<li data-section-id=\"1ctkarp\" data-start=\"1302\" data-end=\"1342\">\n<p data-start=\"1304\" data-end=\"1342\">100% h\u1ea1t \u0111i\u1ec1u nh\u00e2n B\u00ecnh Ph\u01b0\u1edbc lo\u1ea1i 1<\/p>\n<\/li>\n<li data-section-id=\"rrvi1c\" data-start=\"1343\" data-end=\"1377\">\n<p data-start=\"1345\" data-end=\"1377\">Gi\u1eef nguy\u00ean l\u1edbp v\u1ecf l\u1ee5a t\u1ef1 nhi\u00ean<\/p>\n<\/li>\n<li data-section-id=\"120621z\" data-start=\"1378\" data-end=\"1413\">\n<p data-start=\"1380\" data-end=\"1413\">Roasted handmade firewood dry forests<\/p>\n<\/li>\n<\/ul>\n<h2 data-section-id=\"1kxzb50\" data-start=\"1420\" data-end=\"1454\">Gi\u00e1 tr\u1ecb dinh d\u01b0\u1ee1ng c\u1ee7a h\u1ea1t \u0111i\u1ec1u<\/h2>\n<p data-start=\"1456\" data-end=\"1567\">H\u1ea1t \u0111i\u1ec1u l\u00e0 ngu\u1ed3n dinh d\u01b0\u1ee1ng t\u1ed1t cho s\u1ee9c kh\u1ecfe. S\u1ea3n ph\u1ea9m ch\u1ee9a nhi\u1ec1u ch\u1ea5t b\u00e9o t\u1ed1t, protein th\u1ef1c v\u1eadt v\u00e0 vitamin E.<\/p>\n<p data-start=\"1569\" data-end=\"1742\">Ngo\u00e0i ra, h\u1ea1t \u0111i\u1ec1u c\u00f2n cung c\u1ea5p magie v\u00e0 k\u1ebdm gi\u00fap h\u1ed7 tr\u1ee3 tim m\u1ea1ch, c\u1ea3i thi\u1ec7n tr\u00ed nh\u1edb v\u00e0 t\u1ed1t cho l\u00e0n da. \u0110\u00e2y l\u00e0 m\u00f3n \u0103n v\u1eb7t l\u00e0nh m\u1ea1nh, ph\u00f9 h\u1ee3p v\u1edbi ng\u01b0\u1eddi \u0103n chay ho\u1eb7c \u0103n ki\u00eang.<\/p>\n<h2 data-section-id=\"txs4j9\" data-start=\"1749\" data-end=\"1770\">Product information<\/h2>\n<p>Product name: Cashew Nut Shell Silk April Binh Phuoc<br \/>\nNet weight: 160g<br \/>\nPackaging: plastic Box PET high vacuum level<br \/>\nShelf life: 12 months<br \/>\nPlace of origin: Binh Phuoc, Vietnam<br \/>\nBrand: April Binh Phuoc \u2013 Essence From the Center \u2013 Est.1987<\/p>\n<h2>C\u00e1ch s\u1eed d\u1ee5ng v\u00e0 b\u1ea3o qu\u1ea3n<\/h2>\n<p>Enjoy direct sip the tea\/coffee, make topping salads, yogurt<br \/>\nGifts luxury for meaning older people, partner<br \/>\nStored in dry, cool, avoid direct sunlight<\/p>\n<h2>Committed from April Binh Phuoc<\/h2>\n<p>100% cashew nuts Binh Phuoc original from house garden<br \/>\nReturn 1-1 for free in 7 days if not satisfied<br \/>\nNationwide delivery \u2013 Freeship city from 500k<\/p>\n<p>Let crust silk fragile she take you about childhood, about incense wood and Basalt Binh Phuoc!<\/p>","protected":false},"excerpt":{"rendered":"<p>H\u1ea1t \u0110i\u1ec1u V\u1ecf L\u1ee5a B\u00e0 T\u01b0 B\u00ecnh Ph\u01b0\u1edbc 160g \u2013 Gi\u00f2n B\u00f9i M\u1ed9c M\u1ea1c, Rang C\u1ee7i Th\u1ee7 C\u00f4ng Ch\u00ednh G\u1ed1c H\u1ea1t \u0110i\u1ec1u V\u1ecf L\u1ee5a B\u00e0 T\u01b0 B\u00ecnh Ph\u01b0\u1edbc 160g l\u00e0 m\u00f3n \u0103n v\u1eb7t truy\u1ec1n th\u1ed1ng \u0111\u01b0\u1ee3c nhi\u1ec1u ng\u01b0\u1eddi y\u00eau th\u00edch. S\u1ea3n ph\u1ea9m gi\u1eef nguy\u00ean l\u1edbp v\u1ecf l\u1ee5a t\u1ef1 nhi\u00ean, kh\u00f4ng t\u1ea9m \u01b0\u1edbp gia v\u1ecb, mang&#8230;<\/p>","protected":false},"featured_media":1095,"comment_status":"open","ping_status":"closed","template":"","meta":[],"product_brand":[],"product_cat":[40],"product_tag":[30,33,36,31,32,35,39,38,34,37],"class_list":{"0":"post-1055","1":"product","2":"type-product","3":"status-publish","4":"has-post-thumbnail","6":"product_cat-hat-dieu-vo-lua","7":"product_tag-hat-dieu-ba-tu-tinh-tuy-tu-tam","8":"product_tag-hat-dieu-rang-cui-ba-tu-160g","9":"product_tag-hat-dieu-rang-cui-khong-dau-khong-muoi","10":"product_tag-hat-dieu-vo-lua-ba-tu-binh-phuoc","11":"product_tag-hat-dieu-vo-lua-binh-phuoc-chinh-goc","12":"product_tag-hat-dieu-vo-lua-loai-1-binh-phuoc","13":"product_tag-hat-dieu-vo-lua-ngon-nhat-viet-nam","14":"product_tag-hat-dieu-vo-lua-ocop-4-sao","15":"product_tag-mua-hat-dieu-vo-lua-online","16":"product_tag-qua-tang-hat-dieu-cao-cap-binh-phuoc","18":"first","19":"instock","20":"sale","21":"shipping-taxable","22":"purchasable","23":"product-type-simple"},"yoast_head":"<!-- This site is optimized with the Yoast SEO plugin v26.4 - https:\/\/yoast.com\/wordpress\/plugins\/seo\/ -->\n<title>H\u1ea1t \u0110i\u1ec1u V\u1ecf L\u1ee5a B\u00e0 T\u01b0 B\u00ecnh Ph\u01b0\u1edbc 160g \u2013 Rang C\u1ee7i Gi\u00f2n B\u00f9i - batubinhphuoc.vn<\/title>\n<meta name=\"description\" content=\"H\u1ea1t \u0111i\u1ec1u v\u1ecf l\u1ee5a B\u00e0 T\u01b0 B\u00ecnh Ph\u01b0\u1edbc 160g rang c\u1ee7i th\u1ee7 c\u00f4ng, gi\u1eef nguy\u00ean l\u1edbp v\u1ecf l\u1ee5a t\u1ef1 nhi\u00ean, v\u1ecb b\u00f9i b\u00e9o \u0111\u1eadm \u0111\u00e0, \u0111\u1eb7c s\u1ea3n B\u00ecnh Ph\u01b0\u1edbc ch\u00ednh g\u1ed1c.\" \/>\n<meta name=\"robots\" content=\"index, follow, max-snippet:-1, max-image-preview:large, max-video-preview:-1\" \/>\n<link rel=\"canonical\" href=\"https:\/\/batubinhphuoc.vn\/en\/shop\/hat-dieu-vo-lua-ba-tu-binh-phuoc-160g-gion-bui\/\" \/>\n<meta property=\"og:locale\" content=\"en_US\" \/>\n<meta property=\"og:type\" content=\"article\" \/>\n<meta property=\"og:title\" content=\"H\u1ea1t \u0110i\u1ec1u V\u1ecf L\u1ee5a B\u00e0 T\u01b0 B\u00ecnh Ph\u01b0\u1edbc 160g \u2013 Rang C\u1ee7i Gi\u00f2n B\u00f9i - batubinhphuoc.vn\" \/>\n<meta property=\"og:description\" content=\"H\u1ea1t \u0111i\u1ec1u v\u1ecf l\u1ee5a B\u00e0 T\u01b0 B\u00ecnh Ph\u01b0\u1edbc 160g rang c\u1ee7i th\u1ee7 c\u00f4ng, gi\u1eef nguy\u00ean l\u1edbp v\u1ecf l\u1ee5a t\u1ef1 nhi\u00ean, v\u1ecb b\u00f9i b\u00e9o \u0111\u1eadm \u0111\u00e0, \u0111\u1eb7c s\u1ea3n B\u00ecnh Ph\u01b0\u1edbc ch\u00ednh g\u1ed1c.\" \/>\n<meta property=\"og:url\" content=\"https:\/\/batubinhphuoc.vn\/en\/shop\/hat-dieu-vo-lua-ba-tu-binh-phuoc-160g-gion-bui\/\" \/>\n<meta property=\"og:site_name\" content=\"batubinhphuoc.vn\" \/>\n<meta property=\"article:modified_time\" content=\"2026-03-12T05:29:48+00:00\" \/>\n<meta property=\"og:image\" content=\"https:\/\/batubinhphuoc.vn\/wp-content\/uploads\/2025\/11\/Hat-Dieu-Vo-Lua-Ba-Tu-Binh-Phuoc-160g-\u2013-Gion-Bui-Moc-Mac-Rang-Cui-Thu-Cong-Chinh-Goc-1.webp\" \/>\n\t<meta property=\"og:image:width\" content=\"792\" \/>\n\t<meta property=\"og:image:height\" content=\"792\" \/>\n\t<meta property=\"og:image:type\" content=\"image\/webp\" \/>\n<meta name=\"twitter:card\" content=\"summary_large_image\" \/>\n<meta name=\"twitter:label1\" content=\"Est. reading time\" \/>\n\t<meta name=\"twitter:data1\" content=\"3 minutes\" \/>\n<script type=\"application\/ld+json\" class=\"yoast-schema-graph\">{\"@context\":\"https:\/\/schema.org\",\"@graph\":[{\"@type\":\"WebPage\",\"@id\":\"https:\/\/batubinhphuoc.vn\/shop\/hat-dieu-vo-lua-ba-tu-binh-phuoc-160g-gion-bui\/\",\"url\":\"https:\/\/batubinhphuoc.vn\/shop\/hat-dieu-vo-lua-ba-tu-binh-phuoc-160g-gion-bui\/\",\"name\":\"H\u1ea1t \u0110i\u1ec1u V\u1ecf L\u1ee5a B\u00e0 T\u01b0 B\u00ecnh Ph\u01b0\u1edbc 160g \u2013 Rang C\u1ee7i Gi\u00f2n B\u00f9i - batubinhphuoc.vn\",\"isPartOf\":{\"@id\":\"https:\/\/batubinhphuoc.vn\/#website\"},\"primaryImageOfPage\":{\"@id\":\"https:\/\/batubinhphuoc.vn\/shop\/hat-dieu-vo-lua-ba-tu-binh-phuoc-160g-gion-bui\/#primaryimage\"},\"image\":{\"@id\":\"https:\/\/batubinhphuoc.vn\/shop\/hat-dieu-vo-lua-ba-tu-binh-phuoc-160g-gion-bui\/#primaryimage\"},\"thumbnailUrl\":\"https:\/\/batubinhphuoc.vn\/wp-content\/uploads\/2025\/11\/Hat-Dieu-Vo-Lua-Ba-Tu-Binh-Phuoc-160g-\u2013-Gion-Bui-Moc-Mac-Rang-Cui-Thu-Cong-Chinh-Goc-1.webp\",\"datePublished\":\"2025-11-18T14:49:44+00:00\",\"dateModified\":\"2026-03-12T05:29:48+00:00\",\"description\":\"H\u1ea1t \u0111i\u1ec1u v\u1ecf l\u1ee5a B\u00e0 T\u01b0 B\u00ecnh Ph\u01b0\u1edbc 160g rang c\u1ee7i th\u1ee7 c\u00f4ng, gi\u1eef nguy\u00ean l\u1edbp v\u1ecf l\u1ee5a t\u1ef1 nhi\u00ean, v\u1ecb b\u00f9i b\u00e9o \u0111\u1eadm \u0111\u00e0, \u0111\u1eb7c s\u1ea3n B\u00ecnh Ph\u01b0\u1edbc ch\u00ednh g\u1ed1c.\",\"breadcrumb\":{\"@id\":\"https:\/\/batubinhphuoc.vn\/shop\/hat-dieu-vo-lua-ba-tu-binh-phuoc-160g-gion-bui\/#breadcrumb\"},\"inLanguage\":\"en-US\",\"potentialAction\":[{\"@type\":\"ReadAction\",\"target\":[\"https:\/\/batubinhphuoc.vn\/shop\/hat-dieu-vo-lua-ba-tu-binh-phuoc-160g-gion-bui\/\"]}]},{\"@type\":\"ImageObject\",\"inLanguage\":\"en-US\",\"@id\":\"https:\/\/batubinhphuoc.vn\/shop\/hat-dieu-vo-lua-ba-tu-binh-phuoc-160g-gion-bui\/#primaryimage\",\"url\":\"https:\/\/batubinhphuoc.vn\/wp-content\/uploads\/2025\/11\/Hat-Dieu-Vo-Lua-Ba-Tu-Binh-Phuoc-160g-\u2013-Gion-Bui-Moc-Mac-Rang-Cui-Thu-Cong-Chinh-Goc-1.webp\",\"contentUrl\":\"https:\/\/batubinhphuoc.vn\/wp-content\/uploads\/2025\/11\/Hat-Dieu-Vo-Lua-Ba-Tu-Binh-Phuoc-160g-\u2013-Gion-Bui-Moc-Mac-Rang-Cui-Thu-Cong-Chinh-Goc-1.webp\",\"width\":792,\"height\":792,\"caption\":\"hat-dieu-vo-lua-ba-tu-binh-phuoc-160g-gion-bui\"},{\"@type\":\"BreadcrumbList\",\"@id\":\"https:\/\/batubinhphuoc.vn\/shop\/hat-dieu-vo-lua-ba-tu-binh-phuoc-160g-gion-bui\/#breadcrumb\",\"itemListElement\":[{\"@type\":\"ListItem\",\"position\":1,\"name\":\"Home\",\"item\":\"https:\/\/batubinhphuoc.vn\/\"},{\"@type\":\"ListItem\",\"position\":2,\"name\":\"S\u1ea3n ph\u1ea9m\",\"item\":\"https:\/\/batubinhphuoc.vn\/shop\/\"},{\"@type\":\"ListItem\",\"position\":3,\"name\":\"H\u1ea1t \u0110i\u1ec1u V\u1ecf L\u1ee5a B\u00e0 T\u01b0 B\u00ecnh Ph\u01b0\u1edbc 160g \u2013 Gi\u00f2n B\u00f9i M\u1ed9c M\u1ea1c, Rang C\u1ee7i Th\u1ee7 C\u00f4ng Ch\u00ednh G\u1ed1c\"}]},{\"@type\":\"WebSite\",\"@id\":\"https:\/\/batubinhphuoc.vn\/#website\",\"url\":\"https:\/\/batubinhphuoc.vn\/\",\"name\":\"batubinhphuoc.vn\",\"description\":\"\",\"potentialAction\":[{\"@type\":\"SearchAction\",\"target\":{\"@type\":\"EntryPoint\",\"urlTemplate\":\"https:\/\/batubinhphuoc.vn\/?s={search_term_string}\"},\"query-input\":{\"@type\":\"PropertyValueSpecification\",\"valueRequired\":true,\"valueName\":\"search_term_string\"}}],\"inLanguage\":\"en-US\"}]}<\/script>\n<!-- \/ Yoast SEO plugin. -->","yoast_head_json":{"title":"H\u1ea1t \u0110i\u1ec1u V\u1ecf L\u1ee5a B\u00e0 T\u01b0 B\u00ecnh Ph\u01b0\u1edbc 160g \u2013 Rang C\u1ee7i Gi\u00f2n B\u00f9i - batubinhphuoc.vn","description":"H\u1ea1t \u0111i\u1ec1u v\u1ecf l\u1ee5a B\u00e0 T\u01b0 B\u00ecnh Ph\u01b0\u1edbc 160g rang c\u1ee7i th\u1ee7 c\u00f4ng, gi\u1eef nguy\u00ean l\u1edbp v\u1ecf l\u1ee5a t\u1ef1 nhi\u00ean, v\u1ecb b\u00f9i b\u00e9o \u0111\u1eadm \u0111\u00e0, \u0111\u1eb7c s\u1ea3n B\u00ecnh Ph\u01b0\u1edbc ch\u00ednh g\u1ed1c.","robots":{"index":"index","follow":"follow","max-snippet":"max-snippet:-1","max-image-preview":"max-image-preview:large","max-video-preview":"max-video-preview:-1"},"canonical":"https:\/\/batubinhphuoc.vn\/en\/shop\/hat-dieu-vo-lua-ba-tu-binh-phuoc-160g-gion-bui\/","og_locale":"en_US","og_type":"article","og_title":"H\u1ea1t \u0110i\u1ec1u V\u1ecf L\u1ee5a B\u00e0 T\u01b0 B\u00ecnh Ph\u01b0\u1edbc 160g \u2013 Rang C\u1ee7i Gi\u00f2n B\u00f9i - batubinhphuoc.vn","og_description":"H\u1ea1t \u0111i\u1ec1u v\u1ecf l\u1ee5a B\u00e0 T\u01b0 B\u00ecnh Ph\u01b0\u1edbc 160g rang c\u1ee7i th\u1ee7 c\u00f4ng, gi\u1eef nguy\u00ean l\u1edbp v\u1ecf l\u1ee5a t\u1ef1 nhi\u00ean, v\u1ecb b\u00f9i b\u00e9o \u0111\u1eadm \u0111\u00e0, \u0111\u1eb7c s\u1ea3n B\u00ecnh Ph\u01b0\u1edbc ch\u00ednh g\u1ed1c.","og_url":"https:\/\/batubinhphuoc.vn\/en\/shop\/hat-dieu-vo-lua-ba-tu-binh-phuoc-160g-gion-bui\/","og_site_name":"batubinhphuoc.vn","article_modified_time":"2026-03-12T05:29:48+00:00","og_image":[{"width":792,"height":792,"url":"https:\/\/batubinhphuoc.vn\/wp-content\/uploads\/2025\/11\/Hat-Dieu-Vo-Lua-Ba-Tu-Binh-Phuoc-160g-\u2013-Gion-Bui-Moc-Mac-Rang-Cui-Thu-Cong-Chinh-Goc-1.webp","type":"image\/webp"}],"twitter_card":"summary_large_image","twitter_misc":{"Est. reading time":"3 minutes"},"schema":{"@context":"https:\/\/schema.org","@graph":[{"@type":"WebPage","@id":"https:\/\/batubinhphuoc.vn\/shop\/hat-dieu-vo-lua-ba-tu-binh-phuoc-160g-gion-bui\/","url":"https:\/\/batubinhphuoc.vn\/shop\/hat-dieu-vo-lua-ba-tu-binh-phuoc-160g-gion-bui\/","name":"H\u1ea1t \u0110i\u1ec1u V\u1ecf L\u1ee5a B\u00e0 T\u01b0 B\u00ecnh Ph\u01b0\u1edbc 160g \u2013 Rang C\u1ee7i Gi\u00f2n B\u00f9i - batubinhphuoc.vn","isPartOf":{"@id":"https:\/\/batubinhphuoc.vn\/#website"},"primaryImageOfPage":{"@id":"https:\/\/batubinhphuoc.vn\/shop\/hat-dieu-vo-lua-ba-tu-binh-phuoc-160g-gion-bui\/#primaryimage"},"image":{"@id":"https:\/\/batubinhphuoc.vn\/shop\/hat-dieu-vo-lua-ba-tu-binh-phuoc-160g-gion-bui\/#primaryimage"},"thumbnailUrl":"https:\/\/batubinhphuoc.vn\/wp-content\/uploads\/2025\/11\/Hat-Dieu-Vo-Lua-Ba-Tu-Binh-Phuoc-160g-\u2013-Gion-Bui-Moc-Mac-Rang-Cui-Thu-Cong-Chinh-Goc-1.webp","datePublished":"2025-11-18T14:49:44+00:00","dateModified":"2026-03-12T05:29:48+00:00","description":"H\u1ea1t \u0111i\u1ec1u v\u1ecf l\u1ee5a B\u00e0 T\u01b0 B\u00ecnh Ph\u01b0\u1edbc 160g rang c\u1ee7i th\u1ee7 c\u00f4ng, gi\u1eef nguy\u00ean l\u1edbp v\u1ecf l\u1ee5a t\u1ef1 nhi\u00ean, v\u1ecb b\u00f9i b\u00e9o \u0111\u1eadm \u0111\u00e0, \u0111\u1eb7c s\u1ea3n B\u00ecnh Ph\u01b0\u1edbc ch\u00ednh g\u1ed1c.","breadcrumb":{"@id":"https:\/\/batubinhphuoc.vn\/shop\/hat-dieu-vo-lua-ba-tu-binh-phuoc-160g-gion-bui\/#breadcrumb"},"inLanguage":"en-US","potentialAction":[{"@type":"ReadAction","target":["https:\/\/batubinhphuoc.vn\/shop\/hat-dieu-vo-lua-ba-tu-binh-phuoc-160g-gion-bui\/"]}]},{"@type":"ImageObject","inLanguage":"en-US","@id":"https:\/\/batubinhphuoc.vn\/shop\/hat-dieu-vo-lua-ba-tu-binh-phuoc-160g-gion-bui\/#primaryimage","url":"https:\/\/batubinhphuoc.vn\/wp-content\/uploads\/2025\/11\/Hat-Dieu-Vo-Lua-Ba-Tu-Binh-Phuoc-160g-\u2013-Gion-Bui-Moc-Mac-Rang-Cui-Thu-Cong-Chinh-Goc-1.webp","contentUrl":"https:\/\/batubinhphuoc.vn\/wp-content\/uploads\/2025\/11\/Hat-Dieu-Vo-Lua-Ba-Tu-Binh-Phuoc-160g-\u2013-Gion-Bui-Moc-Mac-Rang-Cui-Thu-Cong-Chinh-Goc-1.webp","width":792,"height":792,"caption":"hat-dieu-vo-lua-ba-tu-binh-phuoc-160g-gion-bui"},{"@type":"BreadcrumbList","@id":"https:\/\/batubinhphuoc.vn\/shop\/hat-dieu-vo-lua-ba-tu-binh-phuoc-160g-gion-bui\/#breadcrumb","itemListElement":[{"@type":"ListItem","position":1,"name":"Home","item":"https:\/\/batubinhphuoc.vn\/"},{"@type":"ListItem","position":2,"name":"S\u1ea3n ph\u1ea9m","item":"https:\/\/batubinhphuoc.vn\/shop\/"},{"@type":"ListItem","position":3,"name":"H\u1ea1t \u0110i\u1ec1u V\u1ecf L\u1ee5a B\u00e0 T\u01b0 B\u00ecnh Ph\u01b0\u1edbc 160g \u2013 Gi\u00f2n B\u00f9i M\u1ed9c M\u1ea1c, Rang C\u1ee7i Th\u1ee7 C\u00f4ng Ch\u00ednh G\u1ed1c"}]},{"@type":"WebSite","@id":"https:\/\/batubinhphuoc.vn\/#website","url":"https:\/\/batubinhphuoc.vn\/","name":"batubinhphuoc.vn","description":"","potentialAction":[{"@type":"SearchAction","target":{"@type":"EntryPoint","urlTemplate":"https:\/\/batubinhphuoc.vn\/?s={search_term_string}"},"query-input":{"@type":"PropertyValueSpecification","valueRequired":true,"valueName":"search_term_string"}}],"inLanguage":"en-US"}]}},"_links":{"self":[{"href":"https:\/\/batubinhphuoc.vn\/en\/wp-json\/wp\/v2\/product\/1055","targetHints":{"allow":["GET"]}}],"collection":[{"href":"https:\/\/batubinhphuoc.vn\/en\/wp-json\/wp\/v2\/product"}],"about":[{"href":"https:\/\/batubinhphuoc.vn\/en\/wp-json\/wp\/v2\/types\/product"}],"replies":[{"embeddable":true,"href":"https:\/\/batubinhphuoc.vn\/en\/wp-json\/wp\/v2\/comments?post=1055"}],"wp:featuredmedia":[{"embeddable":true,"href":"https:\/\/batubinhphuoc.vn\/en\/wp-json\/wp\/v2\/media\/1095"}],"wp:attachment":[{"href":"https:\/\/batubinhphuoc.vn\/en\/wp-json\/wp\/v2\/media?parent=1055"}],"wp:term":[{"taxonomy":"product_brand","embeddable":true,"href":"https:\/\/batubinhphuoc.vn\/en\/wp-json\/wp\/v2\/product_brand?post=1055"},{"taxonomy":"product_cat","embeddable":true,"href":"https:\/\/batubinhphuoc.vn\/en\/wp-json\/wp\/v2\/product_cat?post=1055"},{"taxonomy":"product_tag","embeddable":true,"href":"https:\/\/batubinhphuoc.vn\/en\/wp-json\/wp\/v2\/product_tag?post=1055"}],"curies":[{"name":"wp","href":"https:\/\/api.w.org\/{rel}","templated":true}]}}