{"id":1056,"date":"2025-11-18T21:58:14","date_gmt":"2025-11-18T14:58:14","guid":{"rendered":"https:\/\/batubinhphuoc.vn\/?post_type=product&#038;p=1056"},"modified":"2026-03-12T13:58:23","modified_gmt":"2026-03-12T06:58:23","slug":"hat-dieu-toi-ot-ba-tu-binh-phuoc-200g","status":"publish","type":"product","link":"https:\/\/batubinhphuoc.vn\/en\/shop\/hat-dieu-toi-ot-ba-tu-binh-phuoc-200g\/","title":{"rendered":"Cashew nuts, Garlic, Chilli April Binh Phuoc 200g \u2013 Spicy flavorful, Crispy, Every Grain, Roasted Wood handmade Original"},"content":{"rendered":"<h2><a href=\"https:\/\/batubinhphuoc.vn\/en\/shop\/\">H\u1ea1t \u0110i\u1ec1u T\u1ecfi \u1edat B\u00e0 T\u01b0 B\u00ecnh Ph\u01b0\u1edbc<\/a> 200g \u2013 Cay N\u1ed3ng \u0110\u1eadm \u0110\u00e0, Gi\u00f2n Tan T\u1eebng H\u1ea1t, Rang C\u1ee7i Th\u1ee7 C\u00f4ng Ch\u00ednh G\u1ed1c<\/h2>\n<h2 data-section-id=\"xbu95k\" data-start=\"253\" data-end=\"307\">\u0110\u1eb7c s\u1ea3n h\u1ea1t \u0111i\u1ec1u t\u1ecfi \u1edbt B\u00ecnh Ph\u01b0\u1edbc cay n\u1ed3ng h\u1ea5p d\u1eabn<\/h2>\n<p data-start=\"309\" data-end=\"491\">\u0110i\u1ec1u T\u1ecfi \u1edat B\u00e0 T\u01b0 B\u00ecnh Ph\u01b0\u1edbc 200g l\u00e0 s\u1ea3n ph\u1ea9m \u0103n v\u1eb7t \u0111\u01b0\u1ee3c nhi\u1ec1u kh\u00e1ch h\u00e0ng y\u00eau th\u00edch. H\u1ea1t \u0111i\u1ec1u \u0111\u01b0\u1ee3c ch\u1ecdn t\u1eeb v\u00f9ng tr\u1ed3ng B\u00ecnh Ph\u01b0\u1edbc n\u1ed5i ti\u1ebfng v\u1edbi ch\u1ea5t l\u01b0\u1ee3ng cao v\u00e0 h\u01b0\u01a1ng v\u1ecb \u0111\u1eadm \u0111\u00e0.<\/p>\n<p data-start=\"493\" data-end=\"694\">Nh\u1eefng h\u1ea1t \u0111i\u1ec1u nh\u00e2n tr\u1eafng lo\u1ea1i 1 to tr\u00f2n \u0111\u01b0\u1ee3c rang ch\u1eadm b\u1eb1ng c\u1ee7i r\u1eebng kh\u00f4. Sau \u0111\u00f3 s\u1ea3n ph\u1ea9m \u0111\u01b0\u1ee3c ph\u1ee7 l\u1edbp t\u1ecfi phi v\u00e0ng gi\u00f2n v\u00e0 \u1edbt \u0111\u1ecf cay nh\u1eb9. Nh\u1edd v\u1eady h\u1ea1t \u0111i\u1ec1u c\u00f3 v\u1ecb cay m\u1eb7n h\u00e0i h\u00f2a, th\u01a1m n\u1ee9c v\u00e0 gi\u00f2n tan.<\/p>\n<p data-start=\"696\" data-end=\"834\">S\u1ea3n ph\u1ea9m kh\u00f4ng s\u1eed d\u1ee5ng d\u1ea7u chi\u00ean, kh\u00f4ng ph\u1ea9m m\u00e0u v\u00e0 kh\u00f4ng ch\u1ea5t b\u1ea3o qu\u1ea3n. H\u01b0\u01a1ng v\u1ecb gi\u1eef \u0111\u01b0\u1ee3c t\u1ef1 nhi\u00ean nh\u1edd ph\u01b0\u01a1ng ph\u00e1p rang c\u1ee7i truy\u1ec1n th\u1ed1ng.<\/p>\n<p><a href=\"https:\/\/www.facebook.com\/hatdieubatubinhphuoc.official\">Why Cashew Nuts, Garlic, Chilli April 200g always \u201csold out\u201d?<\/a><\/p>\n<ul>\n<li data-section-id=\"1bom8nm\" data-start=\"900\" data-end=\"949\">\n<p data-start=\"902\" data-end=\"949\">\u0110i\u1ec1u lo\u1ea1i 1 B\u00ecnh Ph\u01b0\u1edbc to tr\u00f2n, ch\u1eafc th\u1ecbt<\/p>\n<\/li>\n<li data-section-id=\"didzix\" data-start=\"950\" data-end=\"1002\">\n<p data-start=\"952\" data-end=\"1002\">Rang c\u1ee7i th\u1ee7 c\u00f4ng gi\u00fap h\u1ea1t gi\u00f2n v\u00e0 th\u01a1m t\u1ef1 nhi\u00ean<\/p>\n<\/li>\n<li data-section-id=\"1b1yd07\" data-start=\"1003\" data-end=\"1066\">\n<p data-start=\"1005\" data-end=\"1066\">L\u1edbp t\u1ecfi phi v\u00e0ng gi\u00f2n k\u1ebft h\u1ee3p \u1edbt cay nh\u1eb9 k\u00edch th\u00edch v\u1ecb gi\u00e1c<\/p>\n<\/li>\n<li data-section-id=\"kn3bn\" data-start=\"1067\" data-end=\"1109\">\n<p data-start=\"1069\" data-end=\"1109\">Kh\u00f4ng d\u1ea7u chi\u00ean v\u00e0 kh\u00f4ng ch\u1ea5t b\u1ea3o qu\u1ea3n<\/p>\n<\/li>\n<li data-section-id=\"1iv9usy\" data-start=\"1110\" data-end=\"1156\">\n<p data-start=\"1112\" data-end=\"1156\">Nh\u00e0 m\u00e1y \u0111\u1ea1t ISO 22000, HALAL v\u00e0 OCOP 4 sao<\/p>\n<\/li>\n<\/ul>\n<p>Ingredients 100% natural<\/p>\n<ul data-start=\"1187\" data-end=\"1287\">\n<li data-section-id=\"1nj94xd\" data-start=\"1187\" data-end=\"1228\">\n<p data-start=\"1189\" data-end=\"1228\">H\u1ea1t nh\u00e2n tr\u1eafng lo\u1ea1i 1 B\u00ecnh Ph\u01b0\u1edbc<\/p>\n<\/li>\n<li data-section-id=\"x4fiyc\" data-start=\"1229\" data-end=\"1245\">\n<p data-start=\"1231\" data-end=\"1245\">T\u1ecfi phi v\u00e0ng<\/p>\n<\/li>\n<li data-section-id=\"xyym1g\" data-start=\"1246\" data-end=\"1260\">\n<p data-start=\"1248\" data-end=\"1260\">\u1edat \u0111\u1ecf t\u01b0\u01a1i<\/p>\n<\/li>\n<li data-section-id=\"z9pi61\" data-start=\"1261\" data-end=\"1287\">\n<p data-start=\"1263\" data-end=\"1287\">Mu\u1ed1i bi\u1ec3n, \u0111\u01b0\u1eddng, ti\u00eau<\/p>\n<\/li>\n<\/ul>\n<p data-start=\"1289\" data-end=\"1355\">S\u1ea3n ph\u1ea9m kh\u00f4ng s\u1eed d\u1ee5ng h\u01b0\u01a1ng li\u1ec7u nh\u00e2n t\u1ea1o v\u00e0 kh\u00f4ng ch\u1ea5t b\u1ea3o qu\u1ea3n.<\/p>\n<p>Nutritional value superior<\/p>\n<h2 data-section-id=\"1kxzb50\" data-start=\"1362\" data-end=\"1396\">Gi\u00e1 tr\u1ecb dinh d\u01b0\u1ee1ng c\u1ee7a h\u1ea1t \u0111i\u1ec1u<\/h2>\n<p data-start=\"1398\" data-end=\"1498\">\u0110i\u1ec1u l\u00e0 ngu\u1ed3n dinh d\u01b0\u1ee1ng t\u1ed1t cho s\u1ee9c kh\u1ecfe. S\u1ea3n ph\u1ea9m ch\u1ee9a nhi\u1ec1u protein th\u1ef1c v\u1eadt v\u00e0 ch\u1ea5t b\u00e9o t\u1ed1t.<\/p>\n<p data-start=\"1500\" data-end=\"1662\">Ngo\u00e0i ra, h\u1ea1t \u0111i\u1ec1u c\u00f2n cung c\u1ea5p vitamin E, magie v\u00e0 nhi\u1ec1u kho\u00e1ng ch\u1ea5t c\u1ea7n thi\u1ebft. Nh\u1eefng d\u01b0\u1ee1ng ch\u1ea5t n\u00e0y h\u1ed7 tr\u1ee3 tim m\u1ea1ch, t\u0103ng s\u1ee9c \u0111\u1ec1 kh\u00e1ng v\u00e0 gi\u00fap l\u00e0n da kh\u1ecfe m\u1ea1nh.<\/p>\n<p data-start=\"1664\" data-end=\"1730\">\u0110\u00e2y l\u00e0 m\u00f3n \u0103n v\u1eb7t ph\u00f9 h\u1ee3p cho d\u00e2n v\u0103n ph\u00f2ng, h\u1ecdc sinh v\u00e0 gia \u0111\u00ecnh.<\/p>\n<h2 data-section-id=\"txs4j9\" data-start=\"1737\" data-end=\"1758\">Product information<\/h2>\n<p data-start=\"1760\" data-end=\"1988\">Product name: Cashew Nut, Garlic, Chilli April Binh Phuoc<br data-start=\"1806\" data-end=\"1809\" \/>Net weight: 200g<br data-start=\"1830\" data-end=\"1833\" \/>Quy c\u00e1ch \u0111\u00f3ng g\u00f3i: H\u1ed9p nh\u1ef1a PET h\u00fat ch\u00e2n kh\u00f4ng<br data-start=\"1879\" data-end=\"1882\" \/>Shelf life: 12 months<br data-start=\"1903\" data-end=\"1906\" \/>Place of origin: Binh Phuoc, Vietnam<br data-start=\"1936\" data-end=\"1939\" \/>Th\u01b0\u01a1ng hi\u1ec7u: B\u00e0 T\u01b0 B\u00ecnh Ph\u01b0\u1edbc \u2013 Tinh T\u00fay T\u1eeb T\u00e2m<\/p>\n<h2 data-section-id=\"n7ua17\" data-start=\"1995\" data-end=\"2022\">C\u00e1ch s\u1eed d\u1ee5ng v\u00e0 b\u1ea3o qu\u1ea3n<\/h2>\n<ul data-start=\"2024\" data-end=\"2173\">\n<li data-section-id=\"qgyrcs\" data-start=\"2024\" data-end=\"2065\">\n<p data-start=\"2026\" data-end=\"2065\">\u0102n tr\u1ef1c ti\u1ebfp nh\u01b0 m\u00f3n \u0103n v\u1eb7t h\u1eb1ng ng\u00e0y<\/p>\n<\/li>\n<li data-section-id=\"13dj6xx\" data-start=\"2066\" data-end=\"2118\">\n<p data-start=\"2068\" data-end=\"2118\">Nh\u00e2m nhi c\u00f9ng b\u1ea1n b\u00e8 khi xem b\u00f3ng \u0111\u00e1 ho\u1eb7c picnic<\/p>\n<\/li>\n<li data-section-id=\"1l0hhon\" data-start=\"2119\" data-end=\"2173\">\n<p data-start=\"2121\" data-end=\"2173\">C\u00f3 th\u1ec3 d\u00f9ng l\u00e0m qu\u00e0 bi\u1ebfu cho ng\u01b0\u1eddi th\u00e2n v\u00e0 \u0111\u1ed1i t\u00e1c<\/p>\n<\/li>\n<\/ul>\n<p data-start=\"2175\" data-end=\"2247\">B\u1ea3o qu\u1ea3n s\u1ea3n ph\u1ea9m \u1edf n\u01a1i kh\u00f4 r\u00e1o, tho\u00e1ng m\u00e1t v\u00e0 tr\u00e1nh \u00e1nh n\u1eafng tr\u1ef1c ti\u1ebfp.<\/p>\n<h2 data-section-id=\"9usi5n\" data-start=\"2254\" data-end=\"2284\">Committed from April Binh Phuoc<\/h2>\n<ul data-start=\"2286\" data-end=\"2431\">\n<li data-section-id=\"1rajbhc\" data-start=\"2286\" data-end=\"2324\">\n<p data-start=\"2288\" data-end=\"2324\">100% h\u1ea1t \u0111i\u1ec1u B\u00ecnh Ph\u01b0\u1edbc ch\u00ednh g\u1ed1c<\/p>\n<\/li>\n<li data-section-id=\"8vyl6t\" data-start=\"2325\" data-end=\"2379\">\n<p data-start=\"2327\" data-end=\"2379\">\u0110\u1ed5i tr\u1ea3 mi\u1ec5n ph\u00ed 1-1 trong 7 ng\u00e0y n\u1ebfu s\u1ea3n ph\u1ea9m l\u1ed7i<\/p>\n<\/li>\n<li data-section-id=\"ytntud\" data-start=\"2380\" data-end=\"2431\">\n<p data-start=\"2382\" data-end=\"2431\">Giao h\u00e0ng to\u00e0n qu\u1ed1c, freeship n\u1ed9i th\u00e0nh t\u1eeb 500k<\/p>\n<\/li>\n<\/ul>\n<p data-start=\"2433\" data-end=\"2556\">H\u1ea1t \u0110i\u1ec1u T\u1ecfi \u1edat B\u00e0 T\u01b0 B\u00ecnh Ph\u01b0\u1edbc mang \u0111\u1ebfn h\u01b0\u01a1ng v\u1ecb cay n\u1ed3ng h\u1ea5p d\u1eabn v\u00e0 \u0111\u1ed9 gi\u00f2n t\u1ef1 nhi\u00ean c\u1ee7a h\u1ea1t \u0111i\u1ec1u rang c\u1ee7i truy\u1ec1n th\u1ed1ng.<\/p>","protected":false},"excerpt":{"rendered":"<p>H\u1ea1t \u0110i\u1ec1u T\u1ecfi \u1edat B\u00e0 T\u01b0 B\u00ecnh Ph\u01b0\u1edbc 200g \u2013 Cay N\u1ed3ng \u0110\u1eadm \u0110\u00e0, Gi\u00f2n Tan T\u1eebng H\u1ea1t, Rang C\u1ee7i Th\u1ee7 C\u00f4ng Ch\u00ednh G\u1ed1c \u0110\u1eb7c s\u1ea3n h\u1ea1t \u0111i\u1ec1u t\u1ecfi \u1edbt B\u00ecnh Ph\u01b0\u1edbc cay n\u1ed3ng h\u1ea5p d\u1eabn \u0110i\u1ec1u T\u1ecfi \u1edat B\u00e0 T\u01b0 B\u00ecnh Ph\u01b0\u1edbc 200g l\u00e0 s\u1ea3n ph\u1ea9m \u0103n v\u1eb7t \u0111\u01b0\u1ee3c nhi\u1ec1u kh\u00e1ch h\u00e0ng y\u00eau th\u00edch&#8230;.<\/p>","protected":false},"featured_media":1127,"comment_status":"open","ping_status":"closed","template":"","meta":[],"product_brand":[],"product_cat":[20],"product_tag":[44,30,26,43,21,42,46,45,25,37],"class_list":{"0":"post-1056","1":"product","2":"type-product","3":"status-publish","4":"has-post-thumbnail","6":"product_cat-hat-dieu-toi-ot","7":"product_tag-hat-dieu-ba-tu-binh-phuoc-loai-1","8":"product_tag-hat-dieu-ba-tu-tinh-tuy-tu-tam","9":"product_tag-hat-dieu-rang-cui-khong-dau","10":"product_tag-hat-dieu-rang-toi-ot-ba-tu-chinh-goc","11":"product_tag-hat-dieu-toi-ot-ba-tu-binh-phuoc","12":"product_tag-hat-dieu-toi-ot-binh-phuoc-200g","13":"product_tag-hat-dieu-toi-ot-ngon-nhat-viet-nam","14":"product_tag-hat-dieu-toi-ot-ocop-4-sao","15":"product_tag-mua-hat-dieu-toi-ot-online","16":"product_tag-qua-tang-hat-dieu-cao-cap-binh-phuoc","18":"first","19":"instock","20":"sale","21":"shipping-taxable","22":"purchasable","23":"product-type-simple"},"yoast_head":"<!-- This site is optimized with the Yoast SEO plugin v26.4 - https:\/\/yoast.com\/wordpress\/plugins\/seo\/ -->\n<title>H\u1ea1t \u0110i\u1ec1u T\u1ecfi \u1edat B\u00e0 T\u01b0 B\u00ecnh Ph\u01b0\u1edbc 200g - batubinhphuoc.vn<\/title>\n<meta name=\"description\" content=\"H\u1ea1t \u0110i\u1ec1u T\u1ecfi \u1edat B\u00e0 T\u01b0 B\u00ecnh Ph\u01b0\u1edbc 200g \u2013 Cay N\u1ed3ng \u0110\u1eadm \u0110\u00e0, Gi\u00f2n Tan T\u1eebng H\u1ea1t, Rang C\u1ee7i Th\u1ee7 C\u00f4ng Ch\u00ednh G\u1ed1c. S\u1ea3n ph\u1ea9m b\u00e1n ch\u1ea1y s\u1ed1 1 c\u1ee7a B\u00e0 T\u01b0 B\u00ecnh Ph\u01b0\u1edbc\" \/>\n<meta name=\"robots\" content=\"index, follow, max-snippet:-1, max-image-preview:large, max-video-preview:-1\" \/>\n<link rel=\"canonical\" href=\"https:\/\/batubinhphuoc.vn\/en\/shop\/hat-dieu-toi-ot-ba-tu-binh-phuoc-200g\/\" \/>\n<meta property=\"og:locale\" content=\"en_US\" \/>\n<meta property=\"og:type\" content=\"article\" \/>\n<meta property=\"og:title\" content=\"H\u1ea1t \u0110i\u1ec1u T\u1ecfi \u1edat B\u00e0 T\u01b0 B\u00ecnh Ph\u01b0\u1edbc 200g - batubinhphuoc.vn\" \/>\n<meta property=\"og:description\" content=\"H\u1ea1t \u0110i\u1ec1u T\u1ecfi \u1edat B\u00e0 T\u01b0 B\u00ecnh Ph\u01b0\u1edbc 200g \u2013 Cay N\u1ed3ng \u0110\u1eadm \u0110\u00e0, Gi\u00f2n Tan T\u1eebng H\u1ea1t, Rang C\u1ee7i Th\u1ee7 C\u00f4ng Ch\u00ednh G\u1ed1c. S\u1ea3n ph\u1ea9m b\u00e1n ch\u1ea1y s\u1ed1 1 c\u1ee7a B\u00e0 T\u01b0 B\u00ecnh Ph\u01b0\u1edbc\" \/>\n<meta property=\"og:url\" content=\"https:\/\/batubinhphuoc.vn\/en\/shop\/hat-dieu-toi-ot-ba-tu-binh-phuoc-200g\/\" \/>\n<meta property=\"og:site_name\" content=\"batubinhphuoc.vn\" \/>\n<meta property=\"article:modified_time\" content=\"2026-03-12T06:58:23+00:00\" \/>\n<meta property=\"og:image\" content=\"https:\/\/batubinhphuoc.vn\/wp-content\/uploads\/2025\/11\/Hat-Dieu-Toi-Ot-Ba-Tu-Binh-Phuoc-200g-\u2013-Cay-Nong-Dam-Da-Gion-Tan-Tung-Hat-Rang-Cui-Thu-Cong-Chinh-Goc-1.webp\" \/>\n\t<meta property=\"og:image:width\" content=\"1024\" \/>\n\t<meta property=\"og:image:height\" content=\"1024\" \/>\n\t<meta property=\"og:image:type\" content=\"image\/webp\" \/>\n<meta name=\"twitter:card\" content=\"summary_large_image\" \/>\n<meta name=\"twitter:label1\" content=\"Est. reading time\" \/>\n\t<meta name=\"twitter:data1\" content=\"3 minutes\" \/>\n<script type=\"application\/ld+json\" class=\"yoast-schema-graph\">{\"@context\":\"https:\/\/schema.org\",\"@graph\":[{\"@type\":\"WebPage\",\"@id\":\"https:\/\/batubinhphuoc.vn\/shop\/hat-dieu-toi-ot-ba-tu-binh-phuoc-200g\/\",\"url\":\"https:\/\/batubinhphuoc.vn\/shop\/hat-dieu-toi-ot-ba-tu-binh-phuoc-200g\/\",\"name\":\"H\u1ea1t \u0110i\u1ec1u T\u1ecfi \u1edat B\u00e0 T\u01b0 B\u00ecnh Ph\u01b0\u1edbc 200g - batubinhphuoc.vn\",\"isPartOf\":{\"@id\":\"https:\/\/batubinhphuoc.vn\/#website\"},\"primaryImageOfPage\":{\"@id\":\"https:\/\/batubinhphuoc.vn\/shop\/hat-dieu-toi-ot-ba-tu-binh-phuoc-200g\/#primaryimage\"},\"image\":{\"@id\":\"https:\/\/batubinhphuoc.vn\/shop\/hat-dieu-toi-ot-ba-tu-binh-phuoc-200g\/#primaryimage\"},\"thumbnailUrl\":\"https:\/\/batubinhphuoc.vn\/wp-content\/uploads\/2025\/11\/Hat-Dieu-Toi-Ot-Ba-Tu-Binh-Phuoc-200g-\u2013-Cay-Nong-Dam-Da-Gion-Tan-Tung-Hat-Rang-Cui-Thu-Cong-Chinh-Goc-1.webp\",\"datePublished\":\"2025-11-18T14:58:14+00:00\",\"dateModified\":\"2026-03-12T06:58:23+00:00\",\"description\":\"H\u1ea1t \u0110i\u1ec1u T\u1ecfi \u1edat B\u00e0 T\u01b0 B\u00ecnh Ph\u01b0\u1edbc 200g \u2013 Cay N\u1ed3ng \u0110\u1eadm \u0110\u00e0, Gi\u00f2n Tan T\u1eebng H\u1ea1t, Rang C\u1ee7i Th\u1ee7 C\u00f4ng Ch\u00ednh G\u1ed1c. S\u1ea3n ph\u1ea9m b\u00e1n ch\u1ea1y s\u1ed1 1 c\u1ee7a B\u00e0 T\u01b0 B\u00ecnh Ph\u01b0\u1edbc\",\"breadcrumb\":{\"@id\":\"https:\/\/batubinhphuoc.vn\/shop\/hat-dieu-toi-ot-ba-tu-binh-phuoc-200g\/#breadcrumb\"},\"inLanguage\":\"en-US\",\"potentialAction\":[{\"@type\":\"ReadAction\",\"target\":[\"https:\/\/batubinhphuoc.vn\/shop\/hat-dieu-toi-ot-ba-tu-binh-phuoc-200g\/\"]}]},{\"@type\":\"ImageObject\",\"inLanguage\":\"en-US\",\"@id\":\"https:\/\/batubinhphuoc.vn\/shop\/hat-dieu-toi-ot-ba-tu-binh-phuoc-200g\/#primaryimage\",\"url\":\"https:\/\/batubinhphuoc.vn\/wp-content\/uploads\/2025\/11\/Hat-Dieu-Toi-Ot-Ba-Tu-Binh-Phuoc-200g-\u2013-Cay-Nong-Dam-Da-Gion-Tan-Tung-Hat-Rang-Cui-Thu-Cong-Chinh-Goc-1.webp\",\"contentUrl\":\"https:\/\/batubinhphuoc.vn\/wp-content\/uploads\/2025\/11\/Hat-Dieu-Toi-Ot-Ba-Tu-Binh-Phuoc-200g-\u2013-Cay-Nong-Dam-Da-Gion-Tan-Tung-Hat-Rang-Cui-Thu-Cong-Chinh-Goc-1.webp\",\"width\":1024,\"height\":1024,\"caption\":\"Hat-Dieu-Toi-Ot-Ba-Tu-Binh-Phuoc\"},{\"@type\":\"BreadcrumbList\",\"@id\":\"https:\/\/batubinhphuoc.vn\/shop\/hat-dieu-toi-ot-ba-tu-binh-phuoc-200g\/#breadcrumb\",\"itemListElement\":[{\"@type\":\"ListItem\",\"position\":1,\"name\":\"Home\",\"item\":\"https:\/\/batubinhphuoc.vn\/\"},{\"@type\":\"ListItem\",\"position\":2,\"name\":\"S\u1ea3n ph\u1ea9m\",\"item\":\"https:\/\/batubinhphuoc.vn\/shop\/\"},{\"@type\":\"ListItem\",\"position\":3,\"name\":\"H\u1ea1t \u0110i\u1ec1u T\u1ecfi \u1edat B\u00e0 T\u01b0 B\u00ecnh Ph\u01b0\u1edbc 200g \u2013 Cay N\u1ed3ng \u0110\u1eadm \u0110\u00e0, Gi\u00f2n Tan T\u1eebng H\u1ea1t, Rang C\u1ee7i Th\u1ee7 C\u00f4ng Ch\u00ednh G\u1ed1c\"}]},{\"@type\":\"WebSite\",\"@id\":\"https:\/\/batubinhphuoc.vn\/#website\",\"url\":\"https:\/\/batubinhphuoc.vn\/\",\"name\":\"batubinhphuoc.vn\",\"description\":\"\",\"potentialAction\":[{\"@type\":\"SearchAction\",\"target\":{\"@type\":\"EntryPoint\",\"urlTemplate\":\"https:\/\/batubinhphuoc.vn\/?s={search_term_string}\"},\"query-input\":{\"@type\":\"PropertyValueSpecification\",\"valueRequired\":true,\"valueName\":\"search_term_string\"}}],\"inLanguage\":\"en-US\"}]}<\/script>\n<!-- \/ Yoast SEO plugin. -->","yoast_head_json":{"title":"H\u1ea1t \u0110i\u1ec1u T\u1ecfi \u1edat B\u00e0 T\u01b0 B\u00ecnh Ph\u01b0\u1edbc 200g - batubinhphuoc.vn","description":"H\u1ea1t \u0110i\u1ec1u T\u1ecfi \u1edat B\u00e0 T\u01b0 B\u00ecnh Ph\u01b0\u1edbc 200g \u2013 Cay N\u1ed3ng \u0110\u1eadm \u0110\u00e0, Gi\u00f2n Tan T\u1eebng H\u1ea1t, Rang C\u1ee7i Th\u1ee7 C\u00f4ng Ch\u00ednh G\u1ed1c. S\u1ea3n ph\u1ea9m b\u00e1n ch\u1ea1y s\u1ed1 1 c\u1ee7a B\u00e0 T\u01b0 B\u00ecnh Ph\u01b0\u1edbc","robots":{"index":"index","follow":"follow","max-snippet":"max-snippet:-1","max-image-preview":"max-image-preview:large","max-video-preview":"max-video-preview:-1"},"canonical":"https:\/\/batubinhphuoc.vn\/en\/shop\/hat-dieu-toi-ot-ba-tu-binh-phuoc-200g\/","og_locale":"en_US","og_type":"article","og_title":"H\u1ea1t \u0110i\u1ec1u T\u1ecfi \u1edat B\u00e0 T\u01b0 B\u00ecnh Ph\u01b0\u1edbc 200g - batubinhphuoc.vn","og_description":"H\u1ea1t \u0110i\u1ec1u T\u1ecfi \u1edat B\u00e0 T\u01b0 B\u00ecnh Ph\u01b0\u1edbc 200g \u2013 Cay N\u1ed3ng \u0110\u1eadm \u0110\u00e0, Gi\u00f2n Tan T\u1eebng H\u1ea1t, Rang C\u1ee7i Th\u1ee7 C\u00f4ng Ch\u00ednh G\u1ed1c. S\u1ea3n ph\u1ea9m b\u00e1n ch\u1ea1y s\u1ed1 1 c\u1ee7a B\u00e0 T\u01b0 B\u00ecnh Ph\u01b0\u1edbc","og_url":"https:\/\/batubinhphuoc.vn\/en\/shop\/hat-dieu-toi-ot-ba-tu-binh-phuoc-200g\/","og_site_name":"batubinhphuoc.vn","article_modified_time":"2026-03-12T06:58:23+00:00","og_image":[{"width":1024,"height":1024,"url":"https:\/\/batubinhphuoc.vn\/wp-content\/uploads\/2025\/11\/Hat-Dieu-Toi-Ot-Ba-Tu-Binh-Phuoc-200g-\u2013-Cay-Nong-Dam-Da-Gion-Tan-Tung-Hat-Rang-Cui-Thu-Cong-Chinh-Goc-1.webp","type":"image\/webp"}],"twitter_card":"summary_large_image","twitter_misc":{"Est. reading time":"3 minutes"},"schema":{"@context":"https:\/\/schema.org","@graph":[{"@type":"WebPage","@id":"https:\/\/batubinhphuoc.vn\/shop\/hat-dieu-toi-ot-ba-tu-binh-phuoc-200g\/","url":"https:\/\/batubinhphuoc.vn\/shop\/hat-dieu-toi-ot-ba-tu-binh-phuoc-200g\/","name":"H\u1ea1t \u0110i\u1ec1u T\u1ecfi \u1edat B\u00e0 T\u01b0 B\u00ecnh Ph\u01b0\u1edbc 200g - batubinhphuoc.vn","isPartOf":{"@id":"https:\/\/batubinhphuoc.vn\/#website"},"primaryImageOfPage":{"@id":"https:\/\/batubinhphuoc.vn\/shop\/hat-dieu-toi-ot-ba-tu-binh-phuoc-200g\/#primaryimage"},"image":{"@id":"https:\/\/batubinhphuoc.vn\/shop\/hat-dieu-toi-ot-ba-tu-binh-phuoc-200g\/#primaryimage"},"thumbnailUrl":"https:\/\/batubinhphuoc.vn\/wp-content\/uploads\/2025\/11\/Hat-Dieu-Toi-Ot-Ba-Tu-Binh-Phuoc-200g-\u2013-Cay-Nong-Dam-Da-Gion-Tan-Tung-Hat-Rang-Cui-Thu-Cong-Chinh-Goc-1.webp","datePublished":"2025-11-18T14:58:14+00:00","dateModified":"2026-03-12T06:58:23+00:00","description":"H\u1ea1t \u0110i\u1ec1u T\u1ecfi \u1edat B\u00e0 T\u01b0 B\u00ecnh Ph\u01b0\u1edbc 200g \u2013 Cay N\u1ed3ng \u0110\u1eadm \u0110\u00e0, Gi\u00f2n Tan T\u1eebng H\u1ea1t, Rang C\u1ee7i Th\u1ee7 C\u00f4ng Ch\u00ednh G\u1ed1c. S\u1ea3n ph\u1ea9m b\u00e1n ch\u1ea1y s\u1ed1 1 c\u1ee7a B\u00e0 T\u01b0 B\u00ecnh Ph\u01b0\u1edbc","breadcrumb":{"@id":"https:\/\/batubinhphuoc.vn\/shop\/hat-dieu-toi-ot-ba-tu-binh-phuoc-200g\/#breadcrumb"},"inLanguage":"en-US","potentialAction":[{"@type":"ReadAction","target":["https:\/\/batubinhphuoc.vn\/shop\/hat-dieu-toi-ot-ba-tu-binh-phuoc-200g\/"]}]},{"@type":"ImageObject","inLanguage":"en-US","@id":"https:\/\/batubinhphuoc.vn\/shop\/hat-dieu-toi-ot-ba-tu-binh-phuoc-200g\/#primaryimage","url":"https:\/\/batubinhphuoc.vn\/wp-content\/uploads\/2025\/11\/Hat-Dieu-Toi-Ot-Ba-Tu-Binh-Phuoc-200g-\u2013-Cay-Nong-Dam-Da-Gion-Tan-Tung-Hat-Rang-Cui-Thu-Cong-Chinh-Goc-1.webp","contentUrl":"https:\/\/batubinhphuoc.vn\/wp-content\/uploads\/2025\/11\/Hat-Dieu-Toi-Ot-Ba-Tu-Binh-Phuoc-200g-\u2013-Cay-Nong-Dam-Da-Gion-Tan-Tung-Hat-Rang-Cui-Thu-Cong-Chinh-Goc-1.webp","width":1024,"height":1024,"caption":"Hat-Dieu-Toi-Ot-Ba-Tu-Binh-Phuoc"},{"@type":"BreadcrumbList","@id":"https:\/\/batubinhphuoc.vn\/shop\/hat-dieu-toi-ot-ba-tu-binh-phuoc-200g\/#breadcrumb","itemListElement":[{"@type":"ListItem","position":1,"name":"Home","item":"https:\/\/batubinhphuoc.vn\/"},{"@type":"ListItem","position":2,"name":"S\u1ea3n ph\u1ea9m","item":"https:\/\/batubinhphuoc.vn\/shop\/"},{"@type":"ListItem","position":3,"name":"H\u1ea1t \u0110i\u1ec1u T\u1ecfi \u1edat B\u00e0 T\u01b0 B\u00ecnh Ph\u01b0\u1edbc 200g \u2013 Cay N\u1ed3ng \u0110\u1eadm \u0110\u00e0, Gi\u00f2n Tan T\u1eebng H\u1ea1t, Rang C\u1ee7i Th\u1ee7 C\u00f4ng Ch\u00ednh G\u1ed1c"}]},{"@type":"WebSite","@id":"https:\/\/batubinhphuoc.vn\/#website","url":"https:\/\/batubinhphuoc.vn\/","name":"batubinhphuoc.vn","description":"","potentialAction":[{"@type":"SearchAction","target":{"@type":"EntryPoint","urlTemplate":"https:\/\/batubinhphuoc.vn\/?s={search_term_string}"},"query-input":{"@type":"PropertyValueSpecification","valueRequired":true,"valueName":"search_term_string"}}],"inLanguage":"en-US"}]}},"_links":{"self":[{"href":"https:\/\/batubinhphuoc.vn\/en\/wp-json\/wp\/v2\/product\/1056","targetHints":{"allow":["GET"]}}],"collection":[{"href":"https:\/\/batubinhphuoc.vn\/en\/wp-json\/wp\/v2\/product"}],"about":[{"href":"https:\/\/batubinhphuoc.vn\/en\/wp-json\/wp\/v2\/types\/product"}],"replies":[{"embeddable":true,"href":"https:\/\/batubinhphuoc.vn\/en\/wp-json\/wp\/v2\/comments?post=1056"}],"wp:featuredmedia":[{"embeddable":true,"href":"https:\/\/batubinhphuoc.vn\/en\/wp-json\/wp\/v2\/media\/1127"}],"wp:attachment":[{"href":"https:\/\/batubinhphuoc.vn\/en\/wp-json\/wp\/v2\/media?parent=1056"}],"wp:term":[{"taxonomy":"product_brand","embeddable":true,"href":"https:\/\/batubinhphuoc.vn\/en\/wp-json\/wp\/v2\/product_brand?post=1056"},{"taxonomy":"product_cat","embeddable":true,"href":"https:\/\/batubinhphuoc.vn\/en\/wp-json\/wp\/v2\/product_cat?post=1056"},{"taxonomy":"product_tag","embeddable":true,"href":"https:\/\/batubinhphuoc.vn\/en\/wp-json\/wp\/v2\/product_tag?post=1056"}],"curies":[{"name":"wp","href":"https:\/\/api.w.org\/{rel}","templated":true}]}}