{"id":1105,"date":"2025-11-18T22:09:38","date_gmt":"2025-11-18T15:09:38","guid":{"rendered":"https:\/\/batubinhphuoc.vn\/?post_type=product&#038;p=1105"},"modified":"2026-03-12T14:02:20","modified_gmt":"2026-03-12T07:02:20","slug":"hat-dieu-boc-vo-nguyen-vi-ba-tu-binh-phuoc-205g-gion-rum-beo-ngay-tu-nhien-rang-cui-thu-cong-chinh-goc","status":"publish","type":"product","link":"https:\/\/batubinhphuoc.vn\/en\/shop\/hat-dieu-boc-vo-nguyen-vi-ba-tu-binh-phuoc-205g-gion-rum-beo-ngay-tu-nhien-rang-cui-thu-cong-chinh-goc\/","title":{"rendered":"Cashew nuts, Shelled (a) April Binh Phuoc 205g \u2013 Crispy, greasy Natural, Roasted Wood handmade Original"},"content":{"rendered":"<p dir=\"auto\"><strong>Snacks purest from the high-quality planting Binh Phuoc \u2013 No salt, no oil, no marinating \u2013 just fleshy raw version of cashew nuts type 1!<\/strong><\/p>\n<p dir=\"auto\">From the farm the green on red, volcanic soil, Bu Gia map \u2013 Binh Phuoc <strong>Cashew nuts Peeled April 205g<\/strong> processed entirely in-house high quality machine according to recipes roasted wood crafts 38 years of Investment Nguyen The Thao. Cashew nuts, white, type 1, big tits, round, firm meat is high quality (Vietnam \u2013 the ethnic S\u2019English &amp; Khmer) carefully selected, exposure nature, and then slow roasting in wood forest dry \u2013 out for beads golden, crispy, fat, fleshy, aromatic smoke firewood characterized not be confused.<\/p>\n<p dir=\"auto\">No oil frying \u2013 No salt \u2013 No sugar \u2013 No preservatives \u2013 100% high-quality raw materials from the planting of high-quality Binh Phuoc original.<\/p>\n<h3 dir=\"auto\"><a href=\"https:\/\/batubinhphuoc.vn\/en\/shop\/\">Why Cashew Nuts Peeled April 205g are millions of people in Vietnam use the information?<\/a><\/h3>\n<ul dir=\"auto\">\n<li>Cashew nuts type 1 Binh Phuoc tits best will most greasy natural<\/li>\n<li>Roasted wood traditional crafts \u2013 keep the full flavor smoke rustic 38 years old<\/li>\n<li>Fleshy raw anal sweetness, not sick, eat without getting bored<\/li>\n<li>Plant achieved ISO 22000, HALAL, OCOP 4 stars \u2013 export to America, Japan, south Korea, Taiwan, Singapore<\/li>\n<li>Box 205g luxury \u2013 junk food everyday or as a gift senior health<\/li>\n<\/ul>\n<h3 dir=\"auto\">Ingredients<\/h3>\n<ul dir=\"auto\">\n<li>100% cashew nuts, white type 1 Binh Phuoc \u2013 roasted wood crafts<\/li>\n<li>No oil frying \u2013 No salt \u2013 No sugar \u2013 No preservatives \u2013 No flavoring<\/li>\n<\/ul>\n<h3 dir=\"auto\">Nutritional value superior<\/h3>\n<ul dir=\"auto\">\n<li>Rich in vegetable protein, good fats (unsaturated), vitamin E, magnesium, zinc<\/li>\n<li>Good for your heart, reduces bad cholesterol, beautiful skin, enhance memory, aid weight loss<\/li>\n<li>Healthy snacks best for the office, the gym, students, vegans<\/li>\n<\/ul>\n<h3 dir=\"auto\"><a href=\"https:\/\/www.facebook.com\/hatdieubatubinhphuoc.official\">Product information<\/a><\/h3>\n<ul dir=\"auto\">\n<li><strong>Product name<\/strong>: Cashew Nuts, Shelled (A) April Binh Phuoc<\/li>\n<li><strong>Net weight<\/strong>: 205g<\/li>\n<li><strong>Packaging<\/strong>: Plastic box PET vacuum premium or zip bag<\/li>\n<li><strong>Term of use<\/strong>: 12 months<\/li>\n<li><strong>Place of origin<\/strong>: Binh Phuoc, Vietnam<\/li>\n<li><strong>Brand<\/strong>: April Binh Phuoc \u2013 Essence From The Center \u2013 Est.1987<\/li>\n<\/ul>\n<h3 dir=\"auto\">Usage &amp; preservation<\/h3>\n<ul dir=\"auto\">\n<li>Eat directly, make topping salads, yogurt, pastries, cooked tea<\/li>\n<li>Gifts health for older people, partners and customers<\/li>\n<li>Stored in dry, cool, avoid direct sunlight<\/li>\n<\/ul>\n<h3 dir=\"auto\">Committed from April Binh Phuoc<\/h3>\n<ul dir=\"auto\">\n<li>100% cashew nuts Binh Phuoc original from the garden home &amp; pussy fellow S'tieng<\/li>\n<li>Return for free 1-1 in 7 days if not satisfied<\/li>\n<li>Nationwide delivery \u2013 Freeship city from 500k<\/li>\n<\/ul>\n<p dir=\"auto\"><strong>Once food is remember forever incense wood and the pristine of basalt Binh Phuoc!<\/strong><\/p>","protected":false},"excerpt":{"rendered":"<p>M\u00f3n \u0103n v\u1eb7t thu\u1ea7n khi\u1ebft nh\u1ea5t t\u1eeb v\u00f9ng tr\u1ed3ng ch\u1ea5t l\u01b0\u1ee3ng cao B\u00ecnh Ph\u01b0\u1edbc \u2013 Kh\u00f4ng mu\u1ed1i, kh\u00f4ng d\u1ea7u, kh\u00f4ng t\u1ea9m \u01b0\u1edbp \u2013 ch\u1ec9 c\u00f2n v\u1ecb b\u00f9i nguy\u00ean b\u1ea3n c\u1ee7a h\u1ea1t \u0111i\u1ec1u lo\u1ea1i 1! T\u1eeb nh\u1eefng n\u00f4ng tr\u1ea1i \u0111i\u1ec1u xanh m\u01b0\u1edbt tr\u00ean \u0111\u1ea5t \u0111\u1ecf bazan B\u00f9 Gia M\u1eadp \u2013 B\u00ecnh Ph\u01b0\u1edbc, H\u1ea1t \u0110i\u1ec1u B\u00f3c V\u1ecf&#8230;<\/p>","protected":false},"featured_media":1136,"comment_status":"open","ping_status":"closed","template":"","meta":[],"product_brand":[],"product_cat":[40],"product_tag":[52,47,50,55,48,56,49,53,51,54],"class_list":{"0":"post-1105","1":"product","2":"type-product","3":"status-publish","4":"has-post-thumbnail","6":"product_cat-hat-dieu-vo-lua","7":"product_tag-hat-dieu-ba-tu-binh-phuoc-tinh-tuy-tu-tam","8":"product_tag-hat-dieu-boc-vo-ba-tu-binh-phuoc","9":"product_tag-hat-dieu-boc-vo-loai-1-chinh-goc","10":"product_tag-hat-dieu-boc-vo-ocop-4-sao","11":"product_tag-hat-dieu-nguyen-vi-ba-tu-205g","12":"product_tag-hat-dieu-nguyen-vi-ngon-nhat-viet-nam","13":"product_tag-hat-dieu-rang-cui-khong-dau-binh-phuoc","14":"product_tag-hat-dieu-rang-cui-truyen-thong","15":"product_tag-mua-hat-dieu-nguyen-vi-online","16":"product_tag-qua-tang-hat-dieu-suc-khoe-cao-cap","18":"first","19":"instock","20":"sale","21":"shipping-taxable","22":"purchasable","23":"product-type-simple"},"yoast_head":"<!-- This site is optimized with the Yoast SEO plugin v26.4 - https:\/\/yoast.com\/wordpress\/plugins\/seo\/ -->\n<title>H\u1ea1t \u0110i\u1ec1u B\u00f3c V\u1ecf (Nguy\u00ean V\u1ecb) B\u00e0 T\u01b0 B\u00ecnh Ph\u01b0\u1edbc 205g - batubinhphuoc.vn<\/title>\n<meta name=\"description\" content=\"H\u1ea1t \u0110i\u1ec1u B\u00f3c V\u1ecf B\u00e0 T\u01b0 205g \u0111\u01b0\u1ee3c ch\u1ebf bi\u1ebfn ho\u00e0n to\u00e0n trong nh\u00e0 m\u00e1y ch\u1ea5t l\u01b0\u1ee3ng cao theo b\u00ed quy\u1ebft rang c\u1ee7i th\u1ee7 c\u00f4ng 38 n\u0103m c\u1ee7a B\u00e0 T\u01b0 Nguy\u1ec5n Th\u1ecb Th\u1ea3o.\" \/>\n<meta name=\"robots\" content=\"index, follow, max-snippet:-1, max-image-preview:large, max-video-preview:-1\" \/>\n<link rel=\"canonical\" href=\"https:\/\/batubinhphuoc.vn\/en\/shop\/hat-dieu-boc-vo-nguyen-vi-ba-tu-binh-phuoc-205g-gion-rum-beo-ngay-tu-nhien-rang-cui-thu-cong-chinh-goc\/\" \/>\n<meta property=\"og:locale\" content=\"en_US\" \/>\n<meta property=\"og:type\" content=\"article\" \/>\n<meta property=\"og:title\" content=\"H\u1ea1t \u0110i\u1ec1u B\u00f3c V\u1ecf (Nguy\u00ean V\u1ecb) B\u00e0 T\u01b0 B\u00ecnh Ph\u01b0\u1edbc 205g - batubinhphuoc.vn\" \/>\n<meta property=\"og:description\" content=\"H\u1ea1t \u0110i\u1ec1u B\u00f3c V\u1ecf B\u00e0 T\u01b0 205g \u0111\u01b0\u1ee3c ch\u1ebf bi\u1ebfn ho\u00e0n to\u00e0n trong nh\u00e0 m\u00e1y ch\u1ea5t l\u01b0\u1ee3ng cao theo b\u00ed quy\u1ebft rang c\u1ee7i th\u1ee7 c\u00f4ng 38 n\u0103m c\u1ee7a B\u00e0 T\u01b0 Nguy\u1ec5n Th\u1ecb Th\u1ea3o.\" \/>\n<meta property=\"og:url\" content=\"https:\/\/batubinhphuoc.vn\/en\/shop\/hat-dieu-boc-vo-nguyen-vi-ba-tu-binh-phuoc-205g-gion-rum-beo-ngay-tu-nhien-rang-cui-thu-cong-chinh-goc\/\" \/>\n<meta property=\"og:site_name\" content=\"batubinhphuoc.vn\" \/>\n<meta property=\"article:modified_time\" content=\"2026-03-12T07:02:20+00:00\" \/>\n<meta property=\"og:image\" content=\"https:\/\/batubinhphuoc.vn\/wp-content\/uploads\/2025\/11\/Hat-Dieu-Boc-Vo-Nguyen-Vi-Ba-Tu-Binh-Phuoc-205g-\u2013-Gion-Rum-Beo-Ngay-Tu-Nhien-Rang-Cui-Thu-Cong-Chinh-Goc-1.webp\" \/>\n\t<meta property=\"og:image:width\" content=\"792\" \/>\n\t<meta property=\"og:image:height\" content=\"792\" \/>\n\t<meta property=\"og:image:type\" content=\"image\/webp\" \/>\n<meta name=\"twitter:card\" content=\"summary_large_image\" \/>\n<meta name=\"twitter:label1\" content=\"Est. reading time\" \/>\n\t<meta name=\"twitter:data1\" content=\"3 minutes\" \/>\n<script type=\"application\/ld+json\" class=\"yoast-schema-graph\">{\"@context\":\"https:\/\/schema.org\",\"@graph\":[{\"@type\":\"WebPage\",\"@id\":\"https:\/\/batubinhphuoc.vn\/shop\/hat-dieu-boc-vo-nguyen-vi-ba-tu-binh-phuoc-205g-gion-rum-beo-ngay-tu-nhien-rang-cui-thu-cong-chinh-goc\/\",\"url\":\"https:\/\/batubinhphuoc.vn\/shop\/hat-dieu-boc-vo-nguyen-vi-ba-tu-binh-phuoc-205g-gion-rum-beo-ngay-tu-nhien-rang-cui-thu-cong-chinh-goc\/\",\"name\":\"H\u1ea1t \u0110i\u1ec1u B\u00f3c V\u1ecf (Nguy\u00ean V\u1ecb) B\u00e0 T\u01b0 B\u00ecnh Ph\u01b0\u1edbc 205g - batubinhphuoc.vn\",\"isPartOf\":{\"@id\":\"https:\/\/batubinhphuoc.vn\/#website\"},\"primaryImageOfPage\":{\"@id\":\"https:\/\/batubinhphuoc.vn\/shop\/hat-dieu-boc-vo-nguyen-vi-ba-tu-binh-phuoc-205g-gion-rum-beo-ngay-tu-nhien-rang-cui-thu-cong-chinh-goc\/#primaryimage\"},\"image\":{\"@id\":\"https:\/\/batubinhphuoc.vn\/shop\/hat-dieu-boc-vo-nguyen-vi-ba-tu-binh-phuoc-205g-gion-rum-beo-ngay-tu-nhien-rang-cui-thu-cong-chinh-goc\/#primaryimage\"},\"thumbnailUrl\":\"https:\/\/batubinhphuoc.vn\/wp-content\/uploads\/2025\/11\/Hat-Dieu-Boc-Vo-Nguyen-Vi-Ba-Tu-Binh-Phuoc-205g-\u2013-Gion-Rum-Beo-Ngay-Tu-Nhien-Rang-Cui-Thu-Cong-Chinh-Goc-1.webp\",\"datePublished\":\"2025-11-18T15:09:38+00:00\",\"dateModified\":\"2026-03-12T07:02:20+00:00\",\"description\":\"H\u1ea1t \u0110i\u1ec1u B\u00f3c V\u1ecf B\u00e0 T\u01b0 205g \u0111\u01b0\u1ee3c ch\u1ebf bi\u1ebfn ho\u00e0n to\u00e0n trong nh\u00e0 m\u00e1y ch\u1ea5t l\u01b0\u1ee3ng cao theo b\u00ed quy\u1ebft rang c\u1ee7i th\u1ee7 c\u00f4ng 38 n\u0103m c\u1ee7a B\u00e0 T\u01b0 Nguy\u1ec5n Th\u1ecb Th\u1ea3o.\",\"breadcrumb\":{\"@id\":\"https:\/\/batubinhphuoc.vn\/shop\/hat-dieu-boc-vo-nguyen-vi-ba-tu-binh-phuoc-205g-gion-rum-beo-ngay-tu-nhien-rang-cui-thu-cong-chinh-goc\/#breadcrumb\"},\"inLanguage\":\"en-US\",\"potentialAction\":[{\"@type\":\"ReadAction\",\"target\":[\"https:\/\/batubinhphuoc.vn\/shop\/hat-dieu-boc-vo-nguyen-vi-ba-tu-binh-phuoc-205g-gion-rum-beo-ngay-tu-nhien-rang-cui-thu-cong-chinh-goc\/\"]}]},{\"@type\":\"ImageObject\",\"inLanguage\":\"en-US\",\"@id\":\"https:\/\/batubinhphuoc.vn\/shop\/hat-dieu-boc-vo-nguyen-vi-ba-tu-binh-phuoc-205g-gion-rum-beo-ngay-tu-nhien-rang-cui-thu-cong-chinh-goc\/#primaryimage\",\"url\":\"https:\/\/batubinhphuoc.vn\/wp-content\/uploads\/2025\/11\/Hat-Dieu-Boc-Vo-Nguyen-Vi-Ba-Tu-Binh-Phuoc-205g-\u2013-Gion-Rum-Beo-Ngay-Tu-Nhien-Rang-Cui-Thu-Cong-Chinh-Goc-1.webp\",\"contentUrl\":\"https:\/\/batubinhphuoc.vn\/wp-content\/uploads\/2025\/11\/Hat-Dieu-Boc-Vo-Nguyen-Vi-Ba-Tu-Binh-Phuoc-205g-\u2013-Gion-Rum-Beo-Ngay-Tu-Nhien-Rang-Cui-Thu-Cong-Chinh-Goc-1.webp\",\"width\":792,\"height\":792,\"caption\":\"Hat-Dieu-Boc-Vo-Nguyen-Vi\"},{\"@type\":\"BreadcrumbList\",\"@id\":\"https:\/\/batubinhphuoc.vn\/shop\/hat-dieu-boc-vo-nguyen-vi-ba-tu-binh-phuoc-205g-gion-rum-beo-ngay-tu-nhien-rang-cui-thu-cong-chinh-goc\/#breadcrumb\",\"itemListElement\":[{\"@type\":\"ListItem\",\"position\":1,\"name\":\"Home\",\"item\":\"https:\/\/batubinhphuoc.vn\/\"},{\"@type\":\"ListItem\",\"position\":2,\"name\":\"S\u1ea3n ph\u1ea9m\",\"item\":\"https:\/\/batubinhphuoc.vn\/shop\/\"},{\"@type\":\"ListItem\",\"position\":3,\"name\":\"H\u1ea1t \u0110i\u1ec1u B\u00f3c V\u1ecf (Nguy\u00ean V\u1ecb) B\u00e0 T\u01b0 B\u00ecnh Ph\u01b0\u1edbc 205g \u2013 Gi\u00f2n R\u1ee5m B\u00e9o Ng\u1eady T\u1ef1 Nhi\u00ean, Rang C\u1ee7i Th\u1ee7 C\u00f4ng Ch\u00ednh G\u1ed1c\"}]},{\"@type\":\"WebSite\",\"@id\":\"https:\/\/batubinhphuoc.vn\/#website\",\"url\":\"https:\/\/batubinhphuoc.vn\/\",\"name\":\"batubinhphuoc.vn\",\"description\":\"\",\"potentialAction\":[{\"@type\":\"SearchAction\",\"target\":{\"@type\":\"EntryPoint\",\"urlTemplate\":\"https:\/\/batubinhphuoc.vn\/?s={search_term_string}\"},\"query-input\":{\"@type\":\"PropertyValueSpecification\",\"valueRequired\":true,\"valueName\":\"search_term_string\"}}],\"inLanguage\":\"en-US\"}]}<\/script>\n<!-- \/ Yoast SEO plugin. -->","yoast_head_json":{"title":"H\u1ea1t \u0110i\u1ec1u B\u00f3c V\u1ecf (Nguy\u00ean V\u1ecb) B\u00e0 T\u01b0 B\u00ecnh Ph\u01b0\u1edbc 205g - batubinhphuoc.vn","description":"H\u1ea1t \u0110i\u1ec1u B\u00f3c V\u1ecf B\u00e0 T\u01b0 205g \u0111\u01b0\u1ee3c ch\u1ebf bi\u1ebfn ho\u00e0n to\u00e0n trong nh\u00e0 m\u00e1y ch\u1ea5t l\u01b0\u1ee3ng cao theo b\u00ed quy\u1ebft rang c\u1ee7i th\u1ee7 c\u00f4ng 38 n\u0103m c\u1ee7a B\u00e0 T\u01b0 Nguy\u1ec5n Th\u1ecb Th\u1ea3o.","robots":{"index":"index","follow":"follow","max-snippet":"max-snippet:-1","max-image-preview":"max-image-preview:large","max-video-preview":"max-video-preview:-1"},"canonical":"https:\/\/batubinhphuoc.vn\/en\/shop\/hat-dieu-boc-vo-nguyen-vi-ba-tu-binh-phuoc-205g-gion-rum-beo-ngay-tu-nhien-rang-cui-thu-cong-chinh-goc\/","og_locale":"en_US","og_type":"article","og_title":"H\u1ea1t \u0110i\u1ec1u B\u00f3c V\u1ecf (Nguy\u00ean V\u1ecb) B\u00e0 T\u01b0 B\u00ecnh Ph\u01b0\u1edbc 205g - batubinhphuoc.vn","og_description":"H\u1ea1t \u0110i\u1ec1u B\u00f3c V\u1ecf B\u00e0 T\u01b0 205g \u0111\u01b0\u1ee3c ch\u1ebf bi\u1ebfn ho\u00e0n to\u00e0n trong nh\u00e0 m\u00e1y ch\u1ea5t l\u01b0\u1ee3ng cao theo b\u00ed quy\u1ebft rang c\u1ee7i th\u1ee7 c\u00f4ng 38 n\u0103m c\u1ee7a B\u00e0 T\u01b0 Nguy\u1ec5n Th\u1ecb Th\u1ea3o.","og_url":"https:\/\/batubinhphuoc.vn\/en\/shop\/hat-dieu-boc-vo-nguyen-vi-ba-tu-binh-phuoc-205g-gion-rum-beo-ngay-tu-nhien-rang-cui-thu-cong-chinh-goc\/","og_site_name":"batubinhphuoc.vn","article_modified_time":"2026-03-12T07:02:20+00:00","og_image":[{"width":792,"height":792,"url":"https:\/\/batubinhphuoc.vn\/wp-content\/uploads\/2025\/11\/Hat-Dieu-Boc-Vo-Nguyen-Vi-Ba-Tu-Binh-Phuoc-205g-\u2013-Gion-Rum-Beo-Ngay-Tu-Nhien-Rang-Cui-Thu-Cong-Chinh-Goc-1.webp","type":"image\/webp"}],"twitter_card":"summary_large_image","twitter_misc":{"Est. reading time":"3 minutes"},"schema":{"@context":"https:\/\/schema.org","@graph":[{"@type":"WebPage","@id":"https:\/\/batubinhphuoc.vn\/shop\/hat-dieu-boc-vo-nguyen-vi-ba-tu-binh-phuoc-205g-gion-rum-beo-ngay-tu-nhien-rang-cui-thu-cong-chinh-goc\/","url":"https:\/\/batubinhphuoc.vn\/shop\/hat-dieu-boc-vo-nguyen-vi-ba-tu-binh-phuoc-205g-gion-rum-beo-ngay-tu-nhien-rang-cui-thu-cong-chinh-goc\/","name":"H\u1ea1t \u0110i\u1ec1u B\u00f3c V\u1ecf (Nguy\u00ean V\u1ecb) B\u00e0 T\u01b0 B\u00ecnh Ph\u01b0\u1edbc 205g - batubinhphuoc.vn","isPartOf":{"@id":"https:\/\/batubinhphuoc.vn\/#website"},"primaryImageOfPage":{"@id":"https:\/\/batubinhphuoc.vn\/shop\/hat-dieu-boc-vo-nguyen-vi-ba-tu-binh-phuoc-205g-gion-rum-beo-ngay-tu-nhien-rang-cui-thu-cong-chinh-goc\/#primaryimage"},"image":{"@id":"https:\/\/batubinhphuoc.vn\/shop\/hat-dieu-boc-vo-nguyen-vi-ba-tu-binh-phuoc-205g-gion-rum-beo-ngay-tu-nhien-rang-cui-thu-cong-chinh-goc\/#primaryimage"},"thumbnailUrl":"https:\/\/batubinhphuoc.vn\/wp-content\/uploads\/2025\/11\/Hat-Dieu-Boc-Vo-Nguyen-Vi-Ba-Tu-Binh-Phuoc-205g-\u2013-Gion-Rum-Beo-Ngay-Tu-Nhien-Rang-Cui-Thu-Cong-Chinh-Goc-1.webp","datePublished":"2025-11-18T15:09:38+00:00","dateModified":"2026-03-12T07:02:20+00:00","description":"H\u1ea1t \u0110i\u1ec1u B\u00f3c V\u1ecf B\u00e0 T\u01b0 205g \u0111\u01b0\u1ee3c ch\u1ebf bi\u1ebfn ho\u00e0n to\u00e0n trong nh\u00e0 m\u00e1y ch\u1ea5t l\u01b0\u1ee3ng cao theo b\u00ed quy\u1ebft rang c\u1ee7i th\u1ee7 c\u00f4ng 38 n\u0103m c\u1ee7a B\u00e0 T\u01b0 Nguy\u1ec5n Th\u1ecb Th\u1ea3o.","breadcrumb":{"@id":"https:\/\/batubinhphuoc.vn\/shop\/hat-dieu-boc-vo-nguyen-vi-ba-tu-binh-phuoc-205g-gion-rum-beo-ngay-tu-nhien-rang-cui-thu-cong-chinh-goc\/#breadcrumb"},"inLanguage":"en-US","potentialAction":[{"@type":"ReadAction","target":["https:\/\/batubinhphuoc.vn\/shop\/hat-dieu-boc-vo-nguyen-vi-ba-tu-binh-phuoc-205g-gion-rum-beo-ngay-tu-nhien-rang-cui-thu-cong-chinh-goc\/"]}]},{"@type":"ImageObject","inLanguage":"en-US","@id":"https:\/\/batubinhphuoc.vn\/shop\/hat-dieu-boc-vo-nguyen-vi-ba-tu-binh-phuoc-205g-gion-rum-beo-ngay-tu-nhien-rang-cui-thu-cong-chinh-goc\/#primaryimage","url":"https:\/\/batubinhphuoc.vn\/wp-content\/uploads\/2025\/11\/Hat-Dieu-Boc-Vo-Nguyen-Vi-Ba-Tu-Binh-Phuoc-205g-\u2013-Gion-Rum-Beo-Ngay-Tu-Nhien-Rang-Cui-Thu-Cong-Chinh-Goc-1.webp","contentUrl":"https:\/\/batubinhphuoc.vn\/wp-content\/uploads\/2025\/11\/Hat-Dieu-Boc-Vo-Nguyen-Vi-Ba-Tu-Binh-Phuoc-205g-\u2013-Gion-Rum-Beo-Ngay-Tu-Nhien-Rang-Cui-Thu-Cong-Chinh-Goc-1.webp","width":792,"height":792,"caption":"Hat-Dieu-Boc-Vo-Nguyen-Vi"},{"@type":"BreadcrumbList","@id":"https:\/\/batubinhphuoc.vn\/shop\/hat-dieu-boc-vo-nguyen-vi-ba-tu-binh-phuoc-205g-gion-rum-beo-ngay-tu-nhien-rang-cui-thu-cong-chinh-goc\/#breadcrumb","itemListElement":[{"@type":"ListItem","position":1,"name":"Home","item":"https:\/\/batubinhphuoc.vn\/"},{"@type":"ListItem","position":2,"name":"S\u1ea3n ph\u1ea9m","item":"https:\/\/batubinhphuoc.vn\/shop\/"},{"@type":"ListItem","position":3,"name":"H\u1ea1t \u0110i\u1ec1u B\u00f3c V\u1ecf (Nguy\u00ean V\u1ecb) B\u00e0 T\u01b0 B\u00ecnh Ph\u01b0\u1edbc 205g \u2013 Gi\u00f2n R\u1ee5m B\u00e9o Ng\u1eady T\u1ef1 Nhi\u00ean, Rang C\u1ee7i Th\u1ee7 C\u00f4ng Ch\u00ednh G\u1ed1c"}]},{"@type":"WebSite","@id":"https:\/\/batubinhphuoc.vn\/#website","url":"https:\/\/batubinhphuoc.vn\/","name":"batubinhphuoc.vn","description":"","potentialAction":[{"@type":"SearchAction","target":{"@type":"EntryPoint","urlTemplate":"https:\/\/batubinhphuoc.vn\/?s={search_term_string}"},"query-input":{"@type":"PropertyValueSpecification","valueRequired":true,"valueName":"search_term_string"}}],"inLanguage":"en-US"}]}},"_links":{"self":[{"href":"https:\/\/batubinhphuoc.vn\/en\/wp-json\/wp\/v2\/product\/1105","targetHints":{"allow":["GET"]}}],"collection":[{"href":"https:\/\/batubinhphuoc.vn\/en\/wp-json\/wp\/v2\/product"}],"about":[{"href":"https:\/\/batubinhphuoc.vn\/en\/wp-json\/wp\/v2\/types\/product"}],"replies":[{"embeddable":true,"href":"https:\/\/batubinhphuoc.vn\/en\/wp-json\/wp\/v2\/comments?post=1105"}],"wp:featuredmedia":[{"embeddable":true,"href":"https:\/\/batubinhphuoc.vn\/en\/wp-json\/wp\/v2\/media\/1136"}],"wp:attachment":[{"href":"https:\/\/batubinhphuoc.vn\/en\/wp-json\/wp\/v2\/media?parent=1105"}],"wp:term":[{"taxonomy":"product_brand","embeddable":true,"href":"https:\/\/batubinhphuoc.vn\/en\/wp-json\/wp\/v2\/product_brand?post=1105"},{"taxonomy":"product_cat","embeddable":true,"href":"https:\/\/batubinhphuoc.vn\/en\/wp-json\/wp\/v2\/product_cat?post=1105"},{"taxonomy":"product_tag","embeddable":true,"href":"https:\/\/batubinhphuoc.vn\/en\/wp-json\/wp\/v2\/product_tag?post=1105"}],"curies":[{"name":"wp","href":"https:\/\/api.w.org\/{rel}","templated":true}]}}