{"id":1106,"date":"2025-11-18T22:15:37","date_gmt":"2025-11-18T15:15:37","guid":{"rendered":"https:\/\/batubinhphuoc.vn\/?post_type=product&#038;p=1106"},"modified":"2026-03-12T14:08:55","modified_gmt":"2026-03-12T07:08:55","slug":"hat-dieu-toi-ot-ba-tu-binh-phuoc-30g-cay-nong-dam-da-gion-rum-tung-hat-goi-nho-bo-tui-sieu-tien","status":"publish","type":"product","link":"https:\/\/batubinhphuoc.vn\/en\/shop\/hat-dieu-toi-ot-ba-tu-binh-phuoc-30g-cay-nong-dam-da-gion-rum-tung-hat-goi-nho-bo-tui-sieu-tien\/","title":{"rendered":"Cashew nuts, Garlic, Chilli April Binh Phuoc 30g \u2013 Pungent, tasty, Crispy Every Seed \u2013 Pack Small Pocket Super Handy"},"content":{"rendered":"<h1 dir=\"auto\">Cashew nuts, Garlic, Chilli April Binh Phuoc 30g \u2013 Pungent, tasty, Crispy Every Seed \u2013 Pack Small Pocket Super Handy<\/h1>\n<p dir=\"auto\"><a href=\"https:\/\/batubinhphuoc.vn\/en\/shop\/\"><strong>Snacks \u201cnational\u201d version mini 30g \u2013 Bring Binh Phuoc by his side at all times!<\/strong><\/a><\/p>\n<p dir=\"auto\">From these high quality farm on basaltic soils, Bu Gia map \u2013 capital of Vietnam cashew nuts, <strong>Cashew nuts, Garlic, Chilli April 30g<\/strong> be processed in a factory high quality according to recipes roasted wood crafts 38 years of Investment Nguyen The Thao. Cashew nuts type 1 to circle is high quality (the Vietnam original Binh Phuoc) carefully selected, roasted slowly on the fire firewood dry forests and covered with garlic africa crispy golden and red peppers fresh, slightly spicy \u2013 make up &amp; hot spicy, just enough, fragrant nose, crispy to the last grain.<\/p>\n<p dir=\"auto\">Pack 30g, a zip pocket convenience \u2013 remove medium-sized pocket, backpack, bag \u2013 ideal for residential, office, school, travel, picnic or as a gift comes super cute.<\/p>\n<h3 dir=\"auto\"><a href=\"https:\/\/www.facebook.com\/hatdieubatubinhphuoc.official\">Why pack 30g Cashew Nuts, Garlic, Chilli April always \u201call in a heartbeat\u201d?<\/a><\/h3>\n<ul dir=\"auto\">\n<li>Cashew nuts type 1 Binh Phuoc from the plant, high quality big tits most beautiful<\/li>\n<li>Roasted wood traditional crafts \u2013 keep the full flavor natural smoke &amp; brittleness absolute<\/li>\n<li>Spicy salty harmonious, garlic, non-fragrant, spicy peppers mild stimulate the taste buds<\/li>\n<li>Plant achieved ISO 22000, HALAL, OCOP 4 stars \u2013 export to American, Japanese, Korean, Singapore<\/li>\n<li>Zip pocket 30g super compact \u2013 snacking all the time, make gifts mini to<\/li>\n<\/ul>\n<h3 dir=\"auto\">Ingredients 100% natural<\/h3>\n<ul dir=\"auto\">\n<li>Cashew nuts, white, type 1, Binh Phuoc<\/li>\n<li>Garlic brown fresh red pepper, sea salt, sugar, pepper<\/li>\n<li>No oil frying \u2013 No food coloring, No preservatives<\/li>\n<\/ul>\n<h3 dir=\"auto\">Nutritional value<\/h3>\n<ul dir=\"auto\">\n<li>Rich in vegetable protein, good fats, vitamin E, magnesium<\/li>\n<li>\u0114at classifieds delicious but still healthy \u2013 fit students, office people, the<\/li>\n<\/ul>\n<h3 dir=\"auto\">Product information<\/h3>\n<ul dir=\"auto\">\n<li><strong>Product name<\/strong>: Cashews, Garlic, Chilli April Binh Phuoc<\/li>\n<li><strong>Net weight<\/strong>: 30g<\/li>\n<li><strong>Packaging<\/strong>: Zip pockets high-level, easy to tear, vacuum<\/li>\n<li><strong>Term of use<\/strong>: 12 months<\/li>\n<li><strong>Place of origin<\/strong>: Binh Phuoc, Vietnam<\/li>\n<li><strong>Brand<\/strong>: April Binh Phuoc \u2013 Essence From The Center \u2013 Est.1987<\/li>\n<\/ul>\n<h3 dir=\"auto\">Usage &amp; preservation<\/h3>\n<ul dir=\"auto\">\n<li>Dress directly wherever you are, sip on while driving, studying, watching movies<\/li>\n<li>Diy gifts, souvenirs, class reunions, gifts, travel<\/li>\n<li>Stored in dry, cool, avoid direct rays<\/li>\n<\/ul>\n<h3 dir=\"auto\">Committed from April Binh Phuoc<\/h3>\n<ul dir=\"auto\">\n<li>100% cashew nuts Binh Phuoc original from house garden<\/li>\n<li>Return for free 1-1 in 7 days if not satisfied<\/li>\n<li>Nationwide delivery \u2013 Freeship city from 500k<\/li>\n<\/ul>\n<p dir=\"auto\"><strong>Only 30g, but enough to you \u201caddicted\u201d all day!<\/strong><\/p>","protected":false},"excerpt":{"rendered":"<p>H\u1ea1t \u0110i\u1ec1u T\u1ecfi \u1edat B\u00e0 T\u01b0 B\u00ecnh Ph\u01b0\u1edbc 30g \u2013 Cay N\u1ed3ng \u0110\u1eadm \u0110\u00e0, Gi\u00f2n R\u1ee5m T\u1eebng H\u1ea1t \u2013 G\u00f3i Nh\u1ecf B\u1ecf T\u00fai Si\u00eau Ti\u1ec7n M\u00f3n \u0103n v\u1eb7t \u201cqu\u1ed1c d\u00e2n\u201d phi\u00ean b\u1ea3n mini 30g \u2013 Mang c\u1ea3 B\u00ecnh Ph\u01b0\u1edbc theo b\u00ean m\u00ecnh m\u1ecdi l\u00fac m\u1ecdi n\u01a1i! T\u1eeb nh\u1eefng n\u00f4ng tr\u1ea1i ch\u1ea5t l\u01b0\u1ee3ng cao tr\u00ean \u0111\u1ea5t&#8230;<\/p>","protected":false},"featured_media":1145,"comment_status":"open","ping_status":"closed","template":"","meta":[],"product_brand":[],"product_cat":[20],"product_tag":[62,60,57,59,66,58,63,65,61,64],"class_list":{"0":"post-1106","1":"product","2":"type-product","3":"status-publish","4":"has-post-thumbnail","6":"product_cat-hat-dieu-toi-ot","7":"product_tag-hat-dieu-ba-tu-binh-phuoc-mini","8":"product_tag-hat-dieu-rang-toi-ot-bo-tui","9":"product_tag-hat-dieu-toi-ot-ba-tu-30g","10":"product_tag-hat-dieu-toi-ot-ba-tu-goi-30g","11":"product_tag-hat-dieu-toi-ot-ba-tu-tinh-tuy-tu-tam","12":"product_tag-hat-dieu-toi-ot-binh-phuoc-goi-nho","13":"product_tag-hat-dieu-toi-ot-du-lich-picnic","14":"product_tag-hat-dieu-toi-ot-ocop-4-sao-30g","15":"product_tag-mua-hat-dieu-toi-ot-30g-online","16":"product_tag-qua-tang-hat-dieu-mini-cao-cap","18":"first","19":"instock","20":"sale","21":"shipping-taxable","22":"purchasable","23":"product-type-simple"},"yoast_head":"<!-- This site is optimized with the Yoast SEO plugin v26.4 - https:\/\/yoast.com\/wordpress\/plugins\/seo\/ -->\n<title>H\u1ea1t \u0110i\u1ec1u T\u1ecfi \u1edat B\u00e0 T\u01b0 B\u00ecnh Ph\u01b0\u1edbc - batubinhphuoc.vn<\/title>\n<meta name=\"description\" content=\"H\u1ea1t \u0111i\u1ec1u lo\u1ea1i 1 ch\u1ea5t l\u01b0\u1ee3ng cao, rang ch\u1eadm tr\u00ean l\u1eeda c\u1ee7i r\u1eebng kh\u00f4, ph\u1ee7 l\u1edbp t\u1ecfi phi v\u00e0ng gi\u00f2n v\u00e0 \u1edbt \u0111\u1ecf t\u01b0\u01a1i cay nh\u1eb9 \u2013 t\u1ea1o v\u1ecb cay n\u1ed3ng, th\u01a1m n\u1ee9c m\u0169i, gi\u00f2n tan.\" \/>\n<meta name=\"robots\" content=\"index, follow, max-snippet:-1, max-image-preview:large, max-video-preview:-1\" \/>\n<link rel=\"canonical\" href=\"https:\/\/batubinhphuoc.vn\/en\/shop\/hat-dieu-toi-ot-ba-tu-binh-phuoc-30g-cay-nong-dam-da-gion-rum-tung-hat-goi-nho-bo-tui-sieu-tien\/\" \/>\n<meta property=\"og:locale\" content=\"en_US\" \/>\n<meta property=\"og:type\" content=\"article\" \/>\n<meta property=\"og:title\" content=\"H\u1ea1t \u0110i\u1ec1u T\u1ecfi \u1edat B\u00e0 T\u01b0 B\u00ecnh Ph\u01b0\u1edbc - batubinhphuoc.vn\" \/>\n<meta property=\"og:description\" content=\"H\u1ea1t \u0111i\u1ec1u lo\u1ea1i 1 ch\u1ea5t l\u01b0\u1ee3ng cao, rang ch\u1eadm tr\u00ean l\u1eeda c\u1ee7i r\u1eebng kh\u00f4, ph\u1ee7 l\u1edbp t\u1ecfi phi v\u00e0ng gi\u00f2n v\u00e0 \u1edbt \u0111\u1ecf t\u01b0\u01a1i cay nh\u1eb9 \u2013 t\u1ea1o v\u1ecb cay n\u1ed3ng, th\u01a1m n\u1ee9c m\u0169i, gi\u00f2n tan.\" \/>\n<meta property=\"og:url\" content=\"https:\/\/batubinhphuoc.vn\/en\/shop\/hat-dieu-toi-ot-ba-tu-binh-phuoc-30g-cay-nong-dam-da-gion-rum-tung-hat-goi-nho-bo-tui-sieu-tien\/\" \/>\n<meta property=\"og:site_name\" content=\"batubinhphuoc.vn\" \/>\n<meta property=\"article:modified_time\" content=\"2026-03-12T07:08:55+00:00\" \/>\n<meta property=\"og:image\" content=\"https:\/\/batubinhphuoc.vn\/wp-content\/uploads\/2025\/11\/Hat-Dieu-Toi-Ot-Ba-Tu-Binh-Phuoc-30g-\u2013-Cay-Nong-Dam-Da-Gion-Rum-Tung-Hat-\u2013-Goi-Nho-Bo-Tui-Sieu-Tien-1.webp\" \/>\n\t<meta property=\"og:image:width\" content=\"1024\" \/>\n\t<meta property=\"og:image:height\" content=\"1024\" \/>\n\t<meta property=\"og:image:type\" content=\"image\/webp\" \/>\n<meta name=\"twitter:card\" content=\"summary_large_image\" \/>\n<meta name=\"twitter:label1\" content=\"Est. reading time\" \/>\n\t<meta name=\"twitter:data1\" content=\"3 minutes\" \/>\n<script type=\"application\/ld+json\" class=\"yoast-schema-graph\">{\"@context\":\"https:\/\/schema.org\",\"@graph\":[{\"@type\":\"WebPage\",\"@id\":\"https:\/\/batubinhphuoc.vn\/shop\/hat-dieu-toi-ot-ba-tu-binh-phuoc-30g-cay-nong-dam-da-gion-rum-tung-hat-goi-nho-bo-tui-sieu-tien\/\",\"url\":\"https:\/\/batubinhphuoc.vn\/shop\/hat-dieu-toi-ot-ba-tu-binh-phuoc-30g-cay-nong-dam-da-gion-rum-tung-hat-goi-nho-bo-tui-sieu-tien\/\",\"name\":\"H\u1ea1t \u0110i\u1ec1u T\u1ecfi \u1edat B\u00e0 T\u01b0 B\u00ecnh Ph\u01b0\u1edbc - batubinhphuoc.vn\",\"isPartOf\":{\"@id\":\"https:\/\/batubinhphuoc.vn\/#website\"},\"primaryImageOfPage\":{\"@id\":\"https:\/\/batubinhphuoc.vn\/shop\/hat-dieu-toi-ot-ba-tu-binh-phuoc-30g-cay-nong-dam-da-gion-rum-tung-hat-goi-nho-bo-tui-sieu-tien\/#primaryimage\"},\"image\":{\"@id\":\"https:\/\/batubinhphuoc.vn\/shop\/hat-dieu-toi-ot-ba-tu-binh-phuoc-30g-cay-nong-dam-da-gion-rum-tung-hat-goi-nho-bo-tui-sieu-tien\/#primaryimage\"},\"thumbnailUrl\":\"https:\/\/batubinhphuoc.vn\/wp-content\/uploads\/2025\/11\/Hat-Dieu-Toi-Ot-Ba-Tu-Binh-Phuoc-30g-\u2013-Cay-Nong-Dam-Da-Gion-Rum-Tung-Hat-\u2013-Goi-Nho-Bo-Tui-Sieu-Tien-1.webp\",\"datePublished\":\"2025-11-18T15:15:37+00:00\",\"dateModified\":\"2026-03-12T07:08:55+00:00\",\"description\":\"H\u1ea1t \u0111i\u1ec1u lo\u1ea1i 1 ch\u1ea5t l\u01b0\u1ee3ng cao, rang ch\u1eadm tr\u00ean l\u1eeda c\u1ee7i r\u1eebng kh\u00f4, ph\u1ee7 l\u1edbp t\u1ecfi phi v\u00e0ng gi\u00f2n v\u00e0 \u1edbt \u0111\u1ecf t\u01b0\u01a1i cay nh\u1eb9 \u2013 t\u1ea1o v\u1ecb cay n\u1ed3ng, th\u01a1m n\u1ee9c m\u0169i, gi\u00f2n tan.\",\"breadcrumb\":{\"@id\":\"https:\/\/batubinhphuoc.vn\/shop\/hat-dieu-toi-ot-ba-tu-binh-phuoc-30g-cay-nong-dam-da-gion-rum-tung-hat-goi-nho-bo-tui-sieu-tien\/#breadcrumb\"},\"inLanguage\":\"en-US\",\"potentialAction\":[{\"@type\":\"ReadAction\",\"target\":[\"https:\/\/batubinhphuoc.vn\/shop\/hat-dieu-toi-ot-ba-tu-binh-phuoc-30g-cay-nong-dam-da-gion-rum-tung-hat-goi-nho-bo-tui-sieu-tien\/\"]}]},{\"@type\":\"ImageObject\",\"inLanguage\":\"en-US\",\"@id\":\"https:\/\/batubinhphuoc.vn\/shop\/hat-dieu-toi-ot-ba-tu-binh-phuoc-30g-cay-nong-dam-da-gion-rum-tung-hat-goi-nho-bo-tui-sieu-tien\/#primaryimage\",\"url\":\"https:\/\/batubinhphuoc.vn\/wp-content\/uploads\/2025\/11\/Hat-Dieu-Toi-Ot-Ba-Tu-Binh-Phuoc-30g-\u2013-Cay-Nong-Dam-Da-Gion-Rum-Tung-Hat-\u2013-Goi-Nho-Bo-Tui-Sieu-Tien-1.webp\",\"contentUrl\":\"https:\/\/batubinhphuoc.vn\/wp-content\/uploads\/2025\/11\/Hat-Dieu-Toi-Ot-Ba-Tu-Binh-Phuoc-30g-\u2013-Cay-Nong-Dam-Da-Gion-Rum-Tung-Hat-\u2013-Goi-Nho-Bo-Tui-Sieu-Tien-1.webp\",\"width\":1024,\"height\":1024,\"caption\":\"Hat-Dieu-Toi-Ot-Ba-Tu-Binh-Phuoc-30g\"},{\"@type\":\"BreadcrumbList\",\"@id\":\"https:\/\/batubinhphuoc.vn\/shop\/hat-dieu-toi-ot-ba-tu-binh-phuoc-30g-cay-nong-dam-da-gion-rum-tung-hat-goi-nho-bo-tui-sieu-tien\/#breadcrumb\",\"itemListElement\":[{\"@type\":\"ListItem\",\"position\":1,\"name\":\"Home\",\"item\":\"https:\/\/batubinhphuoc.vn\/\"},{\"@type\":\"ListItem\",\"position\":2,\"name\":\"S\u1ea3n ph\u1ea9m\",\"item\":\"https:\/\/batubinhphuoc.vn\/shop\/\"},{\"@type\":\"ListItem\",\"position\":3,\"name\":\"H\u1ea1t \u0110i\u1ec1u T\u1ecfi \u1edat B\u00e0 T\u01b0 B\u00ecnh Ph\u01b0\u1edbc 30g \u2013 Cay N\u1ed3ng \u0110\u1eadm \u0110\u00e0, Gi\u00f2n R\u1ee5m T\u1eebng H\u1ea1t \u2013 G\u00f3i Nh\u1ecf B\u1ecf T\u00fai Si\u00eau Ti\u1ec7n\"}]},{\"@type\":\"WebSite\",\"@id\":\"https:\/\/batubinhphuoc.vn\/#website\",\"url\":\"https:\/\/batubinhphuoc.vn\/\",\"name\":\"batubinhphuoc.vn\",\"description\":\"\",\"potentialAction\":[{\"@type\":\"SearchAction\",\"target\":{\"@type\":\"EntryPoint\",\"urlTemplate\":\"https:\/\/batubinhphuoc.vn\/?s={search_term_string}\"},\"query-input\":{\"@type\":\"PropertyValueSpecification\",\"valueRequired\":true,\"valueName\":\"search_term_string\"}}],\"inLanguage\":\"en-US\"}]}<\/script>\n<!-- \/ Yoast SEO plugin. -->","yoast_head_json":{"title":"H\u1ea1t \u0110i\u1ec1u T\u1ecfi \u1edat B\u00e0 T\u01b0 B\u00ecnh Ph\u01b0\u1edbc - batubinhphuoc.vn","description":"H\u1ea1t \u0111i\u1ec1u lo\u1ea1i 1 ch\u1ea5t l\u01b0\u1ee3ng cao, rang ch\u1eadm tr\u00ean l\u1eeda c\u1ee7i r\u1eebng kh\u00f4, ph\u1ee7 l\u1edbp t\u1ecfi phi v\u00e0ng gi\u00f2n v\u00e0 \u1edbt \u0111\u1ecf t\u01b0\u01a1i cay nh\u1eb9 \u2013 t\u1ea1o v\u1ecb cay n\u1ed3ng, th\u01a1m n\u1ee9c m\u0169i, gi\u00f2n tan.","robots":{"index":"index","follow":"follow","max-snippet":"max-snippet:-1","max-image-preview":"max-image-preview:large","max-video-preview":"max-video-preview:-1"},"canonical":"https:\/\/batubinhphuoc.vn\/en\/shop\/hat-dieu-toi-ot-ba-tu-binh-phuoc-30g-cay-nong-dam-da-gion-rum-tung-hat-goi-nho-bo-tui-sieu-tien\/","og_locale":"en_US","og_type":"article","og_title":"H\u1ea1t \u0110i\u1ec1u T\u1ecfi \u1edat B\u00e0 T\u01b0 B\u00ecnh Ph\u01b0\u1edbc - batubinhphuoc.vn","og_description":"H\u1ea1t \u0111i\u1ec1u lo\u1ea1i 1 ch\u1ea5t l\u01b0\u1ee3ng cao, rang ch\u1eadm tr\u00ean l\u1eeda c\u1ee7i r\u1eebng kh\u00f4, ph\u1ee7 l\u1edbp t\u1ecfi phi v\u00e0ng gi\u00f2n v\u00e0 \u1edbt \u0111\u1ecf t\u01b0\u01a1i cay nh\u1eb9 \u2013 t\u1ea1o v\u1ecb cay n\u1ed3ng, th\u01a1m n\u1ee9c m\u0169i, gi\u00f2n tan.","og_url":"https:\/\/batubinhphuoc.vn\/en\/shop\/hat-dieu-toi-ot-ba-tu-binh-phuoc-30g-cay-nong-dam-da-gion-rum-tung-hat-goi-nho-bo-tui-sieu-tien\/","og_site_name":"batubinhphuoc.vn","article_modified_time":"2026-03-12T07:08:55+00:00","og_image":[{"width":1024,"height":1024,"url":"https:\/\/batubinhphuoc.vn\/wp-content\/uploads\/2025\/11\/Hat-Dieu-Toi-Ot-Ba-Tu-Binh-Phuoc-30g-\u2013-Cay-Nong-Dam-Da-Gion-Rum-Tung-Hat-\u2013-Goi-Nho-Bo-Tui-Sieu-Tien-1.webp","type":"image\/webp"}],"twitter_card":"summary_large_image","twitter_misc":{"Est. reading time":"3 minutes"},"schema":{"@context":"https:\/\/schema.org","@graph":[{"@type":"WebPage","@id":"https:\/\/batubinhphuoc.vn\/shop\/hat-dieu-toi-ot-ba-tu-binh-phuoc-30g-cay-nong-dam-da-gion-rum-tung-hat-goi-nho-bo-tui-sieu-tien\/","url":"https:\/\/batubinhphuoc.vn\/shop\/hat-dieu-toi-ot-ba-tu-binh-phuoc-30g-cay-nong-dam-da-gion-rum-tung-hat-goi-nho-bo-tui-sieu-tien\/","name":"H\u1ea1t \u0110i\u1ec1u T\u1ecfi \u1edat B\u00e0 T\u01b0 B\u00ecnh Ph\u01b0\u1edbc - batubinhphuoc.vn","isPartOf":{"@id":"https:\/\/batubinhphuoc.vn\/#website"},"primaryImageOfPage":{"@id":"https:\/\/batubinhphuoc.vn\/shop\/hat-dieu-toi-ot-ba-tu-binh-phuoc-30g-cay-nong-dam-da-gion-rum-tung-hat-goi-nho-bo-tui-sieu-tien\/#primaryimage"},"image":{"@id":"https:\/\/batubinhphuoc.vn\/shop\/hat-dieu-toi-ot-ba-tu-binh-phuoc-30g-cay-nong-dam-da-gion-rum-tung-hat-goi-nho-bo-tui-sieu-tien\/#primaryimage"},"thumbnailUrl":"https:\/\/batubinhphuoc.vn\/wp-content\/uploads\/2025\/11\/Hat-Dieu-Toi-Ot-Ba-Tu-Binh-Phuoc-30g-\u2013-Cay-Nong-Dam-Da-Gion-Rum-Tung-Hat-\u2013-Goi-Nho-Bo-Tui-Sieu-Tien-1.webp","datePublished":"2025-11-18T15:15:37+00:00","dateModified":"2026-03-12T07:08:55+00:00","description":"H\u1ea1t \u0111i\u1ec1u lo\u1ea1i 1 ch\u1ea5t l\u01b0\u1ee3ng cao, rang ch\u1eadm tr\u00ean l\u1eeda c\u1ee7i r\u1eebng kh\u00f4, ph\u1ee7 l\u1edbp t\u1ecfi phi v\u00e0ng gi\u00f2n v\u00e0 \u1edbt \u0111\u1ecf t\u01b0\u01a1i cay nh\u1eb9 \u2013 t\u1ea1o v\u1ecb cay n\u1ed3ng, th\u01a1m n\u1ee9c m\u0169i, gi\u00f2n tan.","breadcrumb":{"@id":"https:\/\/batubinhphuoc.vn\/shop\/hat-dieu-toi-ot-ba-tu-binh-phuoc-30g-cay-nong-dam-da-gion-rum-tung-hat-goi-nho-bo-tui-sieu-tien\/#breadcrumb"},"inLanguage":"en-US","potentialAction":[{"@type":"ReadAction","target":["https:\/\/batubinhphuoc.vn\/shop\/hat-dieu-toi-ot-ba-tu-binh-phuoc-30g-cay-nong-dam-da-gion-rum-tung-hat-goi-nho-bo-tui-sieu-tien\/"]}]},{"@type":"ImageObject","inLanguage":"en-US","@id":"https:\/\/batubinhphuoc.vn\/shop\/hat-dieu-toi-ot-ba-tu-binh-phuoc-30g-cay-nong-dam-da-gion-rum-tung-hat-goi-nho-bo-tui-sieu-tien\/#primaryimage","url":"https:\/\/batubinhphuoc.vn\/wp-content\/uploads\/2025\/11\/Hat-Dieu-Toi-Ot-Ba-Tu-Binh-Phuoc-30g-\u2013-Cay-Nong-Dam-Da-Gion-Rum-Tung-Hat-\u2013-Goi-Nho-Bo-Tui-Sieu-Tien-1.webp","contentUrl":"https:\/\/batubinhphuoc.vn\/wp-content\/uploads\/2025\/11\/Hat-Dieu-Toi-Ot-Ba-Tu-Binh-Phuoc-30g-\u2013-Cay-Nong-Dam-Da-Gion-Rum-Tung-Hat-\u2013-Goi-Nho-Bo-Tui-Sieu-Tien-1.webp","width":1024,"height":1024,"caption":"Hat-Dieu-Toi-Ot-Ba-Tu-Binh-Phuoc-30g"},{"@type":"BreadcrumbList","@id":"https:\/\/batubinhphuoc.vn\/shop\/hat-dieu-toi-ot-ba-tu-binh-phuoc-30g-cay-nong-dam-da-gion-rum-tung-hat-goi-nho-bo-tui-sieu-tien\/#breadcrumb","itemListElement":[{"@type":"ListItem","position":1,"name":"Home","item":"https:\/\/batubinhphuoc.vn\/"},{"@type":"ListItem","position":2,"name":"S\u1ea3n ph\u1ea9m","item":"https:\/\/batubinhphuoc.vn\/shop\/"},{"@type":"ListItem","position":3,"name":"H\u1ea1t \u0110i\u1ec1u T\u1ecfi \u1edat B\u00e0 T\u01b0 B\u00ecnh Ph\u01b0\u1edbc 30g \u2013 Cay N\u1ed3ng \u0110\u1eadm \u0110\u00e0, Gi\u00f2n R\u1ee5m T\u1eebng H\u1ea1t \u2013 G\u00f3i Nh\u1ecf B\u1ecf T\u00fai Si\u00eau Ti\u1ec7n"}]},{"@type":"WebSite","@id":"https:\/\/batubinhphuoc.vn\/#website","url":"https:\/\/batubinhphuoc.vn\/","name":"batubinhphuoc.vn","description":"","potentialAction":[{"@type":"SearchAction","target":{"@type":"EntryPoint","urlTemplate":"https:\/\/batubinhphuoc.vn\/?s={search_term_string}"},"query-input":{"@type":"PropertyValueSpecification","valueRequired":true,"valueName":"search_term_string"}}],"inLanguage":"en-US"}]}},"_links":{"self":[{"href":"https:\/\/batubinhphuoc.vn\/en\/wp-json\/wp\/v2\/product\/1106","targetHints":{"allow":["GET"]}}],"collection":[{"href":"https:\/\/batubinhphuoc.vn\/en\/wp-json\/wp\/v2\/product"}],"about":[{"href":"https:\/\/batubinhphuoc.vn\/en\/wp-json\/wp\/v2\/types\/product"}],"replies":[{"embeddable":true,"href":"https:\/\/batubinhphuoc.vn\/en\/wp-json\/wp\/v2\/comments?post=1106"}],"wp:featuredmedia":[{"embeddable":true,"href":"https:\/\/batubinhphuoc.vn\/en\/wp-json\/wp\/v2\/media\/1145"}],"wp:attachment":[{"href":"https:\/\/batubinhphuoc.vn\/en\/wp-json\/wp\/v2\/media?parent=1106"}],"wp:term":[{"taxonomy":"product_brand","embeddable":true,"href":"https:\/\/batubinhphuoc.vn\/en\/wp-json\/wp\/v2\/product_brand?post=1106"},{"taxonomy":"product_cat","embeddable":true,"href":"https:\/\/batubinhphuoc.vn\/en\/wp-json\/wp\/v2\/product_cat?post=1106"},{"taxonomy":"product_tag","embeddable":true,"href":"https:\/\/batubinhphuoc.vn\/en\/wp-json\/wp\/v2\/product_tag?post=1106"}],"curies":[{"name":"wp","href":"https:\/\/api.w.org\/{rel}","templated":true}]}}