{"id":1107,"date":"2025-11-18T22:26:52","date_gmt":"2025-11-18T15:26:52","guid":{"rendered":"https:\/\/batubinhphuoc.vn\/?post_type=product&#038;p=1107"},"modified":"2026-03-20T12:09:12","modified_gmt":"2026-03-20T05:09:12","slug":"hat-dieu-rang-tam-vi-ba-tu-binh-phuoc-65g","status":"publish","type":"product","link":"https:\/\/batubinhphuoc.vn\/en\/shop\/hat-dieu-rang-tam-vi-ba-tu-binh-phuoc-65g\/","title":{"rendered":"Roasted cashews Soaked in The April Binh Phuoc 65g \u2013 5 Flavor: Cheese | Garlic and Chili | ground | Silk Sheath | Gac Honey"},"content":{"rendered":"<p dir=\"auto\"><a href=\"https:\/\/www.facebook.com\/hatdieubatubinhphuoc.official\"><strong>Small package 65g \u2013 Brings the \u201cessence of mind\u201d, Binh Phuoc go all over the place! Junk food, go to school, go to work, travel, gift mini is PERFECT<\/strong><\/a><\/p>\n<p dir=\"auto\">From the farm of high quality stretched on basaltic soils, Bu Gia map \u2013 capital of Vietnam cashew nuts, <strong>Roasted cashews Soaked in The April 65g<\/strong> processed entirely in-house high quality machine according to recipes roasted wood crafts 38 years of Investment Nguyen The Thao. Cashew nuts type 1, big tits, round, firm, is the human quality (Vietnamese original Binh Phuoc &amp; fellow's\u2019English, Khmer) carefully selected, roasted slowly on the fire firewood dry forest, then marinated with 100% natural spices \u2013 make 5 flavored version \u201caddictive\u201d:<\/p>\n<p dir=\"auto\">\ud83e\uddc0 <strong>Cheese<\/strong> \u2013 Greasy melted, salty-sweet, mild \ud83c\udf36\ufe0f <strong>Garlic Pepper<\/strong> \u2013 Pungent bold, fragrant garlic africa (best-seller) \ud83e\udd5c <strong>Raw Units<\/strong> \u2013 Fleshy, fat, pure, no marinating \ud83c\udf30 <strong>Silk Sheath<\/strong> \u2013 Ethereal, keep the crust silk nutrient rich \ud83c\udf6f <strong>Gac Honey<\/strong> \u2013 Sweet orange iridescent, good for the eyes &amp; skin<\/p>\n<p dir=\"auto\">Zip pocket 65g super compact \u2013 remove medium-sized pocket, backpack, bag \u2013 snacking anytime, anywhere, but still keep the whole brittleness in 12 months.<\/p>\n<h3 dir=\"auto\"><a href=\"https:\/\/batubinhphuoc.vn\/en\/shop\/\">Why 65g Cashew Nuts, Soaked in The April always \u201csold out\u201d?<\/a><\/h3>\n<ul dir=\"auto\">\n<li>Cashew nuts type 1 Binh Phuoc from the high-quality planting<\/li>\n<li>Roasted wood crafts traditional \u2013 crispy, fragrant, natural smoke<\/li>\n<li>5 diverse flavors \u2013 fit all tastes, all ages<\/li>\n<li>Plant achieved ISO 22000, HALAL, OCOP 4 stars \u2013 export to America, Japan, south Korea, Taiwan, Singapore<\/li>\n<li>Zip pockets high \u2013 convenience, luxury gifts mini extremely delicate<\/li>\n<\/ul>\n<h3 dir=\"auto\">Ingredients 100% natural<\/h3>\n<p dir=\"auto\">Cashew nuts type 1 + cheese natural \/ garlic africa + red pepper \/ gac fresh + honey \/ sea salt \/ cane sugar No oil frying \u2013 No coloring \u2013 No artificial flavors \u2013 No preservatives<\/p>\n<h3 dir=\"auto\">Gi\u00e1 tr\u1ecb dinh d\u01b0\u1ee1ng c\u1ee7a h\u1ea1t \u0111i\u1ec1u<\/h3>\n<p dir=\"auto\">Rich in vegetable protein, good fats, vitamin E, magnesium, zinc \u2013 good for your heart, brain, skin beauty, weight loss snacks healthy for students, office people, vegetarians, eat-clean<\/p>\n<h3 dir=\"auto\">Product information<\/h3>\n<ul dir=\"auto\">\n<li><strong>Product name<\/strong>: Roasted cashews Soaked in The April Binh Phuoc 65g<\/li>\n<li><strong>Taste<\/strong>: Cheese | Garlic And Chili | Ground | Silk Sheath | Gac Honey<\/li>\n<li><strong>Net weight<\/strong>: 65g<\/li>\n<li><strong>Specification<\/strong>: Zip pockets high-level easy to open \u2013 easy to preserve<\/li>\n<li><strong>Term of use<\/strong>: 12 months<\/li>\n<li><strong>Place of origin<\/strong>: Binh Phuoc, Vietnam<\/li>\n<li><strong>Brand<\/strong>: April Binh Phuoc \u2013 Essence From The Center \u2013 Est.1987<\/li>\n<\/ul>\n<h3 dir=\"auto\">Usage &amp; preservation<\/h3>\n<ul dir=\"auto\">\n<li>Dress directly when studying, working, driving, watching movies<\/li>\n<li>Gift mini, gift reunion gift, travel gift birthday<\/li>\n<li>Stored in dry, cool<\/li>\n<\/ul>\n<h3 dir=\"auto\">Committed from April Binh Phuoc<\/h3>\n<ul dir=\"auto\">\n<li>100% cashew nuts Binh Phuoc original from house garden<\/li>\n<li>Return for free 1-1 in 7 days<\/li>\n<li>Nationwide delivery \u2013 Freeship city from 500k<\/li>\n<\/ul>\n<p dir=\"auto\"><strong>Only 65g, but enough for you to try all 5 flavors \u201ct country\u201d of Binh Phuoc!<\/strong><\/p>","protected":false},"excerpt":{"rendered":"<p>G\u00f3i nh\u1ecf 65g \u2013 Mang c\u1ea3 \u201ctinh t\u00fay t\u1eeb t\u00e2m\u201d B\u00ecnh Ph\u01b0\u1edbc \u0111i kh\u1eafp n\u01a1i! \u0102n v\u1eb7t, \u0111i h\u1ecdc, \u0111i l\u00e0m, du l\u1ecbch, qu\u00e0 t\u1eb7ng mini \u0111\u1ec1u HO\u00c0N H\u1ea2O T\u1eeb nh\u1eefng n\u00f4ng tr\u1ea1i ch\u1ea5t l\u01b0\u1ee3ng cao tr\u1ea3i d\u00e0i tr\u00ean \u0111\u1ea5t \u0111\u1ecf bazan B\u00f9 Gia M\u1eadp \u2013 th\u1ee7 ph\u1ee7 h\u1ea1t \u0111i\u1ec1u Vi\u1ec7t Nam, H\u1ea1t \u0110i\u1ec1u Rang&#8230;<\/p>","protected":false},"featured_media":1159,"comment_status":"open","ping_status":"closed","template":"","meta":[],"product_brand":[],"product_cat":[16,270,41,20,40],"product_tag":[75,71,73,69,68,67,70,72,74,64],"class_list":{"0":"post-1107","1":"product","2":"type-product","3":"status-publish","4":"has-post-thumbnail","6":"product_cat-hat-dieu-pho-mai","7":"product_cat-hat-dieu-gac-mat-ong","8":"product_cat-hat-dieu-nguyen-vi","9":"product_cat-hat-dieu-toi-ot","10":"product_cat-hat-dieu-vo-lua","11":"product_tag-hat-dieu-ba-tu-binh-phuoc-5-vi","12":"product_tag-hat-dieu-gac-mat-ong-ba-tu","13":"product_tag-hat-dieu-nguyen-vi-65g-goi-nho","14":"product_tag-hat-dieu-pho-mai-ba-tu-binh-phuoc","15":"product_tag-hat-dieu-rang-vi-binh-phuoc-65g","16":"product_tag-hat-dieu-tam-vi-ba-tu-65g","17":"product_tag-hat-dieu-toi-ot-65g-ba-tu","18":"product_tag-hat-dieu-vo-lua-65g-binh-phuoc","19":"product_tag-mua-hat-dieu-tam-vi-online","20":"product_tag-qua-tang-hat-dieu-mini-cao-cap","22":"first","23":"instock","24":"sale","25":"shipping-taxable","26":"purchasable","27":"product-type-variable"},"yoast_head":"<!-- This site is optimized with the Yoast SEO plugin v26.4 - https:\/\/yoast.com\/wordpress\/plugins\/seo\/ -->\n<title>H\u1ea1t \u0110i\u1ec1u Rang T\u1ea9m V\u1ecb B\u00e0 T\u01b0 B\u00ecnh Ph\u01b0\u1edbc 65g - batubinhphuoc.vn<\/title>\n<meta name=\"description\" content=\"H\u1ea1t \u0110i\u1ec1u g\u00f3i nh\u1ecf 65g \u2013 Mang c\u1ea3 \u201ctinh t\u00fay t\u1eeb t\u00e2m\u201d B\u00ecnh Ph\u01b0\u1edbc \u0111i kh\u1eafp n\u01a1i! \u0102n v\u1eb7t, \u0111i h\u1ecdc, \u0111i l\u00e0m, du l\u1ecbch, qu\u00e0 t\u1eb7ng mini \u0111\u1ec1u HO\u00c0N H\u1ea2O\" \/>\n<meta name=\"robots\" content=\"index, follow, max-snippet:-1, max-image-preview:large, max-video-preview:-1\" \/>\n<link rel=\"canonical\" href=\"https:\/\/batubinhphuoc.vn\/en\/shop\/hat-dieu-rang-tam-vi-ba-tu-binh-phuoc-65g\/\" \/>\n<meta property=\"og:locale\" content=\"en_US\" \/>\n<meta property=\"og:type\" content=\"article\" \/>\n<meta property=\"og:title\" content=\"H\u1ea1t \u0110i\u1ec1u Rang T\u1ea9m V\u1ecb B\u00e0 T\u01b0 B\u00ecnh Ph\u01b0\u1edbc 65g - batubinhphuoc.vn\" \/>\n<meta property=\"og:description\" content=\"H\u1ea1t \u0110i\u1ec1u g\u00f3i nh\u1ecf 65g \u2013 Mang c\u1ea3 \u201ctinh t\u00fay t\u1eeb t\u00e2m\u201d B\u00ecnh Ph\u01b0\u1edbc \u0111i kh\u1eafp n\u01a1i! \u0102n v\u1eb7t, \u0111i h\u1ecdc, \u0111i l\u00e0m, du l\u1ecbch, qu\u00e0 t\u1eb7ng mini \u0111\u1ec1u HO\u00c0N H\u1ea2O\" \/>\n<meta property=\"og:url\" content=\"https:\/\/batubinhphuoc.vn\/en\/shop\/hat-dieu-rang-tam-vi-ba-tu-binh-phuoc-65g\/\" \/>\n<meta property=\"og:site_name\" content=\"batubinhphuoc.vn\" \/>\n<meta property=\"article:modified_time\" content=\"2026-03-20T05:09:12+00:00\" \/>\n<meta property=\"og:image\" content=\"https:\/\/batubinhphuoc.vn\/wp-content\/uploads\/2025\/11\/Hat-Dieu-Rang-Tam-Vi-Ba-Tu-Binh-Phuoc-65g-Pho-MaiToi-OtNguyen-ViVo-LuaGac-Mat-Ong-1.webp\" \/>\n\t<meta property=\"og:image:width\" content=\"1024\" \/>\n\t<meta property=\"og:image:height\" content=\"1024\" \/>\n\t<meta property=\"og:image:type\" content=\"image\/webp\" \/>\n<meta name=\"twitter:card\" content=\"summary_large_image\" \/>\n<meta name=\"twitter:label1\" content=\"Est. reading time\" \/>\n\t<meta name=\"twitter:data1\" content=\"4 minutes\" \/>\n<script type=\"application\/ld+json\" class=\"yoast-schema-graph\">{\"@context\":\"https:\/\/schema.org\",\"@graph\":[{\"@type\":\"WebPage\",\"@id\":\"https:\/\/batubinhphuoc.vn\/shop\/hat-dieu-rang-tam-vi-ba-tu-binh-phuoc-65g\/\",\"url\":\"https:\/\/batubinhphuoc.vn\/shop\/hat-dieu-rang-tam-vi-ba-tu-binh-phuoc-65g\/\",\"name\":\"H\u1ea1t \u0110i\u1ec1u Rang T\u1ea9m V\u1ecb B\u00e0 T\u01b0 B\u00ecnh Ph\u01b0\u1edbc 65g - batubinhphuoc.vn\",\"isPartOf\":{\"@id\":\"https:\/\/batubinhphuoc.vn\/#website\"},\"primaryImageOfPage\":{\"@id\":\"https:\/\/batubinhphuoc.vn\/shop\/hat-dieu-rang-tam-vi-ba-tu-binh-phuoc-65g\/#primaryimage\"},\"image\":{\"@id\":\"https:\/\/batubinhphuoc.vn\/shop\/hat-dieu-rang-tam-vi-ba-tu-binh-phuoc-65g\/#primaryimage\"},\"thumbnailUrl\":\"https:\/\/batubinhphuoc.vn\/wp-content\/uploads\/2025\/11\/Hat-Dieu-Rang-Tam-Vi-Ba-Tu-Binh-Phuoc-65g-Pho-MaiToi-OtNguyen-ViVo-LuaGac-Mat-Ong-1.webp\",\"datePublished\":\"2025-11-18T15:26:52+00:00\",\"dateModified\":\"2026-03-20T05:09:12+00:00\",\"description\":\"H\u1ea1t \u0110i\u1ec1u g\u00f3i nh\u1ecf 65g \u2013 Mang c\u1ea3 \u201ctinh t\u00fay t\u1eeb t\u00e2m\u201d B\u00ecnh Ph\u01b0\u1edbc \u0111i kh\u1eafp n\u01a1i! \u0102n v\u1eb7t, \u0111i h\u1ecdc, \u0111i l\u00e0m, du l\u1ecbch, qu\u00e0 t\u1eb7ng mini \u0111\u1ec1u HO\u00c0N H\u1ea2O\",\"breadcrumb\":{\"@id\":\"https:\/\/batubinhphuoc.vn\/shop\/hat-dieu-rang-tam-vi-ba-tu-binh-phuoc-65g\/#breadcrumb\"},\"inLanguage\":\"en-US\",\"potentialAction\":[{\"@type\":\"ReadAction\",\"target\":[\"https:\/\/batubinhphuoc.vn\/shop\/hat-dieu-rang-tam-vi-ba-tu-binh-phuoc-65g\/\"]}]},{\"@type\":\"ImageObject\",\"inLanguage\":\"en-US\",\"@id\":\"https:\/\/batubinhphuoc.vn\/shop\/hat-dieu-rang-tam-vi-ba-tu-binh-phuoc-65g\/#primaryimage\",\"url\":\"https:\/\/batubinhphuoc.vn\/wp-content\/uploads\/2025\/11\/Hat-Dieu-Rang-Tam-Vi-Ba-Tu-Binh-Phuoc-65g-Pho-MaiToi-OtNguyen-ViVo-LuaGac-Mat-Ong-1.webp\",\"contentUrl\":\"https:\/\/batubinhphuoc.vn\/wp-content\/uploads\/2025\/11\/Hat-Dieu-Rang-Tam-Vi-Ba-Tu-Binh-Phuoc-65g-Pho-MaiToi-OtNguyen-ViVo-LuaGac-Mat-Ong-1.webp\",\"width\":1024,\"height\":1024,\"caption\":\"Hat-Dieu-Rang-Tam-Vi-Ba-Tu-Binh-Phuoc-65g-\"},{\"@type\":\"BreadcrumbList\",\"@id\":\"https:\/\/batubinhphuoc.vn\/shop\/hat-dieu-rang-tam-vi-ba-tu-binh-phuoc-65g\/#breadcrumb\",\"itemListElement\":[{\"@type\":\"ListItem\",\"position\":1,\"name\":\"Home\",\"item\":\"https:\/\/batubinhphuoc.vn\/\"},{\"@type\":\"ListItem\",\"position\":2,\"name\":\"S\u1ea3n ph\u1ea9m\",\"item\":\"https:\/\/batubinhphuoc.vn\/shop\/\"},{\"@type\":\"ListItem\",\"position\":3,\"name\":\"H\u1ea1t \u0110i\u1ec1u Rang T\u1ea9m V\u1ecb B\u00e0 T\u01b0 B\u00ecnh Ph\u01b0\u1edbc 65g \u2013 5 H\u01b0\u01a1ng V\u1ecb \u0110\u1ec9nh Cao: Ph\u00f4 Mai | T\u1ecfi \u1edat | Nguy\u00ean V\u1ecb | V\u1ecf L\u1ee5a | G\u1ea5c M\u1eadt Ong\"}]},{\"@type\":\"WebSite\",\"@id\":\"https:\/\/batubinhphuoc.vn\/#website\",\"url\":\"https:\/\/batubinhphuoc.vn\/\",\"name\":\"batubinhphuoc.vn\",\"description\":\"\",\"potentialAction\":[{\"@type\":\"SearchAction\",\"target\":{\"@type\":\"EntryPoint\",\"urlTemplate\":\"https:\/\/batubinhphuoc.vn\/?s={search_term_string}\"},\"query-input\":{\"@type\":\"PropertyValueSpecification\",\"valueRequired\":true,\"valueName\":\"search_term_string\"}}],\"inLanguage\":\"en-US\"}]}<\/script>\n<!-- \/ Yoast SEO plugin. -->","yoast_head_json":{"title":"H\u1ea1t \u0110i\u1ec1u Rang T\u1ea9m V\u1ecb B\u00e0 T\u01b0 B\u00ecnh Ph\u01b0\u1edbc 65g - batubinhphuoc.vn","description":"H\u1ea1t \u0110i\u1ec1u g\u00f3i nh\u1ecf 65g \u2013 Mang c\u1ea3 \u201ctinh t\u00fay t\u1eeb t\u00e2m\u201d B\u00ecnh Ph\u01b0\u1edbc \u0111i kh\u1eafp n\u01a1i! \u0102n v\u1eb7t, \u0111i h\u1ecdc, \u0111i l\u00e0m, du l\u1ecbch, qu\u00e0 t\u1eb7ng mini \u0111\u1ec1u HO\u00c0N H\u1ea2O","robots":{"index":"index","follow":"follow","max-snippet":"max-snippet:-1","max-image-preview":"max-image-preview:large","max-video-preview":"max-video-preview:-1"},"canonical":"https:\/\/batubinhphuoc.vn\/en\/shop\/hat-dieu-rang-tam-vi-ba-tu-binh-phuoc-65g\/","og_locale":"en_US","og_type":"article","og_title":"H\u1ea1t \u0110i\u1ec1u Rang T\u1ea9m V\u1ecb B\u00e0 T\u01b0 B\u00ecnh Ph\u01b0\u1edbc 65g - batubinhphuoc.vn","og_description":"H\u1ea1t \u0110i\u1ec1u g\u00f3i nh\u1ecf 65g \u2013 Mang c\u1ea3 \u201ctinh t\u00fay t\u1eeb t\u00e2m\u201d B\u00ecnh Ph\u01b0\u1edbc \u0111i kh\u1eafp n\u01a1i! \u0102n v\u1eb7t, \u0111i h\u1ecdc, \u0111i l\u00e0m, du l\u1ecbch, qu\u00e0 t\u1eb7ng mini \u0111\u1ec1u HO\u00c0N H\u1ea2O","og_url":"https:\/\/batubinhphuoc.vn\/en\/shop\/hat-dieu-rang-tam-vi-ba-tu-binh-phuoc-65g\/","og_site_name":"batubinhphuoc.vn","article_modified_time":"2026-03-20T05:09:12+00:00","og_image":[{"width":1024,"height":1024,"url":"https:\/\/batubinhphuoc.vn\/wp-content\/uploads\/2025\/11\/Hat-Dieu-Rang-Tam-Vi-Ba-Tu-Binh-Phuoc-65g-Pho-MaiToi-OtNguyen-ViVo-LuaGac-Mat-Ong-1.webp","type":"image\/webp"}],"twitter_card":"summary_large_image","twitter_misc":{"Est. reading time":"4 minutes"},"schema":{"@context":"https:\/\/schema.org","@graph":[{"@type":"WebPage","@id":"https:\/\/batubinhphuoc.vn\/shop\/hat-dieu-rang-tam-vi-ba-tu-binh-phuoc-65g\/","url":"https:\/\/batubinhphuoc.vn\/shop\/hat-dieu-rang-tam-vi-ba-tu-binh-phuoc-65g\/","name":"H\u1ea1t \u0110i\u1ec1u Rang T\u1ea9m V\u1ecb B\u00e0 T\u01b0 B\u00ecnh Ph\u01b0\u1edbc 65g - batubinhphuoc.vn","isPartOf":{"@id":"https:\/\/batubinhphuoc.vn\/#website"},"primaryImageOfPage":{"@id":"https:\/\/batubinhphuoc.vn\/shop\/hat-dieu-rang-tam-vi-ba-tu-binh-phuoc-65g\/#primaryimage"},"image":{"@id":"https:\/\/batubinhphuoc.vn\/shop\/hat-dieu-rang-tam-vi-ba-tu-binh-phuoc-65g\/#primaryimage"},"thumbnailUrl":"https:\/\/batubinhphuoc.vn\/wp-content\/uploads\/2025\/11\/Hat-Dieu-Rang-Tam-Vi-Ba-Tu-Binh-Phuoc-65g-Pho-MaiToi-OtNguyen-ViVo-LuaGac-Mat-Ong-1.webp","datePublished":"2025-11-18T15:26:52+00:00","dateModified":"2026-03-20T05:09:12+00:00","description":"H\u1ea1t \u0110i\u1ec1u g\u00f3i nh\u1ecf 65g \u2013 Mang c\u1ea3 \u201ctinh t\u00fay t\u1eeb t\u00e2m\u201d B\u00ecnh Ph\u01b0\u1edbc \u0111i kh\u1eafp n\u01a1i! \u0102n v\u1eb7t, \u0111i h\u1ecdc, \u0111i l\u00e0m, du l\u1ecbch, qu\u00e0 t\u1eb7ng mini \u0111\u1ec1u HO\u00c0N H\u1ea2O","breadcrumb":{"@id":"https:\/\/batubinhphuoc.vn\/shop\/hat-dieu-rang-tam-vi-ba-tu-binh-phuoc-65g\/#breadcrumb"},"inLanguage":"en-US","potentialAction":[{"@type":"ReadAction","target":["https:\/\/batubinhphuoc.vn\/shop\/hat-dieu-rang-tam-vi-ba-tu-binh-phuoc-65g\/"]}]},{"@type":"ImageObject","inLanguage":"en-US","@id":"https:\/\/batubinhphuoc.vn\/shop\/hat-dieu-rang-tam-vi-ba-tu-binh-phuoc-65g\/#primaryimage","url":"https:\/\/batubinhphuoc.vn\/wp-content\/uploads\/2025\/11\/Hat-Dieu-Rang-Tam-Vi-Ba-Tu-Binh-Phuoc-65g-Pho-MaiToi-OtNguyen-ViVo-LuaGac-Mat-Ong-1.webp","contentUrl":"https:\/\/batubinhphuoc.vn\/wp-content\/uploads\/2025\/11\/Hat-Dieu-Rang-Tam-Vi-Ba-Tu-Binh-Phuoc-65g-Pho-MaiToi-OtNguyen-ViVo-LuaGac-Mat-Ong-1.webp","width":1024,"height":1024,"caption":"Hat-Dieu-Rang-Tam-Vi-Ba-Tu-Binh-Phuoc-65g-"},{"@type":"BreadcrumbList","@id":"https:\/\/batubinhphuoc.vn\/shop\/hat-dieu-rang-tam-vi-ba-tu-binh-phuoc-65g\/#breadcrumb","itemListElement":[{"@type":"ListItem","position":1,"name":"Home","item":"https:\/\/batubinhphuoc.vn\/"},{"@type":"ListItem","position":2,"name":"S\u1ea3n ph\u1ea9m","item":"https:\/\/batubinhphuoc.vn\/shop\/"},{"@type":"ListItem","position":3,"name":"H\u1ea1t \u0110i\u1ec1u Rang T\u1ea9m V\u1ecb B\u00e0 T\u01b0 B\u00ecnh Ph\u01b0\u1edbc 65g \u2013 5 H\u01b0\u01a1ng V\u1ecb \u0110\u1ec9nh Cao: Ph\u00f4 Mai | T\u1ecfi \u1edat | Nguy\u00ean V\u1ecb | V\u1ecf L\u1ee5a | G\u1ea5c M\u1eadt Ong"}]},{"@type":"WebSite","@id":"https:\/\/batubinhphuoc.vn\/#website","url":"https:\/\/batubinhphuoc.vn\/","name":"batubinhphuoc.vn","description":"","potentialAction":[{"@type":"SearchAction","target":{"@type":"EntryPoint","urlTemplate":"https:\/\/batubinhphuoc.vn\/?s={search_term_string}"},"query-input":{"@type":"PropertyValueSpecification","valueRequired":true,"valueName":"search_term_string"}}],"inLanguage":"en-US"}]}},"_links":{"self":[{"href":"https:\/\/batubinhphuoc.vn\/en\/wp-json\/wp\/v2\/product\/1107","targetHints":{"allow":["GET"]}}],"collection":[{"href":"https:\/\/batubinhphuoc.vn\/en\/wp-json\/wp\/v2\/product"}],"about":[{"href":"https:\/\/batubinhphuoc.vn\/en\/wp-json\/wp\/v2\/types\/product"}],"replies":[{"embeddable":true,"href":"https:\/\/batubinhphuoc.vn\/en\/wp-json\/wp\/v2\/comments?post=1107"}],"wp:featuredmedia":[{"embeddable":true,"href":"https:\/\/batubinhphuoc.vn\/en\/wp-json\/wp\/v2\/media\/1159"}],"wp:attachment":[{"href":"https:\/\/batubinhphuoc.vn\/en\/wp-json\/wp\/v2\/media?parent=1107"}],"wp:term":[{"taxonomy":"product_brand","embeddable":true,"href":"https:\/\/batubinhphuoc.vn\/en\/wp-json\/wp\/v2\/product_brand?post=1107"},{"taxonomy":"product_cat","embeddable":true,"href":"https:\/\/batubinhphuoc.vn\/en\/wp-json\/wp\/v2\/product_cat?post=1107"},{"taxonomy":"product_tag","embeddable":true,"href":"https:\/\/batubinhphuoc.vn\/en\/wp-json\/wp\/v2\/product_tag?post=1107"}],"curies":[{"name":"wp","href":"https:\/\/api.w.org\/{rel}","templated":true}]}}