{"id":1108,"date":"2025-11-18T22:37:48","date_gmt":"2025-11-18T15:37:48","guid":{"rendered":"https:\/\/batubinhphuoc.vn\/?post_type=product&#038;p=1108"},"modified":"2026-03-12T14:20:24","modified_gmt":"2026-03-12T07:20:24","slug":"hat-dieu-toi-ot-ba-tu-binh-phuoc-65g-cay-nong-dam-da-gion-rum-tung-hat-goi-trung-sieu-tien-loi","status":"publish","type":"product","link":"https:\/\/batubinhphuoc.vn\/en\/shop\/hat-dieu-toi-ot-ba-tu-binh-phuoc-65g-cay-nong-dam-da-gion-rum-tung-hat-goi-trung-sieu-tien-loi\/","title":{"rendered":"Cashew nuts, Garlic, Chilli April Binh Phuoc 65g \u2013 Pungent, tasty, Crispy Every Seed \u2013 Packet, China, Super Convenient"},"content":{"rendered":"<p dir=\"auto\"><a href=\"https:\/\/batubinhphuoc.vn\/en\/shop\/\"><strong>Best-seller \u201c\u0103n l\u00e0 ghi\u1ec1n\u201d \u2013 H\u1ea1t \u0110i\u1ec1u G\u00f3i 65g v\u1eeba \u0103n v\u1eb7t v\u0103n ph\u00f2ng, v\u1eeba mang \u0111i h\u1ecdc, \u0111i ch\u01a1i, v\u1eeba l\u00e0m qu\u00e0 t\u1eb7ng mini c\u1ef1c k\u1ef3 sang!<\/strong><\/a><\/p>\n<p dir=\"auto\">From these high quality farm on basaltic soils, Bu Gia map \u2013 capital of Vietnam cashew nuts, <strong>Cashew nuts, Garlic, Chilli April 65g<\/strong> processed entirely in-house high quality machine according to recipes roasted wood crafts 38 years of Investment Nguyen The Thao. Cashew nuts, white, type 1, big tits, round, firm meat is high quality (the Vietnam original Binh Phuoc) carefully selected, roasted slowly on the fire firewood dry forests and covered with garlic africa crispy golden and red peppers fresh, slightly spicy \u2013 make up &amp; hot spicy, just enough, fragrant nose, crispy to the last grain.<\/p>\n<p dir=\"auto\">Zip pocket 65g lightweight \u2013 remove just stop, work desk, backpack, school bag, travel \u2013 eat in 1-2 days that still keep the whole brittleness in 12 months.<\/p>\n<h3 dir=\"auto\"><a href=\"https:\/\/www.facebook.com\/hatdieubatubinhphuoc.official\">V\u00ec sao h\u1ea1t \u0111i\u1ec1u g\u00f3i 65g T\u1ecfi \u1edat B\u00e0 T\u01b0 lu\u00f4n \u201cch\u00e1y h\u00e0ng\u201d m\u1ed7i ng\u00e0y?<\/a><\/h3>\n<ul dir=\"auto\">\n<li>Cashew nuts type 1 Binh Phuoc from the plant, high quality big tits most beautiful<\/li>\n<li>Roasted wood traditional crafts \u2013 keep the full flavor natural smoke &amp; brittleness absolute<\/li>\n<li>Spicy salty harmonious, garlic, non-fragrant, spicy peppers, mild taste<\/li>\n<li>Plant achieved ISO 22000, HALAL, OCOP 4 stars \u2013 export to America, Japan, south Korea, Singapore, Taiwan<\/li>\n<li>Zip pocket 65g convenience \u2013 snacking, office, school, picnic, gift extremely delicate<\/li>\n<\/ul>\n<h3 dir=\"auto\">Ingredients 100% natural<\/h3>\n<ul dir=\"auto\">\n<li>Cashew nuts, white, type 1, Binh Phuoc<\/li>\n<li>Garlic brown fresh red pepper, sea salt, sugar, pepper<\/li>\n<li>No oil frying \u2013 No food coloring, No preservatives \u2013 No artificial flavors<\/li>\n<\/ul>\n<h3 dir=\"auto\">Gi\u00e1 tr\u1ecb dinh d\u01b0\u1ee1ng c\u1ee7a h\u1ea1t \u0111i\u1ec1u<\/h3>\n<ul dir=\"auto\">\n<li>Rich in vegetable protein, good fats, vitamin E, magnesium<\/li>\n<li>Junk food delicious but healthy \u2013 fit office people, students, dieters<\/li>\n<\/ul>\n<h3 dir=\"auto\">Product information<\/h3>\n<ul dir=\"auto\">\n<li><strong>Product name<\/strong>: Cashews, Garlic, Chilli April Binh Phuoc<\/li>\n<li><strong>Net weight<\/strong>: 65g<\/li>\n<li><strong>Packaging<\/strong>: Zip pockets high-level, easy to tear, vacuum<\/li>\n<li><strong>Term of use<\/strong>: 12 months<\/li>\n<li><strong>Place of origin<\/strong>: Binh Phuoc, Vietnam<\/li>\n<li><strong>Brand<\/strong>: April Binh Phuoc \u2013 Essence From The Center \u2013 Est.1987<\/li>\n<\/ul>\n<h3 dir=\"auto\">Usage &amp; preservation<\/h3>\n<ul dir=\"auto\">\n<li>Dress directly when working, studying, watching movies, driving<\/li>\n<li>Gift mini, gift, meeting gift, travel super sense<\/li>\n<li>Stored in dry, cool, avoid direct sunlight<\/li>\n<\/ul>\n<h3 dir=\"auto\">Committed from April Binh Phuoc<\/h3>\n<ul dir=\"auto\">\n<li>100% cashew nuts Binh Phuoc original from house garden<\/li>\n<li>Return for free 1-1 in 7 days if not satisfied<\/li>\n<li>Nationwide delivery \u2013 Freeship city from 500k<\/li>\n<\/ul>\n<p dir=\"auto\"><strong>Only 65g, but enough to you \u201caddicted\u201d to all week!<\/strong><\/p>","protected":false},"excerpt":{"rendered":"<p>Best-seller \u201c\u0103n l\u00e0 ghi\u1ec1n\u201d \u2013 H\u1ea1t \u0110i\u1ec1u G\u00f3i 65g v\u1eeba \u0103n v\u1eb7t v\u0103n ph\u00f2ng, v\u1eeba mang \u0111i h\u1ecdc, \u0111i ch\u01a1i, v\u1eeba l\u00e0m qu\u00e0 t\u1eb7ng mini c\u1ef1c k\u1ef3 sang! T\u1eeb nh\u1eefng n\u00f4ng tr\u1ea1i ch\u1ea5t l\u01b0\u1ee3ng cao tr\u00ean \u0111\u1ea5t \u0111\u1ecf bazan B\u00f9 Gia M\u1eadp \u2013 th\u1ee7 ph\u1ee7 h\u1ea1t \u0111i\u1ec1u Vi\u1ec7t Nam, H\u1ea1t \u0110i\u1ec1u T\u1ecfi \u1edat B\u00e0 T\u01b0&#8230;<\/p>","protected":false},"featured_media":1165,"comment_status":"open","ping_status":"closed","template":"","meta":[],"product_brand":[],"product_cat":[20],"product_tag":[81,79,82,76,78,66,77,84,80,83],"class_list":{"0":"post-1108","1":"product","2":"type-product","3":"status-publish","4":"has-post-thumbnail","6":"product_cat-hat-dieu-toi-ot","7":"product_tag-hat-dieu-ba-tu-binh-phuoc-65g","8":"product_tag-hat-dieu-rang-toi-ot-65g-tien-loi","9":"product_tag-hat-dieu-toi-ot-an-vat-van-phong","10":"product_tag-hat-dieu-toi-ot-ba-tu-65g","11":"product_tag-hat-dieu-toi-ot-ba-tu-goi-65g","12":"product_tag-hat-dieu-toi-ot-ba-tu-tinh-tuy-tu-tam","13":"product_tag-hat-dieu-toi-ot-binh-phuoc-65g","14":"product_tag-hat-dieu-toi-ot-ocop-4-sao-65g","15":"product_tag-mua-hat-dieu-toi-ot-65g-online","16":"product_tag-qua-tang-hat-dieu-mini-65g","18":"first","19":"instock","20":"sale","21":"shipping-taxable","22":"purchasable","23":"product-type-simple"},"yoast_head":"<!-- This site is optimized with the Yoast SEO plugin v26.4 - https:\/\/yoast.com\/wordpress\/plugins\/seo\/ -->\n<title>H\u1ea1t \u0110i\u1ec1u T\u1ecfi \u1edat B\u00e0 T\u01b0 B\u00ecnh Ph\u01b0\u1edbc 65g-Cay N\u1ed3ng \u0110\u1eadm \u0110\u00e0 - batubinhphuoc.vn<\/title>\n<meta name=\"description\" content=\"H\u1ea1t \u0110i\u1ec1u T\u1ecfi \u1edat B\u00e0 T\u01b0 B\u00ecnh Ph\u01b0\u1edbc 65g \u2013 Cay N\u1ed3ng \u0110\u1eadm \u0110\u00e0, Gi\u00f2n R\u1ee5m T\u1eebng H\u1ea1t \u2013 H\u1ea1t \u0111i\u1ec1u nh\u00e2n tr\u1eafng lo\u1ea1i 1 to tr\u00f2n, ch\u1eafc th\u1ecbt \u0111\u01b0\u1ee3c con ng\u01b0\u1eddi ch\u1ea5t l\u01b0\u1ee3ng cao\" \/>\n<meta name=\"robots\" content=\"index, follow, max-snippet:-1, max-image-preview:large, max-video-preview:-1\" \/>\n<link rel=\"canonical\" href=\"https:\/\/batubinhphuoc.vn\/en\/shop\/hat-dieu-toi-ot-ba-tu-binh-phuoc-65g-cay-nong-dam-da-gion-rum-tung-hat-goi-trung-sieu-tien-loi\/\" \/>\n<meta property=\"og:locale\" content=\"en_US\" \/>\n<meta property=\"og:type\" content=\"article\" \/>\n<meta property=\"og:title\" content=\"H\u1ea1t \u0110i\u1ec1u T\u1ecfi \u1edat B\u00e0 T\u01b0 B\u00ecnh Ph\u01b0\u1edbc 65g-Cay N\u1ed3ng \u0110\u1eadm \u0110\u00e0 - batubinhphuoc.vn\" \/>\n<meta property=\"og:description\" content=\"H\u1ea1t \u0110i\u1ec1u T\u1ecfi \u1edat B\u00e0 T\u01b0 B\u00ecnh Ph\u01b0\u1edbc 65g \u2013 Cay N\u1ed3ng \u0110\u1eadm \u0110\u00e0, Gi\u00f2n R\u1ee5m T\u1eebng H\u1ea1t \u2013 H\u1ea1t \u0111i\u1ec1u nh\u00e2n tr\u1eafng lo\u1ea1i 1 to tr\u00f2n, ch\u1eafc th\u1ecbt \u0111\u01b0\u1ee3c con ng\u01b0\u1eddi ch\u1ea5t l\u01b0\u1ee3ng cao\" \/>\n<meta property=\"og:url\" content=\"https:\/\/batubinhphuoc.vn\/en\/shop\/hat-dieu-toi-ot-ba-tu-binh-phuoc-65g-cay-nong-dam-da-gion-rum-tung-hat-goi-trung-sieu-tien-loi\/\" \/>\n<meta property=\"og:site_name\" content=\"batubinhphuoc.vn\" \/>\n<meta property=\"article:modified_time\" content=\"2026-03-12T07:20:24+00:00\" \/>\n<meta property=\"og:image\" content=\"https:\/\/batubinhphuoc.vn\/wp-content\/uploads\/2025\/11\/Hat-Dieu-Toi-Ot-Ba-Tu-Binh-Phuoc-65g-\u2013-Cay-Nong-Dam-Da-Gion-Rum-Tung-Hat-\u2013-Goi-Trung-Sieu-Tien-Loi-1.webp\" \/>\n\t<meta property=\"og:image:width\" content=\"1024\" \/>\n\t<meta property=\"og:image:height\" content=\"1024\" \/>\n\t<meta property=\"og:image:type\" content=\"image\/webp\" \/>\n<meta name=\"twitter:card\" content=\"summary_large_image\" \/>\n<meta name=\"twitter:label1\" content=\"Est. reading time\" \/>\n\t<meta name=\"twitter:data1\" content=\"3 minutes\" \/>\n<script type=\"application\/ld+json\" class=\"yoast-schema-graph\">{\"@context\":\"https:\/\/schema.org\",\"@graph\":[{\"@type\":\"WebPage\",\"@id\":\"https:\/\/batubinhphuoc.vn\/shop\/hat-dieu-toi-ot-ba-tu-binh-phuoc-65g-cay-nong-dam-da-gion-rum-tung-hat-goi-trung-sieu-tien-loi\/\",\"url\":\"https:\/\/batubinhphuoc.vn\/shop\/hat-dieu-toi-ot-ba-tu-binh-phuoc-65g-cay-nong-dam-da-gion-rum-tung-hat-goi-trung-sieu-tien-loi\/\",\"name\":\"H\u1ea1t \u0110i\u1ec1u T\u1ecfi \u1edat B\u00e0 T\u01b0 B\u00ecnh Ph\u01b0\u1edbc 65g-Cay N\u1ed3ng \u0110\u1eadm \u0110\u00e0 - batubinhphuoc.vn\",\"isPartOf\":{\"@id\":\"https:\/\/batubinhphuoc.vn\/#website\"},\"primaryImageOfPage\":{\"@id\":\"https:\/\/batubinhphuoc.vn\/shop\/hat-dieu-toi-ot-ba-tu-binh-phuoc-65g-cay-nong-dam-da-gion-rum-tung-hat-goi-trung-sieu-tien-loi\/#primaryimage\"},\"image\":{\"@id\":\"https:\/\/batubinhphuoc.vn\/shop\/hat-dieu-toi-ot-ba-tu-binh-phuoc-65g-cay-nong-dam-da-gion-rum-tung-hat-goi-trung-sieu-tien-loi\/#primaryimage\"},\"thumbnailUrl\":\"https:\/\/batubinhphuoc.vn\/wp-content\/uploads\/2025\/11\/Hat-Dieu-Toi-Ot-Ba-Tu-Binh-Phuoc-65g-\u2013-Cay-Nong-Dam-Da-Gion-Rum-Tung-Hat-\u2013-Goi-Trung-Sieu-Tien-Loi-1.webp\",\"datePublished\":\"2025-11-18T15:37:48+00:00\",\"dateModified\":\"2026-03-12T07:20:24+00:00\",\"description\":\"H\u1ea1t \u0110i\u1ec1u T\u1ecfi \u1edat B\u00e0 T\u01b0 B\u00ecnh Ph\u01b0\u1edbc 65g \u2013 Cay N\u1ed3ng \u0110\u1eadm \u0110\u00e0, Gi\u00f2n R\u1ee5m T\u1eebng H\u1ea1t \u2013 H\u1ea1t \u0111i\u1ec1u nh\u00e2n tr\u1eafng lo\u1ea1i 1 to tr\u00f2n, ch\u1eafc th\u1ecbt \u0111\u01b0\u1ee3c con ng\u01b0\u1eddi ch\u1ea5t l\u01b0\u1ee3ng cao\",\"breadcrumb\":{\"@id\":\"https:\/\/batubinhphuoc.vn\/shop\/hat-dieu-toi-ot-ba-tu-binh-phuoc-65g-cay-nong-dam-da-gion-rum-tung-hat-goi-trung-sieu-tien-loi\/#breadcrumb\"},\"inLanguage\":\"en-US\",\"potentialAction\":[{\"@type\":\"ReadAction\",\"target\":[\"https:\/\/batubinhphuoc.vn\/shop\/hat-dieu-toi-ot-ba-tu-binh-phuoc-65g-cay-nong-dam-da-gion-rum-tung-hat-goi-trung-sieu-tien-loi\/\"]}]},{\"@type\":\"ImageObject\",\"inLanguage\":\"en-US\",\"@id\":\"https:\/\/batubinhphuoc.vn\/shop\/hat-dieu-toi-ot-ba-tu-binh-phuoc-65g-cay-nong-dam-da-gion-rum-tung-hat-goi-trung-sieu-tien-loi\/#primaryimage\",\"url\":\"https:\/\/batubinhphuoc.vn\/wp-content\/uploads\/2025\/11\/Hat-Dieu-Toi-Ot-Ba-Tu-Binh-Phuoc-65g-\u2013-Cay-Nong-Dam-Da-Gion-Rum-Tung-Hat-\u2013-Goi-Trung-Sieu-Tien-Loi-1.webp\",\"contentUrl\":\"https:\/\/batubinhphuoc.vn\/wp-content\/uploads\/2025\/11\/Hat-Dieu-Toi-Ot-Ba-Tu-Binh-Phuoc-65g-\u2013-Cay-Nong-Dam-Da-Gion-Rum-Tung-Hat-\u2013-Goi-Trung-Sieu-Tien-Loi-1.webp\",\"width\":1024,\"height\":1024,\"caption\":\"Hat-Dieu-Toi-Ot-Ba-Tu-Binh-Phuoc-65g\"},{\"@type\":\"BreadcrumbList\",\"@id\":\"https:\/\/batubinhphuoc.vn\/shop\/hat-dieu-toi-ot-ba-tu-binh-phuoc-65g-cay-nong-dam-da-gion-rum-tung-hat-goi-trung-sieu-tien-loi\/#breadcrumb\",\"itemListElement\":[{\"@type\":\"ListItem\",\"position\":1,\"name\":\"Home\",\"item\":\"https:\/\/batubinhphuoc.vn\/\"},{\"@type\":\"ListItem\",\"position\":2,\"name\":\"S\u1ea3n ph\u1ea9m\",\"item\":\"https:\/\/batubinhphuoc.vn\/shop\/\"},{\"@type\":\"ListItem\",\"position\":3,\"name\":\"H\u1ea1t \u0110i\u1ec1u T\u1ecfi \u1edat B\u00e0 T\u01b0 B\u00ecnh Ph\u01b0\u1edbc 65g \u2013 Cay N\u1ed3ng \u0110\u1eadm \u0110\u00e0, Gi\u00f2n R\u1ee5m T\u1eebng H\u1ea1t \u2013 G\u00f3i Trung Si\u00eau Ti\u1ec7n L\u1ee3i\"}]},{\"@type\":\"WebSite\",\"@id\":\"https:\/\/batubinhphuoc.vn\/#website\",\"url\":\"https:\/\/batubinhphuoc.vn\/\",\"name\":\"batubinhphuoc.vn\",\"description\":\"\",\"potentialAction\":[{\"@type\":\"SearchAction\",\"target\":{\"@type\":\"EntryPoint\",\"urlTemplate\":\"https:\/\/batubinhphuoc.vn\/?s={search_term_string}\"},\"query-input\":{\"@type\":\"PropertyValueSpecification\",\"valueRequired\":true,\"valueName\":\"search_term_string\"}}],\"inLanguage\":\"en-US\"}]}<\/script>\n<!-- \/ Yoast SEO plugin. -->","yoast_head_json":{"title":"H\u1ea1t \u0110i\u1ec1u T\u1ecfi \u1edat B\u00e0 T\u01b0 B\u00ecnh Ph\u01b0\u1edbc 65g-Cay N\u1ed3ng \u0110\u1eadm \u0110\u00e0 - batubinhphuoc.vn","description":"H\u1ea1t \u0110i\u1ec1u T\u1ecfi \u1edat B\u00e0 T\u01b0 B\u00ecnh Ph\u01b0\u1edbc 65g \u2013 Cay N\u1ed3ng \u0110\u1eadm \u0110\u00e0, Gi\u00f2n R\u1ee5m T\u1eebng H\u1ea1t \u2013 H\u1ea1t \u0111i\u1ec1u nh\u00e2n tr\u1eafng lo\u1ea1i 1 to tr\u00f2n, ch\u1eafc th\u1ecbt \u0111\u01b0\u1ee3c con ng\u01b0\u1eddi ch\u1ea5t l\u01b0\u1ee3ng cao","robots":{"index":"index","follow":"follow","max-snippet":"max-snippet:-1","max-image-preview":"max-image-preview:large","max-video-preview":"max-video-preview:-1"},"canonical":"https:\/\/batubinhphuoc.vn\/en\/shop\/hat-dieu-toi-ot-ba-tu-binh-phuoc-65g-cay-nong-dam-da-gion-rum-tung-hat-goi-trung-sieu-tien-loi\/","og_locale":"en_US","og_type":"article","og_title":"H\u1ea1t \u0110i\u1ec1u T\u1ecfi \u1edat B\u00e0 T\u01b0 B\u00ecnh Ph\u01b0\u1edbc 65g-Cay N\u1ed3ng \u0110\u1eadm \u0110\u00e0 - batubinhphuoc.vn","og_description":"H\u1ea1t \u0110i\u1ec1u T\u1ecfi \u1edat B\u00e0 T\u01b0 B\u00ecnh Ph\u01b0\u1edbc 65g \u2013 Cay N\u1ed3ng \u0110\u1eadm \u0110\u00e0, Gi\u00f2n R\u1ee5m T\u1eebng H\u1ea1t \u2013 H\u1ea1t \u0111i\u1ec1u nh\u00e2n tr\u1eafng lo\u1ea1i 1 to tr\u00f2n, ch\u1eafc th\u1ecbt \u0111\u01b0\u1ee3c con ng\u01b0\u1eddi ch\u1ea5t l\u01b0\u1ee3ng cao","og_url":"https:\/\/batubinhphuoc.vn\/en\/shop\/hat-dieu-toi-ot-ba-tu-binh-phuoc-65g-cay-nong-dam-da-gion-rum-tung-hat-goi-trung-sieu-tien-loi\/","og_site_name":"batubinhphuoc.vn","article_modified_time":"2026-03-12T07:20:24+00:00","og_image":[{"width":1024,"height":1024,"url":"https:\/\/batubinhphuoc.vn\/wp-content\/uploads\/2025\/11\/Hat-Dieu-Toi-Ot-Ba-Tu-Binh-Phuoc-65g-\u2013-Cay-Nong-Dam-Da-Gion-Rum-Tung-Hat-\u2013-Goi-Trung-Sieu-Tien-Loi-1.webp","type":"image\/webp"}],"twitter_card":"summary_large_image","twitter_misc":{"Est. reading time":"3 minutes"},"schema":{"@context":"https:\/\/schema.org","@graph":[{"@type":"WebPage","@id":"https:\/\/batubinhphuoc.vn\/shop\/hat-dieu-toi-ot-ba-tu-binh-phuoc-65g-cay-nong-dam-da-gion-rum-tung-hat-goi-trung-sieu-tien-loi\/","url":"https:\/\/batubinhphuoc.vn\/shop\/hat-dieu-toi-ot-ba-tu-binh-phuoc-65g-cay-nong-dam-da-gion-rum-tung-hat-goi-trung-sieu-tien-loi\/","name":"H\u1ea1t \u0110i\u1ec1u T\u1ecfi \u1edat B\u00e0 T\u01b0 B\u00ecnh Ph\u01b0\u1edbc 65g-Cay N\u1ed3ng \u0110\u1eadm \u0110\u00e0 - batubinhphuoc.vn","isPartOf":{"@id":"https:\/\/batubinhphuoc.vn\/#website"},"primaryImageOfPage":{"@id":"https:\/\/batubinhphuoc.vn\/shop\/hat-dieu-toi-ot-ba-tu-binh-phuoc-65g-cay-nong-dam-da-gion-rum-tung-hat-goi-trung-sieu-tien-loi\/#primaryimage"},"image":{"@id":"https:\/\/batubinhphuoc.vn\/shop\/hat-dieu-toi-ot-ba-tu-binh-phuoc-65g-cay-nong-dam-da-gion-rum-tung-hat-goi-trung-sieu-tien-loi\/#primaryimage"},"thumbnailUrl":"https:\/\/batubinhphuoc.vn\/wp-content\/uploads\/2025\/11\/Hat-Dieu-Toi-Ot-Ba-Tu-Binh-Phuoc-65g-\u2013-Cay-Nong-Dam-Da-Gion-Rum-Tung-Hat-\u2013-Goi-Trung-Sieu-Tien-Loi-1.webp","datePublished":"2025-11-18T15:37:48+00:00","dateModified":"2026-03-12T07:20:24+00:00","description":"H\u1ea1t \u0110i\u1ec1u T\u1ecfi \u1edat B\u00e0 T\u01b0 B\u00ecnh Ph\u01b0\u1edbc 65g \u2013 Cay N\u1ed3ng \u0110\u1eadm \u0110\u00e0, Gi\u00f2n R\u1ee5m T\u1eebng H\u1ea1t \u2013 H\u1ea1t \u0111i\u1ec1u nh\u00e2n tr\u1eafng lo\u1ea1i 1 to tr\u00f2n, ch\u1eafc th\u1ecbt \u0111\u01b0\u1ee3c con ng\u01b0\u1eddi ch\u1ea5t l\u01b0\u1ee3ng cao","breadcrumb":{"@id":"https:\/\/batubinhphuoc.vn\/shop\/hat-dieu-toi-ot-ba-tu-binh-phuoc-65g-cay-nong-dam-da-gion-rum-tung-hat-goi-trung-sieu-tien-loi\/#breadcrumb"},"inLanguage":"en-US","potentialAction":[{"@type":"ReadAction","target":["https:\/\/batubinhphuoc.vn\/shop\/hat-dieu-toi-ot-ba-tu-binh-phuoc-65g-cay-nong-dam-da-gion-rum-tung-hat-goi-trung-sieu-tien-loi\/"]}]},{"@type":"ImageObject","inLanguage":"en-US","@id":"https:\/\/batubinhphuoc.vn\/shop\/hat-dieu-toi-ot-ba-tu-binh-phuoc-65g-cay-nong-dam-da-gion-rum-tung-hat-goi-trung-sieu-tien-loi\/#primaryimage","url":"https:\/\/batubinhphuoc.vn\/wp-content\/uploads\/2025\/11\/Hat-Dieu-Toi-Ot-Ba-Tu-Binh-Phuoc-65g-\u2013-Cay-Nong-Dam-Da-Gion-Rum-Tung-Hat-\u2013-Goi-Trung-Sieu-Tien-Loi-1.webp","contentUrl":"https:\/\/batubinhphuoc.vn\/wp-content\/uploads\/2025\/11\/Hat-Dieu-Toi-Ot-Ba-Tu-Binh-Phuoc-65g-\u2013-Cay-Nong-Dam-Da-Gion-Rum-Tung-Hat-\u2013-Goi-Trung-Sieu-Tien-Loi-1.webp","width":1024,"height":1024,"caption":"Hat-Dieu-Toi-Ot-Ba-Tu-Binh-Phuoc-65g"},{"@type":"BreadcrumbList","@id":"https:\/\/batubinhphuoc.vn\/shop\/hat-dieu-toi-ot-ba-tu-binh-phuoc-65g-cay-nong-dam-da-gion-rum-tung-hat-goi-trung-sieu-tien-loi\/#breadcrumb","itemListElement":[{"@type":"ListItem","position":1,"name":"Home","item":"https:\/\/batubinhphuoc.vn\/"},{"@type":"ListItem","position":2,"name":"S\u1ea3n ph\u1ea9m","item":"https:\/\/batubinhphuoc.vn\/shop\/"},{"@type":"ListItem","position":3,"name":"H\u1ea1t \u0110i\u1ec1u T\u1ecfi \u1edat B\u00e0 T\u01b0 B\u00ecnh Ph\u01b0\u1edbc 65g \u2013 Cay N\u1ed3ng \u0110\u1eadm \u0110\u00e0, Gi\u00f2n R\u1ee5m T\u1eebng H\u1ea1t \u2013 G\u00f3i Trung Si\u00eau Ti\u1ec7n L\u1ee3i"}]},{"@type":"WebSite","@id":"https:\/\/batubinhphuoc.vn\/#website","url":"https:\/\/batubinhphuoc.vn\/","name":"batubinhphuoc.vn","description":"","potentialAction":[{"@type":"SearchAction","target":{"@type":"EntryPoint","urlTemplate":"https:\/\/batubinhphuoc.vn\/?s={search_term_string}"},"query-input":{"@type":"PropertyValueSpecification","valueRequired":true,"valueName":"search_term_string"}}],"inLanguage":"en-US"}]}},"_links":{"self":[{"href":"https:\/\/batubinhphuoc.vn\/en\/wp-json\/wp\/v2\/product\/1108","targetHints":{"allow":["GET"]}}],"collection":[{"href":"https:\/\/batubinhphuoc.vn\/en\/wp-json\/wp\/v2\/product"}],"about":[{"href":"https:\/\/batubinhphuoc.vn\/en\/wp-json\/wp\/v2\/types\/product"}],"replies":[{"embeddable":true,"href":"https:\/\/batubinhphuoc.vn\/en\/wp-json\/wp\/v2\/comments?post=1108"}],"wp:featuredmedia":[{"embeddable":true,"href":"https:\/\/batubinhphuoc.vn\/en\/wp-json\/wp\/v2\/media\/1165"}],"wp:attachment":[{"href":"https:\/\/batubinhphuoc.vn\/en\/wp-json\/wp\/v2\/media?parent=1108"}],"wp:term":[{"taxonomy":"product_brand","embeddable":true,"href":"https:\/\/batubinhphuoc.vn\/en\/wp-json\/wp\/v2\/product_brand?post=1108"},{"taxonomy":"product_cat","embeddable":true,"href":"https:\/\/batubinhphuoc.vn\/en\/wp-json\/wp\/v2\/product_cat?post=1108"},{"taxonomy":"product_tag","embeddable":true,"href":"https:\/\/batubinhphuoc.vn\/en\/wp-json\/wp\/v2\/product_tag?post=1108"}],"curies":[{"name":"wp","href":"https:\/\/api.w.org\/{rel}","templated":true}]}}