{"id":1109,"date":"2025-11-18T22:42:29","date_gmt":"2025-11-18T15:42:29","guid":{"rendered":"https:\/\/batubinhphuoc.vn\/?post_type=product&#038;p=1109"},"modified":"2026-03-12T14:26:25","modified_gmt":"2026-03-12T07:26:25","slug":"hat-dieu-nguyen-vi-ba-tu-binh-phuoc-30g-gion-rum-beo-ngay-tu-nhien-rang-cui-thu-cong-chinh-goc","status":"publish","type":"product","link":"https:\/\/batubinhphuoc.vn\/en\/shop\/hat-dieu-nguyen-vi-ba-tu-binh-phuoc-30g-gion-rum-beo-ngay-tu-nhien-rang-cui-thu-cong-chinh-goc\/","title":{"rendered":"Cashew nuts, Raw The April Binh Phuoc 30g \u2013 Crispy, greasy Natural, Roasted Wood handmade Original"},"content":{"rendered":"<p dir=\"auto\"><a href=\"https:\/\/www.facebook.com\/hatdieubatubinhphuoc.official\"><strong>H\u1ea1t \u0110i\u1ec1u G\u00f3i mini 30g si\u00eau ti\u1ec7n \u2013 Mang c\u1ea3 h\u01b0\u01a1ng v\u1ecb \u0111\u1ea5t \u0111\u1ecf bazan B\u00ecnh Ph\u01b0\u1edbc trong t\u00fai \u00e1o, balo, t\u00fai x\u00e1ch \u2013 \u0102n v\u1eb7t l\u00e0nh m\u1ea1nh m\u1ecdi l\u00fac m\u1ecdi n\u01a1i!<\/strong><\/a><\/p>\n<p dir=\"auto\">From the farm to the high quality of fellow S\u2019English &amp; Khmer in Bu Gia map \u2013 Binh Phuoc <strong>Cashew nuts, Raw The April 30g<\/strong> processed entirely in-house high quality machine according to recipes roasted wood crafts 38 years of Investment Nguyen The Thao. Cashew nuts, white, type 1, big tits, round, firm meat is high quality (the Vietnam original Binh Phuoc) - picked, sun dried, natural roasted slowly by firewood dry forests \u2013 out for beads iridescent golden, crispy, fat fleshy original, fragrant smoke wood rustic unmistakable.<\/p>\n<p dir=\"auto\">No salt \u2013 No sugar \u2013 No oil frying \u2013 No preservatives \u2013 100% high-quality raw materials from the planting of high-quality Binh Phuoc original.<\/p>\n<h3 dir=\"auto\"><a href=\"https:\/\/batubinhphuoc.vn\/en\/shop\/\">Why pack 30g ground April always \u201call in 1 music\u201d?<\/a><\/h3>\n<ul dir=\"auto\">\n<li>Cashew nuts type 1 Binh Phuoc tits best will most greasy natural<\/li>\n<li>Roasted wood traditional crafts \u2013 keep the full flavor smoke carpentry 38 years old<\/li>\n<li>Fleshy raw yet, a sweet, edible nostalgic't give a shit<\/li>\n<li>Plant achieved ISO 22000, HALAL, OCOP 4 stars \u2013 export to America, Japan, south Korea, Taiwan, Singapore<\/li>\n<li>Zip pocket 30g ultra compact \u2013 students get rid of the living room and remove the desk drawer, pocket travel jacket<\/li>\n<\/ul>\n<h3 dir=\"auto\">Th\u00e0nh ph\u1ea7n c\u1ee7a h\u1ea1t \u0111i\u1ec1u<\/h3>\n<ul dir=\"auto\">\n<li>100% cashew nuts, white type 1 Binh Phuoc \u2013 roasted wood crafts<\/li>\n<li>No oil \u2013 No salt \u2013 No sugar \u2013 No preservatives \u2013 No flavoring<\/li>\n<\/ul>\n<h3 dir=\"auto\">Nutritional value superior<\/h3>\n<ul dir=\"auto\">\n<li>Rich in vegetable protein, good fats, vitamin E, magnesium, zinc<\/li>\n<li>Good for your heart, skin beauty, enhance memory, aid weight loss<\/li>\n<li>Healthy snacks best for students, office people, vegetarians, gym<\/li>\n<\/ul>\n<h3 dir=\"auto\">Product information<\/h3>\n<ul dir=\"auto\">\n<li><strong>Product name<\/strong>: Cashew Nuts, Raw The April Binh Phuoc<\/li>\n<li><strong>Net weight<\/strong>: 30g<\/li>\n<li><strong>Packaging<\/strong>: Zip pockets, high vacuum, easy to tear<\/li>\n<li><strong>Term of use<\/strong>: 12 months<\/li>\n<li><strong>Place of origin<\/strong>: Binh Phuoc, Vietnam<\/li>\n<li><strong>Brand<\/strong>: April Binh Phuoc \u2013 Essence From The Center \u2013 Est.1987<\/li>\n<\/ul>\n<h3 dir=\"auto\">Usage &amp; preservation<\/h3>\n<ul dir=\"auto\">\n<li>Dress directly when studying, working, driving, watching movies<\/li>\n<li>Make topping salads, yogurt, tea, cakes<\/li>\n<li>Gift mini super meaning for friends, colleagues<\/li>\n<li>Stored in dry, cool<\/li>\n<\/ul>\n<h3 dir=\"auto\">Committed from April Binh Phuoc<\/h3>\n<ul dir=\"auto\">\n<li>100% cashew nuts Binh Phuoc original from garden &amp; home black fellow<\/li>\n<li>Return for free 1-1 in 7 days<\/li>\n<li>Nationwide delivery \u2013 Freeship city from 500k<\/li>\n<\/ul>\n<p dir=\"auto\"><strong>Only 30g, but enough for you to remember forever incense wood and the pristine of red, volcanic soil!<\/strong><\/p>","protected":false},"excerpt":{"rendered":"<p>H\u1ea1t \u0110i\u1ec1u G\u00f3i mini 30g si\u00eau ti\u1ec7n \u2013 Mang c\u1ea3 h\u01b0\u01a1ng v\u1ecb \u0111\u1ea5t \u0111\u1ecf bazan B\u00ecnh Ph\u01b0\u1edbc trong t\u00fai \u00e1o, balo, t\u00fai x\u00e1ch \u2013 \u0102n v\u1eb7t l\u00e0nh m\u1ea1nh m\u1ecdi l\u00fac m\u1ecdi n\u01a1i! T\u1eeb nh\u1eefng n\u00f4ng tr\u1ea1i ch\u1ea5t l\u01b0\u1ee3ng cao c\u1ee7a \u0111\u1ed3ng b\u00e0o S\u2019ti\u00eang &amp; Khmer t\u1ea1i B\u00f9 Gia M\u1eadp \u2013 B\u00ecnh Ph\u01b0\u1edbc, H\u1ea1t \u0110i\u1ec1u Nguy\u00ean&#8230;<\/p>","protected":false},"featured_media":1174,"comment_status":"open","ping_status":"closed","template":"","meta":[],"product_brand":[],"product_cat":[41],"product_tag":[88,93,85,87,91,94,90,86,89,92],"class_list":{"0":"post-1109","1":"product","2":"type-product","3":"status-publish","4":"has-post-thumbnail","6":"product_cat-hat-dieu-nguyen-vi","7":"product_tag-hat-dieu-ba-tu-30g-bo-tui","8":"product_tag-hat-dieu-ba-tu-binh-phuoc-nguyen-vi","9":"product_tag-hat-dieu-nguyen-vi-ba-tu-30g","10":"product_tag-hat-dieu-nguyen-vi-binh-phuoc-goi-nho","11":"product_tag-hat-dieu-nguyen-vi-ocop-4-sao","12":"product_tag-hat-dieu-nguyen-vi-tinh-tuy-tu-tam","13":"product_tag-hat-dieu-rang-cui-khong-dau-30g","14":"product_tag-hat-dieu-rang-cui-nguyen-vi-30g","15":"product_tag-mua-hat-dieu-nguyen-vi-30g-online","16":"product_tag-qua-tang-hat-dieu-mini-30g","18":"first","19":"instock","20":"sale","21":"shipping-taxable","22":"purchasable","23":"product-type-simple"},"yoast_head":"<!-- This site is optimized with the Yoast SEO plugin v26.4 - https:\/\/yoast.com\/wordpress\/plugins\/seo\/ -->\n<title>H\u1ea1t \u0110i\u1ec1u Nguy\u00ean V\u1ecb B\u00e0 T\u01b0 B\u00ecnh Ph\u01b0\u1edbc 30g \u2013 Gi\u00f2n R\u1ee5m B\u00e9o Ng\u1eady - batubinhphuoc.vn<\/title>\n<meta name=\"description\" content=\"H\u1ea1t \u0110i\u1ec1u Nguy\u00ean V\u1ecb B\u00e0 T\u01b0 B\u00ecnh Ph\u01b0\u1edbc 30g \u2013 Gi\u00f2n R\u1ee5m B\u00e9o Ng\u1eady T\u1ef1 Nhi\u00ean. Mang c\u1ea3 h\u01b0\u01a1ng v\u1ecb \u0111\u1ea5t \u0111\u1ecf bazan B\u00ecnh Ph\u01b0\u1edbc \u2013 \u0102n v\u1eb7t l\u00e0nh m\u1ea1nh m\u1ecdi l\u00fac m\u1ecdi n\u01a1i!\" \/>\n<meta name=\"robots\" content=\"index, follow, max-snippet:-1, max-image-preview:large, max-video-preview:-1\" \/>\n<link rel=\"canonical\" href=\"https:\/\/batubinhphuoc.vn\/en\/shop\/hat-dieu-nguyen-vi-ba-tu-binh-phuoc-30g-gion-rum-beo-ngay-tu-nhien-rang-cui-thu-cong-chinh-goc\/\" \/>\n<meta property=\"og:locale\" content=\"en_US\" \/>\n<meta property=\"og:type\" content=\"article\" \/>\n<meta property=\"og:title\" content=\"H\u1ea1t \u0110i\u1ec1u Nguy\u00ean V\u1ecb B\u00e0 T\u01b0 B\u00ecnh Ph\u01b0\u1edbc 30g \u2013 Gi\u00f2n R\u1ee5m B\u00e9o Ng\u1eady - batubinhphuoc.vn\" \/>\n<meta property=\"og:description\" content=\"H\u1ea1t \u0110i\u1ec1u Nguy\u00ean V\u1ecb B\u00e0 T\u01b0 B\u00ecnh Ph\u01b0\u1edbc 30g \u2013 Gi\u00f2n R\u1ee5m B\u00e9o Ng\u1eady T\u1ef1 Nhi\u00ean. Mang c\u1ea3 h\u01b0\u01a1ng v\u1ecb \u0111\u1ea5t \u0111\u1ecf bazan B\u00ecnh Ph\u01b0\u1edbc \u2013 \u0102n v\u1eb7t l\u00e0nh m\u1ea1nh m\u1ecdi l\u00fac m\u1ecdi n\u01a1i!\" \/>\n<meta property=\"og:url\" content=\"https:\/\/batubinhphuoc.vn\/en\/shop\/hat-dieu-nguyen-vi-ba-tu-binh-phuoc-30g-gion-rum-beo-ngay-tu-nhien-rang-cui-thu-cong-chinh-goc\/\" \/>\n<meta property=\"og:site_name\" content=\"batubinhphuoc.vn\" \/>\n<meta property=\"article:modified_time\" content=\"2026-03-12T07:26:25+00:00\" \/>\n<meta property=\"og:image\" content=\"https:\/\/batubinhphuoc.vn\/wp-content\/uploads\/2025\/11\/Hat-Dieu-Nguyen-Vi-Ba-Tu-Binh-Phuoc-30g-\u2013-Gion-Rum-Beo-Ngay-Tu-Nhien-Rang-Cui-Thu-Cong-Chinh-Goc-1.webp\" \/>\n\t<meta property=\"og:image:width\" content=\"1024\" \/>\n\t<meta property=\"og:image:height\" content=\"1024\" \/>\n\t<meta property=\"og:image:type\" content=\"image\/webp\" \/>\n<meta name=\"twitter:card\" content=\"summary_large_image\" \/>\n<meta name=\"twitter:label1\" content=\"Est. reading time\" \/>\n\t<meta name=\"twitter:data1\" content=\"3 minutes\" \/>\n<script type=\"application\/ld+json\" class=\"yoast-schema-graph\">{\"@context\":\"https:\/\/schema.org\",\"@graph\":[{\"@type\":\"WebPage\",\"@id\":\"https:\/\/batubinhphuoc.vn\/shop\/hat-dieu-nguyen-vi-ba-tu-binh-phuoc-30g-gion-rum-beo-ngay-tu-nhien-rang-cui-thu-cong-chinh-goc\/\",\"url\":\"https:\/\/batubinhphuoc.vn\/shop\/hat-dieu-nguyen-vi-ba-tu-binh-phuoc-30g-gion-rum-beo-ngay-tu-nhien-rang-cui-thu-cong-chinh-goc\/\",\"name\":\"H\u1ea1t \u0110i\u1ec1u Nguy\u00ean V\u1ecb B\u00e0 T\u01b0 B\u00ecnh Ph\u01b0\u1edbc 30g \u2013 Gi\u00f2n R\u1ee5m B\u00e9o Ng\u1eady - batubinhphuoc.vn\",\"isPartOf\":{\"@id\":\"https:\/\/batubinhphuoc.vn\/#website\"},\"primaryImageOfPage\":{\"@id\":\"https:\/\/batubinhphuoc.vn\/shop\/hat-dieu-nguyen-vi-ba-tu-binh-phuoc-30g-gion-rum-beo-ngay-tu-nhien-rang-cui-thu-cong-chinh-goc\/#primaryimage\"},\"image\":{\"@id\":\"https:\/\/batubinhphuoc.vn\/shop\/hat-dieu-nguyen-vi-ba-tu-binh-phuoc-30g-gion-rum-beo-ngay-tu-nhien-rang-cui-thu-cong-chinh-goc\/#primaryimage\"},\"thumbnailUrl\":\"https:\/\/batubinhphuoc.vn\/wp-content\/uploads\/2025\/11\/Hat-Dieu-Nguyen-Vi-Ba-Tu-Binh-Phuoc-30g-\u2013-Gion-Rum-Beo-Ngay-Tu-Nhien-Rang-Cui-Thu-Cong-Chinh-Goc-1.webp\",\"datePublished\":\"2025-11-18T15:42:29+00:00\",\"dateModified\":\"2026-03-12T07:26:25+00:00\",\"description\":\"H\u1ea1t \u0110i\u1ec1u Nguy\u00ean V\u1ecb B\u00e0 T\u01b0 B\u00ecnh Ph\u01b0\u1edbc 30g \u2013 Gi\u00f2n R\u1ee5m B\u00e9o Ng\u1eady T\u1ef1 Nhi\u00ean. Mang c\u1ea3 h\u01b0\u01a1ng v\u1ecb \u0111\u1ea5t \u0111\u1ecf bazan B\u00ecnh Ph\u01b0\u1edbc \u2013 \u0102n v\u1eb7t l\u00e0nh m\u1ea1nh m\u1ecdi l\u00fac m\u1ecdi n\u01a1i!\",\"breadcrumb\":{\"@id\":\"https:\/\/batubinhphuoc.vn\/shop\/hat-dieu-nguyen-vi-ba-tu-binh-phuoc-30g-gion-rum-beo-ngay-tu-nhien-rang-cui-thu-cong-chinh-goc\/#breadcrumb\"},\"inLanguage\":\"en-US\",\"potentialAction\":[{\"@type\":\"ReadAction\",\"target\":[\"https:\/\/batubinhphuoc.vn\/shop\/hat-dieu-nguyen-vi-ba-tu-binh-phuoc-30g-gion-rum-beo-ngay-tu-nhien-rang-cui-thu-cong-chinh-goc\/\"]}]},{\"@type\":\"ImageObject\",\"inLanguage\":\"en-US\",\"@id\":\"https:\/\/batubinhphuoc.vn\/shop\/hat-dieu-nguyen-vi-ba-tu-binh-phuoc-30g-gion-rum-beo-ngay-tu-nhien-rang-cui-thu-cong-chinh-goc\/#primaryimage\",\"url\":\"https:\/\/batubinhphuoc.vn\/wp-content\/uploads\/2025\/11\/Hat-Dieu-Nguyen-Vi-Ba-Tu-Binh-Phuoc-30g-\u2013-Gion-Rum-Beo-Ngay-Tu-Nhien-Rang-Cui-Thu-Cong-Chinh-Goc-1.webp\",\"contentUrl\":\"https:\/\/batubinhphuoc.vn\/wp-content\/uploads\/2025\/11\/Hat-Dieu-Nguyen-Vi-Ba-Tu-Binh-Phuoc-30g-\u2013-Gion-Rum-Beo-Ngay-Tu-Nhien-Rang-Cui-Thu-Cong-Chinh-Goc-1.webp\",\"width\":1024,\"height\":1024},{\"@type\":\"BreadcrumbList\",\"@id\":\"https:\/\/batubinhphuoc.vn\/shop\/hat-dieu-nguyen-vi-ba-tu-binh-phuoc-30g-gion-rum-beo-ngay-tu-nhien-rang-cui-thu-cong-chinh-goc\/#breadcrumb\",\"itemListElement\":[{\"@type\":\"ListItem\",\"position\":1,\"name\":\"Home\",\"item\":\"https:\/\/batubinhphuoc.vn\/\"},{\"@type\":\"ListItem\",\"position\":2,\"name\":\"S\u1ea3n ph\u1ea9m\",\"item\":\"https:\/\/batubinhphuoc.vn\/shop\/\"},{\"@type\":\"ListItem\",\"position\":3,\"name\":\"H\u1ea1t \u0110i\u1ec1u Nguy\u00ean V\u1ecb B\u00e0 T\u01b0 B\u00ecnh Ph\u01b0\u1edbc 30g \u2013 Gi\u00f2n R\u1ee5m B\u00e9o Ng\u1eady T\u1ef1 Nhi\u00ean, Rang C\u1ee7i Th\u1ee7 C\u00f4ng Ch\u00ednh G\u1ed1c\"}]},{\"@type\":\"WebSite\",\"@id\":\"https:\/\/batubinhphuoc.vn\/#website\",\"url\":\"https:\/\/batubinhphuoc.vn\/\",\"name\":\"batubinhphuoc.vn\",\"description\":\"\",\"potentialAction\":[{\"@type\":\"SearchAction\",\"target\":{\"@type\":\"EntryPoint\",\"urlTemplate\":\"https:\/\/batubinhphuoc.vn\/?s={search_term_string}\"},\"query-input\":{\"@type\":\"PropertyValueSpecification\",\"valueRequired\":true,\"valueName\":\"search_term_string\"}}],\"inLanguage\":\"en-US\"}]}<\/script>\n<!-- \/ Yoast SEO plugin. -->","yoast_head_json":{"title":"H\u1ea1t \u0110i\u1ec1u Nguy\u00ean V\u1ecb B\u00e0 T\u01b0 B\u00ecnh Ph\u01b0\u1edbc 30g \u2013 Gi\u00f2n R\u1ee5m B\u00e9o Ng\u1eady - batubinhphuoc.vn","description":"H\u1ea1t \u0110i\u1ec1u Nguy\u00ean V\u1ecb B\u00e0 T\u01b0 B\u00ecnh Ph\u01b0\u1edbc 30g \u2013 Gi\u00f2n R\u1ee5m B\u00e9o Ng\u1eady T\u1ef1 Nhi\u00ean. Mang c\u1ea3 h\u01b0\u01a1ng v\u1ecb \u0111\u1ea5t \u0111\u1ecf bazan B\u00ecnh Ph\u01b0\u1edbc \u2013 \u0102n v\u1eb7t l\u00e0nh m\u1ea1nh m\u1ecdi l\u00fac m\u1ecdi n\u01a1i!","robots":{"index":"index","follow":"follow","max-snippet":"max-snippet:-1","max-image-preview":"max-image-preview:large","max-video-preview":"max-video-preview:-1"},"canonical":"https:\/\/batubinhphuoc.vn\/en\/shop\/hat-dieu-nguyen-vi-ba-tu-binh-phuoc-30g-gion-rum-beo-ngay-tu-nhien-rang-cui-thu-cong-chinh-goc\/","og_locale":"en_US","og_type":"article","og_title":"H\u1ea1t \u0110i\u1ec1u Nguy\u00ean V\u1ecb B\u00e0 T\u01b0 B\u00ecnh Ph\u01b0\u1edbc 30g \u2013 Gi\u00f2n R\u1ee5m B\u00e9o Ng\u1eady - batubinhphuoc.vn","og_description":"H\u1ea1t \u0110i\u1ec1u Nguy\u00ean V\u1ecb B\u00e0 T\u01b0 B\u00ecnh Ph\u01b0\u1edbc 30g \u2013 Gi\u00f2n R\u1ee5m B\u00e9o Ng\u1eady T\u1ef1 Nhi\u00ean. Mang c\u1ea3 h\u01b0\u01a1ng v\u1ecb \u0111\u1ea5t \u0111\u1ecf bazan B\u00ecnh Ph\u01b0\u1edbc \u2013 \u0102n v\u1eb7t l\u00e0nh m\u1ea1nh m\u1ecdi l\u00fac m\u1ecdi n\u01a1i!","og_url":"https:\/\/batubinhphuoc.vn\/en\/shop\/hat-dieu-nguyen-vi-ba-tu-binh-phuoc-30g-gion-rum-beo-ngay-tu-nhien-rang-cui-thu-cong-chinh-goc\/","og_site_name":"batubinhphuoc.vn","article_modified_time":"2026-03-12T07:26:25+00:00","og_image":[{"width":1024,"height":1024,"url":"https:\/\/batubinhphuoc.vn\/wp-content\/uploads\/2025\/11\/Hat-Dieu-Nguyen-Vi-Ba-Tu-Binh-Phuoc-30g-\u2013-Gion-Rum-Beo-Ngay-Tu-Nhien-Rang-Cui-Thu-Cong-Chinh-Goc-1.webp","type":"image\/webp"}],"twitter_card":"summary_large_image","twitter_misc":{"Est. reading time":"3 minutes"},"schema":{"@context":"https:\/\/schema.org","@graph":[{"@type":"WebPage","@id":"https:\/\/batubinhphuoc.vn\/shop\/hat-dieu-nguyen-vi-ba-tu-binh-phuoc-30g-gion-rum-beo-ngay-tu-nhien-rang-cui-thu-cong-chinh-goc\/","url":"https:\/\/batubinhphuoc.vn\/shop\/hat-dieu-nguyen-vi-ba-tu-binh-phuoc-30g-gion-rum-beo-ngay-tu-nhien-rang-cui-thu-cong-chinh-goc\/","name":"H\u1ea1t \u0110i\u1ec1u Nguy\u00ean V\u1ecb B\u00e0 T\u01b0 B\u00ecnh Ph\u01b0\u1edbc 30g \u2013 Gi\u00f2n R\u1ee5m B\u00e9o Ng\u1eady - batubinhphuoc.vn","isPartOf":{"@id":"https:\/\/batubinhphuoc.vn\/#website"},"primaryImageOfPage":{"@id":"https:\/\/batubinhphuoc.vn\/shop\/hat-dieu-nguyen-vi-ba-tu-binh-phuoc-30g-gion-rum-beo-ngay-tu-nhien-rang-cui-thu-cong-chinh-goc\/#primaryimage"},"image":{"@id":"https:\/\/batubinhphuoc.vn\/shop\/hat-dieu-nguyen-vi-ba-tu-binh-phuoc-30g-gion-rum-beo-ngay-tu-nhien-rang-cui-thu-cong-chinh-goc\/#primaryimage"},"thumbnailUrl":"https:\/\/batubinhphuoc.vn\/wp-content\/uploads\/2025\/11\/Hat-Dieu-Nguyen-Vi-Ba-Tu-Binh-Phuoc-30g-\u2013-Gion-Rum-Beo-Ngay-Tu-Nhien-Rang-Cui-Thu-Cong-Chinh-Goc-1.webp","datePublished":"2025-11-18T15:42:29+00:00","dateModified":"2026-03-12T07:26:25+00:00","description":"H\u1ea1t \u0110i\u1ec1u Nguy\u00ean V\u1ecb B\u00e0 T\u01b0 B\u00ecnh Ph\u01b0\u1edbc 30g \u2013 Gi\u00f2n R\u1ee5m B\u00e9o Ng\u1eady T\u1ef1 Nhi\u00ean. Mang c\u1ea3 h\u01b0\u01a1ng v\u1ecb \u0111\u1ea5t \u0111\u1ecf bazan B\u00ecnh Ph\u01b0\u1edbc \u2013 \u0102n v\u1eb7t l\u00e0nh m\u1ea1nh m\u1ecdi l\u00fac m\u1ecdi n\u01a1i!","breadcrumb":{"@id":"https:\/\/batubinhphuoc.vn\/shop\/hat-dieu-nguyen-vi-ba-tu-binh-phuoc-30g-gion-rum-beo-ngay-tu-nhien-rang-cui-thu-cong-chinh-goc\/#breadcrumb"},"inLanguage":"en-US","potentialAction":[{"@type":"ReadAction","target":["https:\/\/batubinhphuoc.vn\/shop\/hat-dieu-nguyen-vi-ba-tu-binh-phuoc-30g-gion-rum-beo-ngay-tu-nhien-rang-cui-thu-cong-chinh-goc\/"]}]},{"@type":"ImageObject","inLanguage":"en-US","@id":"https:\/\/batubinhphuoc.vn\/shop\/hat-dieu-nguyen-vi-ba-tu-binh-phuoc-30g-gion-rum-beo-ngay-tu-nhien-rang-cui-thu-cong-chinh-goc\/#primaryimage","url":"https:\/\/batubinhphuoc.vn\/wp-content\/uploads\/2025\/11\/Hat-Dieu-Nguyen-Vi-Ba-Tu-Binh-Phuoc-30g-\u2013-Gion-Rum-Beo-Ngay-Tu-Nhien-Rang-Cui-Thu-Cong-Chinh-Goc-1.webp","contentUrl":"https:\/\/batubinhphuoc.vn\/wp-content\/uploads\/2025\/11\/Hat-Dieu-Nguyen-Vi-Ba-Tu-Binh-Phuoc-30g-\u2013-Gion-Rum-Beo-Ngay-Tu-Nhien-Rang-Cui-Thu-Cong-Chinh-Goc-1.webp","width":1024,"height":1024},{"@type":"BreadcrumbList","@id":"https:\/\/batubinhphuoc.vn\/shop\/hat-dieu-nguyen-vi-ba-tu-binh-phuoc-30g-gion-rum-beo-ngay-tu-nhien-rang-cui-thu-cong-chinh-goc\/#breadcrumb","itemListElement":[{"@type":"ListItem","position":1,"name":"Home","item":"https:\/\/batubinhphuoc.vn\/"},{"@type":"ListItem","position":2,"name":"S\u1ea3n ph\u1ea9m","item":"https:\/\/batubinhphuoc.vn\/shop\/"},{"@type":"ListItem","position":3,"name":"H\u1ea1t \u0110i\u1ec1u Nguy\u00ean V\u1ecb B\u00e0 T\u01b0 B\u00ecnh Ph\u01b0\u1edbc 30g \u2013 Gi\u00f2n R\u1ee5m B\u00e9o Ng\u1eady T\u1ef1 Nhi\u00ean, Rang C\u1ee7i Th\u1ee7 C\u00f4ng Ch\u00ednh G\u1ed1c"}]},{"@type":"WebSite","@id":"https:\/\/batubinhphuoc.vn\/#website","url":"https:\/\/batubinhphuoc.vn\/","name":"batubinhphuoc.vn","description":"","potentialAction":[{"@type":"SearchAction","target":{"@type":"EntryPoint","urlTemplate":"https:\/\/batubinhphuoc.vn\/?s={search_term_string}"},"query-input":{"@type":"PropertyValueSpecification","valueRequired":true,"valueName":"search_term_string"}}],"inLanguage":"en-US"}]}},"_links":{"self":[{"href":"https:\/\/batubinhphuoc.vn\/en\/wp-json\/wp\/v2\/product\/1109","targetHints":{"allow":["GET"]}}],"collection":[{"href":"https:\/\/batubinhphuoc.vn\/en\/wp-json\/wp\/v2\/product"}],"about":[{"href":"https:\/\/batubinhphuoc.vn\/en\/wp-json\/wp\/v2\/types\/product"}],"replies":[{"embeddable":true,"href":"https:\/\/batubinhphuoc.vn\/en\/wp-json\/wp\/v2\/comments?post=1109"}],"wp:featuredmedia":[{"embeddable":true,"href":"https:\/\/batubinhphuoc.vn\/en\/wp-json\/wp\/v2\/media\/1174"}],"wp:attachment":[{"href":"https:\/\/batubinhphuoc.vn\/en\/wp-json\/wp\/v2\/media?parent=1109"}],"wp:term":[{"taxonomy":"product_brand","embeddable":true,"href":"https:\/\/batubinhphuoc.vn\/en\/wp-json\/wp\/v2\/product_brand?post=1109"},{"taxonomy":"product_cat","embeddable":true,"href":"https:\/\/batubinhphuoc.vn\/en\/wp-json\/wp\/v2\/product_cat?post=1109"},{"taxonomy":"product_tag","embeddable":true,"href":"https:\/\/batubinhphuoc.vn\/en\/wp-json\/wp\/v2\/product_tag?post=1109"}],"curies":[{"name":"wp","href":"https:\/\/api.w.org\/{rel}","templated":true}]}}