{"id":1110,"date":"2025-11-18T22:48:29","date_gmt":"2025-11-18T15:48:29","guid":{"rendered":"https:\/\/batubinhphuoc.vn\/?post_type=product&#038;p=1110"},"modified":"2026-03-12T14:34:12","modified_gmt":"2026-03-12T07:34:12","slug":"hat-dieu-vo-lua-ba-tu-binh-phuoc-205g-65g-30g-gion-bui-moc-mac-huong-khoi-cui","status":"publish","type":"product","link":"https:\/\/batubinhphuoc.vn\/en\/shop\/hat-dieu-vo-lua-ba-tu-binh-phuoc-205g-65g-30g-gion-bui-moc-mac-huong-khoi-cui\/","title":{"rendered":"Cashew nut Shell Silk April Binh Phuoc 205g | 65g | 30g \u2013 Crispy Bui Rustic Flavor, the Smoke of Firewood"},"content":{"rendered":"<p dir=\"auto\"><a href=\"https:\/\/batubinhphuoc.vn\/en\/shop\/\"><strong>H\u1ea1t \u0111i\u1ec1u l\u00e0 m\u00f3n \u0103n v\u1eb7t truy\u1ec1n th\u1ed1ng \u0111\u01b0\u1ee3c y\u00eau th\u00edch nh\u1ea5t Vi\u1ec7t Nam \u2013 Gi\u1eef nguy\u00ean l\u1edbp v\u1ecf l\u1ee5a gi\u00e0u d\u01b0\u1ee1ng ch\u1ea5t, rang th\u1ee7 c\u00f4ng b\u1eb1ng c\u1ee7i r\u1eebng, kh\u00f4ng d\u1ea7u, kh\u00f4ng mu\u1ed1i, kh\u00f4ng ch\u1ea5t b\u1ea3o qu\u1ea3n!<\/strong><\/a><\/p>\n<p dir=\"auto\">From the farm to the high quality of fellow S'tieng in Bu Gia map \u2013 Binh Phuoc <strong>Cashew Nut Shell Silk April<\/strong> fully processed in the factory of high quality according to traditional secret 38 years of Investment Nguyen The Thao. Cashew nuts type 1 to round be human high quality, selective meticulous, slow roasting on the fire firewood dry forests, keep the crust brown silk natural thin to fleshy, fat, bold, a light, fragrant smoke of firewood, rustic can not be found in any products industry does.<\/p>\n<h3 dir=\"auto\"><a href=\"https:\/\/www.facebook.com\/hatdieubatubinhphuoc.official\">Why Cashew flower April always \u201csold out\u201d if the price higher than the market?<\/a><\/h3>\n<ul dir=\"auto\">\n<li>100% cashew nuts type 1 Binh Phuoc from the high-quality planting<\/li>\n<li>Roasted wood traditional crafts \u2013 keep the whole crust silk &amp; flavor, natural smoke<\/li>\n<li>Fleshy featured + a slightly bitter ethereal \u2013 eat 1 times remember all my life<\/li>\n<li>Plant achieved ISO 22000, HALAL, OCOP 4 stars \u2013 export to American, Japanese, Korean, Singapore<\/li>\n<li>The 3rd full size convenience: box 205g luxury bags, 65g, office bag, 30g pocket<\/li>\n<\/ul>\n<h3 dir=\"auto\">Th\u00e0nh ph\u1ea7n c\u1ee7a h\u1ea1t \u0111i\u1ec1u<\/h3>\n<ul dir=\"auto\">\n<li>100% cashew nuts type 1 Binh Phuoc keep the shells natural silk<\/li>\n<li>Roasted handmade firewood dry forests<\/li>\n<li>No oil frying \u2013 No salt \u2013 No sugar \u2013 No preservatives \u2013 No flavoring<\/li>\n<\/ul>\n<h3 dir=\"auto\">Nutritional value superior<\/h3>\n<ul dir=\"auto\">\n<li>Silk mantle contains more antioxidants in nuts<\/li>\n<li>Rich in good fats, protein, magnesium, vitamin E \u2013 good for cardiovascular, brain, skin<\/li>\n<li>Healthy snacks, no long support, weight loss, fit vegetarians &amp; eat-clean<\/li>\n<\/ul>\n<h3 dir=\"auto\">Product information<\/h3>\n<ul dir=\"auto\">\n<li><strong>Product name<\/strong>: Cashew Nut Shell Silk April Binh Phuoc<\/li>\n<li><strong>Volume<\/strong>: 205g (large box) | 65g (bags) | 30g (pocket mini)<\/li>\n<li><strong>Specification<\/strong>: Plastic box PET or zip bag high vacuum level<\/li>\n<li><strong>Term of use<\/strong>: 12 months<\/li>\n<li><strong>Place of origin<\/strong>: Binh Phuoc, Vietnam<\/li>\n<li><strong>Brand<\/strong>: April Binh Phuoc \u2013 Essence From The Center \u2013 Est.1987<\/li>\n<\/ul>\n<h3 dir=\"auto\">Usage &amp; preservation<\/h3>\n<ul dir=\"auto\">\n<li>Dress directly sip tea, coffee<\/li>\n<li>Make topping salads, yogurt, pastries, tea<\/li>\n<li>Gifts health extremely luxury &amp; meaning for older people<\/li>\n<li>Stored in dry, cool<\/li>\n<\/ul>\n<h3 dir=\"auto\">Committed from April Binh Phuoc<\/h3>\n<ul dir=\"auto\">\n<li>100% cashew nuts Binh Phuoc original from house garden<\/li>\n<li>Return for free 1-1 in 7 days<\/li>\n<li>Nationwide delivery \u2013 Freeship city from 500k<\/li>\n<\/ul>\n<p dir=\"auto\"><strong>Once bite crust silk crispy, you will understand why the gourmet ready to wait all year to get seeds April the original!<\/strong><\/p>","protected":false},"excerpt":{"rendered":"<p>H\u1ea1t \u0111i\u1ec1u l\u00e0 m\u00f3n \u0103n v\u1eb7t truy\u1ec1n th\u1ed1ng \u0111\u01b0\u1ee3c y\u00eau th\u00edch nh\u1ea5t Vi\u1ec7t Nam \u2013 Gi\u1eef nguy\u00ean l\u1edbp v\u1ecf l\u1ee5a gi\u00e0u d\u01b0\u1ee1ng ch\u1ea5t, rang th\u1ee7 c\u00f4ng b\u1eb1ng c\u1ee7i r\u1eebng, kh\u00f4ng d\u1ea7u, kh\u00f4ng mu\u1ed1i, kh\u00f4ng ch\u1ea5t b\u1ea3o qu\u1ea3n! T\u1eeb nh\u1eefng n\u00f4ng tr\u1ea1i ch\u1ea5t l\u01b0\u1ee3ng cao c\u1ee7a \u0111\u1ed3ng b\u00e0o S\u2019ti\u00eang t\u1ea1i B\u00f9 Gia M\u1eadp \u2013 B\u00ecnh Ph\u01b0\u1edbc,&#8230;<\/p>","protected":false},"featured_media":1183,"comment_status":"open","ping_status":"closed","template":"","meta":[],"product_brand":[],"product_cat":[40],"product_tag":[30,96,31,32,35,39,38,95,34,97],"class_list":{"0":"post-1110","1":"product","2":"type-product","3":"status-publish","4":"has-post-thumbnail","6":"product_cat-hat-dieu-vo-lua","7":"product_tag-hat-dieu-ba-tu-tinh-tuy-tu-tam","8":"product_tag-hat-dieu-vo-lua-205g-65g-30g","9":"product_tag-hat-dieu-vo-lua-ba-tu-binh-phuoc","10":"product_tag-hat-dieu-vo-lua-binh-phuoc-chinh-goc","11":"product_tag-hat-dieu-vo-lua-loai-1-binh-phuoc","12":"product_tag-hat-dieu-vo-lua-ngon-nhat-viet-nam","13":"product_tag-hat-dieu-vo-lua-ocop-4-sao","14":"product_tag-hat-dieu-vo-lua-rang-cui-ba-tu","15":"product_tag-mua-hat-dieu-vo-lua-online","16":"product_tag-qua-tang-hat-dieu-vo-lua-cao-cap","18":"first","19":"instock","20":"sale","21":"shipping-taxable","22":"purchasable","23":"product-type-variable"},"yoast_head":"<!-- This site is optimized with the Yoast SEO plugin v26.4 - https:\/\/yoast.com\/wordpress\/plugins\/seo\/ -->\n<title>H\u1ea1t \u0110i\u1ec1u V\u1ecf L\u1ee5a B\u00e0 T\u01b0 B\u00ecnh Ph\u01b0\u1edbc 205g | 65g | 30g - batubinhphuoc.vn<\/title>\n<meta name=\"description\" content=\"H\u1ea1t \u0110i\u1ec1u V\u1ecf L\u1ee5a B\u00e0 T\u01b0 B\u00ecnh Ph\u01b0\u1edbc 205g | 65g | 30g. M\u00f3n \u0103n v\u1eb7t \u0111\u01b0\u1ee3c y\u00eau th\u00edch nh\u1ea5t rang th\u1ee7 c\u00f4ng b\u1eb1ng c\u1ee7i r\u1eebng, kh\u00f4ng d\u1ea7u, kh\u00f4ng mu\u1ed1i, kh\u00f4ng ch\u1ea5t b\u1ea3o qu\u1ea3n!\" \/>\n<meta name=\"robots\" content=\"index, follow, max-snippet:-1, max-image-preview:large, max-video-preview:-1\" \/>\n<link rel=\"canonical\" href=\"https:\/\/batubinhphuoc.vn\/en\/shop\/hat-dieu-vo-lua-ba-tu-binh-phuoc-205g-65g-30g-gion-bui-moc-mac-huong-khoi-cui\/\" \/>\n<meta property=\"og:locale\" content=\"en_US\" \/>\n<meta property=\"og:type\" content=\"article\" \/>\n<meta property=\"og:title\" content=\"H\u1ea1t \u0110i\u1ec1u V\u1ecf L\u1ee5a B\u00e0 T\u01b0 B\u00ecnh Ph\u01b0\u1edbc 205g | 65g | 30g - batubinhphuoc.vn\" \/>\n<meta property=\"og:description\" content=\"H\u1ea1t \u0110i\u1ec1u V\u1ecf L\u1ee5a B\u00e0 T\u01b0 B\u00ecnh Ph\u01b0\u1edbc 205g | 65g | 30g. M\u00f3n \u0103n v\u1eb7t \u0111\u01b0\u1ee3c y\u00eau th\u00edch nh\u1ea5t rang th\u1ee7 c\u00f4ng b\u1eb1ng c\u1ee7i r\u1eebng, kh\u00f4ng d\u1ea7u, kh\u00f4ng mu\u1ed1i, kh\u00f4ng ch\u1ea5t b\u1ea3o qu\u1ea3n!\" \/>\n<meta property=\"og:url\" content=\"https:\/\/batubinhphuoc.vn\/en\/shop\/hat-dieu-vo-lua-ba-tu-binh-phuoc-205g-65g-30g-gion-bui-moc-mac-huong-khoi-cui\/\" \/>\n<meta property=\"og:site_name\" content=\"batubinhphuoc.vn\" \/>\n<meta property=\"article:modified_time\" content=\"2026-03-12T07:34:12+00:00\" \/>\n<meta property=\"og:image\" content=\"https:\/\/batubinhphuoc.vn\/wp-content\/uploads\/2025\/11\/Hat-Dieu-Vo-Lua-Ba-Tu-Binh-Phuoc-205g-65g-30g-\u2013-Gion-Bui-Moc-Mac-Huong-Khoi-Cui-1.webp\" \/>\n\t<meta property=\"og:image:width\" content=\"1024\" \/>\n\t<meta property=\"og:image:height\" content=\"1024\" \/>\n\t<meta property=\"og:image:type\" content=\"image\/webp\" \/>\n<meta name=\"twitter:card\" content=\"summary_large_image\" \/>\n<meta name=\"twitter:label1\" content=\"Est. reading time\" \/>\n\t<meta name=\"twitter:data1\" content=\"3 minutes\" \/>\n<script type=\"application\/ld+json\" class=\"yoast-schema-graph\">{\"@context\":\"https:\/\/schema.org\",\"@graph\":[{\"@type\":\"WebPage\",\"@id\":\"https:\/\/batubinhphuoc.vn\/shop\/hat-dieu-vo-lua-ba-tu-binh-phuoc-205g-65g-30g-gion-bui-moc-mac-huong-khoi-cui\/\",\"url\":\"https:\/\/batubinhphuoc.vn\/shop\/hat-dieu-vo-lua-ba-tu-binh-phuoc-205g-65g-30g-gion-bui-moc-mac-huong-khoi-cui\/\",\"name\":\"H\u1ea1t \u0110i\u1ec1u V\u1ecf L\u1ee5a B\u00e0 T\u01b0 B\u00ecnh Ph\u01b0\u1edbc 205g | 65g | 30g - batubinhphuoc.vn\",\"isPartOf\":{\"@id\":\"https:\/\/batubinhphuoc.vn\/#website\"},\"primaryImageOfPage\":{\"@id\":\"https:\/\/batubinhphuoc.vn\/shop\/hat-dieu-vo-lua-ba-tu-binh-phuoc-205g-65g-30g-gion-bui-moc-mac-huong-khoi-cui\/#primaryimage\"},\"image\":{\"@id\":\"https:\/\/batubinhphuoc.vn\/shop\/hat-dieu-vo-lua-ba-tu-binh-phuoc-205g-65g-30g-gion-bui-moc-mac-huong-khoi-cui\/#primaryimage\"},\"thumbnailUrl\":\"https:\/\/batubinhphuoc.vn\/wp-content\/uploads\/2025\/11\/Hat-Dieu-Vo-Lua-Ba-Tu-Binh-Phuoc-205g-65g-30g-\u2013-Gion-Bui-Moc-Mac-Huong-Khoi-Cui-1.webp\",\"datePublished\":\"2025-11-18T15:48:29+00:00\",\"dateModified\":\"2026-03-12T07:34:12+00:00\",\"description\":\"H\u1ea1t \u0110i\u1ec1u V\u1ecf L\u1ee5a B\u00e0 T\u01b0 B\u00ecnh Ph\u01b0\u1edbc 205g | 65g | 30g. M\u00f3n \u0103n v\u1eb7t \u0111\u01b0\u1ee3c y\u00eau th\u00edch nh\u1ea5t rang th\u1ee7 c\u00f4ng b\u1eb1ng c\u1ee7i r\u1eebng, kh\u00f4ng d\u1ea7u, kh\u00f4ng mu\u1ed1i, kh\u00f4ng ch\u1ea5t b\u1ea3o qu\u1ea3n!\",\"breadcrumb\":{\"@id\":\"https:\/\/batubinhphuoc.vn\/shop\/hat-dieu-vo-lua-ba-tu-binh-phuoc-205g-65g-30g-gion-bui-moc-mac-huong-khoi-cui\/#breadcrumb\"},\"inLanguage\":\"en-US\",\"potentialAction\":[{\"@type\":\"ReadAction\",\"target\":[\"https:\/\/batubinhphuoc.vn\/shop\/hat-dieu-vo-lua-ba-tu-binh-phuoc-205g-65g-30g-gion-bui-moc-mac-huong-khoi-cui\/\"]}]},{\"@type\":\"ImageObject\",\"inLanguage\":\"en-US\",\"@id\":\"https:\/\/batubinhphuoc.vn\/shop\/hat-dieu-vo-lua-ba-tu-binh-phuoc-205g-65g-30g-gion-bui-moc-mac-huong-khoi-cui\/#primaryimage\",\"url\":\"https:\/\/batubinhphuoc.vn\/wp-content\/uploads\/2025\/11\/Hat-Dieu-Vo-Lua-Ba-Tu-Binh-Phuoc-205g-65g-30g-\u2013-Gion-Bui-Moc-Mac-Huong-Khoi-Cui-1.webp\",\"contentUrl\":\"https:\/\/batubinhphuoc.vn\/wp-content\/uploads\/2025\/11\/Hat-Dieu-Vo-Lua-Ba-Tu-Binh-Phuoc-205g-65g-30g-\u2013-Gion-Bui-Moc-Mac-Huong-Khoi-Cui-1.webp\",\"width\":1024,\"height\":1024,\"caption\":\"Hat-Dieu-Vo-Lua-\"},{\"@type\":\"BreadcrumbList\",\"@id\":\"https:\/\/batubinhphuoc.vn\/shop\/hat-dieu-vo-lua-ba-tu-binh-phuoc-205g-65g-30g-gion-bui-moc-mac-huong-khoi-cui\/#breadcrumb\",\"itemListElement\":[{\"@type\":\"ListItem\",\"position\":1,\"name\":\"Home\",\"item\":\"https:\/\/batubinhphuoc.vn\/\"},{\"@type\":\"ListItem\",\"position\":2,\"name\":\"S\u1ea3n ph\u1ea9m\",\"item\":\"https:\/\/batubinhphuoc.vn\/shop\/\"},{\"@type\":\"ListItem\",\"position\":3,\"name\":\"H\u1ea1t \u0110i\u1ec1u V\u1ecf L\u1ee5a B\u00e0 T\u01b0 B\u00ecnh Ph\u01b0\u1edbc 205g | 65g | 30g \u2013 Gi\u00f2n B\u00f9i M\u1ed9c M\u1ea1c, H\u01b0\u01a1ng Kh\u00f3i C\u1ee7i\"}]},{\"@type\":\"WebSite\",\"@id\":\"https:\/\/batubinhphuoc.vn\/#website\",\"url\":\"https:\/\/batubinhphuoc.vn\/\",\"name\":\"batubinhphuoc.vn\",\"description\":\"\",\"potentialAction\":[{\"@type\":\"SearchAction\",\"target\":{\"@type\":\"EntryPoint\",\"urlTemplate\":\"https:\/\/batubinhphuoc.vn\/?s={search_term_string}\"},\"query-input\":{\"@type\":\"PropertyValueSpecification\",\"valueRequired\":true,\"valueName\":\"search_term_string\"}}],\"inLanguage\":\"en-US\"}]}<\/script>\n<!-- \/ Yoast SEO plugin. -->","yoast_head_json":{"title":"H\u1ea1t \u0110i\u1ec1u V\u1ecf L\u1ee5a B\u00e0 T\u01b0 B\u00ecnh Ph\u01b0\u1edbc 205g | 65g | 30g - batubinhphuoc.vn","description":"H\u1ea1t \u0110i\u1ec1u V\u1ecf L\u1ee5a B\u00e0 T\u01b0 B\u00ecnh Ph\u01b0\u1edbc 205g | 65g | 30g. M\u00f3n \u0103n v\u1eb7t \u0111\u01b0\u1ee3c y\u00eau th\u00edch nh\u1ea5t rang th\u1ee7 c\u00f4ng b\u1eb1ng c\u1ee7i r\u1eebng, kh\u00f4ng d\u1ea7u, kh\u00f4ng mu\u1ed1i, kh\u00f4ng ch\u1ea5t b\u1ea3o qu\u1ea3n!","robots":{"index":"index","follow":"follow","max-snippet":"max-snippet:-1","max-image-preview":"max-image-preview:large","max-video-preview":"max-video-preview:-1"},"canonical":"https:\/\/batubinhphuoc.vn\/en\/shop\/hat-dieu-vo-lua-ba-tu-binh-phuoc-205g-65g-30g-gion-bui-moc-mac-huong-khoi-cui\/","og_locale":"en_US","og_type":"article","og_title":"H\u1ea1t \u0110i\u1ec1u V\u1ecf L\u1ee5a B\u00e0 T\u01b0 B\u00ecnh Ph\u01b0\u1edbc 205g | 65g | 30g - batubinhphuoc.vn","og_description":"H\u1ea1t \u0110i\u1ec1u V\u1ecf L\u1ee5a B\u00e0 T\u01b0 B\u00ecnh Ph\u01b0\u1edbc 205g | 65g | 30g. M\u00f3n \u0103n v\u1eb7t \u0111\u01b0\u1ee3c y\u00eau th\u00edch nh\u1ea5t rang th\u1ee7 c\u00f4ng b\u1eb1ng c\u1ee7i r\u1eebng, kh\u00f4ng d\u1ea7u, kh\u00f4ng mu\u1ed1i, kh\u00f4ng ch\u1ea5t b\u1ea3o qu\u1ea3n!","og_url":"https:\/\/batubinhphuoc.vn\/en\/shop\/hat-dieu-vo-lua-ba-tu-binh-phuoc-205g-65g-30g-gion-bui-moc-mac-huong-khoi-cui\/","og_site_name":"batubinhphuoc.vn","article_modified_time":"2026-03-12T07:34:12+00:00","og_image":[{"width":1024,"height":1024,"url":"https:\/\/batubinhphuoc.vn\/wp-content\/uploads\/2025\/11\/Hat-Dieu-Vo-Lua-Ba-Tu-Binh-Phuoc-205g-65g-30g-\u2013-Gion-Bui-Moc-Mac-Huong-Khoi-Cui-1.webp","type":"image\/webp"}],"twitter_card":"summary_large_image","twitter_misc":{"Est. reading time":"3 minutes"},"schema":{"@context":"https:\/\/schema.org","@graph":[{"@type":"WebPage","@id":"https:\/\/batubinhphuoc.vn\/shop\/hat-dieu-vo-lua-ba-tu-binh-phuoc-205g-65g-30g-gion-bui-moc-mac-huong-khoi-cui\/","url":"https:\/\/batubinhphuoc.vn\/shop\/hat-dieu-vo-lua-ba-tu-binh-phuoc-205g-65g-30g-gion-bui-moc-mac-huong-khoi-cui\/","name":"H\u1ea1t \u0110i\u1ec1u V\u1ecf L\u1ee5a B\u00e0 T\u01b0 B\u00ecnh Ph\u01b0\u1edbc 205g | 65g | 30g - batubinhphuoc.vn","isPartOf":{"@id":"https:\/\/batubinhphuoc.vn\/#website"},"primaryImageOfPage":{"@id":"https:\/\/batubinhphuoc.vn\/shop\/hat-dieu-vo-lua-ba-tu-binh-phuoc-205g-65g-30g-gion-bui-moc-mac-huong-khoi-cui\/#primaryimage"},"image":{"@id":"https:\/\/batubinhphuoc.vn\/shop\/hat-dieu-vo-lua-ba-tu-binh-phuoc-205g-65g-30g-gion-bui-moc-mac-huong-khoi-cui\/#primaryimage"},"thumbnailUrl":"https:\/\/batubinhphuoc.vn\/wp-content\/uploads\/2025\/11\/Hat-Dieu-Vo-Lua-Ba-Tu-Binh-Phuoc-205g-65g-30g-\u2013-Gion-Bui-Moc-Mac-Huong-Khoi-Cui-1.webp","datePublished":"2025-11-18T15:48:29+00:00","dateModified":"2026-03-12T07:34:12+00:00","description":"H\u1ea1t \u0110i\u1ec1u V\u1ecf L\u1ee5a B\u00e0 T\u01b0 B\u00ecnh Ph\u01b0\u1edbc 205g | 65g | 30g. M\u00f3n \u0103n v\u1eb7t \u0111\u01b0\u1ee3c y\u00eau th\u00edch nh\u1ea5t rang th\u1ee7 c\u00f4ng b\u1eb1ng c\u1ee7i r\u1eebng, kh\u00f4ng d\u1ea7u, kh\u00f4ng mu\u1ed1i, kh\u00f4ng ch\u1ea5t b\u1ea3o qu\u1ea3n!","breadcrumb":{"@id":"https:\/\/batubinhphuoc.vn\/shop\/hat-dieu-vo-lua-ba-tu-binh-phuoc-205g-65g-30g-gion-bui-moc-mac-huong-khoi-cui\/#breadcrumb"},"inLanguage":"en-US","potentialAction":[{"@type":"ReadAction","target":["https:\/\/batubinhphuoc.vn\/shop\/hat-dieu-vo-lua-ba-tu-binh-phuoc-205g-65g-30g-gion-bui-moc-mac-huong-khoi-cui\/"]}]},{"@type":"ImageObject","inLanguage":"en-US","@id":"https:\/\/batubinhphuoc.vn\/shop\/hat-dieu-vo-lua-ba-tu-binh-phuoc-205g-65g-30g-gion-bui-moc-mac-huong-khoi-cui\/#primaryimage","url":"https:\/\/batubinhphuoc.vn\/wp-content\/uploads\/2025\/11\/Hat-Dieu-Vo-Lua-Ba-Tu-Binh-Phuoc-205g-65g-30g-\u2013-Gion-Bui-Moc-Mac-Huong-Khoi-Cui-1.webp","contentUrl":"https:\/\/batubinhphuoc.vn\/wp-content\/uploads\/2025\/11\/Hat-Dieu-Vo-Lua-Ba-Tu-Binh-Phuoc-205g-65g-30g-\u2013-Gion-Bui-Moc-Mac-Huong-Khoi-Cui-1.webp","width":1024,"height":1024,"caption":"Hat-Dieu-Vo-Lua-"},{"@type":"BreadcrumbList","@id":"https:\/\/batubinhphuoc.vn\/shop\/hat-dieu-vo-lua-ba-tu-binh-phuoc-205g-65g-30g-gion-bui-moc-mac-huong-khoi-cui\/#breadcrumb","itemListElement":[{"@type":"ListItem","position":1,"name":"Home","item":"https:\/\/batubinhphuoc.vn\/"},{"@type":"ListItem","position":2,"name":"S\u1ea3n ph\u1ea9m","item":"https:\/\/batubinhphuoc.vn\/shop\/"},{"@type":"ListItem","position":3,"name":"H\u1ea1t \u0110i\u1ec1u V\u1ecf L\u1ee5a B\u00e0 T\u01b0 B\u00ecnh Ph\u01b0\u1edbc 205g | 65g | 30g \u2013 Gi\u00f2n B\u00f9i M\u1ed9c M\u1ea1c, H\u01b0\u01a1ng Kh\u00f3i C\u1ee7i"}]},{"@type":"WebSite","@id":"https:\/\/batubinhphuoc.vn\/#website","url":"https:\/\/batubinhphuoc.vn\/","name":"batubinhphuoc.vn","description":"","potentialAction":[{"@type":"SearchAction","target":{"@type":"EntryPoint","urlTemplate":"https:\/\/batubinhphuoc.vn\/?s={search_term_string}"},"query-input":{"@type":"PropertyValueSpecification","valueRequired":true,"valueName":"search_term_string"}}],"inLanguage":"en-US"}]}},"_links":{"self":[{"href":"https:\/\/batubinhphuoc.vn\/en\/wp-json\/wp\/v2\/product\/1110","targetHints":{"allow":["GET"]}}],"collection":[{"href":"https:\/\/batubinhphuoc.vn\/en\/wp-json\/wp\/v2\/product"}],"about":[{"href":"https:\/\/batubinhphuoc.vn\/en\/wp-json\/wp\/v2\/types\/product"}],"replies":[{"embeddable":true,"href":"https:\/\/batubinhphuoc.vn\/en\/wp-json\/wp\/v2\/comments?post=1110"}],"wp:featuredmedia":[{"embeddable":true,"href":"https:\/\/batubinhphuoc.vn\/en\/wp-json\/wp\/v2\/media\/1183"}],"wp:attachment":[{"href":"https:\/\/batubinhphuoc.vn\/en\/wp-json\/wp\/v2\/media?parent=1110"}],"wp:term":[{"taxonomy":"product_brand","embeddable":true,"href":"https:\/\/batubinhphuoc.vn\/en\/wp-json\/wp\/v2\/product_brand?post=1110"},{"taxonomy":"product_cat","embeddable":true,"href":"https:\/\/batubinhphuoc.vn\/en\/wp-json\/wp\/v2\/product_cat?post=1110"},{"taxonomy":"product_tag","embeddable":true,"href":"https:\/\/batubinhphuoc.vn\/en\/wp-json\/wp\/v2\/product_tag?post=1110"}],"curies":[{"name":"wp","href":"https:\/\/api.w.org\/{rel}","templated":true}]}}