{"id":1207,"date":"2025-11-19T09:15:10","date_gmt":"2025-11-19T02:15:10","guid":{"rendered":"https:\/\/batubinhphuoc.vn\/?post_type=product&#038;p=1207"},"modified":"2026-03-12T15:42:21","modified_gmt":"2026-03-12T08:42:21","slug":"hat-dieu-pho-mai-ba-tu-binh-phuoc-30g-gion-tan-beo-ngay-thom-lung-vi-pho-mai-cao-cap","status":"publish","type":"product","link":"https:\/\/batubinhphuoc.vn\/en\/shop\/hat-dieu-pho-mai-ba-tu-binh-phuoc-30g-gion-tan-beo-ngay-thom-lung-vi-pho-mai-cao-cap\/","title":{"rendered":"Cashew Cheese April Binh Phuoc 30g \u2013 Crispy, greasy, Fragrant Spices, cottage Cheese High Level"},"content":{"rendered":"<p dir=\"auto\"><a href=\"https:\/\/www.facebook.com\/hatdieubatubinhphuoc.official\">You are looking for <strong>cashew cheese<\/strong> the most delicious Vietnam? You want a snack just crispy, just greasy, and perfectly clean \u2013 no oil, no coloring, no preservatives?<\/a><\/p>\n<p dir=\"auto\"><strong>Cashew Cheese April Binh Phuoc 30g<\/strong> the is the perfect answer!<\/p>\n<h3 dir=\"auto\"><a href=\"https:\/\/batubinhphuoc.vn\/en\/shop\/\">Why millions of customers choose Cashew Cheese April?<\/a><\/h3>\n<ol dir=\"auto\">\n<li><strong>High quality raw material 100% from the high-quality planting Binh Phuoc<\/strong>\n<ul dir=\"auto\">\n<li>Cashew nuts, white, type 1, tits, all, body solid, culled directly from <strong>farm April<\/strong> and the garden of the fellow's\u2019English and Khmer at the Bu Gia map \u2013 land basalt red grease is a world-renowned cashews.<\/li>\n<li>Certified OCOP 4 stars, HALAL, ISO 22000:2018.<\/li>\n<\/ul>\n<\/li>\n<li><strong>Factory high quality \u2013 modern technology combines traditional craft<\/strong>\n<ul dir=\"auto\">\n<li>Roasted handmade firewood that 100% (non-electric, not gas) according to the recipes from the year 1987 of the <strong>April \u2013 Nguyen Thi Thao<\/strong>.<\/li>\n<li>Process quality: cup shell craft \u2192 sun nature \u2192 peeled silk meticulously \u2192 powder coated cheese imported premium \u2192 vacuum packaging.<\/li>\n<\/ul>\n<\/li>\n<li><strong>Human quality \u2013 the blood 3 generations<\/strong>\n<ul dir=\"auto\">\n<li>From the story touched your Investment beyond the sacred forest water, toxic 1987 to today, every grain that they all contain \u201cCrystal marrow from the center\u201d.<\/li>\n<li>Our team of artisans in Vietnam, experienced, working with the mind, and the national pride.<\/li>\n<\/ul>\n<\/li>\n<li><strong>Taste \u201caddictive\u201d right from the first bite<\/strong>\n<ul dir=\"auto\">\n<li>Layers of cheese, golden, greasy coated evenly around the cashew nuts and crispy.<\/li>\n<li>Salty, sweet harmony, aromatic, melt in the mouth \u2013 food is addictive!<\/li>\n<\/ul>\n<\/li>\n<li><strong>Absolute safety \u2013 fits all ages<\/strong>\n<ul dir=\"auto\">\n<li>No frying oil, no preservatives, no food coloring, artificial.<\/li>\n<li>Bag, 30g, a handy pocket to bring go to work, go to school, watch movies, travel or gifts luxury.<\/li>\n<\/ul>\n<\/li>\n<\/ol>\n<h3 dir=\"auto\">Product information<\/h3>\n<ul dir=\"auto\">\n<li>Volume: 30g\/bag<\/li>\n<li>Shelf life: 12 months<\/li>\n<li>Barcode: 8936227371093<\/li>\n<li>Place of origin: Binh Phuoc, Vietnam<\/li>\n<li>Retail price reference: 25.000 \u2013 29.000 \u0111\/bag (depending on the distribution channel)<\/li>\n<\/ul>\n<h3 dir=\"auto\">Buy today to feel the difference \u201cquality from the center\u201d!<\/h3>\n<p dir=\"auto\">Inbox fanpage or call the hotline 0271 730 1156 to be nationwide delivery in 24\u201348h (free ship n\u1ed9i th\u00e0nh TP.CITY &amp; Binh Phuoc from 10 bags).<\/p>\n<p dir=\"auto\"><strong>Cashew Cheese April Binh Phuoc<\/strong> \u2013 Not just snacks, but also the pride of the Vietnamese people!<\/p>","protected":false},"excerpt":{"rendered":"<p>B\u1ea1n \u0111ang t\u00ecm h\u1ea1t \u0111i\u1ec1u ph\u00f4 mai ngon nh\u1ea5t Vi\u1ec7t Nam? B\u1ea1n mu\u1ed1n m\u1ed9t m\u00f3n \u0103n v\u1eb7t v\u1eeba gi\u00f2n tan, v\u1eeba b\u00e9o ng\u1eady, l\u1ea1i ho\u00e0n to\u00e0n s\u1ea1ch \u2013 kh\u00f4ng d\u1ea7u, kh\u00f4ng ph\u1ea9m m\u00e0u, kh\u00f4ng ch\u1ea5t b\u1ea3o qu\u1ea3n? H\u1ea1t \u0110i\u1ec1u Ph\u00f4 Mai B\u00e0 T\u01b0 B\u00ecnh Ph\u01b0\u1edbc 30g ch\u00ednh l\u00e0 c\u00e2u tr\u1ea3 l\u1eddi ho\u00e0n h\u1ea3o! V\u00ec sao&#8230;<\/p>","protected":false},"featured_media":1221,"comment_status":"open","ping_status":"closed","template":"","meta":[],"product_brand":[],"product_cat":[16],"product_tag":[116,109,114,30,111,115,100,69,117,113,110,108,119,112,118],"class_list":{"0":"post-1207","1":"product","2":"type-product","3":"status-publish","4":"has-post-thumbnail","6":"product_cat-hat-dieu-pho-mai","7":"product_tag-hat-dieu-ba-tu-bu-gia-map","8":"product_tag-hat-dieu-ba-tu-chinh-hang","9":"product_tag-hat-dieu-ba-tu-ocop-4-sao","10":"product_tag-hat-dieu-ba-tu-tinh-tuy-tu-tam","11":"product_tag-hat-dieu-binh-phuoc-chat-luong-cao","12":"product_tag-hat-dieu-pho-mai-30g-gia-si","13":"product_tag-hat-dieu-pho-mai-ba-tu-30g","14":"product_tag-hat-dieu-pho-mai-ba-tu-binh-phuoc","15":"product_tag-hat-dieu-pho-mai-halal","16":"product_tag-hat-dieu-pho-mai-khong-dau-khong-pham-mau","17":"product_tag-hat-dieu-pho-mai-ngon-nhat-viet-nam","18":"product_tag-hat-dieu-rang-muoi-pho-mai-binh-phuoc","19":"product_tag-hat-dieu-viet-nam-xuat-khau","20":"product_tag-mua-hat-dieu-pho-mai-o-dau","21":"product_tag-qua-tang-hat-dieu-binh-phuoc","23":"first","24":"instock","25":"sale","26":"shipping-taxable","27":"purchasable","28":"product-type-simple"},"yoast_head":"<!-- This site is optimized with the Yoast SEO plugin v26.4 - https:\/\/yoast.com\/wordpress\/plugins\/seo\/ -->\n<title>H\u1ea1t \u0110i\u1ec1u Ph\u00f4 Mai B\u00e0 T\u01b0 B\u00ecnh Ph\u01b0\u1edbc 30g \u2013 Gi\u00f2n Tan B\u00e9o Ng\u1eady - batubinhphuoc.vn<\/title>\n<meta name=\"description\" content=\"B\u1ea1n \u0111ang t\u00ecm h\u1ea1t \u0111i\u1ec1u ph\u00f4 mai ngon nh\u1ea5t Vi\u1ec7t Nam? H\u1ea1t \u0110i\u1ec1u Ph\u00f4 Mai B\u00e0 T\u01b0 B\u00ecnh Ph\u01b0\u1edbc 30g ch\u00ednh l\u00e0 c\u00e2u tr\u1ea3 l\u1eddi ho\u00e0n h\u1ea3o cho c\u00e2u h\u1ecfi c\u1ee7a b\u1ea1n!\" \/>\n<meta name=\"robots\" content=\"index, follow, max-snippet:-1, max-image-preview:large, max-video-preview:-1\" \/>\n<link rel=\"canonical\" href=\"https:\/\/batubinhphuoc.vn\/en\/shop\/hat-dieu-pho-mai-ba-tu-binh-phuoc-30g-gion-tan-beo-ngay-thom-lung-vi-pho-mai-cao-cap\/\" \/>\n<meta property=\"og:locale\" content=\"en_US\" \/>\n<meta property=\"og:type\" content=\"article\" \/>\n<meta property=\"og:title\" content=\"H\u1ea1t \u0110i\u1ec1u Ph\u00f4 Mai B\u00e0 T\u01b0 B\u00ecnh Ph\u01b0\u1edbc 30g \u2013 Gi\u00f2n Tan B\u00e9o Ng\u1eady - batubinhphuoc.vn\" \/>\n<meta property=\"og:description\" content=\"B\u1ea1n \u0111ang t\u00ecm h\u1ea1t \u0111i\u1ec1u ph\u00f4 mai ngon nh\u1ea5t Vi\u1ec7t Nam? H\u1ea1t \u0110i\u1ec1u Ph\u00f4 Mai B\u00e0 T\u01b0 B\u00ecnh Ph\u01b0\u1edbc 30g ch\u00ednh l\u00e0 c\u00e2u tr\u1ea3 l\u1eddi ho\u00e0n h\u1ea3o cho c\u00e2u h\u1ecfi c\u1ee7a b\u1ea1n!\" \/>\n<meta property=\"og:url\" content=\"https:\/\/batubinhphuoc.vn\/en\/shop\/hat-dieu-pho-mai-ba-tu-binh-phuoc-30g-gion-tan-beo-ngay-thom-lung-vi-pho-mai-cao-cap\/\" \/>\n<meta property=\"og:site_name\" content=\"batubinhphuoc.vn\" \/>\n<meta property=\"article:modified_time\" content=\"2026-03-12T08:42:21+00:00\" \/>\n<meta property=\"og:image\" content=\"https:\/\/batubinhphuoc.vn\/wp-content\/uploads\/2025\/11\/Hat-Dieu-Pho-Mai-Ba-Tu-Binh-Phuoc-30g-\u2013-Gion-Tan-Beo-Ngay-Thom-Lung-Vi-Pho-Mai-Cao-Cap-1.webp\" \/>\n\t<meta property=\"og:image:width\" content=\"1024\" \/>\n\t<meta property=\"og:image:height\" content=\"1024\" \/>\n\t<meta property=\"og:image:type\" content=\"image\/webp\" \/>\n<meta name=\"twitter:card\" content=\"summary_large_image\" \/>\n<meta name=\"twitter:label1\" content=\"Est. reading time\" \/>\n\t<meta name=\"twitter:data1\" content=\"3 minutes\" \/>\n<script type=\"application\/ld+json\" class=\"yoast-schema-graph\">{\"@context\":\"https:\/\/schema.org\",\"@graph\":[{\"@type\":\"WebPage\",\"@id\":\"https:\/\/batubinhphuoc.vn\/shop\/hat-dieu-pho-mai-ba-tu-binh-phuoc-30g-gion-tan-beo-ngay-thom-lung-vi-pho-mai-cao-cap\/\",\"url\":\"https:\/\/batubinhphuoc.vn\/shop\/hat-dieu-pho-mai-ba-tu-binh-phuoc-30g-gion-tan-beo-ngay-thom-lung-vi-pho-mai-cao-cap\/\",\"name\":\"H\u1ea1t \u0110i\u1ec1u Ph\u00f4 Mai B\u00e0 T\u01b0 B\u00ecnh Ph\u01b0\u1edbc 30g \u2013 Gi\u00f2n Tan B\u00e9o Ng\u1eady - batubinhphuoc.vn\",\"isPartOf\":{\"@id\":\"https:\/\/batubinhphuoc.vn\/#website\"},\"primaryImageOfPage\":{\"@id\":\"https:\/\/batubinhphuoc.vn\/shop\/hat-dieu-pho-mai-ba-tu-binh-phuoc-30g-gion-tan-beo-ngay-thom-lung-vi-pho-mai-cao-cap\/#primaryimage\"},\"image\":{\"@id\":\"https:\/\/batubinhphuoc.vn\/shop\/hat-dieu-pho-mai-ba-tu-binh-phuoc-30g-gion-tan-beo-ngay-thom-lung-vi-pho-mai-cao-cap\/#primaryimage\"},\"thumbnailUrl\":\"https:\/\/batubinhphuoc.vn\/wp-content\/uploads\/2025\/11\/Hat-Dieu-Pho-Mai-Ba-Tu-Binh-Phuoc-30g-\u2013-Gion-Tan-Beo-Ngay-Thom-Lung-Vi-Pho-Mai-Cao-Cap-1.webp\",\"datePublished\":\"2025-11-19T02:15:10+00:00\",\"dateModified\":\"2026-03-12T08:42:21+00:00\",\"description\":\"B\u1ea1n \u0111ang t\u00ecm h\u1ea1t \u0111i\u1ec1u ph\u00f4 mai ngon nh\u1ea5t Vi\u1ec7t Nam? H\u1ea1t \u0110i\u1ec1u Ph\u00f4 Mai B\u00e0 T\u01b0 B\u00ecnh Ph\u01b0\u1edbc 30g ch\u00ednh l\u00e0 c\u00e2u tr\u1ea3 l\u1eddi ho\u00e0n h\u1ea3o cho c\u00e2u h\u1ecfi c\u1ee7a b\u1ea1n!\",\"breadcrumb\":{\"@id\":\"https:\/\/batubinhphuoc.vn\/shop\/hat-dieu-pho-mai-ba-tu-binh-phuoc-30g-gion-tan-beo-ngay-thom-lung-vi-pho-mai-cao-cap\/#breadcrumb\"},\"inLanguage\":\"en-US\",\"potentialAction\":[{\"@type\":\"ReadAction\",\"target\":[\"https:\/\/batubinhphuoc.vn\/shop\/hat-dieu-pho-mai-ba-tu-binh-phuoc-30g-gion-tan-beo-ngay-thom-lung-vi-pho-mai-cao-cap\/\"]}]},{\"@type\":\"ImageObject\",\"inLanguage\":\"en-US\",\"@id\":\"https:\/\/batubinhphuoc.vn\/shop\/hat-dieu-pho-mai-ba-tu-binh-phuoc-30g-gion-tan-beo-ngay-thom-lung-vi-pho-mai-cao-cap\/#primaryimage\",\"url\":\"https:\/\/batubinhphuoc.vn\/wp-content\/uploads\/2025\/11\/Hat-Dieu-Pho-Mai-Ba-Tu-Binh-Phuoc-30g-\u2013-Gion-Tan-Beo-Ngay-Thom-Lung-Vi-Pho-Mai-Cao-Cap-1.webp\",\"contentUrl\":\"https:\/\/batubinhphuoc.vn\/wp-content\/uploads\/2025\/11\/Hat-Dieu-Pho-Mai-Ba-Tu-Binh-Phuoc-30g-\u2013-Gion-Tan-Beo-Ngay-Thom-Lung-Vi-Pho-Mai-Cao-Cap-1.webp\",\"width\":1024,\"height\":1024,\"caption\":\"Hat-Dieu-Pho-Mai\"},{\"@type\":\"BreadcrumbList\",\"@id\":\"https:\/\/batubinhphuoc.vn\/shop\/hat-dieu-pho-mai-ba-tu-binh-phuoc-30g-gion-tan-beo-ngay-thom-lung-vi-pho-mai-cao-cap\/#breadcrumb\",\"itemListElement\":[{\"@type\":\"ListItem\",\"position\":1,\"name\":\"Home\",\"item\":\"https:\/\/batubinhphuoc.vn\/\"},{\"@type\":\"ListItem\",\"position\":2,\"name\":\"S\u1ea3n ph\u1ea9m\",\"item\":\"https:\/\/batubinhphuoc.vn\/shop\/\"},{\"@type\":\"ListItem\",\"position\":3,\"name\":\"H\u1ea1t \u0110i\u1ec1u Ph\u00f4 Mai B\u00e0 T\u01b0 B\u00ecnh Ph\u01b0\u1edbc 30g \u2013 Gi\u00f2n Tan B\u00e9o Ng\u1eady, Th\u01a1m L\u1eebng V\u1ecb Ph\u00f4 Mai Cao C\u1ea5p\"}]},{\"@type\":\"WebSite\",\"@id\":\"https:\/\/batubinhphuoc.vn\/#website\",\"url\":\"https:\/\/batubinhphuoc.vn\/\",\"name\":\"batubinhphuoc.vn\",\"description\":\"\",\"potentialAction\":[{\"@type\":\"SearchAction\",\"target\":{\"@type\":\"EntryPoint\",\"urlTemplate\":\"https:\/\/batubinhphuoc.vn\/?s={search_term_string}\"},\"query-input\":{\"@type\":\"PropertyValueSpecification\",\"valueRequired\":true,\"valueName\":\"search_term_string\"}}],\"inLanguage\":\"en-US\"}]}<\/script>\n<!-- \/ Yoast SEO plugin. -->","yoast_head_json":{"title":"H\u1ea1t \u0110i\u1ec1u Ph\u00f4 Mai B\u00e0 T\u01b0 B\u00ecnh Ph\u01b0\u1edbc 30g \u2013 Gi\u00f2n Tan B\u00e9o Ng\u1eady - batubinhphuoc.vn","description":"B\u1ea1n \u0111ang t\u00ecm h\u1ea1t \u0111i\u1ec1u ph\u00f4 mai ngon nh\u1ea5t Vi\u1ec7t Nam? H\u1ea1t \u0110i\u1ec1u Ph\u00f4 Mai B\u00e0 T\u01b0 B\u00ecnh Ph\u01b0\u1edbc 30g ch\u00ednh l\u00e0 c\u00e2u tr\u1ea3 l\u1eddi ho\u00e0n h\u1ea3o cho c\u00e2u h\u1ecfi c\u1ee7a b\u1ea1n!","robots":{"index":"index","follow":"follow","max-snippet":"max-snippet:-1","max-image-preview":"max-image-preview:large","max-video-preview":"max-video-preview:-1"},"canonical":"https:\/\/batubinhphuoc.vn\/en\/shop\/hat-dieu-pho-mai-ba-tu-binh-phuoc-30g-gion-tan-beo-ngay-thom-lung-vi-pho-mai-cao-cap\/","og_locale":"en_US","og_type":"article","og_title":"H\u1ea1t \u0110i\u1ec1u Ph\u00f4 Mai B\u00e0 T\u01b0 B\u00ecnh Ph\u01b0\u1edbc 30g \u2013 Gi\u00f2n Tan B\u00e9o Ng\u1eady - batubinhphuoc.vn","og_description":"B\u1ea1n \u0111ang t\u00ecm h\u1ea1t \u0111i\u1ec1u ph\u00f4 mai ngon nh\u1ea5t Vi\u1ec7t Nam? H\u1ea1t \u0110i\u1ec1u Ph\u00f4 Mai B\u00e0 T\u01b0 B\u00ecnh Ph\u01b0\u1edbc 30g ch\u00ednh l\u00e0 c\u00e2u tr\u1ea3 l\u1eddi ho\u00e0n h\u1ea3o cho c\u00e2u h\u1ecfi c\u1ee7a b\u1ea1n!","og_url":"https:\/\/batubinhphuoc.vn\/en\/shop\/hat-dieu-pho-mai-ba-tu-binh-phuoc-30g-gion-tan-beo-ngay-thom-lung-vi-pho-mai-cao-cap\/","og_site_name":"batubinhphuoc.vn","article_modified_time":"2026-03-12T08:42:21+00:00","og_image":[{"width":1024,"height":1024,"url":"https:\/\/batubinhphuoc.vn\/wp-content\/uploads\/2025\/11\/Hat-Dieu-Pho-Mai-Ba-Tu-Binh-Phuoc-30g-\u2013-Gion-Tan-Beo-Ngay-Thom-Lung-Vi-Pho-Mai-Cao-Cap-1.webp","type":"image\/webp"}],"twitter_card":"summary_large_image","twitter_misc":{"Est. reading time":"3 minutes"},"schema":{"@context":"https:\/\/schema.org","@graph":[{"@type":"WebPage","@id":"https:\/\/batubinhphuoc.vn\/shop\/hat-dieu-pho-mai-ba-tu-binh-phuoc-30g-gion-tan-beo-ngay-thom-lung-vi-pho-mai-cao-cap\/","url":"https:\/\/batubinhphuoc.vn\/shop\/hat-dieu-pho-mai-ba-tu-binh-phuoc-30g-gion-tan-beo-ngay-thom-lung-vi-pho-mai-cao-cap\/","name":"H\u1ea1t \u0110i\u1ec1u Ph\u00f4 Mai B\u00e0 T\u01b0 B\u00ecnh Ph\u01b0\u1edbc 30g \u2013 Gi\u00f2n Tan B\u00e9o Ng\u1eady - batubinhphuoc.vn","isPartOf":{"@id":"https:\/\/batubinhphuoc.vn\/#website"},"primaryImageOfPage":{"@id":"https:\/\/batubinhphuoc.vn\/shop\/hat-dieu-pho-mai-ba-tu-binh-phuoc-30g-gion-tan-beo-ngay-thom-lung-vi-pho-mai-cao-cap\/#primaryimage"},"image":{"@id":"https:\/\/batubinhphuoc.vn\/shop\/hat-dieu-pho-mai-ba-tu-binh-phuoc-30g-gion-tan-beo-ngay-thom-lung-vi-pho-mai-cao-cap\/#primaryimage"},"thumbnailUrl":"https:\/\/batubinhphuoc.vn\/wp-content\/uploads\/2025\/11\/Hat-Dieu-Pho-Mai-Ba-Tu-Binh-Phuoc-30g-\u2013-Gion-Tan-Beo-Ngay-Thom-Lung-Vi-Pho-Mai-Cao-Cap-1.webp","datePublished":"2025-11-19T02:15:10+00:00","dateModified":"2026-03-12T08:42:21+00:00","description":"B\u1ea1n \u0111ang t\u00ecm h\u1ea1t \u0111i\u1ec1u ph\u00f4 mai ngon nh\u1ea5t Vi\u1ec7t Nam? H\u1ea1t \u0110i\u1ec1u Ph\u00f4 Mai B\u00e0 T\u01b0 B\u00ecnh Ph\u01b0\u1edbc 30g ch\u00ednh l\u00e0 c\u00e2u tr\u1ea3 l\u1eddi ho\u00e0n h\u1ea3o cho c\u00e2u h\u1ecfi c\u1ee7a b\u1ea1n!","breadcrumb":{"@id":"https:\/\/batubinhphuoc.vn\/shop\/hat-dieu-pho-mai-ba-tu-binh-phuoc-30g-gion-tan-beo-ngay-thom-lung-vi-pho-mai-cao-cap\/#breadcrumb"},"inLanguage":"en-US","potentialAction":[{"@type":"ReadAction","target":["https:\/\/batubinhphuoc.vn\/shop\/hat-dieu-pho-mai-ba-tu-binh-phuoc-30g-gion-tan-beo-ngay-thom-lung-vi-pho-mai-cao-cap\/"]}]},{"@type":"ImageObject","inLanguage":"en-US","@id":"https:\/\/batubinhphuoc.vn\/shop\/hat-dieu-pho-mai-ba-tu-binh-phuoc-30g-gion-tan-beo-ngay-thom-lung-vi-pho-mai-cao-cap\/#primaryimage","url":"https:\/\/batubinhphuoc.vn\/wp-content\/uploads\/2025\/11\/Hat-Dieu-Pho-Mai-Ba-Tu-Binh-Phuoc-30g-\u2013-Gion-Tan-Beo-Ngay-Thom-Lung-Vi-Pho-Mai-Cao-Cap-1.webp","contentUrl":"https:\/\/batubinhphuoc.vn\/wp-content\/uploads\/2025\/11\/Hat-Dieu-Pho-Mai-Ba-Tu-Binh-Phuoc-30g-\u2013-Gion-Tan-Beo-Ngay-Thom-Lung-Vi-Pho-Mai-Cao-Cap-1.webp","width":1024,"height":1024,"caption":"Hat-Dieu-Pho-Mai"},{"@type":"BreadcrumbList","@id":"https:\/\/batubinhphuoc.vn\/shop\/hat-dieu-pho-mai-ba-tu-binh-phuoc-30g-gion-tan-beo-ngay-thom-lung-vi-pho-mai-cao-cap\/#breadcrumb","itemListElement":[{"@type":"ListItem","position":1,"name":"Home","item":"https:\/\/batubinhphuoc.vn\/"},{"@type":"ListItem","position":2,"name":"S\u1ea3n ph\u1ea9m","item":"https:\/\/batubinhphuoc.vn\/shop\/"},{"@type":"ListItem","position":3,"name":"H\u1ea1t \u0110i\u1ec1u Ph\u00f4 Mai B\u00e0 T\u01b0 B\u00ecnh Ph\u01b0\u1edbc 30g \u2013 Gi\u00f2n Tan B\u00e9o Ng\u1eady, Th\u01a1m L\u1eebng V\u1ecb Ph\u00f4 Mai Cao C\u1ea5p"}]},{"@type":"WebSite","@id":"https:\/\/batubinhphuoc.vn\/#website","url":"https:\/\/batubinhphuoc.vn\/","name":"batubinhphuoc.vn","description":"","potentialAction":[{"@type":"SearchAction","target":{"@type":"EntryPoint","urlTemplate":"https:\/\/batubinhphuoc.vn\/?s={search_term_string}"},"query-input":{"@type":"PropertyValueSpecification","valueRequired":true,"valueName":"search_term_string"}}],"inLanguage":"en-US"}]}},"_links":{"self":[{"href":"https:\/\/batubinhphuoc.vn\/en\/wp-json\/wp\/v2\/product\/1207","targetHints":{"allow":["GET"]}}],"collection":[{"href":"https:\/\/batubinhphuoc.vn\/en\/wp-json\/wp\/v2\/product"}],"about":[{"href":"https:\/\/batubinhphuoc.vn\/en\/wp-json\/wp\/v2\/types\/product"}],"replies":[{"embeddable":true,"href":"https:\/\/batubinhphuoc.vn\/en\/wp-json\/wp\/v2\/comments?post=1207"}],"wp:featuredmedia":[{"embeddable":true,"href":"https:\/\/batubinhphuoc.vn\/en\/wp-json\/wp\/v2\/media\/1221"}],"wp:attachment":[{"href":"https:\/\/batubinhphuoc.vn\/en\/wp-json\/wp\/v2\/media?parent=1207"}],"wp:term":[{"taxonomy":"product_brand","embeddable":true,"href":"https:\/\/batubinhphuoc.vn\/en\/wp-json\/wp\/v2\/product_brand?post=1207"},{"taxonomy":"product_cat","embeddable":true,"href":"https:\/\/batubinhphuoc.vn\/en\/wp-json\/wp\/v2\/product_cat?post=1207"},{"taxonomy":"product_tag","embeddable":true,"href":"https:\/\/batubinhphuoc.vn\/en\/wp-json\/wp\/v2\/product_tag?post=1207"}],"curies":[{"name":"wp","href":"https:\/\/api.w.org\/{rel}","templated":true}]}}