{"id":1209,"date":"2025-11-19T09:30:34","date_gmt":"2025-11-19T02:30:34","guid":{"rendered":"https:\/\/batubinhphuoc.vn\/?post_type=product&#038;p=1209"},"modified":"2026-03-12T14:22:11","modified_gmt":"2026-03-12T07:22:11","slug":"hat-dieu-pho-mai-ba-tu-binh-phuoc-65g-gion-tan-beo-ngay-thom-lung-vi-pho-mai-cao-cap-tinh-tuy-tu-tam-chuan-chat-luong-cao-nhat-2025","status":"publish","type":"product","link":"https:\/\/batubinhphuoc.vn\/en\/shop\/hat-dieu-pho-mai-ba-tu-binh-phuoc-65g-gion-tan-beo-ngay-thom-lung-vi-pho-mai-cao-cap-tinh-tuy-tu-tam-chuan-chat-luong-cao-nhat-2025\/","title":{"rendered":"H\u1ea1t \u0110i\u1ec1u Ph\u00f4 Mai B\u00e0 T\u01b0 B\u00ecnh Ph\u01b0\u1edbc 65g \u2013 Gi\u00f2n B\u00e9o Ph\u00f4 Mai"},"content":{"rendered":"<p dir=\"auto\"><span style=\"color: #282828;\"><a style=\"color: #282828;\" href=\"https:\/\/www.facebook.com\/hatdieubatubinhphuoc.official\"><strong>Cashew Cheese April Binh Phuoc 65g<\/strong><\/a><\/span> the official version is \u201cworth the money most\u201d fever around Shopee, TikTok Shop and supermarkets nationwide!<\/p>\n<p dir=\"auto\">You are looking for <strong>cashew cheese 65g<\/strong> the most delicious Vietnamese food is addictive, open the lid is off, clean? You want snacks clean 100% no oil no food color, but still buttery \u201cmelt\u201d in your mouth?<\/p>\n<h3 dir=\"auto\">Why 1 bag 65g back \u201cbeat\u201d all credit snacks?<\/h3>\n<ol dir=\"auto\">\n<li><strong>High quality raw material 100% from the high-quality planting Binh Phuoc<\/strong>\n<ul dir=\"auto\">\n<li>Cashew nuts, white, type 1, tits, all, make, body, recruited directly from <strong>farm April<\/strong> and garden fellow's\u2019English and Khmer at the Bu Gia map \u2013 the capital of cashew nuts in the world.<\/li>\n<li>Basalt + sun and wind plateau \u2192 seeds super fat naturally sweet.<\/li>\n<\/ul>\n<\/li>\n<li><strong>High quality factory + process quality for export standard<\/strong>\n<ul dir=\"auto\">\n<li>Roasted handmade 100% by firewood dry forests (traditional secret 38 years of Investment Nguyen Thi Thao from 1987).<\/li>\n<li>Covered are powder cheese imported premium \u2192 layer of cheese golden enclosed beads, melting on your tongue.<\/li>\n<li>Reach OCOP 4 stars, HALAL, ISO 22000:2018, FDA, export U.s. \u2013 Japan \u2013 Korea \u2013 Taiwan \u2013 Singapore.<\/li>\n<\/ul>\n<\/li>\n<li><strong>Human quality \u2013 3 generation Vietnamese in mind<\/strong>\n<ul dir=\"auto\">\n<li>Each bag 65g contain story beyond the sacred forest water of April and what the father told \u201cyou to preserve the essence of nuts this\u201d.<\/li>\n<li>More than 300 artisans in Vietnam meticulously on each stage in order to bring products \u201cESSENCE of MIND\u201d.<\/li>\n<\/ul>\n<\/li>\n<li><strong>Taste \u201caddictive\u201d powerful<\/strong>\n<ul dir=\"auto\">\n<li>Crispy \u2192 greasy \u2192 fragrant \u2192 melting \u2192 want to eat more!<\/li>\n<li>Salty, sweet harmony, not sick, children and adults are also addicted.<\/li>\n<\/ul>\n<\/li>\n<li><strong>Bag 65g \u2013 size for all your needs<\/strong>\n<ul dir=\"auto\">\n<li>Bring go to work, go to school, watch movies, travel, the gym, are convenient.<\/li>\n<li>Use to make gift small, ultra-luxury price only 1 cups of milk tea.<\/li>\n<\/ul>\n<\/li>\n<\/ol>\n<h3 dir=\"auto\">Product information<\/h3>\n<ul dir=\"auto\">\n<li>Weight: 65g\/bag<\/li>\n<li>Shelf life: 12 months<\/li>\n<li>Barcode: 8936227370171<\/li>\n<li>Packing: plastic Box PET premium + bag zipper moisture-proof<\/li>\n<li>Retail price reference: 45.000 \u2013 52.000 \u0111\/bag (custom channel)<\/li>\n<\/ul>\n<h3 dir=\"auto\">Buy today \u2013 deals, bdsm shock<\/h3>\n<ul dir=\"auto\">\n<li>Buy 10 bags get 1 bag<\/li>\n<li>Buy 30 bags gift boxes gift Quartet The mini<\/li>\n<li>Free ship n\u1ed9i th\u00e0nh TP.CITY &amp; Binh Phuoc from 10 bags<\/li>\n<li>Nationwide delivery 24\u201348h<\/li>\n<\/ul>\n<p dir=\"auto\"><a href=\"https:\/\/batubinhphuoc.vn\/en\/\"><strong>Cashew Cheese April 65g<\/strong><\/a> \u2013 Eat 1 time is remember all my life!<\/p>","protected":false},"excerpt":{"rendered":"<p>H\u1ea1t \u0110i\u1ec1u Ph\u00f4 Mai B\u00e0 T\u01b0 B\u00ecnh Ph\u01b0\u1edbc 65g ch\u00ednh l\u00e0 phi\u00ean b\u1ea3n \u201c\u0111\u00e1ng ti\u1ec1n nh\u1ea5t\u201d \u0111ang g\u00e2y s\u1ed1t kh\u1eafp Shopee, TikTok Shop v\u00e0 si\u00eau th\u1ecb to\u00e0n qu\u1ed1c! B\u1ea1n \u0111ang t\u00ecm h\u1ea1t \u0111i\u1ec1u ph\u00f4 mai 65g ngon nh\u1ea5t Vi\u1ec7t Nam, \u0103n l\u00e0 ghi\u1ec1n, m\u1edf n\u1eafp l\u00e0 h\u1ebft s\u1ea1ch? B\u1ea1n mu\u1ed1n m\u00f3n \u0103n v\u1eb7t s\u1ea1ch 100%,&#8230;<\/p>","protected":false},"featured_media":1235,"comment_status":"open","ping_status":"closed","template":"","meta":[],"product_brand":[],"product_cat":[16],"product_tag":[139,144,137,147,136,145,134,135,141,143,138,142,148,146,140],"class_list":{"0":"post-1209","1":"product","2":"type-product","3":"status-publish","4":"has-post-thumbnail","6":"product_cat-hat-dieu-pho-mai","7":"product_tag-hat-dieu-ba-tu-65g-gia-si","8":"product_tag-hat-dieu-ba-tu-bu-gia-map-65g","9":"product_tag-hat-dieu-ba-tu-pho-mai-chinh-hang","10":"product_tag-hat-dieu-ba-tu-shopee","11":"product_tag-hat-dieu-pho-mai-65g-ngon-nhat","12":"product_tag-hat-dieu-pho-mai-an-vat-sach","13":"product_tag-hat-dieu-pho-mai-ba-tu-65g","14":"product_tag-hat-dieu-pho-mai-ba-tu-binh-phuoc-65g","15":"product_tag-hat-dieu-pho-mai-ba-tu-tinh-tuy-tu-tam","16":"product_tag-hat-dieu-pho-mai-halal-65g","17":"product_tag-hat-dieu-pho-mai-khong-dau-binh-phuoc","18":"product_tag-hat-dieu-pho-mai-ocop-4-sao","19":"product_tag-hat-dieu-pho-mai-qua-tang-65g","20":"product_tag-hat-dieu-pho-mai-xuat-khau","21":"product_tag-mua-hat-dieu-pho-mai-ba-tu-o-dau","23":"first","24":"instock","25":"sale","26":"shipping-taxable","27":"purchasable","28":"product-type-simple"},"yoast_head":"<!-- This site is optimized with the Yoast SEO plugin v26.4 - https:\/\/yoast.com\/wordpress\/plugins\/seo\/ -->\n<title>H\u1ea1t \u0110i\u1ec1u Ph\u00f4 Mai B\u00e0 T\u01b0 B\u00ecnh Ph\u01b0\u1edbc 65g \u2013 Gi\u00f2n B\u00e9o Ph\u00f4 Mai - batubinhphuoc.vn<\/title>\n<meta name=\"description\" content=\"H\u1ea1t \u0110i\u1ec1u Ph\u00f4 Mai B\u00e0 T\u01b0 B\u00ecnh Ph\u01b0\u1edbc 65g ch\u00ednh l\u00e0 phi\u00ean b\u1ea3n \u201c\u0111\u00e1ng ti\u1ec1n nh\u1ea5t\u201d \u0111ang g\u00e2y s\u1ed1t kh\u1eafp Shopee, TikTok Shop v\u00e0 si\u00eau th\u1ecb to\u00e0n qu\u1ed1c!\" \/>\n<meta name=\"robots\" content=\"index, follow, max-snippet:-1, max-image-preview:large, max-video-preview:-1\" \/>\n<link rel=\"canonical\" href=\"https:\/\/batubinhphuoc.vn\/en\/shop\/hat-dieu-pho-mai-ba-tu-binh-phuoc-65g-gion-tan-beo-ngay-thom-lung-vi-pho-mai-cao-cap-tinh-tuy-tu-tam-chuan-chat-luong-cao-nhat-2025\/\" \/>\n<meta property=\"og:locale\" content=\"en_US\" \/>\n<meta property=\"og:type\" content=\"article\" \/>\n<meta property=\"og:title\" content=\"H\u1ea1t \u0110i\u1ec1u Ph\u00f4 Mai B\u00e0 T\u01b0 B\u00ecnh Ph\u01b0\u1edbc 65g \u2013 Gi\u00f2n B\u00e9o Ph\u00f4 Mai - batubinhphuoc.vn\" \/>\n<meta property=\"og:description\" content=\"H\u1ea1t \u0110i\u1ec1u Ph\u00f4 Mai B\u00e0 T\u01b0 B\u00ecnh Ph\u01b0\u1edbc 65g ch\u00ednh l\u00e0 phi\u00ean b\u1ea3n \u201c\u0111\u00e1ng ti\u1ec1n nh\u1ea5t\u201d \u0111ang g\u00e2y s\u1ed1t kh\u1eafp Shopee, TikTok Shop v\u00e0 si\u00eau th\u1ecb to\u00e0n qu\u1ed1c!\" \/>\n<meta property=\"og:url\" content=\"https:\/\/batubinhphuoc.vn\/en\/shop\/hat-dieu-pho-mai-ba-tu-binh-phuoc-65g-gion-tan-beo-ngay-thom-lung-vi-pho-mai-cao-cap-tinh-tuy-tu-tam-chuan-chat-luong-cao-nhat-2025\/\" \/>\n<meta property=\"og:site_name\" content=\"batubinhphuoc.vn\" \/>\n<meta property=\"article:modified_time\" content=\"2026-03-12T07:22:11+00:00\" \/>\n<meta property=\"og:image\" content=\"https:\/\/batubinhphuoc.vn\/wp-content\/uploads\/2025\/11\/Hat-Dieu-Pho-Mai-Ba-Tu-Binh-Phuoc-65g-\u2013-Gion-Tan-Beo-Ngay-Thom-Lung-Vi-Pho-Mai-Cao-Cap-\u2013-Tinh-Tuy-Tu-Tam-Chuan-Chat-Luong-Cao-Nhat-2025-1.webp\" \/>\n\t<meta property=\"og:image:width\" content=\"1024\" \/>\n\t<meta property=\"og:image:height\" content=\"1024\" \/>\n\t<meta property=\"og:image:type\" content=\"image\/webp\" \/>\n<meta name=\"twitter:card\" content=\"summary_large_image\" \/>\n<meta name=\"twitter:label1\" content=\"Est. reading time\" \/>\n\t<meta name=\"twitter:data1\" content=\"3 minutes\" \/>\n<script type=\"application\/ld+json\" class=\"yoast-schema-graph\">{\"@context\":\"https:\/\/schema.org\",\"@graph\":[{\"@type\":\"WebPage\",\"@id\":\"https:\/\/batubinhphuoc.vn\/shop\/hat-dieu-pho-mai-ba-tu-binh-phuoc-65g-gion-tan-beo-ngay-thom-lung-vi-pho-mai-cao-cap-tinh-tuy-tu-tam-chuan-chat-luong-cao-nhat-2025\/\",\"url\":\"https:\/\/batubinhphuoc.vn\/shop\/hat-dieu-pho-mai-ba-tu-binh-phuoc-65g-gion-tan-beo-ngay-thom-lung-vi-pho-mai-cao-cap-tinh-tuy-tu-tam-chuan-chat-luong-cao-nhat-2025\/\",\"name\":\"H\u1ea1t \u0110i\u1ec1u Ph\u00f4 Mai B\u00e0 T\u01b0 B\u00ecnh Ph\u01b0\u1edbc 65g \u2013 Gi\u00f2n B\u00e9o Ph\u00f4 Mai - batubinhphuoc.vn\",\"isPartOf\":{\"@id\":\"https:\/\/batubinhphuoc.vn\/#website\"},\"primaryImageOfPage\":{\"@id\":\"https:\/\/batubinhphuoc.vn\/shop\/hat-dieu-pho-mai-ba-tu-binh-phuoc-65g-gion-tan-beo-ngay-thom-lung-vi-pho-mai-cao-cap-tinh-tuy-tu-tam-chuan-chat-luong-cao-nhat-2025\/#primaryimage\"},\"image\":{\"@id\":\"https:\/\/batubinhphuoc.vn\/shop\/hat-dieu-pho-mai-ba-tu-binh-phuoc-65g-gion-tan-beo-ngay-thom-lung-vi-pho-mai-cao-cap-tinh-tuy-tu-tam-chuan-chat-luong-cao-nhat-2025\/#primaryimage\"},\"thumbnailUrl\":\"https:\/\/batubinhphuoc.vn\/wp-content\/uploads\/2025\/11\/Hat-Dieu-Pho-Mai-Ba-Tu-Binh-Phuoc-65g-\u2013-Gion-Tan-Beo-Ngay-Thom-Lung-Vi-Pho-Mai-Cao-Cap-\u2013-Tinh-Tuy-Tu-Tam-Chuan-Chat-Luong-Cao-Nhat-2025-1.webp\",\"datePublished\":\"2025-11-19T02:30:34+00:00\",\"dateModified\":\"2026-03-12T07:22:11+00:00\",\"description\":\"H\u1ea1t \u0110i\u1ec1u Ph\u00f4 Mai B\u00e0 T\u01b0 B\u00ecnh Ph\u01b0\u1edbc 65g ch\u00ednh l\u00e0 phi\u00ean b\u1ea3n \u201c\u0111\u00e1ng ti\u1ec1n nh\u1ea5t\u201d \u0111ang g\u00e2y s\u1ed1t kh\u1eafp Shopee, TikTok Shop v\u00e0 si\u00eau th\u1ecb to\u00e0n qu\u1ed1c!\",\"breadcrumb\":{\"@id\":\"https:\/\/batubinhphuoc.vn\/shop\/hat-dieu-pho-mai-ba-tu-binh-phuoc-65g-gion-tan-beo-ngay-thom-lung-vi-pho-mai-cao-cap-tinh-tuy-tu-tam-chuan-chat-luong-cao-nhat-2025\/#breadcrumb\"},\"inLanguage\":\"en-US\",\"potentialAction\":[{\"@type\":\"ReadAction\",\"target\":[\"https:\/\/batubinhphuoc.vn\/shop\/hat-dieu-pho-mai-ba-tu-binh-phuoc-65g-gion-tan-beo-ngay-thom-lung-vi-pho-mai-cao-cap-tinh-tuy-tu-tam-chuan-chat-luong-cao-nhat-2025\/\"]}]},{\"@type\":\"ImageObject\",\"inLanguage\":\"en-US\",\"@id\":\"https:\/\/batubinhphuoc.vn\/shop\/hat-dieu-pho-mai-ba-tu-binh-phuoc-65g-gion-tan-beo-ngay-thom-lung-vi-pho-mai-cao-cap-tinh-tuy-tu-tam-chuan-chat-luong-cao-nhat-2025\/#primaryimage\",\"url\":\"https:\/\/batubinhphuoc.vn\/wp-content\/uploads\/2025\/11\/Hat-Dieu-Pho-Mai-Ba-Tu-Binh-Phuoc-65g-\u2013-Gion-Tan-Beo-Ngay-Thom-Lung-Vi-Pho-Mai-Cao-Cap-\u2013-Tinh-Tuy-Tu-Tam-Chuan-Chat-Luong-Cao-Nhat-2025-1.webp\",\"contentUrl\":\"https:\/\/batubinhphuoc.vn\/wp-content\/uploads\/2025\/11\/Hat-Dieu-Pho-Mai-Ba-Tu-Binh-Phuoc-65g-\u2013-Gion-Tan-Beo-Ngay-Thom-Lung-Vi-Pho-Mai-Cao-Cap-\u2013-Tinh-Tuy-Tu-Tam-Chuan-Chat-Luong-Cao-Nhat-2025-1.webp\",\"width\":1024,\"height\":1024,\"caption\":\"Hat-Dieu-Pho-Mai-Ba-Tu-Binh-Phuoc-65g-\u2013-Gion-Tan-Beo-Ngay-Thom-Lung-Vi-Pho-Mai-Cao-Cap-\u2013-Tinh-Tuy-Tu-Tam-Chuan-Chat-Luong-Cao-Nhat-2025\"},{\"@type\":\"BreadcrumbList\",\"@id\":\"https:\/\/batubinhphuoc.vn\/shop\/hat-dieu-pho-mai-ba-tu-binh-phuoc-65g-gion-tan-beo-ngay-thom-lung-vi-pho-mai-cao-cap-tinh-tuy-tu-tam-chuan-chat-luong-cao-nhat-2025\/#breadcrumb\",\"itemListElement\":[{\"@type\":\"ListItem\",\"position\":1,\"name\":\"Home\",\"item\":\"https:\/\/batubinhphuoc.vn\/\"},{\"@type\":\"ListItem\",\"position\":2,\"name\":\"S\u1ea3n ph\u1ea9m\",\"item\":\"https:\/\/batubinhphuoc.vn\/shop\/\"},{\"@type\":\"ListItem\",\"position\":3,\"name\":\"H\u1ea1t \u0110i\u1ec1u Ph\u00f4 Mai B\u00e0 T\u01b0 B\u00ecnh Ph\u01b0\u1edbc 65g \u2013 Gi\u00f2n B\u00e9o Ph\u00f4 Mai\"}]},{\"@type\":\"WebSite\",\"@id\":\"https:\/\/batubinhphuoc.vn\/#website\",\"url\":\"https:\/\/batubinhphuoc.vn\/\",\"name\":\"batubinhphuoc.vn\",\"description\":\"\",\"potentialAction\":[{\"@type\":\"SearchAction\",\"target\":{\"@type\":\"EntryPoint\",\"urlTemplate\":\"https:\/\/batubinhphuoc.vn\/?s={search_term_string}\"},\"query-input\":{\"@type\":\"PropertyValueSpecification\",\"valueRequired\":true,\"valueName\":\"search_term_string\"}}],\"inLanguage\":\"en-US\"}]}<\/script>\n<!-- \/ Yoast SEO plugin. -->","yoast_head_json":{"title":"H\u1ea1t \u0110i\u1ec1u Ph\u00f4 Mai B\u00e0 T\u01b0 B\u00ecnh Ph\u01b0\u1edbc 65g \u2013 Gi\u00f2n B\u00e9o Ph\u00f4 Mai - batubinhphuoc.vn","description":"H\u1ea1t \u0110i\u1ec1u Ph\u00f4 Mai B\u00e0 T\u01b0 B\u00ecnh Ph\u01b0\u1edbc 65g ch\u00ednh l\u00e0 phi\u00ean b\u1ea3n \u201c\u0111\u00e1ng ti\u1ec1n nh\u1ea5t\u201d \u0111ang g\u00e2y s\u1ed1t kh\u1eafp Shopee, TikTok Shop v\u00e0 si\u00eau th\u1ecb to\u00e0n qu\u1ed1c!","robots":{"index":"index","follow":"follow","max-snippet":"max-snippet:-1","max-image-preview":"max-image-preview:large","max-video-preview":"max-video-preview:-1"},"canonical":"https:\/\/batubinhphuoc.vn\/en\/shop\/hat-dieu-pho-mai-ba-tu-binh-phuoc-65g-gion-tan-beo-ngay-thom-lung-vi-pho-mai-cao-cap-tinh-tuy-tu-tam-chuan-chat-luong-cao-nhat-2025\/","og_locale":"en_US","og_type":"article","og_title":"H\u1ea1t \u0110i\u1ec1u Ph\u00f4 Mai B\u00e0 T\u01b0 B\u00ecnh Ph\u01b0\u1edbc 65g \u2013 Gi\u00f2n B\u00e9o Ph\u00f4 Mai - batubinhphuoc.vn","og_description":"H\u1ea1t \u0110i\u1ec1u Ph\u00f4 Mai B\u00e0 T\u01b0 B\u00ecnh Ph\u01b0\u1edbc 65g ch\u00ednh l\u00e0 phi\u00ean b\u1ea3n \u201c\u0111\u00e1ng ti\u1ec1n nh\u1ea5t\u201d \u0111ang g\u00e2y s\u1ed1t kh\u1eafp Shopee, TikTok Shop v\u00e0 si\u00eau th\u1ecb to\u00e0n qu\u1ed1c!","og_url":"https:\/\/batubinhphuoc.vn\/en\/shop\/hat-dieu-pho-mai-ba-tu-binh-phuoc-65g-gion-tan-beo-ngay-thom-lung-vi-pho-mai-cao-cap-tinh-tuy-tu-tam-chuan-chat-luong-cao-nhat-2025\/","og_site_name":"batubinhphuoc.vn","article_modified_time":"2026-03-12T07:22:11+00:00","og_image":[{"width":1024,"height":1024,"url":"https:\/\/batubinhphuoc.vn\/wp-content\/uploads\/2025\/11\/Hat-Dieu-Pho-Mai-Ba-Tu-Binh-Phuoc-65g-\u2013-Gion-Tan-Beo-Ngay-Thom-Lung-Vi-Pho-Mai-Cao-Cap-\u2013-Tinh-Tuy-Tu-Tam-Chuan-Chat-Luong-Cao-Nhat-2025-1.webp","type":"image\/webp"}],"twitter_card":"summary_large_image","twitter_misc":{"Est. reading time":"3 minutes"},"schema":{"@context":"https:\/\/schema.org","@graph":[{"@type":"WebPage","@id":"https:\/\/batubinhphuoc.vn\/shop\/hat-dieu-pho-mai-ba-tu-binh-phuoc-65g-gion-tan-beo-ngay-thom-lung-vi-pho-mai-cao-cap-tinh-tuy-tu-tam-chuan-chat-luong-cao-nhat-2025\/","url":"https:\/\/batubinhphuoc.vn\/shop\/hat-dieu-pho-mai-ba-tu-binh-phuoc-65g-gion-tan-beo-ngay-thom-lung-vi-pho-mai-cao-cap-tinh-tuy-tu-tam-chuan-chat-luong-cao-nhat-2025\/","name":"H\u1ea1t \u0110i\u1ec1u Ph\u00f4 Mai B\u00e0 T\u01b0 B\u00ecnh Ph\u01b0\u1edbc 65g \u2013 Gi\u00f2n B\u00e9o Ph\u00f4 Mai - batubinhphuoc.vn","isPartOf":{"@id":"https:\/\/batubinhphuoc.vn\/#website"},"primaryImageOfPage":{"@id":"https:\/\/batubinhphuoc.vn\/shop\/hat-dieu-pho-mai-ba-tu-binh-phuoc-65g-gion-tan-beo-ngay-thom-lung-vi-pho-mai-cao-cap-tinh-tuy-tu-tam-chuan-chat-luong-cao-nhat-2025\/#primaryimage"},"image":{"@id":"https:\/\/batubinhphuoc.vn\/shop\/hat-dieu-pho-mai-ba-tu-binh-phuoc-65g-gion-tan-beo-ngay-thom-lung-vi-pho-mai-cao-cap-tinh-tuy-tu-tam-chuan-chat-luong-cao-nhat-2025\/#primaryimage"},"thumbnailUrl":"https:\/\/batubinhphuoc.vn\/wp-content\/uploads\/2025\/11\/Hat-Dieu-Pho-Mai-Ba-Tu-Binh-Phuoc-65g-\u2013-Gion-Tan-Beo-Ngay-Thom-Lung-Vi-Pho-Mai-Cao-Cap-\u2013-Tinh-Tuy-Tu-Tam-Chuan-Chat-Luong-Cao-Nhat-2025-1.webp","datePublished":"2025-11-19T02:30:34+00:00","dateModified":"2026-03-12T07:22:11+00:00","description":"H\u1ea1t \u0110i\u1ec1u Ph\u00f4 Mai B\u00e0 T\u01b0 B\u00ecnh Ph\u01b0\u1edbc 65g ch\u00ednh l\u00e0 phi\u00ean b\u1ea3n \u201c\u0111\u00e1ng ti\u1ec1n nh\u1ea5t\u201d \u0111ang g\u00e2y s\u1ed1t kh\u1eafp Shopee, TikTok Shop v\u00e0 si\u00eau th\u1ecb to\u00e0n qu\u1ed1c!","breadcrumb":{"@id":"https:\/\/batubinhphuoc.vn\/shop\/hat-dieu-pho-mai-ba-tu-binh-phuoc-65g-gion-tan-beo-ngay-thom-lung-vi-pho-mai-cao-cap-tinh-tuy-tu-tam-chuan-chat-luong-cao-nhat-2025\/#breadcrumb"},"inLanguage":"en-US","potentialAction":[{"@type":"ReadAction","target":["https:\/\/batubinhphuoc.vn\/shop\/hat-dieu-pho-mai-ba-tu-binh-phuoc-65g-gion-tan-beo-ngay-thom-lung-vi-pho-mai-cao-cap-tinh-tuy-tu-tam-chuan-chat-luong-cao-nhat-2025\/"]}]},{"@type":"ImageObject","inLanguage":"en-US","@id":"https:\/\/batubinhphuoc.vn\/shop\/hat-dieu-pho-mai-ba-tu-binh-phuoc-65g-gion-tan-beo-ngay-thom-lung-vi-pho-mai-cao-cap-tinh-tuy-tu-tam-chuan-chat-luong-cao-nhat-2025\/#primaryimage","url":"https:\/\/batubinhphuoc.vn\/wp-content\/uploads\/2025\/11\/Hat-Dieu-Pho-Mai-Ba-Tu-Binh-Phuoc-65g-\u2013-Gion-Tan-Beo-Ngay-Thom-Lung-Vi-Pho-Mai-Cao-Cap-\u2013-Tinh-Tuy-Tu-Tam-Chuan-Chat-Luong-Cao-Nhat-2025-1.webp","contentUrl":"https:\/\/batubinhphuoc.vn\/wp-content\/uploads\/2025\/11\/Hat-Dieu-Pho-Mai-Ba-Tu-Binh-Phuoc-65g-\u2013-Gion-Tan-Beo-Ngay-Thom-Lung-Vi-Pho-Mai-Cao-Cap-\u2013-Tinh-Tuy-Tu-Tam-Chuan-Chat-Luong-Cao-Nhat-2025-1.webp","width":1024,"height":1024,"caption":"Hat-Dieu-Pho-Mai-Ba-Tu-Binh-Phuoc-65g-\u2013-Gion-Tan-Beo-Ngay-Thom-Lung-Vi-Pho-Mai-Cao-Cap-\u2013-Tinh-Tuy-Tu-Tam-Chuan-Chat-Luong-Cao-Nhat-2025"},{"@type":"BreadcrumbList","@id":"https:\/\/batubinhphuoc.vn\/shop\/hat-dieu-pho-mai-ba-tu-binh-phuoc-65g-gion-tan-beo-ngay-thom-lung-vi-pho-mai-cao-cap-tinh-tuy-tu-tam-chuan-chat-luong-cao-nhat-2025\/#breadcrumb","itemListElement":[{"@type":"ListItem","position":1,"name":"Home","item":"https:\/\/batubinhphuoc.vn\/"},{"@type":"ListItem","position":2,"name":"S\u1ea3n ph\u1ea9m","item":"https:\/\/batubinhphuoc.vn\/shop\/"},{"@type":"ListItem","position":3,"name":"H\u1ea1t \u0110i\u1ec1u Ph\u00f4 Mai B\u00e0 T\u01b0 B\u00ecnh Ph\u01b0\u1edbc 65g \u2013 Gi\u00f2n B\u00e9o Ph\u00f4 Mai"}]},{"@type":"WebSite","@id":"https:\/\/batubinhphuoc.vn\/#website","url":"https:\/\/batubinhphuoc.vn\/","name":"batubinhphuoc.vn","description":"","potentialAction":[{"@type":"SearchAction","target":{"@type":"EntryPoint","urlTemplate":"https:\/\/batubinhphuoc.vn\/?s={search_term_string}"},"query-input":{"@type":"PropertyValueSpecification","valueRequired":true,"valueName":"search_term_string"}}],"inLanguage":"en-US"}]}},"_links":{"self":[{"href":"https:\/\/batubinhphuoc.vn\/en\/wp-json\/wp\/v2\/product\/1209","targetHints":{"allow":["GET"]}}],"collection":[{"href":"https:\/\/batubinhphuoc.vn\/en\/wp-json\/wp\/v2\/product"}],"about":[{"href":"https:\/\/batubinhphuoc.vn\/en\/wp-json\/wp\/v2\/types\/product"}],"replies":[{"embeddable":true,"href":"https:\/\/batubinhphuoc.vn\/en\/wp-json\/wp\/v2\/comments?post=1209"}],"wp:featuredmedia":[{"embeddable":true,"href":"https:\/\/batubinhphuoc.vn\/en\/wp-json\/wp\/v2\/media\/1235"}],"wp:attachment":[{"href":"https:\/\/batubinhphuoc.vn\/en\/wp-json\/wp\/v2\/media?parent=1209"}],"wp:term":[{"taxonomy":"product_brand","embeddable":true,"href":"https:\/\/batubinhphuoc.vn\/en\/wp-json\/wp\/v2\/product_brand?post=1209"},{"taxonomy":"product_cat","embeddable":true,"href":"https:\/\/batubinhphuoc.vn\/en\/wp-json\/wp\/v2\/product_cat?post=1209"},{"taxonomy":"product_tag","embeddable":true,"href":"https:\/\/batubinhphuoc.vn\/en\/wp-json\/wp\/v2\/product_tag?post=1209"}],"curies":[{"name":"wp","href":"https:\/\/api.w.org\/{rel}","templated":true}]}}