{"id":1211,"date":"2025-11-19T09:52:44","date_gmt":"2025-11-19T02:52:44","guid":{"rendered":"https:\/\/batubinhphuoc.vn\/?post_type=product&#038;p=1211"},"modified":"2026-03-12T14:13:07","modified_gmt":"2026-03-12T07:13:07","slug":"hat-dieu-vo-lua-ba-tu-binh-phuoc-205g-gion-bui-tu-nhien-dam-da-huong-rang-cui","status":"publish","type":"product","link":"https:\/\/batubinhphuoc.vn\/en\/shop\/hat-dieu-vo-lua-ba-tu-binh-phuoc-205g-gion-bui-tu-nhien-dam-da-huong-rang-cui\/","title":{"rendered":"H\u1ea1t \u0110i\u1ec1u V\u1ecf L\u1ee5a B\u00e0 T\u01b0 205g \u2013 Gi\u00f2n, \u0110\u1eadm \u0110\u00e0 H\u01b0\u01a1ng Rang C\u1ee7i"},"content":{"rendered":"<p dir=\"auto\">You are looking for <strong>cashew nut shell silk<\/strong> the most delicious Vietnam \u2013 kind keep the crust brown silk thin, fleshy, dark, aromatic smoke wood like the old days April roasting 1987? You want snacks clean 100%, no marinating, no oil frying, but the bar slightly bitter that \u201cfood is fantastic\u201d?<\/p>\n<p dir=\"auto\"><span style=\"color: #282828;\"><a style=\"color: #282828;\" href=\"https:\/\/www.facebook.com\/hatdieubatubinhphuoc.official\"><strong>Cashew nut Shell Silk April Binh Phuoc 205g<\/strong><\/a><\/span> main product line is \u201croots tradition\u201d are best-selling now!<\/p>\n<h3 dir=\"auto\">Why cashew flower April again \u201churt me\u201d to the world?<\/h3>\n<ol dir=\"auto\">\n<li><strong>High quality raw material 100% from the high-quality planting Binh Phuoc<\/strong>\n<ul dir=\"auto\">\n<li>Cashew nuts type 1 big, round, stocky, recruited directly from <strong>farm April<\/strong> and garden fellow's\u2019English and Khmer at the Bu Gia map \u2013 the capital of cashew nuts in the world.<\/li>\n<li>Basalt + sun and wind plateau \u2192 seeds super fatty, sweet, deep crust silk natural thick fragrant.<\/li>\n<\/ul>\n<\/li>\n<li><strong>High quality factory + process roasted wood crafts 38-year heirloom<\/strong>\n<ul dir=\"auto\">\n<li>Slow roasting by 100% of firewood dry forests (not electric, not gas) according to the secret April Nguyen Thi Thao since 1987.<\/li>\n<li>Keep raw crust silk \u2192 increase the brittleness, increase fleshy and bitter light characteristic.<\/li>\n<li>Reach OCOP 4 stars, HALAL, ISO 22000:2018, FDA \u2013 exports to American, Japan, south Korea, Taiwan, Singapore.<\/li>\n<\/ul>\n<\/li>\n<li><strong>Human quality \u2013 3 generation Vietnamese in mind<\/strong>\n<ul dir=\"auto\">\n<li>Each particle contains stories beyond the sacred forest water of April and what the father told \u201cyou to preserve the essence of nuts this\u201d.<\/li>\n<li>More than 300 artisans in Vietnam for the all fire up at the right dark yellow to out cool beans, perfect.<\/li>\n<\/ul>\n<\/li>\n<li><strong>Taste the original \u201cfood is memory home\u201d<\/strong>\n<ul dir=\"auto\">\n<li>Crispy \u2192 bui fat \u2192 fragrant smoke firewood \u2192 bitter, mild and serene.<\/li>\n<li>Not laced with salt, no sugar, no spices \u2013 only the cashew nuts Binh Phuoc 100% pure.<\/li>\n<\/ul>\n<\/li>\n<li><strong>Nutrition superior \u2013 to eat healthy beautiful skin<\/strong>\n<ul dir=\"auto\">\n<li>Keep raw silk mantle rich in fiber &amp; polyphenols \u2192 powerful antioxidant, good for your heart, beauty skin, healthy weight loss.<\/li>\n<\/ul>\n<\/li>\n<\/ol>\n<h3 dir=\"auto\">Product information<\/h3>\n<ul dir=\"auto\">\n<li>Weight: 205g\/PET box premium<\/li>\n<li>Shelf life: 12 months<\/li>\n<li>Specification: plastic Box sealed + zipper bag<\/li>\n<li>Retail price reference: 115.000 \u2013 129.000 \u0111\/box<\/li>\n<\/ul>\n<h3 dir=\"auto\">Deals extremely hot today<\/h3>\n<ul dir=\"auto\">\n<li>Buy 5 boxes get 1 box 65g<\/li>\n<li>Buy 10 boxes get 1 box Quartet The mini<\/li>\n<li>Free ship n\u1ed9i th\u00e0nh TP.CITY &amp; Binh Phuoc from 10 box<\/li>\n<li>Nationwide delivery 24\u201348h<\/li>\n<\/ul>\n<p dir=\"auto\"><span style=\"color: #282828;\"><a style=\"color: #282828;\" href=\"https:\/\/batubinhphuoc.vn\/en\/\"><strong>Cashew nut Shell Silk April 205g<\/strong><\/a><\/span> \u2013 Eat a grain is remembered both a heaven in memory Binh Phuoc!<\/p>","protected":false},"excerpt":{"rendered":"<p>B\u1ea1n \u0111ang t\u00ecm h\u1ea1t \u0111i\u1ec1u v\u1ecf l\u1ee5a ngon nh\u1ea5t Vi\u1ec7t Nam \u2013 lo\u1ea1i gi\u1eef nguy\u00ean l\u1edbp v\u1ecf l\u1ee5a n\u00e2u m\u1ecfng, b\u00f9i \u0111\u1eadm, th\u01a1m kh\u00f3i c\u1ee7i nh\u01b0 ng\u00e0y x\u01b0a B\u00e0 T\u01b0 rang n\u0103m 1987? B\u1ea1n mu\u1ed1n m\u00f3n \u0103n v\u1eb7t s\u1ea1ch 100%, kh\u00f4ng t\u1ea9m \u01b0\u1edbp, kh\u00f4ng d\u1ea7u chi\u00ean, nh\u01b0ng h\u1eadu v\u1ecb thanh \u0111\u1eafng nh\u1eb9 khi\u1ebfn \u201c\u0103n ho\u00e0i&#8230;<\/p>","protected":false},"featured_media":1256,"comment_status":"open","ping_status":"closed","template":"","meta":[],"product_brand":[],"product_cat":[40],"product_tag":[161,169,168,159,31,165,162,167,164,163,39,38,160,166,170],"class_list":{"0":"post-1211","1":"product","2":"type-product","3":"status-publish","4":"has-post-thumbnail","6":"product_cat-hat-dieu-vo-lua","7":"product_tag-hat-dieu-ba-tu-vo-lua-chinh-hang","8":"product_tag-hat-dieu-rang-cui-vo-lua-truyen-thong","9":"product_tag-hat-dieu-vo-lua-an-kieng-giam-can","10":"product_tag-hat-dieu-vo-lua-ba-tu-205g","11":"product_tag-hat-dieu-vo-lua-ba-tu-binh-phuoc","12":"product_tag-hat-dieu-vo-lua-ba-tu-gia-si","13":"product_tag-hat-dieu-vo-lua-ba-tu-tinh-tuy-tu-tam","14":"product_tag-hat-dieu-vo-lua-bu-gia-map","15":"product_tag-hat-dieu-vo-lua-halal-xuat-khau","16":"product_tag-hat-dieu-vo-lua-khong-muoi-khong-duong","17":"product_tag-hat-dieu-vo-lua-ngon-nhat-viet-nam","18":"product_tag-hat-dieu-vo-lua-ocop-4-sao","19":"product_tag-hat-dieu-vo-lua-rang-cui-binh-phuoc","20":"product_tag-mua-hat-dieu-vo-lua-ba-tu-o-dau","21":"product_tag-qua-tang-hat-dieu-vo-lua-binh-phuoc","23":"first","24":"instock","25":"sale","26":"shipping-taxable","27":"purchasable","28":"product-type-simple"},"yoast_head":"<!-- This site is optimized with the Yoast SEO plugin v26.4 - https:\/\/yoast.com\/wordpress\/plugins\/seo\/ -->\n<title>H\u1ea1t \u0110i\u1ec1u V\u1ecf L\u1ee5a B\u00e0 T\u01b0 205g \u2013 Gi\u00f2n, \u0110\u1eadm \u0110\u00e0 H\u01b0\u01a1ng Rang C\u1ee7i - batubinhphuoc.vn<\/title>\n<meta name=\"description\" content=\"H\u1ea1t \u0110i\u1ec1u V\u1ecf L\u1ee5a B\u00e0 T\u01b0 B\u00ecnh Ph\u01b0\u1edbc 205g ch\u00ednh l\u00e0 d\u00f2ng s\u1ea3n ph\u1ea9m \u201cg\u1ed1c r\u1ec5 truy\u1ec1n th\u1ed1ng\u201d \u0111ang b\u00e1n ch\u1ea1y nh\u1ea5t hi\u1ec7n nay!\" \/>\n<meta name=\"robots\" content=\"index, follow, max-snippet:-1, max-image-preview:large, max-video-preview:-1\" \/>\n<link rel=\"canonical\" href=\"https:\/\/batubinhphuoc.vn\/en\/shop\/hat-dieu-vo-lua-ba-tu-binh-phuoc-205g-gion-bui-tu-nhien-dam-da-huong-rang-cui\/\" \/>\n<meta property=\"og:locale\" content=\"en_US\" \/>\n<meta property=\"og:type\" content=\"article\" \/>\n<meta property=\"og:title\" content=\"H\u1ea1t \u0110i\u1ec1u V\u1ecf L\u1ee5a B\u00e0 T\u01b0 205g \u2013 Gi\u00f2n, \u0110\u1eadm \u0110\u00e0 H\u01b0\u01a1ng Rang C\u1ee7i - batubinhphuoc.vn\" \/>\n<meta property=\"og:description\" content=\"H\u1ea1t \u0110i\u1ec1u V\u1ecf L\u1ee5a B\u00e0 T\u01b0 B\u00ecnh Ph\u01b0\u1edbc 205g ch\u00ednh l\u00e0 d\u00f2ng s\u1ea3n ph\u1ea9m \u201cg\u1ed1c r\u1ec5 truy\u1ec1n th\u1ed1ng\u201d \u0111ang b\u00e1n ch\u1ea1y nh\u1ea5t hi\u1ec7n nay!\" \/>\n<meta property=\"og:url\" content=\"https:\/\/batubinhphuoc.vn\/en\/shop\/hat-dieu-vo-lua-ba-tu-binh-phuoc-205g-gion-bui-tu-nhien-dam-da-huong-rang-cui\/\" \/>\n<meta property=\"og:site_name\" content=\"batubinhphuoc.vn\" \/>\n<meta property=\"article:modified_time\" content=\"2026-03-12T07:13:07+00:00\" \/>\n<meta property=\"og:image\" content=\"https:\/\/batubinhphuoc.vn\/wp-content\/uploads\/2025\/11\/Hat-Dieu-Vo-Lua-Ba-Tu-Binh-Phuoc-205g-\u2013-Gion-Bui-Tu-Nhien-Dam-Da-Huong-Rang-Cui-1.webp\" \/>\n\t<meta property=\"og:image:width\" content=\"1024\" \/>\n\t<meta property=\"og:image:height\" content=\"1024\" \/>\n\t<meta property=\"og:image:type\" content=\"image\/webp\" \/>\n<meta name=\"twitter:card\" content=\"summary_large_image\" \/>\n<meta name=\"twitter:label1\" content=\"Est. reading time\" \/>\n\t<meta name=\"twitter:data1\" content=\"3 minutes\" \/>\n<script type=\"application\/ld+json\" class=\"yoast-schema-graph\">{\"@context\":\"https:\/\/schema.org\",\"@graph\":[{\"@type\":\"WebPage\",\"@id\":\"https:\/\/batubinhphuoc.vn\/shop\/hat-dieu-vo-lua-ba-tu-binh-phuoc-205g-gion-bui-tu-nhien-dam-da-huong-rang-cui\/\",\"url\":\"https:\/\/batubinhphuoc.vn\/shop\/hat-dieu-vo-lua-ba-tu-binh-phuoc-205g-gion-bui-tu-nhien-dam-da-huong-rang-cui\/\",\"name\":\"H\u1ea1t \u0110i\u1ec1u V\u1ecf L\u1ee5a B\u00e0 T\u01b0 205g \u2013 Gi\u00f2n, \u0110\u1eadm \u0110\u00e0 H\u01b0\u01a1ng Rang C\u1ee7i - batubinhphuoc.vn\",\"isPartOf\":{\"@id\":\"https:\/\/batubinhphuoc.vn\/#website\"},\"primaryImageOfPage\":{\"@id\":\"https:\/\/batubinhphuoc.vn\/shop\/hat-dieu-vo-lua-ba-tu-binh-phuoc-205g-gion-bui-tu-nhien-dam-da-huong-rang-cui\/#primaryimage\"},\"image\":{\"@id\":\"https:\/\/batubinhphuoc.vn\/shop\/hat-dieu-vo-lua-ba-tu-binh-phuoc-205g-gion-bui-tu-nhien-dam-da-huong-rang-cui\/#primaryimage\"},\"thumbnailUrl\":\"https:\/\/batubinhphuoc.vn\/wp-content\/uploads\/2025\/11\/Hat-Dieu-Vo-Lua-Ba-Tu-Binh-Phuoc-205g-\u2013-Gion-Bui-Tu-Nhien-Dam-Da-Huong-Rang-Cui-1.webp\",\"datePublished\":\"2025-11-19T02:52:44+00:00\",\"dateModified\":\"2026-03-12T07:13:07+00:00\",\"description\":\"H\u1ea1t \u0110i\u1ec1u V\u1ecf L\u1ee5a B\u00e0 T\u01b0 B\u00ecnh Ph\u01b0\u1edbc 205g ch\u00ednh l\u00e0 d\u00f2ng s\u1ea3n ph\u1ea9m \u201cg\u1ed1c r\u1ec5 truy\u1ec1n th\u1ed1ng\u201d \u0111ang b\u00e1n ch\u1ea1y nh\u1ea5t hi\u1ec7n nay!\",\"breadcrumb\":{\"@id\":\"https:\/\/batubinhphuoc.vn\/shop\/hat-dieu-vo-lua-ba-tu-binh-phuoc-205g-gion-bui-tu-nhien-dam-da-huong-rang-cui\/#breadcrumb\"},\"inLanguage\":\"en-US\",\"potentialAction\":[{\"@type\":\"ReadAction\",\"target\":[\"https:\/\/batubinhphuoc.vn\/shop\/hat-dieu-vo-lua-ba-tu-binh-phuoc-205g-gion-bui-tu-nhien-dam-da-huong-rang-cui\/\"]}]},{\"@type\":\"ImageObject\",\"inLanguage\":\"en-US\",\"@id\":\"https:\/\/batubinhphuoc.vn\/shop\/hat-dieu-vo-lua-ba-tu-binh-phuoc-205g-gion-bui-tu-nhien-dam-da-huong-rang-cui\/#primaryimage\",\"url\":\"https:\/\/batubinhphuoc.vn\/wp-content\/uploads\/2025\/11\/Hat-Dieu-Vo-Lua-Ba-Tu-Binh-Phuoc-205g-\u2013-Gion-Bui-Tu-Nhien-Dam-Da-Huong-Rang-Cui-1.webp\",\"contentUrl\":\"https:\/\/batubinhphuoc.vn\/wp-content\/uploads\/2025\/11\/Hat-Dieu-Vo-Lua-Ba-Tu-Binh-Phuoc-205g-\u2013-Gion-Bui-Tu-Nhien-Dam-Da-Huong-Rang-Cui-1.webp\",\"width\":1024,\"height\":1024,\"caption\":\"Hat-Dieu-Vo-Lua-Ba-Tu-Binh-Phuoc-205g-\u2013-Gion-Bui-Tu-Nhien-Dam-Da-Huong-Rang-Cui\"},{\"@type\":\"BreadcrumbList\",\"@id\":\"https:\/\/batubinhphuoc.vn\/shop\/hat-dieu-vo-lua-ba-tu-binh-phuoc-205g-gion-bui-tu-nhien-dam-da-huong-rang-cui\/#breadcrumb\",\"itemListElement\":[{\"@type\":\"ListItem\",\"position\":1,\"name\":\"Home\",\"item\":\"https:\/\/batubinhphuoc.vn\/\"},{\"@type\":\"ListItem\",\"position\":2,\"name\":\"S\u1ea3n ph\u1ea9m\",\"item\":\"https:\/\/batubinhphuoc.vn\/shop\/\"},{\"@type\":\"ListItem\",\"position\":3,\"name\":\"H\u1ea1t \u0110i\u1ec1u V\u1ecf L\u1ee5a B\u00e0 T\u01b0 205g \u2013 Gi\u00f2n, \u0110\u1eadm \u0110\u00e0 H\u01b0\u01a1ng Rang C\u1ee7i\"}]},{\"@type\":\"WebSite\",\"@id\":\"https:\/\/batubinhphuoc.vn\/#website\",\"url\":\"https:\/\/batubinhphuoc.vn\/\",\"name\":\"batubinhphuoc.vn\",\"description\":\"\",\"potentialAction\":[{\"@type\":\"SearchAction\",\"target\":{\"@type\":\"EntryPoint\",\"urlTemplate\":\"https:\/\/batubinhphuoc.vn\/?s={search_term_string}\"},\"query-input\":{\"@type\":\"PropertyValueSpecification\",\"valueRequired\":true,\"valueName\":\"search_term_string\"}}],\"inLanguage\":\"en-US\"}]}<\/script>\n<!-- \/ Yoast SEO plugin. -->","yoast_head_json":{"title":"H\u1ea1t \u0110i\u1ec1u V\u1ecf L\u1ee5a B\u00e0 T\u01b0 205g \u2013 Gi\u00f2n, \u0110\u1eadm \u0110\u00e0 H\u01b0\u01a1ng Rang C\u1ee7i - batubinhphuoc.vn","description":"H\u1ea1t \u0110i\u1ec1u V\u1ecf L\u1ee5a B\u00e0 T\u01b0 B\u00ecnh Ph\u01b0\u1edbc 205g ch\u00ednh l\u00e0 d\u00f2ng s\u1ea3n ph\u1ea9m \u201cg\u1ed1c r\u1ec5 truy\u1ec1n th\u1ed1ng\u201d \u0111ang b\u00e1n ch\u1ea1y nh\u1ea5t hi\u1ec7n nay!","robots":{"index":"index","follow":"follow","max-snippet":"max-snippet:-1","max-image-preview":"max-image-preview:large","max-video-preview":"max-video-preview:-1"},"canonical":"https:\/\/batubinhphuoc.vn\/en\/shop\/hat-dieu-vo-lua-ba-tu-binh-phuoc-205g-gion-bui-tu-nhien-dam-da-huong-rang-cui\/","og_locale":"en_US","og_type":"article","og_title":"H\u1ea1t \u0110i\u1ec1u V\u1ecf L\u1ee5a B\u00e0 T\u01b0 205g \u2013 Gi\u00f2n, \u0110\u1eadm \u0110\u00e0 H\u01b0\u01a1ng Rang C\u1ee7i - batubinhphuoc.vn","og_description":"H\u1ea1t \u0110i\u1ec1u V\u1ecf L\u1ee5a B\u00e0 T\u01b0 B\u00ecnh Ph\u01b0\u1edbc 205g ch\u00ednh l\u00e0 d\u00f2ng s\u1ea3n ph\u1ea9m \u201cg\u1ed1c r\u1ec5 truy\u1ec1n th\u1ed1ng\u201d \u0111ang b\u00e1n ch\u1ea1y nh\u1ea5t hi\u1ec7n nay!","og_url":"https:\/\/batubinhphuoc.vn\/en\/shop\/hat-dieu-vo-lua-ba-tu-binh-phuoc-205g-gion-bui-tu-nhien-dam-da-huong-rang-cui\/","og_site_name":"batubinhphuoc.vn","article_modified_time":"2026-03-12T07:13:07+00:00","og_image":[{"width":1024,"height":1024,"url":"https:\/\/batubinhphuoc.vn\/wp-content\/uploads\/2025\/11\/Hat-Dieu-Vo-Lua-Ba-Tu-Binh-Phuoc-205g-\u2013-Gion-Bui-Tu-Nhien-Dam-Da-Huong-Rang-Cui-1.webp","type":"image\/webp"}],"twitter_card":"summary_large_image","twitter_misc":{"Est. reading time":"3 minutes"},"schema":{"@context":"https:\/\/schema.org","@graph":[{"@type":"WebPage","@id":"https:\/\/batubinhphuoc.vn\/shop\/hat-dieu-vo-lua-ba-tu-binh-phuoc-205g-gion-bui-tu-nhien-dam-da-huong-rang-cui\/","url":"https:\/\/batubinhphuoc.vn\/shop\/hat-dieu-vo-lua-ba-tu-binh-phuoc-205g-gion-bui-tu-nhien-dam-da-huong-rang-cui\/","name":"H\u1ea1t \u0110i\u1ec1u V\u1ecf L\u1ee5a B\u00e0 T\u01b0 205g \u2013 Gi\u00f2n, \u0110\u1eadm \u0110\u00e0 H\u01b0\u01a1ng Rang C\u1ee7i - batubinhphuoc.vn","isPartOf":{"@id":"https:\/\/batubinhphuoc.vn\/#website"},"primaryImageOfPage":{"@id":"https:\/\/batubinhphuoc.vn\/shop\/hat-dieu-vo-lua-ba-tu-binh-phuoc-205g-gion-bui-tu-nhien-dam-da-huong-rang-cui\/#primaryimage"},"image":{"@id":"https:\/\/batubinhphuoc.vn\/shop\/hat-dieu-vo-lua-ba-tu-binh-phuoc-205g-gion-bui-tu-nhien-dam-da-huong-rang-cui\/#primaryimage"},"thumbnailUrl":"https:\/\/batubinhphuoc.vn\/wp-content\/uploads\/2025\/11\/Hat-Dieu-Vo-Lua-Ba-Tu-Binh-Phuoc-205g-\u2013-Gion-Bui-Tu-Nhien-Dam-Da-Huong-Rang-Cui-1.webp","datePublished":"2025-11-19T02:52:44+00:00","dateModified":"2026-03-12T07:13:07+00:00","description":"H\u1ea1t \u0110i\u1ec1u V\u1ecf L\u1ee5a B\u00e0 T\u01b0 B\u00ecnh Ph\u01b0\u1edbc 205g ch\u00ednh l\u00e0 d\u00f2ng s\u1ea3n ph\u1ea9m \u201cg\u1ed1c r\u1ec5 truy\u1ec1n th\u1ed1ng\u201d \u0111ang b\u00e1n ch\u1ea1y nh\u1ea5t hi\u1ec7n nay!","breadcrumb":{"@id":"https:\/\/batubinhphuoc.vn\/shop\/hat-dieu-vo-lua-ba-tu-binh-phuoc-205g-gion-bui-tu-nhien-dam-da-huong-rang-cui\/#breadcrumb"},"inLanguage":"en-US","potentialAction":[{"@type":"ReadAction","target":["https:\/\/batubinhphuoc.vn\/shop\/hat-dieu-vo-lua-ba-tu-binh-phuoc-205g-gion-bui-tu-nhien-dam-da-huong-rang-cui\/"]}]},{"@type":"ImageObject","inLanguage":"en-US","@id":"https:\/\/batubinhphuoc.vn\/shop\/hat-dieu-vo-lua-ba-tu-binh-phuoc-205g-gion-bui-tu-nhien-dam-da-huong-rang-cui\/#primaryimage","url":"https:\/\/batubinhphuoc.vn\/wp-content\/uploads\/2025\/11\/Hat-Dieu-Vo-Lua-Ba-Tu-Binh-Phuoc-205g-\u2013-Gion-Bui-Tu-Nhien-Dam-Da-Huong-Rang-Cui-1.webp","contentUrl":"https:\/\/batubinhphuoc.vn\/wp-content\/uploads\/2025\/11\/Hat-Dieu-Vo-Lua-Ba-Tu-Binh-Phuoc-205g-\u2013-Gion-Bui-Tu-Nhien-Dam-Da-Huong-Rang-Cui-1.webp","width":1024,"height":1024,"caption":"Hat-Dieu-Vo-Lua-Ba-Tu-Binh-Phuoc-205g-\u2013-Gion-Bui-Tu-Nhien-Dam-Da-Huong-Rang-Cui"},{"@type":"BreadcrumbList","@id":"https:\/\/batubinhphuoc.vn\/shop\/hat-dieu-vo-lua-ba-tu-binh-phuoc-205g-gion-bui-tu-nhien-dam-da-huong-rang-cui\/#breadcrumb","itemListElement":[{"@type":"ListItem","position":1,"name":"Home","item":"https:\/\/batubinhphuoc.vn\/"},{"@type":"ListItem","position":2,"name":"S\u1ea3n ph\u1ea9m","item":"https:\/\/batubinhphuoc.vn\/shop\/"},{"@type":"ListItem","position":3,"name":"H\u1ea1t \u0110i\u1ec1u V\u1ecf L\u1ee5a B\u00e0 T\u01b0 205g \u2013 Gi\u00f2n, \u0110\u1eadm \u0110\u00e0 H\u01b0\u01a1ng Rang C\u1ee7i"}]},{"@type":"WebSite","@id":"https:\/\/batubinhphuoc.vn\/#website","url":"https:\/\/batubinhphuoc.vn\/","name":"batubinhphuoc.vn","description":"","potentialAction":[{"@type":"SearchAction","target":{"@type":"EntryPoint","urlTemplate":"https:\/\/batubinhphuoc.vn\/?s={search_term_string}"},"query-input":{"@type":"PropertyValueSpecification","valueRequired":true,"valueName":"search_term_string"}}],"inLanguage":"en-US"}]}},"_links":{"self":[{"href":"https:\/\/batubinhphuoc.vn\/en\/wp-json\/wp\/v2\/product\/1211","targetHints":{"allow":["GET"]}}],"collection":[{"href":"https:\/\/batubinhphuoc.vn\/en\/wp-json\/wp\/v2\/product"}],"about":[{"href":"https:\/\/batubinhphuoc.vn\/en\/wp-json\/wp\/v2\/types\/product"}],"replies":[{"embeddable":true,"href":"https:\/\/batubinhphuoc.vn\/en\/wp-json\/wp\/v2\/comments?post=1211"}],"wp:featuredmedia":[{"embeddable":true,"href":"https:\/\/batubinhphuoc.vn\/en\/wp-json\/wp\/v2\/media\/1256"}],"wp:attachment":[{"href":"https:\/\/batubinhphuoc.vn\/en\/wp-json\/wp\/v2\/media?parent=1211"}],"wp:term":[{"taxonomy":"product_brand","embeddable":true,"href":"https:\/\/batubinhphuoc.vn\/en\/wp-json\/wp\/v2\/product_brand?post=1211"},{"taxonomy":"product_cat","embeddable":true,"href":"https:\/\/batubinhphuoc.vn\/en\/wp-json\/wp\/v2\/product_cat?post=1211"},{"taxonomy":"product_tag","embeddable":true,"href":"https:\/\/batubinhphuoc.vn\/en\/wp-json\/wp\/v2\/product_tag?post=1211"}],"curies":[{"name":"wp","href":"https:\/\/api.w.org\/{rel}","templated":true}]}}