{"id":1212,"date":"2025-11-19T10:11:05","date_gmt":"2025-11-19T03:11:05","guid":{"rendered":"https:\/\/batubinhphuoc.vn\/?post_type=product&#038;p=1212"},"modified":"2026-03-12T14:10:48","modified_gmt":"2026-03-12T07:10:48","slug":"hat-dieu-vo-lua-ba-tu-binh-phuoc-65g-gion-bui-tu-nhien-dam-da-huong-rang-cui","status":"publish","type":"product","link":"https:\/\/batubinhphuoc.vn\/en\/shop\/hat-dieu-vo-lua-ba-tu-binh-phuoc-65g-gion-bui-tu-nhien-dam-da-huong-rang-cui\/","title":{"rendered":"H\u1ea1t \u0110i\u1ec1u V\u1ecf L\u1ee5a B\u00e0 T\u01b0 65G \u2013 Gi\u00f2n, \u0110\u1eadm \u0110\u00e0, Rang C\u1ee7i"},"content":{"rendered":"<p dir=\"auto\">You are looking for <strong>cashew nut shell silk 65g<\/strong> original Binh Phuoc, keep the crust brown silk thin, fleshy bold + the bitter lightweight, elegant as day old granny Private roasted firewood 1987? You want snacks clean 100%, no salt, no sugar, no oil frying, but \u201ceat a grain is remember all my life\u201d?<\/p>\n<p dir=\"auto\"><span style=\"color: #282828;\"><a style=\"color: #282828;\" href=\"https:\/\/www.facebook.com\/hatdieubatubinhphuoc.official\"><strong>Cashew nut Shell Silk April Binh Phuoc 65g<\/strong><\/a><\/span> \u2013 line traditional products are best-selling Shopee, TikTok Shop &amp; super market nationwide is here!<\/p>\n<h3 dir=\"auto\">Why pocket 65g silk sheath April the \u201caddictive\u201d to that?<\/h3>\n<ol dir=\"auto\">\n<li><strong>High quality raw material 100% from the high-quality planting Binh Phuoc<\/strong>\n<ul dir=\"auto\">\n<li>Cashew nuts type 1, big tits, round, firm, enterprise, recruited directly from <strong>farm April<\/strong> and garden fellow's\u2019English and Khmer at the Bu Gia map.<\/li>\n<li>Basalt + sun and wind plateau \u2192 crust thick silk fragrant, multiplication, greasy nature.<\/li>\n<\/ul>\n<\/li>\n<li><strong>High quality factory + process roasted wood crafts 38-year heirloom<\/strong>\n<ul dir=\"auto\">\n<li>Slow roasting 100% firewood dry forest (no power \u2013 no gas) according to recipes April Nguyen Thi Thao since 1987.<\/li>\n<li>Keep raw silk sheath \u2192 increase the brittleness, increased the bui thanh and slightly bitter featured \u201conly Binh Phuoc new\u201d.<\/li>\n<li>Reach OCOP 4 stars, HALAL, ISO 22000:2018, FDA \u2013 exports to American, Japan, south Korea, Taiwan, Singapore, China.<\/li>\n<\/ul>\n<\/li>\n<li><strong>Human quality \u2013 3 generation Vietnamese in mind<\/strong>\n<ul dir=\"auto\">\n<li>Each particle contains stories beyond the sacred forest water of April and what the father told \u201cyou to preserve the essence of nuts this\u201d.<\/li>\n<li>More than 300 artisans in Vietnam for the all fire up at the right dark yellow to out cool beans, perfect.<\/li>\n<\/ul>\n<\/li>\n<li><strong>Original flavor \u201cfood is memory home\u201d<\/strong>\n<ul dir=\"auto\">\n<li>Crispy \u2192 bui, fat, deep \u2192 fragrant smoke firewood \u2192 the bitter bar me.<\/li>\n<li>Not laced with anything \u2013 only the cashew nuts Binh Phuoc 100% pure.<\/li>\n<\/ul>\n<\/li>\n<li><strong>Bag 65g \u2013 size for all your needs<\/strong>\n<ul dir=\"auto\">\n<li>Bring go to work, school, gym, travel &amp; ultra comfortable.<\/li>\n<li>Making small gifts that sang, weight loss diet, fasting, good for your heart &amp; beautiful skin.<\/li>\n<\/ul>\n<\/li>\n<\/ol>\n<h3 dir=\"auto\">Product information<\/h3>\n<ul dir=\"auto\">\n<li>Weight: 65g\/bag, PET premium + zipper moisture-proof<\/li>\n<li>Shelf life: 12 months<\/li>\n<li>Retail price reference: 39.000 \u2013 45,000\/bag<\/li>\n<\/ul>\n<h3 dir=\"auto\">Deals extreme shock today<\/h3>\n<ul dir=\"auto\">\n<li>Buy 10 bags get 2 bags<\/li>\n<li>Buy 30 bags get 1 gift box Quartet The mini<\/li>\n<li>Free ship n\u1ed9i th\u00e0nh TP.CITY &amp; Binh Phuoc from 15 bags<\/li>\n<li>Nationwide delivery 24\u201348h, COD inspection ago<\/li>\n<\/ul>\n<p dir=\"auto\"><span style=\"color: #282828;\"><a style=\"color: #282828;\" href=\"https:\/\/batubinhphuoc.vn\/en\/\"><strong>Cashew nut Shell Silk April 65g<\/strong><\/a><\/span> \u2013 Eat a time's \u201caddiction\u201d all my life!<\/p>","protected":false},"excerpt":{"rendered":"<p>B\u1ea1n \u0111ang t\u00ecm h\u1ea1t \u0111i\u1ec1u v\u1ecf l\u1ee5a 65g ch\u00ednh g\u1ed1c B\u00ecnh Ph\u01b0\u1edbc, gi\u1eef nguy\u00ean l\u1edbp v\u1ecf l\u1ee5a n\u00e2u m\u1ecfng, v\u1ecb b\u00f9i \u0111\u1eadm + h\u1eadu \u0111\u1eafng nh\u1eb9 thanh tho\u00e1t nh\u01b0 ng\u00e0y x\u01b0a B\u00e0 T\u01b0 rang c\u1ee7i n\u0103m 1987? B\u1ea1n mu\u1ed1n m\u00f3n \u0103n v\u1eb7t s\u1ea1ch 100%, kh\u00f4ng mu\u1ed1i, kh\u00f4ng \u0111\u01b0\u1eddng, kh\u00f4ng d\u1ea7u chi\u00ean nh\u01b0ng \u201c\u0103n m\u1ed9t h\u1ea1t&#8230;<\/p>","protected":false},"featured_media":1265,"comment_status":"open","ping_status":"closed","template":"","meta":[],"product_brand":[],"product_cat":[40],"product_tag":[169,168,171,172,174,165,162,178,177,175,39,176,173,166,179],"class_list":{"0":"post-1212","1":"product","2":"type-product","3":"status-publish","4":"has-post-thumbnail","6":"product_cat-hat-dieu-vo-lua","7":"product_tag-hat-dieu-rang-cui-vo-lua-truyen-thong","8":"product_tag-hat-dieu-vo-lua-an-kieng-giam-can","9":"product_tag-hat-dieu-vo-lua-ba-tu-65g","10":"product_tag-hat-dieu-vo-lua-ba-tu-binh-phuoc-65g","11":"product_tag-hat-dieu-vo-lua-ba-tu-chinh-hang","12":"product_tag-hat-dieu-vo-lua-ba-tu-gia-si","13":"product_tag-hat-dieu-vo-lua-ba-tu-tinh-tuy-tu-tam","14":"product_tag-hat-dieu-vo-lua-bu-gia-map-65g","15":"product_tag-hat-dieu-vo-lua-halal-binh-phuoc","16":"product_tag-hat-dieu-vo-lua-khong-muoi-ba-tu","17":"product_tag-hat-dieu-vo-lua-ngon-nhat-viet-nam","18":"product_tag-hat-dieu-vo-lua-ocop-4-sao-65g","19":"product_tag-hat-dieu-vo-lua-rang-cui-65g","20":"product_tag-mua-hat-dieu-vo-lua-ba-tu-o-dau","21":"product_tag-qua-tang-hat-dieu-vo-lua-binh-phuoc-65g","23":"first","24":"instock","25":"sale","26":"shipping-taxable","27":"purchasable","28":"product-type-simple"},"yoast_head":"<!-- This site is optimized with the Yoast SEO plugin v26.4 - https:\/\/yoast.com\/wordpress\/plugins\/seo\/ -->\n<title>H\u1ea1t \u0110i\u1ec1u V\u1ecf L\u1ee5a B\u00e0 T\u01b0 65G \u2013 Gi\u00f2n, \u0110\u1eadm \u0110\u00e0, Rang C\u1ee7i - batubinhphuoc.vn<\/title>\n<meta name=\"description\" content=\"H\u1ea1t \u0110i\u1ec1u V\u1ecf L\u1ee5a B\u00e0 T\u01b0 B\u00ecnh Ph\u01b0\u1edbc 65g \u2013 d\u00f2ng s\u1ea3n ph\u1ea9m truy\u1ec1n th\u1ed1ng \u0111ang b\u00e1n ch\u1ea1y nh\u1ea5t Shopee, TikTok Shop &amp; si\u00eau th\u1ecb to\u00e0n qu\u1ed1c ch\u00ednh l\u00e0 \u0111\u00e2y!\" \/>\n<meta name=\"robots\" content=\"index, follow, max-snippet:-1, max-image-preview:large, max-video-preview:-1\" \/>\n<link rel=\"canonical\" href=\"https:\/\/batubinhphuoc.vn\/en\/shop\/hat-dieu-vo-lua-ba-tu-binh-phuoc-65g-gion-bui-tu-nhien-dam-da-huong-rang-cui\/\" \/>\n<meta property=\"og:locale\" content=\"en_US\" \/>\n<meta property=\"og:type\" content=\"article\" \/>\n<meta property=\"og:title\" content=\"H\u1ea1t \u0110i\u1ec1u V\u1ecf L\u1ee5a B\u00e0 T\u01b0 65G \u2013 Gi\u00f2n, \u0110\u1eadm \u0110\u00e0, Rang C\u1ee7i - batubinhphuoc.vn\" \/>\n<meta property=\"og:description\" content=\"H\u1ea1t \u0110i\u1ec1u V\u1ecf L\u1ee5a B\u00e0 T\u01b0 B\u00ecnh Ph\u01b0\u1edbc 65g \u2013 d\u00f2ng s\u1ea3n ph\u1ea9m truy\u1ec1n th\u1ed1ng \u0111ang b\u00e1n ch\u1ea1y nh\u1ea5t Shopee, TikTok Shop &amp; si\u00eau th\u1ecb to\u00e0n qu\u1ed1c ch\u00ednh l\u00e0 \u0111\u00e2y!\" \/>\n<meta property=\"og:url\" content=\"https:\/\/batubinhphuoc.vn\/en\/shop\/hat-dieu-vo-lua-ba-tu-binh-phuoc-65g-gion-bui-tu-nhien-dam-da-huong-rang-cui\/\" \/>\n<meta property=\"og:site_name\" content=\"batubinhphuoc.vn\" \/>\n<meta property=\"article:modified_time\" content=\"2026-03-12T07:10:48+00:00\" \/>\n<meta property=\"og:image\" content=\"https:\/\/batubinhphuoc.vn\/wp-content\/uploads\/2025\/11\/Hat-Dieu-Vo-Lua-Ba-Tu-Binh-Phuoc-65G-\u2013-Gion-Bui-Tu-Nhien-Dam-Da-Huong-Rang-Cui-1.webp\" \/>\n\t<meta property=\"og:image:width\" content=\"1024\" \/>\n\t<meta property=\"og:image:height\" content=\"1024\" \/>\n\t<meta property=\"og:image:type\" content=\"image\/webp\" \/>\n<meta name=\"twitter:card\" content=\"summary_large_image\" \/>\n<meta name=\"twitter:label1\" content=\"Est. reading time\" \/>\n\t<meta name=\"twitter:data1\" content=\"3 minutes\" \/>\n<script type=\"application\/ld+json\" class=\"yoast-schema-graph\">{\"@context\":\"https:\/\/schema.org\",\"@graph\":[{\"@type\":\"WebPage\",\"@id\":\"https:\/\/batubinhphuoc.vn\/shop\/hat-dieu-vo-lua-ba-tu-binh-phuoc-65g-gion-bui-tu-nhien-dam-da-huong-rang-cui\/\",\"url\":\"https:\/\/batubinhphuoc.vn\/shop\/hat-dieu-vo-lua-ba-tu-binh-phuoc-65g-gion-bui-tu-nhien-dam-da-huong-rang-cui\/\",\"name\":\"H\u1ea1t \u0110i\u1ec1u V\u1ecf L\u1ee5a B\u00e0 T\u01b0 65G \u2013 Gi\u00f2n, \u0110\u1eadm \u0110\u00e0, Rang C\u1ee7i - batubinhphuoc.vn\",\"isPartOf\":{\"@id\":\"https:\/\/batubinhphuoc.vn\/#website\"},\"primaryImageOfPage\":{\"@id\":\"https:\/\/batubinhphuoc.vn\/shop\/hat-dieu-vo-lua-ba-tu-binh-phuoc-65g-gion-bui-tu-nhien-dam-da-huong-rang-cui\/#primaryimage\"},\"image\":{\"@id\":\"https:\/\/batubinhphuoc.vn\/shop\/hat-dieu-vo-lua-ba-tu-binh-phuoc-65g-gion-bui-tu-nhien-dam-da-huong-rang-cui\/#primaryimage\"},\"thumbnailUrl\":\"https:\/\/batubinhphuoc.vn\/wp-content\/uploads\/2025\/11\/Hat-Dieu-Vo-Lua-Ba-Tu-Binh-Phuoc-65G-\u2013-Gion-Bui-Tu-Nhien-Dam-Da-Huong-Rang-Cui-1.webp\",\"datePublished\":\"2025-11-19T03:11:05+00:00\",\"dateModified\":\"2026-03-12T07:10:48+00:00\",\"description\":\"H\u1ea1t \u0110i\u1ec1u V\u1ecf L\u1ee5a B\u00e0 T\u01b0 B\u00ecnh Ph\u01b0\u1edbc 65g \u2013 d\u00f2ng s\u1ea3n ph\u1ea9m truy\u1ec1n th\u1ed1ng \u0111ang b\u00e1n ch\u1ea1y nh\u1ea5t Shopee, TikTok Shop & si\u00eau th\u1ecb to\u00e0n qu\u1ed1c ch\u00ednh l\u00e0 \u0111\u00e2y!\",\"breadcrumb\":{\"@id\":\"https:\/\/batubinhphuoc.vn\/shop\/hat-dieu-vo-lua-ba-tu-binh-phuoc-65g-gion-bui-tu-nhien-dam-da-huong-rang-cui\/#breadcrumb\"},\"inLanguage\":\"en-US\",\"potentialAction\":[{\"@type\":\"ReadAction\",\"target\":[\"https:\/\/batubinhphuoc.vn\/shop\/hat-dieu-vo-lua-ba-tu-binh-phuoc-65g-gion-bui-tu-nhien-dam-da-huong-rang-cui\/\"]}]},{\"@type\":\"ImageObject\",\"inLanguage\":\"en-US\",\"@id\":\"https:\/\/batubinhphuoc.vn\/shop\/hat-dieu-vo-lua-ba-tu-binh-phuoc-65g-gion-bui-tu-nhien-dam-da-huong-rang-cui\/#primaryimage\",\"url\":\"https:\/\/batubinhphuoc.vn\/wp-content\/uploads\/2025\/11\/Hat-Dieu-Vo-Lua-Ba-Tu-Binh-Phuoc-65G-\u2013-Gion-Bui-Tu-Nhien-Dam-Da-Huong-Rang-Cui-1.webp\",\"contentUrl\":\"https:\/\/batubinhphuoc.vn\/wp-content\/uploads\/2025\/11\/Hat-Dieu-Vo-Lua-Ba-Tu-Binh-Phuoc-65G-\u2013-Gion-Bui-Tu-Nhien-Dam-Da-Huong-Rang-Cui-1.webp\",\"width\":1024,\"height\":1024,\"caption\":\"Hat-Dieu-Vo-Lua-Ba-Tu-Binh-Phuoc-65G-\u2013-Gion-Bui-Tu-Nhien-Dam-Da-Huong-Rang-Cui\"},{\"@type\":\"BreadcrumbList\",\"@id\":\"https:\/\/batubinhphuoc.vn\/shop\/hat-dieu-vo-lua-ba-tu-binh-phuoc-65g-gion-bui-tu-nhien-dam-da-huong-rang-cui\/#breadcrumb\",\"itemListElement\":[{\"@type\":\"ListItem\",\"position\":1,\"name\":\"Home\",\"item\":\"https:\/\/batubinhphuoc.vn\/\"},{\"@type\":\"ListItem\",\"position\":2,\"name\":\"S\u1ea3n ph\u1ea9m\",\"item\":\"https:\/\/batubinhphuoc.vn\/shop\/\"},{\"@type\":\"ListItem\",\"position\":3,\"name\":\"H\u1ea1t \u0110i\u1ec1u V\u1ecf L\u1ee5a B\u00e0 T\u01b0 65G \u2013 Gi\u00f2n, \u0110\u1eadm \u0110\u00e0, Rang C\u1ee7i\"}]},{\"@type\":\"WebSite\",\"@id\":\"https:\/\/batubinhphuoc.vn\/#website\",\"url\":\"https:\/\/batubinhphuoc.vn\/\",\"name\":\"batubinhphuoc.vn\",\"description\":\"\",\"potentialAction\":[{\"@type\":\"SearchAction\",\"target\":{\"@type\":\"EntryPoint\",\"urlTemplate\":\"https:\/\/batubinhphuoc.vn\/?s={search_term_string}\"},\"query-input\":{\"@type\":\"PropertyValueSpecification\",\"valueRequired\":true,\"valueName\":\"search_term_string\"}}],\"inLanguage\":\"en-US\"}]}<\/script>\n<!-- \/ Yoast SEO plugin. -->","yoast_head_json":{"title":"H\u1ea1t \u0110i\u1ec1u V\u1ecf L\u1ee5a B\u00e0 T\u01b0 65G \u2013 Gi\u00f2n, \u0110\u1eadm \u0110\u00e0, Rang C\u1ee7i - batubinhphuoc.vn","description":"H\u1ea1t \u0110i\u1ec1u V\u1ecf L\u1ee5a B\u00e0 T\u01b0 B\u00ecnh Ph\u01b0\u1edbc 65g \u2013 d\u00f2ng s\u1ea3n ph\u1ea9m truy\u1ec1n th\u1ed1ng \u0111ang b\u00e1n ch\u1ea1y nh\u1ea5t Shopee, TikTok Shop & si\u00eau th\u1ecb to\u00e0n qu\u1ed1c ch\u00ednh l\u00e0 \u0111\u00e2y!","robots":{"index":"index","follow":"follow","max-snippet":"max-snippet:-1","max-image-preview":"max-image-preview:large","max-video-preview":"max-video-preview:-1"},"canonical":"https:\/\/batubinhphuoc.vn\/en\/shop\/hat-dieu-vo-lua-ba-tu-binh-phuoc-65g-gion-bui-tu-nhien-dam-da-huong-rang-cui\/","og_locale":"en_US","og_type":"article","og_title":"H\u1ea1t \u0110i\u1ec1u V\u1ecf L\u1ee5a B\u00e0 T\u01b0 65G \u2013 Gi\u00f2n, \u0110\u1eadm \u0110\u00e0, Rang C\u1ee7i - batubinhphuoc.vn","og_description":"H\u1ea1t \u0110i\u1ec1u V\u1ecf L\u1ee5a B\u00e0 T\u01b0 B\u00ecnh Ph\u01b0\u1edbc 65g \u2013 d\u00f2ng s\u1ea3n ph\u1ea9m truy\u1ec1n th\u1ed1ng \u0111ang b\u00e1n ch\u1ea1y nh\u1ea5t Shopee, TikTok Shop & si\u00eau th\u1ecb to\u00e0n qu\u1ed1c ch\u00ednh l\u00e0 \u0111\u00e2y!","og_url":"https:\/\/batubinhphuoc.vn\/en\/shop\/hat-dieu-vo-lua-ba-tu-binh-phuoc-65g-gion-bui-tu-nhien-dam-da-huong-rang-cui\/","og_site_name":"batubinhphuoc.vn","article_modified_time":"2026-03-12T07:10:48+00:00","og_image":[{"width":1024,"height":1024,"url":"https:\/\/batubinhphuoc.vn\/wp-content\/uploads\/2025\/11\/Hat-Dieu-Vo-Lua-Ba-Tu-Binh-Phuoc-65G-\u2013-Gion-Bui-Tu-Nhien-Dam-Da-Huong-Rang-Cui-1.webp","type":"image\/webp"}],"twitter_card":"summary_large_image","twitter_misc":{"Est. reading time":"3 minutes"},"schema":{"@context":"https:\/\/schema.org","@graph":[{"@type":"WebPage","@id":"https:\/\/batubinhphuoc.vn\/shop\/hat-dieu-vo-lua-ba-tu-binh-phuoc-65g-gion-bui-tu-nhien-dam-da-huong-rang-cui\/","url":"https:\/\/batubinhphuoc.vn\/shop\/hat-dieu-vo-lua-ba-tu-binh-phuoc-65g-gion-bui-tu-nhien-dam-da-huong-rang-cui\/","name":"H\u1ea1t \u0110i\u1ec1u V\u1ecf L\u1ee5a B\u00e0 T\u01b0 65G \u2013 Gi\u00f2n, \u0110\u1eadm \u0110\u00e0, Rang C\u1ee7i - batubinhphuoc.vn","isPartOf":{"@id":"https:\/\/batubinhphuoc.vn\/#website"},"primaryImageOfPage":{"@id":"https:\/\/batubinhphuoc.vn\/shop\/hat-dieu-vo-lua-ba-tu-binh-phuoc-65g-gion-bui-tu-nhien-dam-da-huong-rang-cui\/#primaryimage"},"image":{"@id":"https:\/\/batubinhphuoc.vn\/shop\/hat-dieu-vo-lua-ba-tu-binh-phuoc-65g-gion-bui-tu-nhien-dam-da-huong-rang-cui\/#primaryimage"},"thumbnailUrl":"https:\/\/batubinhphuoc.vn\/wp-content\/uploads\/2025\/11\/Hat-Dieu-Vo-Lua-Ba-Tu-Binh-Phuoc-65G-\u2013-Gion-Bui-Tu-Nhien-Dam-Da-Huong-Rang-Cui-1.webp","datePublished":"2025-11-19T03:11:05+00:00","dateModified":"2026-03-12T07:10:48+00:00","description":"H\u1ea1t \u0110i\u1ec1u V\u1ecf L\u1ee5a B\u00e0 T\u01b0 B\u00ecnh Ph\u01b0\u1edbc 65g \u2013 d\u00f2ng s\u1ea3n ph\u1ea9m truy\u1ec1n th\u1ed1ng \u0111ang b\u00e1n ch\u1ea1y nh\u1ea5t Shopee, TikTok Shop & si\u00eau th\u1ecb to\u00e0n qu\u1ed1c ch\u00ednh l\u00e0 \u0111\u00e2y!","breadcrumb":{"@id":"https:\/\/batubinhphuoc.vn\/shop\/hat-dieu-vo-lua-ba-tu-binh-phuoc-65g-gion-bui-tu-nhien-dam-da-huong-rang-cui\/#breadcrumb"},"inLanguage":"en-US","potentialAction":[{"@type":"ReadAction","target":["https:\/\/batubinhphuoc.vn\/shop\/hat-dieu-vo-lua-ba-tu-binh-phuoc-65g-gion-bui-tu-nhien-dam-da-huong-rang-cui\/"]}]},{"@type":"ImageObject","inLanguage":"en-US","@id":"https:\/\/batubinhphuoc.vn\/shop\/hat-dieu-vo-lua-ba-tu-binh-phuoc-65g-gion-bui-tu-nhien-dam-da-huong-rang-cui\/#primaryimage","url":"https:\/\/batubinhphuoc.vn\/wp-content\/uploads\/2025\/11\/Hat-Dieu-Vo-Lua-Ba-Tu-Binh-Phuoc-65G-\u2013-Gion-Bui-Tu-Nhien-Dam-Da-Huong-Rang-Cui-1.webp","contentUrl":"https:\/\/batubinhphuoc.vn\/wp-content\/uploads\/2025\/11\/Hat-Dieu-Vo-Lua-Ba-Tu-Binh-Phuoc-65G-\u2013-Gion-Bui-Tu-Nhien-Dam-Da-Huong-Rang-Cui-1.webp","width":1024,"height":1024,"caption":"Hat-Dieu-Vo-Lua-Ba-Tu-Binh-Phuoc-65G-\u2013-Gion-Bui-Tu-Nhien-Dam-Da-Huong-Rang-Cui"},{"@type":"BreadcrumbList","@id":"https:\/\/batubinhphuoc.vn\/shop\/hat-dieu-vo-lua-ba-tu-binh-phuoc-65g-gion-bui-tu-nhien-dam-da-huong-rang-cui\/#breadcrumb","itemListElement":[{"@type":"ListItem","position":1,"name":"Home","item":"https:\/\/batubinhphuoc.vn\/"},{"@type":"ListItem","position":2,"name":"S\u1ea3n ph\u1ea9m","item":"https:\/\/batubinhphuoc.vn\/shop\/"},{"@type":"ListItem","position":3,"name":"H\u1ea1t \u0110i\u1ec1u V\u1ecf L\u1ee5a B\u00e0 T\u01b0 65G \u2013 Gi\u00f2n, \u0110\u1eadm \u0110\u00e0, Rang C\u1ee7i"}]},{"@type":"WebSite","@id":"https:\/\/batubinhphuoc.vn\/#website","url":"https:\/\/batubinhphuoc.vn\/","name":"batubinhphuoc.vn","description":"","potentialAction":[{"@type":"SearchAction","target":{"@type":"EntryPoint","urlTemplate":"https:\/\/batubinhphuoc.vn\/?s={search_term_string}"},"query-input":{"@type":"PropertyValueSpecification","valueRequired":true,"valueName":"search_term_string"}}],"inLanguage":"en-US"}]}},"_links":{"self":[{"href":"https:\/\/batubinhphuoc.vn\/en\/wp-json\/wp\/v2\/product\/1212","targetHints":{"allow":["GET"]}}],"collection":[{"href":"https:\/\/batubinhphuoc.vn\/en\/wp-json\/wp\/v2\/product"}],"about":[{"href":"https:\/\/batubinhphuoc.vn\/en\/wp-json\/wp\/v2\/types\/product"}],"replies":[{"embeddable":true,"href":"https:\/\/batubinhphuoc.vn\/en\/wp-json\/wp\/v2\/comments?post=1212"}],"wp:featuredmedia":[{"embeddable":true,"href":"https:\/\/batubinhphuoc.vn\/en\/wp-json\/wp\/v2\/media\/1265"}],"wp:attachment":[{"href":"https:\/\/batubinhphuoc.vn\/en\/wp-json\/wp\/v2\/media?parent=1212"}],"wp:term":[{"taxonomy":"product_brand","embeddable":true,"href":"https:\/\/batubinhphuoc.vn\/en\/wp-json\/wp\/v2\/product_brand?post=1212"},{"taxonomy":"product_cat","embeddable":true,"href":"https:\/\/batubinhphuoc.vn\/en\/wp-json\/wp\/v2\/product_cat?post=1212"},{"taxonomy":"product_tag","embeddable":true,"href":"https:\/\/batubinhphuoc.vn\/en\/wp-json\/wp\/v2\/product_tag?post=1212"}],"curies":[{"name":"wp","href":"https:\/\/api.w.org\/{rel}","templated":true}]}}