{"id":1213,"date":"2025-11-19T10:16:02","date_gmt":"2025-11-19T03:16:02","guid":{"rendered":"https:\/\/batubinhphuoc.vn\/?post_type=product&#038;p=1213"},"modified":"2026-03-12T14:07:04","modified_gmt":"2026-03-12T07:07:04","slug":"hop-qua-song-dieu-ba-tu-binh-phuoc-450g-qua-tet-hat-dieu-cao-cap-y-nghia-nhat-2026","status":"publish","type":"product","link":"https:\/\/batubinhphuoc.vn\/en\/shop\/hop-qua-song-dieu-ba-tu-binh-phuoc-450g-qua-tet-hat-dieu-cao-cap-y-nghia-nhat-2026\/","title":{"rendered":"H\u1ed9p Qu\u00e0 \u0110\u00f4i H\u1ea1t \u0110i\u1ec1u B\u00e0 T\u01b0 450g \u2013 Song \u0110i\u1ec1u"},"content":{"rendered":"<p dir=\"auto\">You are looking for <strong>gifts cashews premium<\/strong>just chic, just good for health, bring meaning \u201cGiven the good \u2013 Send full attention\u201d? <span style=\"color: #282828;\"><a style=\"color: #282828;\" href=\"https:\/\/www.facebook.com\/hatdieubatubinhphuoc.official\"><strong>H\u1ed9p Qu\u00e0 Song H\u1ea1t \u0110i\u1ec1u B\u00e0 T\u01b0 B\u00ecnh Ph\u01b0\u1edbc<\/strong><\/a><\/span> the is the perfect choice for you!<\/p>\n<h3 dir=\"auto\">Why Gift Box Song That April was popular gifts year 2026?<\/h3>\n<ul dir=\"auto\">\n<li><strong>Clear origin from the capital of cashew nuts in Vietnam \u2013 Binh Phuoc<\/strong>: 100% cashew nuts type 1, carefully selected from the basalt renowned.<\/li>\n<li><strong>Roasted hand crafted by firewood dry forests<\/strong> \u2192 brittle nature, aromatic, fat, bold, no oil, no coloring, no preservatives.<\/li>\n<li><strong>The perfect in 1 gift box<\/strong>:\n<ul dir=\"auto\">\n<li>Cashew flower roasted hand \u2013 hold the mantle rustic, the traditional buttery flavor.<\/li>\n<li>Cashew nuts, shelled (white) \u2013 light, crispy, more luxurious when donated.<\/li>\n<\/ul>\n<\/li>\n<li><strong>Design box square double delicate, pressed metal logo gold highlights<\/strong>cap mica throughout the visible cashew beautiful eyes \u2013 extreme luxury as gifts for the boss, clients and relatives.<\/li>\n<li><strong>Italian humanism deeply<\/strong>: \u201cGiven a cashew \u2013 Send thousands of good\u201d, in accordance with culture, Vietnamese new year \u2013 wishing peace, prosperity, luck.<\/li>\n<\/ul>\n<h3 dir=\"auto\">Health benefits superior \u2013 gift \u201chealthy\u201d really<\/h3>\n<ul>\n<li dir=\"auto\">Cashew Binh Phuoc rich in protein, good fats (omega), vitamin E, magnesium, zinc... help:<\/li>\n<li>Good for your heart, reduces bad cholesterol<\/li>\n<li>Support brain, enhance memory<\/li>\n<li>Beauty skin, anti-aging<\/li>\n<li>No long, suitable dieting and older people<\/li>\n<\/ul>\n<h3 dir=\"auto\">More detail product<\/h3>\n<ul dir=\"auto\">\n<li>Product name: Gift Box Song That April Binh Phuoc<\/li>\n<li>Composition: 100% cashew nuts type 1, Binh Phuoc<\/li>\n<li>Volume: 2 boxes x 450g (total 900g\/set)<\/li>\n<li>Packaging: Box square double lid mica transparent, pressed metal logo<\/li>\n<li>Shelf life: 12 months<\/li>\n<li>Storage: Place in dry, cool place<\/li>\n<\/ul>\n<p dir=\"auto\"><strong>Commitment from Seeds This April<\/strong> \u2714 Roasted new every day \u2013 return 100% if not satisfied \u2714 Not fried in oil \u2013 No preservatives \u2013 No additives \u2714 nationwide Delivery \u2013 Freeship inner city (depending on program)<\/p>\n<h3 dir=\"auto\">Order today to get deals new year 2026!<\/h3>\n<p dir=\"auto\">A limited amount of each tranche, special occasion always \u201csold out\u201d very quickly.<\/p>\n<p dir=\"auto\">Given a small gift boxes \u2013 Send full heart big! <strong><span style=\"color: #282828;\"><a style=\"color: #282828;\" href=\"https:\/\/batubinhphuoc.vn\/en\/\">H\u1ed9p Qu\u00e0 Song \u0110i\u1ec1u B\u00e0 T\u01b0 \u2013 Qu\u00e0 T\u1ebft 2026<\/a><\/span> \u00fd ngh\u0129a nh\u1ea5t cho ng\u01b0\u1eddi b\u1ea1n tr\u00e2n qu\u00fd!<\/strong><\/p>","protected":false},"excerpt":{"rendered":"<p>B\u1ea1n \u0111ang t\u00ecm qu\u00e0 T\u1ebft h\u1ea1t \u0111i\u1ec1u cao c\u1ea5p, v\u1eeba sang tr\u1ecdng, v\u1eeba t\u1ed1t cho s\u1ee9c kh\u1ecfe, l\u1ea1i mang \u00fd ngh\u0129a \u201cTrao \u0111i\u1ec1u l\u00e0nh \u2013 G\u1eedi tr\u1ecdn t\u00e2m \u00fd\u201d? H\u1ed9p Qu\u00e0 Song H\u1ea1t \u0110i\u1ec1u B\u00e0 T\u01b0 B\u00ecnh Ph\u01b0\u1edbc ch\u00ednh l\u00e0 l\u1ef1a ch\u1ecdn ho\u00e0n h\u1ea3o d\u00e0nh cho b\u1ea1n! V\u00ec sao H\u1ed9p Qu\u00e0 Song \u0110i\u1ec1u B\u00e0 T\u01b0&#8230;<\/p>","protected":false},"featured_media":1274,"comment_status":"open","ping_status":"closed","template":"","meta":[],"product_brand":[],"product_cat":[40],"product_tag":[182,189,186,192,120,180,184,188,187,183,181,191,190],"class_list":{"0":"post-1213","1":"product","2":"type-product","3":"status-publish","4":"has-post-thumbnail","6":"product_cat-hat-dieu-vo-lua","7":"product_tag-hat-dieu-ba-tu-binh-phuoc-chinh-goc","8":"product_tag-hat-dieu-ba-tu-qua-tet","9":"product_tag-hat-dieu-rang-thu-cong-binh-phuoc","10":"product_tag-hop-qua-doi-hat-dieu-ba-tu","11":"product_tag-hop-qua-hat-dieu-ba-tu-binh-phuoc","12":"product_tag-hop-qua-song-dieu-ba-tu","13":"product_tag-hop-qua-tet-song-dieu-450g","14":"product_tag-mua-hop-qua-song-dieu-o-dau","15":"product_tag-qua-bieu-tet-hat-dieu-sang-trong","16":"product_tag-qua-tet-hat-dieu-binh-phuoc","17":"product_tag-qua-tet-hat-dieu-cao-cap-2026","18":"product_tag-qua-tet-healthy-hat-dieu-binh-phuoc","19":"product_tag-set-qua-tet-hat-dieu-2-hop","21":"first","22":"instock","23":"sale","24":"shipping-taxable","25":"purchasable","26":"product-type-simple"},"yoast_head":"<!-- This site is optimized with the Yoast SEO plugin v26.4 - https:\/\/yoast.com\/wordpress\/plugins\/seo\/ -->\n<title>H\u1ed9p Qu\u00e0 \u0110\u00f4i H\u1ea1t \u0110i\u1ec1u B\u00e0 T\u01b0 450g \u2013 Song \u0110i\u1ec1u - batubinhphuoc.vn<\/title>\n<meta name=\"description\" content=\"V\u1eadt ph\u1ea9m \u0111\u00f4i h\u1ea1t \u0111i\u1ec1u B\u00e0 T\u01b0 B\u00ecnh Ph\u01b0\u1edbc g\u1ed3m h\u1ea1t \u0111i\u1ec1u v\u1ecf l\u1ee5a v\u00e0 nh\u00e2n tr\u1eafng rang th\u1ee7 c\u00f4ng, h\u1ed9p qu\u00e0 T\u1ebft sang tr\u1ecdng, t\u1ed1t cho s\u1ee9c kh\u1ecfe.\" \/>\n<meta name=\"robots\" content=\"index, follow, max-snippet:-1, max-image-preview:large, max-video-preview:-1\" \/>\n<link rel=\"canonical\" href=\"https:\/\/batubinhphuoc.vn\/en\/shop\/hop-qua-song-dieu-ba-tu-binh-phuoc-450g-qua-tet-hat-dieu-cao-cap-y-nghia-nhat-2026\/\" \/>\n<meta property=\"og:locale\" content=\"en_US\" \/>\n<meta property=\"og:type\" content=\"article\" \/>\n<meta property=\"og:title\" content=\"H\u1ed9p Qu\u00e0 \u0110\u00f4i H\u1ea1t \u0110i\u1ec1u B\u00e0 T\u01b0 450g \u2013 Song \u0110i\u1ec1u - batubinhphuoc.vn\" \/>\n<meta property=\"og:description\" content=\"V\u1eadt ph\u1ea9m \u0111\u00f4i h\u1ea1t \u0111i\u1ec1u B\u00e0 T\u01b0 B\u00ecnh Ph\u01b0\u1edbc g\u1ed3m h\u1ea1t \u0111i\u1ec1u v\u1ecf l\u1ee5a v\u00e0 nh\u00e2n tr\u1eafng rang th\u1ee7 c\u00f4ng, h\u1ed9p qu\u00e0 T\u1ebft sang tr\u1ecdng, t\u1ed1t cho s\u1ee9c kh\u1ecfe.\" \/>\n<meta property=\"og:url\" content=\"https:\/\/batubinhphuoc.vn\/en\/shop\/hop-qua-song-dieu-ba-tu-binh-phuoc-450g-qua-tet-hat-dieu-cao-cap-y-nghia-nhat-2026\/\" \/>\n<meta property=\"og:site_name\" content=\"batubinhphuoc.vn\" \/>\n<meta property=\"article:modified_time\" content=\"2026-03-12T07:07:04+00:00\" \/>\n<meta property=\"og:image\" content=\"https:\/\/batubinhphuoc.vn\/wp-content\/uploads\/2025\/11\/Hop-Qua-Song-Dieu-Ba-Tu-Binh-Phuoc-450g-\u2013-Qua-Tet-Hat-Dieu-Cao-Cap-Y-Nghia-Nhat-2026-1.webp\" \/>\n\t<meta property=\"og:image:width\" content=\"792\" \/>\n\t<meta property=\"og:image:height\" content=\"792\" \/>\n\t<meta property=\"og:image:type\" content=\"image\/webp\" \/>\n<meta name=\"twitter:card\" content=\"summary_large_image\" \/>\n<meta name=\"twitter:label1\" content=\"Est. reading time\" \/>\n\t<meta name=\"twitter:data1\" content=\"3 minutes\" \/>\n<script type=\"application\/ld+json\" class=\"yoast-schema-graph\">{\"@context\":\"https:\/\/schema.org\",\"@graph\":[{\"@type\":\"WebPage\",\"@id\":\"https:\/\/batubinhphuoc.vn\/shop\/hop-qua-song-dieu-ba-tu-binh-phuoc-450g-qua-tet-hat-dieu-cao-cap-y-nghia-nhat-2026\/\",\"url\":\"https:\/\/batubinhphuoc.vn\/shop\/hop-qua-song-dieu-ba-tu-binh-phuoc-450g-qua-tet-hat-dieu-cao-cap-y-nghia-nhat-2026\/\",\"name\":\"H\u1ed9p Qu\u00e0 \u0110\u00f4i H\u1ea1t \u0110i\u1ec1u B\u00e0 T\u01b0 450g \u2013 Song \u0110i\u1ec1u - batubinhphuoc.vn\",\"isPartOf\":{\"@id\":\"https:\/\/batubinhphuoc.vn\/#website\"},\"primaryImageOfPage\":{\"@id\":\"https:\/\/batubinhphuoc.vn\/shop\/hop-qua-song-dieu-ba-tu-binh-phuoc-450g-qua-tet-hat-dieu-cao-cap-y-nghia-nhat-2026\/#primaryimage\"},\"image\":{\"@id\":\"https:\/\/batubinhphuoc.vn\/shop\/hop-qua-song-dieu-ba-tu-binh-phuoc-450g-qua-tet-hat-dieu-cao-cap-y-nghia-nhat-2026\/#primaryimage\"},\"thumbnailUrl\":\"https:\/\/batubinhphuoc.vn\/wp-content\/uploads\/2025\/11\/Hop-Qua-Song-Dieu-Ba-Tu-Binh-Phuoc-450g-\u2013-Qua-Tet-Hat-Dieu-Cao-Cap-Y-Nghia-Nhat-2026-1.webp\",\"datePublished\":\"2025-11-19T03:16:02+00:00\",\"dateModified\":\"2026-03-12T07:07:04+00:00\",\"description\":\"V\u1eadt ph\u1ea9m \u0111\u00f4i h\u1ea1t \u0111i\u1ec1u B\u00e0 T\u01b0 B\u00ecnh Ph\u01b0\u1edbc g\u1ed3m h\u1ea1t \u0111i\u1ec1u v\u1ecf l\u1ee5a v\u00e0 nh\u00e2n tr\u1eafng rang th\u1ee7 c\u00f4ng, h\u1ed9p qu\u00e0 T\u1ebft sang tr\u1ecdng, t\u1ed1t cho s\u1ee9c kh\u1ecfe.\",\"breadcrumb\":{\"@id\":\"https:\/\/batubinhphuoc.vn\/shop\/hop-qua-song-dieu-ba-tu-binh-phuoc-450g-qua-tet-hat-dieu-cao-cap-y-nghia-nhat-2026\/#breadcrumb\"},\"inLanguage\":\"en-US\",\"potentialAction\":[{\"@type\":\"ReadAction\",\"target\":[\"https:\/\/batubinhphuoc.vn\/shop\/hop-qua-song-dieu-ba-tu-binh-phuoc-450g-qua-tet-hat-dieu-cao-cap-y-nghia-nhat-2026\/\"]}]},{\"@type\":\"ImageObject\",\"inLanguage\":\"en-US\",\"@id\":\"https:\/\/batubinhphuoc.vn\/shop\/hop-qua-song-dieu-ba-tu-binh-phuoc-450g-qua-tet-hat-dieu-cao-cap-y-nghia-nhat-2026\/#primaryimage\",\"url\":\"https:\/\/batubinhphuoc.vn\/wp-content\/uploads\/2025\/11\/Hop-Qua-Song-Dieu-Ba-Tu-Binh-Phuoc-450g-\u2013-Qua-Tet-Hat-Dieu-Cao-Cap-Y-Nghia-Nhat-2026-1.webp\",\"contentUrl\":\"https:\/\/batubinhphuoc.vn\/wp-content\/uploads\/2025\/11\/Hop-Qua-Song-Dieu-Ba-Tu-Binh-Phuoc-450g-\u2013-Qua-Tet-Hat-Dieu-Cao-Cap-Y-Nghia-Nhat-2026-1.webp\",\"width\":792,\"height\":792,\"caption\":\"Hop-Qua-Song-Dieu-Ba-Tu-Binh-Phuoc-450g-\u2013-Qua-Tet-Hat-Dieu-Cao-Cap-Y-Nghia-Nhat-2026\"},{\"@type\":\"BreadcrumbList\",\"@id\":\"https:\/\/batubinhphuoc.vn\/shop\/hop-qua-song-dieu-ba-tu-binh-phuoc-450g-qua-tet-hat-dieu-cao-cap-y-nghia-nhat-2026\/#breadcrumb\",\"itemListElement\":[{\"@type\":\"ListItem\",\"position\":1,\"name\":\"Home\",\"item\":\"https:\/\/batubinhphuoc.vn\/\"},{\"@type\":\"ListItem\",\"position\":2,\"name\":\"S\u1ea3n ph\u1ea9m\",\"item\":\"https:\/\/batubinhphuoc.vn\/shop\/\"},{\"@type\":\"ListItem\",\"position\":3,\"name\":\"H\u1ed9p Qu\u00e0 \u0110\u00f4i H\u1ea1t \u0110i\u1ec1u B\u00e0 T\u01b0 450g \u2013 Song \u0110i\u1ec1u\"}]},{\"@type\":\"WebSite\",\"@id\":\"https:\/\/batubinhphuoc.vn\/#website\",\"url\":\"https:\/\/batubinhphuoc.vn\/\",\"name\":\"batubinhphuoc.vn\",\"description\":\"\",\"potentialAction\":[{\"@type\":\"SearchAction\",\"target\":{\"@type\":\"EntryPoint\",\"urlTemplate\":\"https:\/\/batubinhphuoc.vn\/?s={search_term_string}\"},\"query-input\":{\"@type\":\"PropertyValueSpecification\",\"valueRequired\":true,\"valueName\":\"search_term_string\"}}],\"inLanguage\":\"en-US\"}]}<\/script>\n<!-- \/ Yoast SEO plugin. -->","yoast_head_json":{"title":"H\u1ed9p Qu\u00e0 \u0110\u00f4i H\u1ea1t \u0110i\u1ec1u B\u00e0 T\u01b0 450g \u2013 Song \u0110i\u1ec1u - batubinhphuoc.vn","description":"V\u1eadt ph\u1ea9m \u0111\u00f4i h\u1ea1t \u0111i\u1ec1u B\u00e0 T\u01b0 B\u00ecnh Ph\u01b0\u1edbc g\u1ed3m h\u1ea1t \u0111i\u1ec1u v\u1ecf l\u1ee5a v\u00e0 nh\u00e2n tr\u1eafng rang th\u1ee7 c\u00f4ng, h\u1ed9p qu\u00e0 T\u1ebft sang tr\u1ecdng, t\u1ed1t cho s\u1ee9c kh\u1ecfe.","robots":{"index":"index","follow":"follow","max-snippet":"max-snippet:-1","max-image-preview":"max-image-preview:large","max-video-preview":"max-video-preview:-1"},"canonical":"https:\/\/batubinhphuoc.vn\/en\/shop\/hop-qua-song-dieu-ba-tu-binh-phuoc-450g-qua-tet-hat-dieu-cao-cap-y-nghia-nhat-2026\/","og_locale":"en_US","og_type":"article","og_title":"H\u1ed9p Qu\u00e0 \u0110\u00f4i H\u1ea1t \u0110i\u1ec1u B\u00e0 T\u01b0 450g \u2013 Song \u0110i\u1ec1u - batubinhphuoc.vn","og_description":"V\u1eadt ph\u1ea9m \u0111\u00f4i h\u1ea1t \u0111i\u1ec1u B\u00e0 T\u01b0 B\u00ecnh Ph\u01b0\u1edbc g\u1ed3m h\u1ea1t \u0111i\u1ec1u v\u1ecf l\u1ee5a v\u00e0 nh\u00e2n tr\u1eafng rang th\u1ee7 c\u00f4ng, h\u1ed9p qu\u00e0 T\u1ebft sang tr\u1ecdng, t\u1ed1t cho s\u1ee9c kh\u1ecfe.","og_url":"https:\/\/batubinhphuoc.vn\/en\/shop\/hop-qua-song-dieu-ba-tu-binh-phuoc-450g-qua-tet-hat-dieu-cao-cap-y-nghia-nhat-2026\/","og_site_name":"batubinhphuoc.vn","article_modified_time":"2026-03-12T07:07:04+00:00","og_image":[{"width":792,"height":792,"url":"https:\/\/batubinhphuoc.vn\/wp-content\/uploads\/2025\/11\/Hop-Qua-Song-Dieu-Ba-Tu-Binh-Phuoc-450g-\u2013-Qua-Tet-Hat-Dieu-Cao-Cap-Y-Nghia-Nhat-2026-1.webp","type":"image\/webp"}],"twitter_card":"summary_large_image","twitter_misc":{"Est. reading time":"3 minutes"},"schema":{"@context":"https:\/\/schema.org","@graph":[{"@type":"WebPage","@id":"https:\/\/batubinhphuoc.vn\/shop\/hop-qua-song-dieu-ba-tu-binh-phuoc-450g-qua-tet-hat-dieu-cao-cap-y-nghia-nhat-2026\/","url":"https:\/\/batubinhphuoc.vn\/shop\/hop-qua-song-dieu-ba-tu-binh-phuoc-450g-qua-tet-hat-dieu-cao-cap-y-nghia-nhat-2026\/","name":"H\u1ed9p Qu\u00e0 \u0110\u00f4i H\u1ea1t \u0110i\u1ec1u B\u00e0 T\u01b0 450g \u2013 Song \u0110i\u1ec1u - batubinhphuoc.vn","isPartOf":{"@id":"https:\/\/batubinhphuoc.vn\/#website"},"primaryImageOfPage":{"@id":"https:\/\/batubinhphuoc.vn\/shop\/hop-qua-song-dieu-ba-tu-binh-phuoc-450g-qua-tet-hat-dieu-cao-cap-y-nghia-nhat-2026\/#primaryimage"},"image":{"@id":"https:\/\/batubinhphuoc.vn\/shop\/hop-qua-song-dieu-ba-tu-binh-phuoc-450g-qua-tet-hat-dieu-cao-cap-y-nghia-nhat-2026\/#primaryimage"},"thumbnailUrl":"https:\/\/batubinhphuoc.vn\/wp-content\/uploads\/2025\/11\/Hop-Qua-Song-Dieu-Ba-Tu-Binh-Phuoc-450g-\u2013-Qua-Tet-Hat-Dieu-Cao-Cap-Y-Nghia-Nhat-2026-1.webp","datePublished":"2025-11-19T03:16:02+00:00","dateModified":"2026-03-12T07:07:04+00:00","description":"V\u1eadt ph\u1ea9m \u0111\u00f4i h\u1ea1t \u0111i\u1ec1u B\u00e0 T\u01b0 B\u00ecnh Ph\u01b0\u1edbc g\u1ed3m h\u1ea1t \u0111i\u1ec1u v\u1ecf l\u1ee5a v\u00e0 nh\u00e2n tr\u1eafng rang th\u1ee7 c\u00f4ng, h\u1ed9p qu\u00e0 T\u1ebft sang tr\u1ecdng, t\u1ed1t cho s\u1ee9c kh\u1ecfe.","breadcrumb":{"@id":"https:\/\/batubinhphuoc.vn\/shop\/hop-qua-song-dieu-ba-tu-binh-phuoc-450g-qua-tet-hat-dieu-cao-cap-y-nghia-nhat-2026\/#breadcrumb"},"inLanguage":"en-US","potentialAction":[{"@type":"ReadAction","target":["https:\/\/batubinhphuoc.vn\/shop\/hop-qua-song-dieu-ba-tu-binh-phuoc-450g-qua-tet-hat-dieu-cao-cap-y-nghia-nhat-2026\/"]}]},{"@type":"ImageObject","inLanguage":"en-US","@id":"https:\/\/batubinhphuoc.vn\/shop\/hop-qua-song-dieu-ba-tu-binh-phuoc-450g-qua-tet-hat-dieu-cao-cap-y-nghia-nhat-2026\/#primaryimage","url":"https:\/\/batubinhphuoc.vn\/wp-content\/uploads\/2025\/11\/Hop-Qua-Song-Dieu-Ba-Tu-Binh-Phuoc-450g-\u2013-Qua-Tet-Hat-Dieu-Cao-Cap-Y-Nghia-Nhat-2026-1.webp","contentUrl":"https:\/\/batubinhphuoc.vn\/wp-content\/uploads\/2025\/11\/Hop-Qua-Song-Dieu-Ba-Tu-Binh-Phuoc-450g-\u2013-Qua-Tet-Hat-Dieu-Cao-Cap-Y-Nghia-Nhat-2026-1.webp","width":792,"height":792,"caption":"Hop-Qua-Song-Dieu-Ba-Tu-Binh-Phuoc-450g-\u2013-Qua-Tet-Hat-Dieu-Cao-Cap-Y-Nghia-Nhat-2026"},{"@type":"BreadcrumbList","@id":"https:\/\/batubinhphuoc.vn\/shop\/hop-qua-song-dieu-ba-tu-binh-phuoc-450g-qua-tet-hat-dieu-cao-cap-y-nghia-nhat-2026\/#breadcrumb","itemListElement":[{"@type":"ListItem","position":1,"name":"Home","item":"https:\/\/batubinhphuoc.vn\/"},{"@type":"ListItem","position":2,"name":"S\u1ea3n ph\u1ea9m","item":"https:\/\/batubinhphuoc.vn\/shop\/"},{"@type":"ListItem","position":3,"name":"H\u1ed9p Qu\u00e0 \u0110\u00f4i H\u1ea1t \u0110i\u1ec1u B\u00e0 T\u01b0 450g \u2013 Song \u0110i\u1ec1u"}]},{"@type":"WebSite","@id":"https:\/\/batubinhphuoc.vn\/#website","url":"https:\/\/batubinhphuoc.vn\/","name":"batubinhphuoc.vn","description":"","potentialAction":[{"@type":"SearchAction","target":{"@type":"EntryPoint","urlTemplate":"https:\/\/batubinhphuoc.vn\/?s={search_term_string}"},"query-input":{"@type":"PropertyValueSpecification","valueRequired":true,"valueName":"search_term_string"}}],"inLanguage":"en-US"}]}},"_links":{"self":[{"href":"https:\/\/batubinhphuoc.vn\/en\/wp-json\/wp\/v2\/product\/1213","targetHints":{"allow":["GET"]}}],"collection":[{"href":"https:\/\/batubinhphuoc.vn\/en\/wp-json\/wp\/v2\/product"}],"about":[{"href":"https:\/\/batubinhphuoc.vn\/en\/wp-json\/wp\/v2\/types\/product"}],"replies":[{"embeddable":true,"href":"https:\/\/batubinhphuoc.vn\/en\/wp-json\/wp\/v2\/comments?post=1213"}],"wp:featuredmedia":[{"embeddable":true,"href":"https:\/\/batubinhphuoc.vn\/en\/wp-json\/wp\/v2\/media\/1274"}],"wp:attachment":[{"href":"https:\/\/batubinhphuoc.vn\/en\/wp-json\/wp\/v2\/media?parent=1213"}],"wp:term":[{"taxonomy":"product_brand","embeddable":true,"href":"https:\/\/batubinhphuoc.vn\/en\/wp-json\/wp\/v2\/product_brand?post=1213"},{"taxonomy":"product_cat","embeddable":true,"href":"https:\/\/batubinhphuoc.vn\/en\/wp-json\/wp\/v2\/product_cat?post=1213"},{"taxonomy":"product_tag","embeddable":true,"href":"https:\/\/batubinhphuoc.vn\/en\/wp-json\/wp\/v2\/product_tag?post=1213"}],"curies":[{"name":"wp","href":"https:\/\/api.w.org\/{rel}","templated":true}]}}