{"id":1214,"date":"2025-11-19T10:20:27","date_gmt":"2025-11-19T03:20:27","guid":{"rendered":"https:\/\/batubinhphuoc.vn\/?post_type=product&#038;p=1214"},"modified":"2026-03-12T14:00:54","modified_gmt":"2026-03-12T07:00:54","slug":"hat-dieu-pho-mai-ba-tu-binh-phuoc-200g-gion-tan-beo-ngay-bung-vi-pho-mai-thom-ngon","status":"publish","type":"product","link":"https:\/\/batubinhphuoc.vn\/en\/shop\/hat-dieu-pho-mai-ba-tu-binh-phuoc-200g-gion-tan-beo-ngay-bung-vi-pho-mai-thom-ngon\/","title":{"rendered":"H\u1ea1t \u0110i\u1ec1u Ph\u00f4 Mai B\u00e0 T\u01b0 B\u00ecnh Ph\u01b0\u1edbc 200g \u2013 Gi\u00f2n B\u00e9o Ph\u00f4 Mai"},"content":{"rendered":"<h1 dir=\"auto\"><span style=\"color: #282828;\"><a style=\"color: #282828;\" href=\"https:\/\/www.facebook.com\/hatdieubatubinhphuoc.official\">Cashew Cheese April Binh Phuoc 200g \u2013 Crispy, greasy, Bursting Flavor, Cheese, Fragrant<\/a><\/span><\/h1>\n<p dir=\"auto\">\ud83d\udd25 <strong>Product junk food are \u201cstorming\u201d 2025-2026<\/strong> \u2013 Cashew cheese April the original Binh Phuoc! Just a bite is \u201caddicted\u201d to the right because of the crispy of cashew nuts type 1 combined layer of cheese savory fat melt in your mouth.<\/p>\n<h3 dir=\"auto\">Why thousands of customers \u201cpour resto do\u201d cashew cheese April?<\/h3>\n<ul dir=\"auto\">\n<li><strong>100% cashew nuts, white, type 1, Binh Phuoc<\/strong> \u2013 to all solid body is selected from garden home and garden fellow S'tieng.<\/li>\n<li><strong>Roasted handmade firewood dry forests<\/strong> \u2192 keep the whole brittleness natural, non-fried in oil, not sick.<\/li>\n<li><strong>Coating powder cheese imported premium<\/strong> \u2013 greasy, fragrant, golden color natural, no food coloring chemical.<\/li>\n<li><strong>Salty-sweet harmony<\/strong> \u2013 eat hoai't give a shit, both kids and adults are enchanted.<\/li>\n<li><strong>Convenient packaging<\/strong>: plastic box PET premium + bag zip, easy to wear go to school, go to work, watch movies, travel.<\/li>\n<\/ul>\n<h3 dir=\"auto\">Eating is addicted \u2013 Addicted is a must buy more!<\/h3>\n<p dir=\"auto\">Many customer feedback: \u201cEat 200g-in-1 musical notes is always next time to buy 5 boxes to spend!\u201d \u201cChildren, his house just like each type of cheese of Investment, other carriers do not eat.\u201d<\/p>\n<h3 dir=\"auto\">L\u1ee3i \u00edch dinh d\u01b0\u1ee1ng c\u1ee7a h\u1ea1t \u0111i\u1ec1u ph\u00f4 mai<\/h3>\n<p dir=\"auto\">Although delicious \u201cdangerous\u201d, but still extremely healthy:<\/p>\n<ul dir=\"auto\">\n<li>Rich in vegetable protein, good fats, vitamin E, magnesium<\/li>\n<li>Support brain, good for your heart<\/li>\n<li>No long fit snacking to lose weight, people, office, pregnant mothers, children over 2 years old<\/li>\n<\/ul>\n<h3 dir=\"auto\">Product information details<\/h3>\n<ul dir=\"auto\">\n<li>Product name: Cashew Nut Cheese April Binh Phuoc<\/li>\n<li>Volume: 200g\/box<\/li>\n<li>Ingredients: cashew Nuts, white, type 1 + powdered cheese premium + sugar + salt pure<\/li>\n<li>Packing: plastic Box PET premium or bag zip silver (depending on batch)<\/li>\n<li>Shelf life: 12 months<\/li>\n<li>Barcode: 8936227370270<\/li>\n<li>Place of origin: Binh Phuoc, Vietnam<\/li>\n<\/ul>\n<p dir=\"auto\"><strong>Cam k\u1ebft v\u00e0ng t\u1eeb <span style=\"color: #282828;\"><a style=\"color: #282828;\" href=\"https:\/\/batubinhphuoc.vn\/en\/\">Cashew April<\/a><\/span><\/strong> \u2714 Roasted new every day \u2013 100% cashew nuts Binh Phuoc main root \u2714 No oil frying \u2013 No preservatives \u2013 No food coloring \u2714 return 1-1 if the seeds bugs, moisture, mold, take the cheese \u2714 nationwide Delivery \u2013 Freeship from 500k (or purchase program)<\/p>\n<h3 dir=\"auto\">Order today to get deals extreme shock!<\/h3>\n<ul dir=\"auto\">\n<li>Buy 5 get 1 free<\/li>\n<li>Buy 10 get 2 + free ship nationwide<\/li>\n<li>Combo gifts cashew cheese, super cute coming soon<\/li>\n<\/ul>\n<p dir=\"auto\">Warning: products constantly \u201csold out\u201d on weekends and holidays. Book early lest all offline!<\/p>\n<p dir=\"auto\"><strong>\u0102n m\u1ed9t l\u1ea7n l\u00e0 nh\u1edb c\u1ea3 \u0111\u1eddi!<\/strong> \ud83e\uddc0\ud83e\udd5c<\/p>","protected":false},"excerpt":{"rendered":"<p>H\u1ea1t \u0110i\u1ec1u Ph\u00f4 Mai B\u00e0 T\u01b0 B\u00ecnh Ph\u01b0\u1edbc 200g \u2013 Gi\u00f2n Tan B\u00e9o Ng\u1eady, B\u00f9ng N\u1ed5 H\u01b0\u01a1ng V\u1ecb Ph\u00f4 Mai Th\u01a1m L\u1eebng \ud83d\udd25 S\u1ea3n ph\u1ea9m \u0103n v\u1eb7t \u0111ang \u201cl\u00e0m m\u01b0a l\u00e0m gi\u00f3\u201d 2025-2026 \u2013 H\u1ea1t \u0111i\u1ec1u ph\u00f4 mai B\u00e0 T\u01b0 ch\u00ednh g\u1ed1c B\u00ecnh Ph\u01b0\u1edbc! Ch\u1ec9 c\u1ea7n c\u1eafn m\u1ed9t mi\u1ebfng l\u00e0 \u201cnghi\u1ec7n\u201d ngay v\u00ec \u0111\u1ed9 gi\u00f2n&#8230;<\/p>","protected":false},"featured_media":1280,"comment_status":"open","ping_status":"closed","template":"","meta":[],"product_brand":[],"product_cat":[16],"product_tag":[147,198,201,199,193,151,194,202,197,203,200,196,195,140],"class_list":{"0":"post-1214","1":"product","2":"type-product","3":"status-publish","4":"has-post-thumbnail","6":"product_cat-hat-dieu-pho-mai","7":"product_tag-hat-dieu-ba-tu-shopee","8":"product_tag-hat-dieu-ba-tu-vi-pho-mai","9":"product_tag-hat-dieu-pho-mai-200g-gia-bao-nhieu","10":"product_tag-hat-dieu-pho-mai-an-vat","11":"product_tag-hat-dieu-pho-mai-ba-tu","12":"product_tag-hat-dieu-pho-mai-ba-tu-chinh-hang","13":"product_tag-hat-dieu-pho-mai-binh-phuoc","14":"product_tag-hat-dieu-pho-mai-khong-chien-dau","15":"product_tag-hat-dieu-pho-mai-ngon-nhat","16":"product_tag-hat-dieu-pho-mai-qua-tet-2026","17":"product_tag-hat-dieu-phu-pho-mai-binh-phuoc","18":"product_tag-hat-dieu-rang-pho-mai-binh-phuoc","19":"product_tag-hat-dieu-vi-pho-mai-ba-tu-200g","20":"product_tag-mua-hat-dieu-pho-mai-ba-tu-o-dau","22":"first","23":"instock","24":"sale","25":"shipping-taxable","26":"purchasable","27":"product-type-simple"},"yoast_head":"<!-- This site is optimized with the Yoast SEO plugin v26.4 - https:\/\/yoast.com\/wordpress\/plugins\/seo\/ -->\n<title>H\u1ea1t \u0110i\u1ec1u Ph\u00f4 Mai B\u00e0 T\u01b0 B\u00ecnh Ph\u01b0\u1edbc 200g \u2013 Gi\u00f2n B\u00e9o Ph\u00f4 Mai - batubinhphuoc.vn<\/title>\n<meta name=\"description\" content=\"H\u1ea1t \u0111i\u1ec1u ph\u00f4 mai B\u00e0 T\u01b0 B\u00ecnh Ph\u01b0\u1edbc 200g gi\u00f2n tan, b\u00e9o ng\u1eady v\u1ecb ph\u00f4 mai cao c\u1ea5p. \u0110\u1eb7c s\u1ea3n h\u1ea1t \u0111i\u1ec1u rang th\u01a1m ngon, \u0103n v\u1eb7t dinh d\u01b0\u1ee1ng.\" \/>\n<meta name=\"robots\" content=\"index, follow, max-snippet:-1, max-image-preview:large, max-video-preview:-1\" \/>\n<link rel=\"canonical\" href=\"https:\/\/batubinhphuoc.vn\/en\/shop\/hat-dieu-pho-mai-ba-tu-binh-phuoc-200g-gion-tan-beo-ngay-bung-vi-pho-mai-thom-ngon\/\" \/>\n<meta property=\"og:locale\" content=\"en_US\" \/>\n<meta property=\"og:type\" content=\"article\" \/>\n<meta property=\"og:title\" content=\"H\u1ea1t \u0110i\u1ec1u Ph\u00f4 Mai B\u00e0 T\u01b0 B\u00ecnh Ph\u01b0\u1edbc 200g \u2013 Gi\u00f2n B\u00e9o Ph\u00f4 Mai - batubinhphuoc.vn\" \/>\n<meta property=\"og:description\" content=\"H\u1ea1t \u0111i\u1ec1u ph\u00f4 mai B\u00e0 T\u01b0 B\u00ecnh Ph\u01b0\u1edbc 200g gi\u00f2n tan, b\u00e9o ng\u1eady v\u1ecb ph\u00f4 mai cao c\u1ea5p. \u0110\u1eb7c s\u1ea3n h\u1ea1t \u0111i\u1ec1u rang th\u01a1m ngon, \u0103n v\u1eb7t dinh d\u01b0\u1ee1ng.\" \/>\n<meta property=\"og:url\" content=\"https:\/\/batubinhphuoc.vn\/en\/shop\/hat-dieu-pho-mai-ba-tu-binh-phuoc-200g-gion-tan-beo-ngay-bung-vi-pho-mai-thom-ngon\/\" \/>\n<meta property=\"og:site_name\" content=\"batubinhphuoc.vn\" \/>\n<meta property=\"article:modified_time\" content=\"2026-03-12T07:00:54+00:00\" \/>\n<meta property=\"og:image\" content=\"https:\/\/batubinhphuoc.vn\/wp-content\/uploads\/2025\/11\/Hat-Dieu-Pho-Mai-Ba-Tu-Binh-Phuoc-200g-\u2013-Gion-tan-beo-ngay-bung-vi-pho-mai-thom-ngon-1.webp\" \/>\n\t<meta property=\"og:image:width\" content=\"1024\" \/>\n\t<meta property=\"og:image:height\" content=\"1024\" \/>\n\t<meta property=\"og:image:type\" content=\"image\/webp\" \/>\n<meta name=\"twitter:card\" content=\"summary_large_image\" \/>\n<meta name=\"twitter:label1\" content=\"Est. reading time\" \/>\n\t<meta name=\"twitter:data1\" content=\"3 minutes\" \/>\n<script type=\"application\/ld+json\" class=\"yoast-schema-graph\">{\"@context\":\"https:\/\/schema.org\",\"@graph\":[{\"@type\":\"WebPage\",\"@id\":\"https:\/\/batubinhphuoc.vn\/shop\/hat-dieu-pho-mai-ba-tu-binh-phuoc-200g-gion-tan-beo-ngay-bung-vi-pho-mai-thom-ngon\/\",\"url\":\"https:\/\/batubinhphuoc.vn\/shop\/hat-dieu-pho-mai-ba-tu-binh-phuoc-200g-gion-tan-beo-ngay-bung-vi-pho-mai-thom-ngon\/\",\"name\":\"H\u1ea1t \u0110i\u1ec1u Ph\u00f4 Mai B\u00e0 T\u01b0 B\u00ecnh Ph\u01b0\u1edbc 200g \u2013 Gi\u00f2n B\u00e9o Ph\u00f4 Mai - batubinhphuoc.vn\",\"isPartOf\":{\"@id\":\"https:\/\/batubinhphuoc.vn\/#website\"},\"primaryImageOfPage\":{\"@id\":\"https:\/\/batubinhphuoc.vn\/shop\/hat-dieu-pho-mai-ba-tu-binh-phuoc-200g-gion-tan-beo-ngay-bung-vi-pho-mai-thom-ngon\/#primaryimage\"},\"image\":{\"@id\":\"https:\/\/batubinhphuoc.vn\/shop\/hat-dieu-pho-mai-ba-tu-binh-phuoc-200g-gion-tan-beo-ngay-bung-vi-pho-mai-thom-ngon\/#primaryimage\"},\"thumbnailUrl\":\"https:\/\/batubinhphuoc.vn\/wp-content\/uploads\/2025\/11\/Hat-Dieu-Pho-Mai-Ba-Tu-Binh-Phuoc-200g-\u2013-Gion-tan-beo-ngay-bung-vi-pho-mai-thom-ngon-1.webp\",\"datePublished\":\"2025-11-19T03:20:27+00:00\",\"dateModified\":\"2026-03-12T07:00:54+00:00\",\"description\":\"H\u1ea1t \u0111i\u1ec1u ph\u00f4 mai B\u00e0 T\u01b0 B\u00ecnh Ph\u01b0\u1edbc 200g gi\u00f2n tan, b\u00e9o ng\u1eady v\u1ecb ph\u00f4 mai cao c\u1ea5p. \u0110\u1eb7c s\u1ea3n h\u1ea1t \u0111i\u1ec1u rang th\u01a1m ngon, \u0103n v\u1eb7t dinh d\u01b0\u1ee1ng.\",\"breadcrumb\":{\"@id\":\"https:\/\/batubinhphuoc.vn\/shop\/hat-dieu-pho-mai-ba-tu-binh-phuoc-200g-gion-tan-beo-ngay-bung-vi-pho-mai-thom-ngon\/#breadcrumb\"},\"inLanguage\":\"en-US\",\"potentialAction\":[{\"@type\":\"ReadAction\",\"target\":[\"https:\/\/batubinhphuoc.vn\/shop\/hat-dieu-pho-mai-ba-tu-binh-phuoc-200g-gion-tan-beo-ngay-bung-vi-pho-mai-thom-ngon\/\"]}]},{\"@type\":\"ImageObject\",\"inLanguage\":\"en-US\",\"@id\":\"https:\/\/batubinhphuoc.vn\/shop\/hat-dieu-pho-mai-ba-tu-binh-phuoc-200g-gion-tan-beo-ngay-bung-vi-pho-mai-thom-ngon\/#primaryimage\",\"url\":\"https:\/\/batubinhphuoc.vn\/wp-content\/uploads\/2025\/11\/Hat-Dieu-Pho-Mai-Ba-Tu-Binh-Phuoc-200g-\u2013-Gion-tan-beo-ngay-bung-vi-pho-mai-thom-ngon-1.webp\",\"contentUrl\":\"https:\/\/batubinhphuoc.vn\/wp-content\/uploads\/2025\/11\/Hat-Dieu-Pho-Mai-Ba-Tu-Binh-Phuoc-200g-\u2013-Gion-tan-beo-ngay-bung-vi-pho-mai-thom-ngon-1.webp\",\"width\":1024,\"height\":1024,\"caption\":\"h\u1ea1t \u0111i\u1ec1u ph\u00f4 mai\"},{\"@type\":\"BreadcrumbList\",\"@id\":\"https:\/\/batubinhphuoc.vn\/shop\/hat-dieu-pho-mai-ba-tu-binh-phuoc-200g-gion-tan-beo-ngay-bung-vi-pho-mai-thom-ngon\/#breadcrumb\",\"itemListElement\":[{\"@type\":\"ListItem\",\"position\":1,\"name\":\"Home\",\"item\":\"https:\/\/batubinhphuoc.vn\/\"},{\"@type\":\"ListItem\",\"position\":2,\"name\":\"S\u1ea3n ph\u1ea9m\",\"item\":\"https:\/\/batubinhphuoc.vn\/shop\/\"},{\"@type\":\"ListItem\",\"position\":3,\"name\":\"H\u1ea1t \u0110i\u1ec1u Ph\u00f4 Mai B\u00e0 T\u01b0 B\u00ecnh Ph\u01b0\u1edbc 200g \u2013 Gi\u00f2n B\u00e9o Ph\u00f4 Mai\"}]},{\"@type\":\"WebSite\",\"@id\":\"https:\/\/batubinhphuoc.vn\/#website\",\"url\":\"https:\/\/batubinhphuoc.vn\/\",\"name\":\"batubinhphuoc.vn\",\"description\":\"\",\"potentialAction\":[{\"@type\":\"SearchAction\",\"target\":{\"@type\":\"EntryPoint\",\"urlTemplate\":\"https:\/\/batubinhphuoc.vn\/?s={search_term_string}\"},\"query-input\":{\"@type\":\"PropertyValueSpecification\",\"valueRequired\":true,\"valueName\":\"search_term_string\"}}],\"inLanguage\":\"en-US\"}]}<\/script>\n<!-- \/ Yoast SEO plugin. -->","yoast_head_json":{"title":"H\u1ea1t \u0110i\u1ec1u Ph\u00f4 Mai B\u00e0 T\u01b0 B\u00ecnh Ph\u01b0\u1edbc 200g \u2013 Gi\u00f2n B\u00e9o Ph\u00f4 Mai - batubinhphuoc.vn","description":"H\u1ea1t \u0111i\u1ec1u ph\u00f4 mai B\u00e0 T\u01b0 B\u00ecnh Ph\u01b0\u1edbc 200g gi\u00f2n tan, b\u00e9o ng\u1eady v\u1ecb ph\u00f4 mai cao c\u1ea5p. \u0110\u1eb7c s\u1ea3n h\u1ea1t \u0111i\u1ec1u rang th\u01a1m ngon, \u0103n v\u1eb7t dinh d\u01b0\u1ee1ng.","robots":{"index":"index","follow":"follow","max-snippet":"max-snippet:-1","max-image-preview":"max-image-preview:large","max-video-preview":"max-video-preview:-1"},"canonical":"https:\/\/batubinhphuoc.vn\/en\/shop\/hat-dieu-pho-mai-ba-tu-binh-phuoc-200g-gion-tan-beo-ngay-bung-vi-pho-mai-thom-ngon\/","og_locale":"en_US","og_type":"article","og_title":"H\u1ea1t \u0110i\u1ec1u Ph\u00f4 Mai B\u00e0 T\u01b0 B\u00ecnh Ph\u01b0\u1edbc 200g \u2013 Gi\u00f2n B\u00e9o Ph\u00f4 Mai - batubinhphuoc.vn","og_description":"H\u1ea1t \u0111i\u1ec1u ph\u00f4 mai B\u00e0 T\u01b0 B\u00ecnh Ph\u01b0\u1edbc 200g gi\u00f2n tan, b\u00e9o ng\u1eady v\u1ecb ph\u00f4 mai cao c\u1ea5p. \u0110\u1eb7c s\u1ea3n h\u1ea1t \u0111i\u1ec1u rang th\u01a1m ngon, \u0103n v\u1eb7t dinh d\u01b0\u1ee1ng.","og_url":"https:\/\/batubinhphuoc.vn\/en\/shop\/hat-dieu-pho-mai-ba-tu-binh-phuoc-200g-gion-tan-beo-ngay-bung-vi-pho-mai-thom-ngon\/","og_site_name":"batubinhphuoc.vn","article_modified_time":"2026-03-12T07:00:54+00:00","og_image":[{"width":1024,"height":1024,"url":"https:\/\/batubinhphuoc.vn\/wp-content\/uploads\/2025\/11\/Hat-Dieu-Pho-Mai-Ba-Tu-Binh-Phuoc-200g-\u2013-Gion-tan-beo-ngay-bung-vi-pho-mai-thom-ngon-1.webp","type":"image\/webp"}],"twitter_card":"summary_large_image","twitter_misc":{"Est. reading time":"3 minutes"},"schema":{"@context":"https:\/\/schema.org","@graph":[{"@type":"WebPage","@id":"https:\/\/batubinhphuoc.vn\/shop\/hat-dieu-pho-mai-ba-tu-binh-phuoc-200g-gion-tan-beo-ngay-bung-vi-pho-mai-thom-ngon\/","url":"https:\/\/batubinhphuoc.vn\/shop\/hat-dieu-pho-mai-ba-tu-binh-phuoc-200g-gion-tan-beo-ngay-bung-vi-pho-mai-thom-ngon\/","name":"H\u1ea1t \u0110i\u1ec1u Ph\u00f4 Mai B\u00e0 T\u01b0 B\u00ecnh Ph\u01b0\u1edbc 200g \u2013 Gi\u00f2n B\u00e9o Ph\u00f4 Mai - batubinhphuoc.vn","isPartOf":{"@id":"https:\/\/batubinhphuoc.vn\/#website"},"primaryImageOfPage":{"@id":"https:\/\/batubinhphuoc.vn\/shop\/hat-dieu-pho-mai-ba-tu-binh-phuoc-200g-gion-tan-beo-ngay-bung-vi-pho-mai-thom-ngon\/#primaryimage"},"image":{"@id":"https:\/\/batubinhphuoc.vn\/shop\/hat-dieu-pho-mai-ba-tu-binh-phuoc-200g-gion-tan-beo-ngay-bung-vi-pho-mai-thom-ngon\/#primaryimage"},"thumbnailUrl":"https:\/\/batubinhphuoc.vn\/wp-content\/uploads\/2025\/11\/Hat-Dieu-Pho-Mai-Ba-Tu-Binh-Phuoc-200g-\u2013-Gion-tan-beo-ngay-bung-vi-pho-mai-thom-ngon-1.webp","datePublished":"2025-11-19T03:20:27+00:00","dateModified":"2026-03-12T07:00:54+00:00","description":"H\u1ea1t \u0111i\u1ec1u ph\u00f4 mai B\u00e0 T\u01b0 B\u00ecnh Ph\u01b0\u1edbc 200g gi\u00f2n tan, b\u00e9o ng\u1eady v\u1ecb ph\u00f4 mai cao c\u1ea5p. \u0110\u1eb7c s\u1ea3n h\u1ea1t \u0111i\u1ec1u rang th\u01a1m ngon, \u0103n v\u1eb7t dinh d\u01b0\u1ee1ng.","breadcrumb":{"@id":"https:\/\/batubinhphuoc.vn\/shop\/hat-dieu-pho-mai-ba-tu-binh-phuoc-200g-gion-tan-beo-ngay-bung-vi-pho-mai-thom-ngon\/#breadcrumb"},"inLanguage":"en-US","potentialAction":[{"@type":"ReadAction","target":["https:\/\/batubinhphuoc.vn\/shop\/hat-dieu-pho-mai-ba-tu-binh-phuoc-200g-gion-tan-beo-ngay-bung-vi-pho-mai-thom-ngon\/"]}]},{"@type":"ImageObject","inLanguage":"en-US","@id":"https:\/\/batubinhphuoc.vn\/shop\/hat-dieu-pho-mai-ba-tu-binh-phuoc-200g-gion-tan-beo-ngay-bung-vi-pho-mai-thom-ngon\/#primaryimage","url":"https:\/\/batubinhphuoc.vn\/wp-content\/uploads\/2025\/11\/Hat-Dieu-Pho-Mai-Ba-Tu-Binh-Phuoc-200g-\u2013-Gion-tan-beo-ngay-bung-vi-pho-mai-thom-ngon-1.webp","contentUrl":"https:\/\/batubinhphuoc.vn\/wp-content\/uploads\/2025\/11\/Hat-Dieu-Pho-Mai-Ba-Tu-Binh-Phuoc-200g-\u2013-Gion-tan-beo-ngay-bung-vi-pho-mai-thom-ngon-1.webp","width":1024,"height":1024,"caption":"h\u1ea1t \u0111i\u1ec1u ph\u00f4 mai"},{"@type":"BreadcrumbList","@id":"https:\/\/batubinhphuoc.vn\/shop\/hat-dieu-pho-mai-ba-tu-binh-phuoc-200g-gion-tan-beo-ngay-bung-vi-pho-mai-thom-ngon\/#breadcrumb","itemListElement":[{"@type":"ListItem","position":1,"name":"Home","item":"https:\/\/batubinhphuoc.vn\/"},{"@type":"ListItem","position":2,"name":"S\u1ea3n ph\u1ea9m","item":"https:\/\/batubinhphuoc.vn\/shop\/"},{"@type":"ListItem","position":3,"name":"H\u1ea1t \u0110i\u1ec1u Ph\u00f4 Mai B\u00e0 T\u01b0 B\u00ecnh Ph\u01b0\u1edbc 200g \u2013 Gi\u00f2n B\u00e9o Ph\u00f4 Mai"}]},{"@type":"WebSite","@id":"https:\/\/batubinhphuoc.vn\/#website","url":"https:\/\/batubinhphuoc.vn\/","name":"batubinhphuoc.vn","description":"","potentialAction":[{"@type":"SearchAction","target":{"@type":"EntryPoint","urlTemplate":"https:\/\/batubinhphuoc.vn\/?s={search_term_string}"},"query-input":{"@type":"PropertyValueSpecification","valueRequired":true,"valueName":"search_term_string"}}],"inLanguage":"en-US"}]}},"_links":{"self":[{"href":"https:\/\/batubinhphuoc.vn\/en\/wp-json\/wp\/v2\/product\/1214","targetHints":{"allow":["GET"]}}],"collection":[{"href":"https:\/\/batubinhphuoc.vn\/en\/wp-json\/wp\/v2\/product"}],"about":[{"href":"https:\/\/batubinhphuoc.vn\/en\/wp-json\/wp\/v2\/types\/product"}],"replies":[{"embeddable":true,"href":"https:\/\/batubinhphuoc.vn\/en\/wp-json\/wp\/v2\/comments?post=1214"}],"wp:featuredmedia":[{"embeddable":true,"href":"https:\/\/batubinhphuoc.vn\/en\/wp-json\/wp\/v2\/media\/1280"}],"wp:attachment":[{"href":"https:\/\/batubinhphuoc.vn\/en\/wp-json\/wp\/v2\/media?parent=1214"}],"wp:term":[{"taxonomy":"product_brand","embeddable":true,"href":"https:\/\/batubinhphuoc.vn\/en\/wp-json\/wp\/v2\/product_brand?post=1214"},{"taxonomy":"product_cat","embeddable":true,"href":"https:\/\/batubinhphuoc.vn\/en\/wp-json\/wp\/v2\/product_cat?post=1214"},{"taxonomy":"product_tag","embeddable":true,"href":"https:\/\/batubinhphuoc.vn\/en\/wp-json\/wp\/v2\/product_tag?post=1214"}],"curies":[{"name":"wp","href":"https:\/\/api.w.org\/{rel}","templated":true}]}}