{"id":1215,"date":"2025-11-19T10:24:41","date_gmt":"2025-11-19T03:24:41","guid":{"rendered":"https:\/\/batubinhphuoc.vn\/?post_type=product&#038;p=1215"},"modified":"2026-03-12T13:55:05","modified_gmt":"2026-03-12T06:55:05","slug":"hat-dieu-nguyen-vi-ba-tu-binh-phuoc-200g-gion-rum-beo-bui-tu-nhien-rang-cui-truyen-thong","status":"publish","type":"product","link":"https:\/\/batubinhphuoc.vn\/en\/shop\/hat-dieu-nguyen-vi-ba-tu-binh-phuoc-200g-gion-rum-beo-bui-tu-nhien-rang-cui-truyen-thong\/","title":{"rendered":"H\u1ea1t \u0111i\u1ec1u nguy\u00ean v\u1ecb B\u00e0 T\u01b0 B\u00ecnh Ph\u01b0\u1edbc 200g \u2013 65g \u2013 30g \u2013 Rang c\u1ee7i gi\u00f2n b\u00f9i"},"content":{"rendered":"<p dir=\"auto\">\ud83d\udd25 \u00a0H\u1ea1t \u0111i\u1ec1u nguy\u00ean v\u1ecb B\u00e0 T\u01b0 200g, 65g, 30g \u0111ang khi\u1ebfn d\u00e2n s\u00e0nh \u0103n \u201cph\u00e1t cu\u1ed3ng\u201d v\u00ec \u0111\u1ed9 gi\u00f2n tan v\u00e0 b\u00e9o b\u00f9i t\u1ef1 nhi\u00ean kh\u00f4ng l\u1eabn v\u00e0o \u0111\u00e2u \u0111\u01b0\u1ee3c! &#8211; <a href=\"https:\/\/www.facebook.com\/hatdieubatubinhphuoc.official\"><strong>\u201cKing of the roasted cashew\u201d<\/strong><\/a><\/p>\n<h3 dir=\"auto\">Why 98% of customers who try are back to buy more beads it causes the April?<\/h3>\n<ul dir=\"auto\">\n<li><strong>100% cashew nuts, white, type 1, Binh Phuoc<\/strong> \u2013 seeds, are, make, body harvest from a garden home, Private, and garden fellow S'tieng.<\/li>\n<li><strong>Roasted firewood dry forests, traditional crafts<\/strong> \u2192 gold nursery natural crispy from the inside out, the fragrant smell of the wood rustic.<\/li>\n<li><strong>NO salt \u2013 NO sugar \u2013 NO oil frying \u2013 NO preservatives<\/strong> \u2192 only retain the sweetness fat, raw version of cashew nuts, red, volcanic soil.<\/li>\n<li><strong>An la ghien<\/strong>: bite 1 seeds want to eat the whole bag, fleshy mild, sweet spread, not sick like the cashew industry.<\/li>\n<li><strong>Diverse packaging<\/strong>: 200g (family dining), 65g (wear to work), 30g (taste test or pocket).<\/li>\n<\/ul>\n<h3 dir=\"auto\">Customers really say what?<\/h3>\n<p dir=\"auto\">\u201cEat cashew nuts, raw the April and it is a other mothballed before!\u201d \u201cNo salt but still delicious both his home and especially his mother's high blood pressure food is comfort.\u201d<\/p>\n<h3 dir=\"auto\">Health benefits \u201ctop of the pyramid\u201d<\/h3>\n<ul dir=\"auto\">\n<li>Rich in vegetable protein, good fats (omega 3-6-9), vitamin E, magnesium, zinc<\/li>\n<li>Good for your heart, reduces bad cholesterol<\/li>\n<li>Support, memory, skin beauty, anti-aging<\/li>\n<li>No long, ideal for eat-clean, gym, dieting, pregnant mothers, children over 3 years old<\/li>\n<\/ul>\n<h3 dir=\"auto\">Product information details<\/h3>\n<ul dir=\"auto\">\n<li>Product name: Cashew Nut Raw Roasted Firewood April Binh Phuoc<\/li>\n<li>Volume: 200g | 65g | 30g<\/li>\n<li>Composition: 100% cashew nuts, white, type 1, Binh Phuoc<\/li>\n<li>Packing: plastic Box PET premium or zip bag, silver vacuum<\/li>\n<li>Shelf life: 12 months<\/li>\n<li>Place of origin: Binh Phuoc, Vietnam<\/li>\n<\/ul>\n<p dir=\"auto\"><strong>100% commitment from Seeds This April<\/strong> \u2714 Roasted new every day, delivery of seeds the latest \u2714 do Not claim beads Cambodia, no floaters, no nuts deep \u2714 return for free 1-1 if the grain moisture loss, brittleness \u2714 nationwide Delivery \u2013 Freeship single from 500k (or purchase program)<\/p>\n<h3 dir=\"auto\">Order today \u2013 deals extreme shock only in the next 7 days!<\/h3>\n<ul dir=\"auto\">\n<li>Buy 5 get 1 free (choose size)<\/li>\n<li>Buy 10 get 3 + new year gift mini, cute<\/li>\n<li>Combo gift lunar new unit + cheese + silk cover super bargain<\/li>\n<\/ul>\n<p dir=\"auto\">Warning: raw the 200g often \u201cburning\u201d clean in just 2-3 days the last week!<\/p>\n<p dir=\"auto\"><a href=\"https:\/\/batubinhphuoc.vn\/en\/\"><strong>Cashew nuts, Raw The April \u2013 a memory all my life, to remember is to have more!<\/strong><\/a> \ud83c\udf30\u2728<\/p>","protected":false},"excerpt":{"rendered":"<p>\ud83d\udd25 \u00a0H\u1ea1t \u0111i\u1ec1u nguy\u00ean v\u1ecb B\u00e0 T\u01b0 200g, 65g, 30g \u0111ang khi\u1ebfn d\u00e2n s\u00e0nh \u0103n \u201cph\u00e1t cu\u1ed3ng\u201d v\u00ec \u0111\u1ed9 gi\u00f2n tan v\u00e0 b\u00e9o b\u00f9i t\u1ef1 nhi\u00ean kh\u00f4ng l\u1eabn v\u00e0o \u0111\u00e2u \u0111\u01b0\u1ee3c! &#8211; \u201cVua c\u1ee7a c\u00e1c lo\u1ea1i h\u1ea1t \u0111i\u1ec1u rang\u201d T\u1ea1i sao 98% kh\u00e1ch \u0103n th\u1eed \u0111\u1ec1u quay l\u1ea1i mua ti\u1ebfp h\u1ea1t \u0111i\u1ec1u nguy\u00ean v\u1ecb B\u00e0&#8230;<\/p>","protected":false},"featured_media":1289,"comment_status":"open","ping_status":"closed","template":"","meta":[],"product_brand":[],"product_cat":[41],"product_tag":[210,207,147,213,214,211,204,206,208,212,205,26,53,209],"class_list":{"0":"post-1215","1":"product","2":"type-product","3":"status-publish","4":"has-post-thumbnail","6":"product_cat-hat-dieu-nguyen-vi","7":"product_tag-hat-dieu-ba-tu-200g-gia-bao-nhieu","8":"product_tag-hat-dieu-ba-tu-khong-muoi","9":"product_tag-hat-dieu-ba-tu-shopee","10":"product_tag-hat-dieu-binh-phuoc-rang-thu-cong","11":"product_tag-hat-dieu-nguyen-vi-65g-30g-ba-tu","12":"product_tag-hat-dieu-nguyen-vi-an-kieng","13":"product_tag-hat-dieu-nguyen-vi-ba-tu","14":"product_tag-hat-dieu-nguyen-vi-binh-phuoc-200g","15":"product_tag-hat-dieu-nguyen-vi-chinh-goc-binh-phuoc","16":"product_tag-hat-dieu-nguyen-vi-qua-tet-2026","17":"product_tag-hat-dieu-rang-cui-ba-tu-binh-phuoc","18":"product_tag-hat-dieu-rang-cui-khong-dau","19":"product_tag-hat-dieu-rang-cui-truyen-thong","20":"product_tag-mua-hat-dieu-nguyen-vi-ba-tu-o-dau","22":"first","23":"instock","24":"sale","25":"shipping-taxable","26":"purchasable","27":"product-type-simple"},"yoast_head":"<!-- This site is optimized with the Yoast SEO plugin v26.4 - https:\/\/yoast.com\/wordpress\/plugins\/seo\/ -->\n<title>H\u1ea1t \u0111i\u1ec1u nguy\u00ean v\u1ecb B\u00e0 T\u01b0 B\u00ecnh Ph\u01b0\u1edbc 200g \u2013 65g \u2013 30g \u2013 Rang c\u1ee7i gi\u00f2n b\u00f9i - batubinhphuoc.vn<\/title>\n<meta name=\"description\" content=\"H\u1ea1t \u0111i\u1ec1u nguy\u00ean v\u1ecb B\u00e0 T\u01b0 B\u00ecnh Ph\u01b0\u1edbc 200g, 65g, 30g l\u00e0 d\u00f2ng h\u1ea1t \u0111i\u1ec1u rang c\u1ee7i th\u1ee7 c\u00f4ng n\u1ed5i ti\u1ebfng v\u1edbi v\u1ecb gi\u00f2n tan v\u00e0 b\u00e9o b\u00f9i t\u1ef1 nhi\u00ean.\" \/>\n<meta name=\"robots\" content=\"index, follow, max-snippet:-1, max-image-preview:large, max-video-preview:-1\" \/>\n<link rel=\"canonical\" href=\"https:\/\/batubinhphuoc.vn\/en\/shop\/hat-dieu-nguyen-vi-ba-tu-binh-phuoc-200g-gion-rum-beo-bui-tu-nhien-rang-cui-truyen-thong\/\" \/>\n<meta property=\"og:locale\" content=\"en_US\" \/>\n<meta property=\"og:type\" content=\"article\" \/>\n<meta property=\"og:title\" content=\"H\u1ea1t \u0111i\u1ec1u nguy\u00ean v\u1ecb B\u00e0 T\u01b0 B\u00ecnh Ph\u01b0\u1edbc 200g \u2013 65g \u2013 30g \u2013 Rang c\u1ee7i gi\u00f2n b\u00f9i - batubinhphuoc.vn\" \/>\n<meta property=\"og:description\" content=\"H\u1ea1t \u0111i\u1ec1u nguy\u00ean v\u1ecb B\u00e0 T\u01b0 B\u00ecnh Ph\u01b0\u1edbc 200g, 65g, 30g l\u00e0 d\u00f2ng h\u1ea1t \u0111i\u1ec1u rang c\u1ee7i th\u1ee7 c\u00f4ng n\u1ed5i ti\u1ebfng v\u1edbi v\u1ecb gi\u00f2n tan v\u00e0 b\u00e9o b\u00f9i t\u1ef1 nhi\u00ean.\" \/>\n<meta property=\"og:url\" content=\"https:\/\/batubinhphuoc.vn\/en\/shop\/hat-dieu-nguyen-vi-ba-tu-binh-phuoc-200g-gion-rum-beo-bui-tu-nhien-rang-cui-truyen-thong\/\" \/>\n<meta property=\"og:site_name\" content=\"batubinhphuoc.vn\" \/>\n<meta property=\"article:modified_time\" content=\"2026-03-12T06:55:05+00:00\" \/>\n<meta property=\"og:image\" content=\"https:\/\/batubinhphuoc.vn\/wp-content\/uploads\/2025\/11\/Hat-Dieu-Nguyen-Vi-Ba-Tu-Binh-Phuoc-200g-\u2013-Gion-rum-beo-bui-tu-nhien-\u2013-rang-cui-truyen-thong-1.webp\" \/>\n\t<meta property=\"og:image:width\" content=\"1024\" \/>\n\t<meta property=\"og:image:height\" content=\"1024\" \/>\n\t<meta property=\"og:image:type\" content=\"image\/webp\" \/>\n<meta name=\"twitter:card\" content=\"summary_large_image\" \/>\n<meta name=\"twitter:label1\" content=\"Est. reading time\" \/>\n\t<meta name=\"twitter:data1\" content=\"3 minutes\" \/>\n<script type=\"application\/ld+json\" class=\"yoast-schema-graph\">{\"@context\":\"https:\/\/schema.org\",\"@graph\":[{\"@type\":\"WebPage\",\"@id\":\"https:\/\/batubinhphuoc.vn\/shop\/hat-dieu-nguyen-vi-ba-tu-binh-phuoc-200g-gion-rum-beo-bui-tu-nhien-rang-cui-truyen-thong\/\",\"url\":\"https:\/\/batubinhphuoc.vn\/shop\/hat-dieu-nguyen-vi-ba-tu-binh-phuoc-200g-gion-rum-beo-bui-tu-nhien-rang-cui-truyen-thong\/\",\"name\":\"H\u1ea1t \u0111i\u1ec1u nguy\u00ean v\u1ecb B\u00e0 T\u01b0 B\u00ecnh Ph\u01b0\u1edbc 200g \u2013 65g \u2013 30g \u2013 Rang c\u1ee7i gi\u00f2n b\u00f9i - batubinhphuoc.vn\",\"isPartOf\":{\"@id\":\"https:\/\/batubinhphuoc.vn\/#website\"},\"primaryImageOfPage\":{\"@id\":\"https:\/\/batubinhphuoc.vn\/shop\/hat-dieu-nguyen-vi-ba-tu-binh-phuoc-200g-gion-rum-beo-bui-tu-nhien-rang-cui-truyen-thong\/#primaryimage\"},\"image\":{\"@id\":\"https:\/\/batubinhphuoc.vn\/shop\/hat-dieu-nguyen-vi-ba-tu-binh-phuoc-200g-gion-rum-beo-bui-tu-nhien-rang-cui-truyen-thong\/#primaryimage\"},\"thumbnailUrl\":\"https:\/\/batubinhphuoc.vn\/wp-content\/uploads\/2025\/11\/Hat-Dieu-Nguyen-Vi-Ba-Tu-Binh-Phuoc-200g-\u2013-Gion-rum-beo-bui-tu-nhien-\u2013-rang-cui-truyen-thong-1.webp\",\"datePublished\":\"2025-11-19T03:24:41+00:00\",\"dateModified\":\"2026-03-12T06:55:05+00:00\",\"description\":\"H\u1ea1t \u0111i\u1ec1u nguy\u00ean v\u1ecb B\u00e0 T\u01b0 B\u00ecnh Ph\u01b0\u1edbc 200g, 65g, 30g l\u00e0 d\u00f2ng h\u1ea1t \u0111i\u1ec1u rang c\u1ee7i th\u1ee7 c\u00f4ng n\u1ed5i ti\u1ebfng v\u1edbi v\u1ecb gi\u00f2n tan v\u00e0 b\u00e9o b\u00f9i t\u1ef1 nhi\u00ean.\",\"breadcrumb\":{\"@id\":\"https:\/\/batubinhphuoc.vn\/shop\/hat-dieu-nguyen-vi-ba-tu-binh-phuoc-200g-gion-rum-beo-bui-tu-nhien-rang-cui-truyen-thong\/#breadcrumb\"},\"inLanguage\":\"en-US\",\"potentialAction\":[{\"@type\":\"ReadAction\",\"target\":[\"https:\/\/batubinhphuoc.vn\/shop\/hat-dieu-nguyen-vi-ba-tu-binh-phuoc-200g-gion-rum-beo-bui-tu-nhien-rang-cui-truyen-thong\/\"]}]},{\"@type\":\"ImageObject\",\"inLanguage\":\"en-US\",\"@id\":\"https:\/\/batubinhphuoc.vn\/shop\/hat-dieu-nguyen-vi-ba-tu-binh-phuoc-200g-gion-rum-beo-bui-tu-nhien-rang-cui-truyen-thong\/#primaryimage\",\"url\":\"https:\/\/batubinhphuoc.vn\/wp-content\/uploads\/2025\/11\/Hat-Dieu-Nguyen-Vi-Ba-Tu-Binh-Phuoc-200g-\u2013-Gion-rum-beo-bui-tu-nhien-\u2013-rang-cui-truyen-thong-1.webp\",\"contentUrl\":\"https:\/\/batubinhphuoc.vn\/wp-content\/uploads\/2025\/11\/Hat-Dieu-Nguyen-Vi-Ba-Tu-Binh-Phuoc-200g-\u2013-Gion-rum-beo-bui-tu-nhien-\u2013-rang-cui-truyen-thong-1.webp\",\"width\":1024,\"height\":1024,\"caption\":\"h\u1ea1t \u0111i\u1ec1u nguy\u00ean v\u1ecb B\u00e0 T\u01b0\"},{\"@type\":\"BreadcrumbList\",\"@id\":\"https:\/\/batubinhphuoc.vn\/shop\/hat-dieu-nguyen-vi-ba-tu-binh-phuoc-200g-gion-rum-beo-bui-tu-nhien-rang-cui-truyen-thong\/#breadcrumb\",\"itemListElement\":[{\"@type\":\"ListItem\",\"position\":1,\"name\":\"Home\",\"item\":\"https:\/\/batubinhphuoc.vn\/\"},{\"@type\":\"ListItem\",\"position\":2,\"name\":\"S\u1ea3n ph\u1ea9m\",\"item\":\"https:\/\/batubinhphuoc.vn\/shop\/\"},{\"@type\":\"ListItem\",\"position\":3,\"name\":\"H\u1ea1t \u0111i\u1ec1u nguy\u00ean v\u1ecb B\u00e0 T\u01b0 B\u00ecnh Ph\u01b0\u1edbc 200g \u2013 65g \u2013 30g \u2013 Rang c\u1ee7i gi\u00f2n b\u00f9i\"}]},{\"@type\":\"WebSite\",\"@id\":\"https:\/\/batubinhphuoc.vn\/#website\",\"url\":\"https:\/\/batubinhphuoc.vn\/\",\"name\":\"batubinhphuoc.vn\",\"description\":\"\",\"potentialAction\":[{\"@type\":\"SearchAction\",\"target\":{\"@type\":\"EntryPoint\",\"urlTemplate\":\"https:\/\/batubinhphuoc.vn\/?s={search_term_string}\"},\"query-input\":{\"@type\":\"PropertyValueSpecification\",\"valueRequired\":true,\"valueName\":\"search_term_string\"}}],\"inLanguage\":\"en-US\"}]}<\/script>\n<!-- \/ Yoast SEO plugin. -->","yoast_head_json":{"title":"H\u1ea1t \u0111i\u1ec1u nguy\u00ean v\u1ecb B\u00e0 T\u01b0 B\u00ecnh Ph\u01b0\u1edbc 200g \u2013 65g \u2013 30g \u2013 Rang c\u1ee7i gi\u00f2n b\u00f9i - batubinhphuoc.vn","description":"H\u1ea1t \u0111i\u1ec1u nguy\u00ean v\u1ecb B\u00e0 T\u01b0 B\u00ecnh Ph\u01b0\u1edbc 200g, 65g, 30g l\u00e0 d\u00f2ng h\u1ea1t \u0111i\u1ec1u rang c\u1ee7i th\u1ee7 c\u00f4ng n\u1ed5i ti\u1ebfng v\u1edbi v\u1ecb gi\u00f2n tan v\u00e0 b\u00e9o b\u00f9i t\u1ef1 nhi\u00ean.","robots":{"index":"index","follow":"follow","max-snippet":"max-snippet:-1","max-image-preview":"max-image-preview:large","max-video-preview":"max-video-preview:-1"},"canonical":"https:\/\/batubinhphuoc.vn\/en\/shop\/hat-dieu-nguyen-vi-ba-tu-binh-phuoc-200g-gion-rum-beo-bui-tu-nhien-rang-cui-truyen-thong\/","og_locale":"en_US","og_type":"article","og_title":"H\u1ea1t \u0111i\u1ec1u nguy\u00ean v\u1ecb B\u00e0 T\u01b0 B\u00ecnh Ph\u01b0\u1edbc 200g \u2013 65g \u2013 30g \u2013 Rang c\u1ee7i gi\u00f2n b\u00f9i - batubinhphuoc.vn","og_description":"H\u1ea1t \u0111i\u1ec1u nguy\u00ean v\u1ecb B\u00e0 T\u01b0 B\u00ecnh Ph\u01b0\u1edbc 200g, 65g, 30g l\u00e0 d\u00f2ng h\u1ea1t \u0111i\u1ec1u rang c\u1ee7i th\u1ee7 c\u00f4ng n\u1ed5i ti\u1ebfng v\u1edbi v\u1ecb gi\u00f2n tan v\u00e0 b\u00e9o b\u00f9i t\u1ef1 nhi\u00ean.","og_url":"https:\/\/batubinhphuoc.vn\/en\/shop\/hat-dieu-nguyen-vi-ba-tu-binh-phuoc-200g-gion-rum-beo-bui-tu-nhien-rang-cui-truyen-thong\/","og_site_name":"batubinhphuoc.vn","article_modified_time":"2026-03-12T06:55:05+00:00","og_image":[{"width":1024,"height":1024,"url":"https:\/\/batubinhphuoc.vn\/wp-content\/uploads\/2025\/11\/Hat-Dieu-Nguyen-Vi-Ba-Tu-Binh-Phuoc-200g-\u2013-Gion-rum-beo-bui-tu-nhien-\u2013-rang-cui-truyen-thong-1.webp","type":"image\/webp"}],"twitter_card":"summary_large_image","twitter_misc":{"Est. reading time":"3 minutes"},"schema":{"@context":"https:\/\/schema.org","@graph":[{"@type":"WebPage","@id":"https:\/\/batubinhphuoc.vn\/shop\/hat-dieu-nguyen-vi-ba-tu-binh-phuoc-200g-gion-rum-beo-bui-tu-nhien-rang-cui-truyen-thong\/","url":"https:\/\/batubinhphuoc.vn\/shop\/hat-dieu-nguyen-vi-ba-tu-binh-phuoc-200g-gion-rum-beo-bui-tu-nhien-rang-cui-truyen-thong\/","name":"H\u1ea1t \u0111i\u1ec1u nguy\u00ean v\u1ecb B\u00e0 T\u01b0 B\u00ecnh Ph\u01b0\u1edbc 200g \u2013 65g \u2013 30g \u2013 Rang c\u1ee7i gi\u00f2n b\u00f9i - batubinhphuoc.vn","isPartOf":{"@id":"https:\/\/batubinhphuoc.vn\/#website"},"primaryImageOfPage":{"@id":"https:\/\/batubinhphuoc.vn\/shop\/hat-dieu-nguyen-vi-ba-tu-binh-phuoc-200g-gion-rum-beo-bui-tu-nhien-rang-cui-truyen-thong\/#primaryimage"},"image":{"@id":"https:\/\/batubinhphuoc.vn\/shop\/hat-dieu-nguyen-vi-ba-tu-binh-phuoc-200g-gion-rum-beo-bui-tu-nhien-rang-cui-truyen-thong\/#primaryimage"},"thumbnailUrl":"https:\/\/batubinhphuoc.vn\/wp-content\/uploads\/2025\/11\/Hat-Dieu-Nguyen-Vi-Ba-Tu-Binh-Phuoc-200g-\u2013-Gion-rum-beo-bui-tu-nhien-\u2013-rang-cui-truyen-thong-1.webp","datePublished":"2025-11-19T03:24:41+00:00","dateModified":"2026-03-12T06:55:05+00:00","description":"H\u1ea1t \u0111i\u1ec1u nguy\u00ean v\u1ecb B\u00e0 T\u01b0 B\u00ecnh Ph\u01b0\u1edbc 200g, 65g, 30g l\u00e0 d\u00f2ng h\u1ea1t \u0111i\u1ec1u rang c\u1ee7i th\u1ee7 c\u00f4ng n\u1ed5i ti\u1ebfng v\u1edbi v\u1ecb gi\u00f2n tan v\u00e0 b\u00e9o b\u00f9i t\u1ef1 nhi\u00ean.","breadcrumb":{"@id":"https:\/\/batubinhphuoc.vn\/shop\/hat-dieu-nguyen-vi-ba-tu-binh-phuoc-200g-gion-rum-beo-bui-tu-nhien-rang-cui-truyen-thong\/#breadcrumb"},"inLanguage":"en-US","potentialAction":[{"@type":"ReadAction","target":["https:\/\/batubinhphuoc.vn\/shop\/hat-dieu-nguyen-vi-ba-tu-binh-phuoc-200g-gion-rum-beo-bui-tu-nhien-rang-cui-truyen-thong\/"]}]},{"@type":"ImageObject","inLanguage":"en-US","@id":"https:\/\/batubinhphuoc.vn\/shop\/hat-dieu-nguyen-vi-ba-tu-binh-phuoc-200g-gion-rum-beo-bui-tu-nhien-rang-cui-truyen-thong\/#primaryimage","url":"https:\/\/batubinhphuoc.vn\/wp-content\/uploads\/2025\/11\/Hat-Dieu-Nguyen-Vi-Ba-Tu-Binh-Phuoc-200g-\u2013-Gion-rum-beo-bui-tu-nhien-\u2013-rang-cui-truyen-thong-1.webp","contentUrl":"https:\/\/batubinhphuoc.vn\/wp-content\/uploads\/2025\/11\/Hat-Dieu-Nguyen-Vi-Ba-Tu-Binh-Phuoc-200g-\u2013-Gion-rum-beo-bui-tu-nhien-\u2013-rang-cui-truyen-thong-1.webp","width":1024,"height":1024,"caption":"h\u1ea1t \u0111i\u1ec1u nguy\u00ean v\u1ecb B\u00e0 T\u01b0"},{"@type":"BreadcrumbList","@id":"https:\/\/batubinhphuoc.vn\/shop\/hat-dieu-nguyen-vi-ba-tu-binh-phuoc-200g-gion-rum-beo-bui-tu-nhien-rang-cui-truyen-thong\/#breadcrumb","itemListElement":[{"@type":"ListItem","position":1,"name":"Home","item":"https:\/\/batubinhphuoc.vn\/"},{"@type":"ListItem","position":2,"name":"S\u1ea3n ph\u1ea9m","item":"https:\/\/batubinhphuoc.vn\/shop\/"},{"@type":"ListItem","position":3,"name":"H\u1ea1t \u0111i\u1ec1u nguy\u00ean v\u1ecb B\u00e0 T\u01b0 B\u00ecnh Ph\u01b0\u1edbc 200g \u2013 65g \u2013 30g \u2013 Rang c\u1ee7i gi\u00f2n b\u00f9i"}]},{"@type":"WebSite","@id":"https:\/\/batubinhphuoc.vn\/#website","url":"https:\/\/batubinhphuoc.vn\/","name":"batubinhphuoc.vn","description":"","potentialAction":[{"@type":"SearchAction","target":{"@type":"EntryPoint","urlTemplate":"https:\/\/batubinhphuoc.vn\/?s={search_term_string}"},"query-input":{"@type":"PropertyValueSpecification","valueRequired":true,"valueName":"search_term_string"}}],"inLanguage":"en-US"}]}},"_links":{"self":[{"href":"https:\/\/batubinhphuoc.vn\/en\/wp-json\/wp\/v2\/product\/1215","targetHints":{"allow":["GET"]}}],"collection":[{"href":"https:\/\/batubinhphuoc.vn\/en\/wp-json\/wp\/v2\/product"}],"about":[{"href":"https:\/\/batubinhphuoc.vn\/en\/wp-json\/wp\/v2\/types\/product"}],"replies":[{"embeddable":true,"href":"https:\/\/batubinhphuoc.vn\/en\/wp-json\/wp\/v2\/comments?post=1215"}],"wp:featuredmedia":[{"embeddable":true,"href":"https:\/\/batubinhphuoc.vn\/en\/wp-json\/wp\/v2\/media\/1289"}],"wp:attachment":[{"href":"https:\/\/batubinhphuoc.vn\/en\/wp-json\/wp\/v2\/media?parent=1215"}],"wp:term":[{"taxonomy":"product_brand","embeddable":true,"href":"https:\/\/batubinhphuoc.vn\/en\/wp-json\/wp\/v2\/product_brand?post=1215"},{"taxonomy":"product_cat","embeddable":true,"href":"https:\/\/batubinhphuoc.vn\/en\/wp-json\/wp\/v2\/product_cat?post=1215"},{"taxonomy":"product_tag","embeddable":true,"href":"https:\/\/batubinhphuoc.vn\/en\/wp-json\/wp\/v2\/product_tag?post=1215"}],"curies":[{"name":"wp","href":"https:\/\/api.w.org\/{rel}","templated":true}]}}