{"id":1216,"date":"2025-11-19T10:32:16","date_gmt":"2025-11-19T03:32:16","guid":{"rendered":"https:\/\/batubinhphuoc.vn\/?post_type=product&#038;p=1216"},"modified":"2026-03-12T12:25:13","modified_gmt":"2026-03-12T05:25:13","slug":"hat-dieu-boc-vo-ba-tu-binh-phuoc-160g-205g-gion-rum-beo-bui-tu-nhien-rang-cui-truyen-thong","status":"publish","type":"product","link":"https:\/\/batubinhphuoc.vn\/en\/shop\/hat-dieu-boc-vo-ba-tu-binh-phuoc-160g-205g-gion-rum-beo-bui-tu-nhien-rang-cui-truyen-thong\/","title":{"rendered":"H\u1ea1t \u0111i\u1ec1u b\u00f3c v\u1ecf B\u00e0 T\u01b0 B\u00ecnh Ph\u01b0\u1edbc 160g \u2013 205g \u2013 Nh\u00e2n tr\u1eafng rang c\u1ee7i"},"content":{"rendered":"<p dir=\"auto\">\ud83d\udd25\u00a0H\u1ea1t \u0111i\u1ec1u b\u00f3c v\u1ecf B\u00e0 T\u01b0 B\u00ecnh Ph\u01b0\u1edbc 160g &amp; 205g \u0111ang khi\u1ebfn d\u00e2n s\u00e0nh \u0103n \u201c\u0111\u1ee9ng ng\u1ed3i kh\u00f4ng y\u00ean\u201d v\u00ec \u0111\u1ed9 tr\u1eafng ng\u1ea7n, gi\u00f2n r\u1ee5m v\u00e0 b\u00e9o b\u00f9i t\u1ef1 nhi\u00ean \u0111\u1ec9nh cao! &#8211; <span style=\"color: #282828;\"><a style=\"color: #282828;\" href=\"https:\/\/www.facebook.com\/hatdieubatubinhphuoc.official\"><strong>\u201cQueen cashew nuts white\u201d<\/strong><\/a><\/span><\/p>\n<h3 dir=\"auto\">5 l\u00fd do h\u1ea1t \u0111i\u1ec1u b\u00f3c v\u1ecf B\u00e0 T\u01b0 B\u00ecnh Ph\u01b0\u1edbc \u0111\u01b0\u1ee3c y\u00eau th\u00edch<\/h3>\n<ul dir=\"auto\">\n<li><strong>100% cashew nuts, white WW180 \u2013 WW210 type 1, Binh Phuoc<\/strong> \u2013 seeds, beautiful, white, pure natural, no chemical bleaching.<\/li>\n<li><strong>Roasted firewood dry forests, traditional crafts<\/strong> \u2192 golden light are crispy from the inside out, aromatic smell of wood joinery.<\/li>\n<li><strong>NO salt \u2013 NO sugar \u2013 NO oil \u2013 NO preservatives<\/strong> \u2192 only retain the sweetness fat, raw, anal, fleshy light bar.<\/li>\n<li><strong>Beautiful shimmering<\/strong> \u2013 white light, not a sprinkling of black, the look is wanted to eat now, right gifts luxury.<\/li>\n<li><strong>2 sizes convenience<\/strong>: 205g (food, family, gifts and donations) and 160g (bring go to work, school, pocket).<\/li>\n<\/ul>\n<h3 dir=\"auto\">Customer feedback \u201con the edge\u201d<\/h3>\n<p dir=\"auto\">\u201cWhite beautiful than the cashew nuts, imported, try your Investments done is remove always the others!\u201d \u201cHis mom diabetes still eat comfortably because no salt, no sugar, aromatic natural fat extremely.\u201d<\/p>\n<h3 dir=\"auto\">L\u1ee3i \u00edch s\u1ee9c kh\u1ecfe c\u1ee7a h\u1ea1t \u0111i\u1ec1u nh\u00e2n tr\u1eafng B\u00e0 T\u01b0<\/h3>\n<ul dir=\"auto\">\n<li>Rich in good fats, plant protein, vitamin E, magnesium, zinc<\/li>\n<li>Cardiovascular support, reducing bad cholesterol<\/li>\n<li>Beauty skin, anti-aging, enhance memory<\/li>\n<li>Ideal for dieters, gym, pregnant mothers, children, older people<\/li>\n<\/ul>\n<h3 dir=\"auto\">Th\u00f4ng tin s\u1ea3n ph\u1ea9m h\u1ea1t \u0111i\u1ec1u b\u00f3c v\u1ecf B\u00e0 T\u01b0<\/h3>\n<ul dir=\"auto\">\n<li>Product name: Cashew Nuts, Shelled (White) Roasted Firewood April Binh Phuoc<\/li>\n<li>Weight: 205g | 160g<\/li>\n<li>Composition: 100% cashew nuts, white, type 1, Binh Phuoc<\/li>\n<li>Packing: plastic Box PET premium or zip bag, silver vacuum<\/li>\n<li>Shelf life: 12 months<\/li>\n<li>Place of origin: Binh Phuoc, Vietnam<\/li>\n<\/ul>\n<p dir=\"auto\"><strong>Commitment from Seeds This April<\/strong> \u2714 Granules beautiful white WW180-WW210, no bleaching chemicals \u2714 Roasted new every day, latest delivery \u2714 return 1-1 if not white, particle decay, loss of brittle \u2714 nationwide Delivery \u2013 Freeship single from 500k (or purchase program)<\/p>\n<h3 dir=\"auto\"><a href=\"https:\/\/batubinhphuoc.vn\/en\/\">Deals extreme shock just in 7 days!<\/a><\/h3>\n<ul dir=\"auto\">\n<li>Buy 5 get 1 free (same size or mix)<\/li>\n<li>Buy 10 get 3 + boxes gifts mini super cute<\/li>\n<li>Combo white 205g + cheese + silk sheath price, super bargain<\/li>\n<\/ul>\n<p dir=\"auto\">Rows white is always my \u201cfire\u201d the fastest, special occasion new year 2026 coming. Book now lest before!<\/p>\n<p dir=\"auto\"><strong>Cashew nuts Peeled April \u2013 White beauty, crispy, greasy natural \u2013 Feeding is mesmerizing!<\/strong> \u2728\ud83c\udf30<\/p>","protected":false},"excerpt":{"rendered":"<p>\ud83d\udd25\u00a0H\u1ea1t \u0111i\u1ec1u b\u00f3c v\u1ecf B\u00e0 T\u01b0 B\u00ecnh Ph\u01b0\u1edbc 160g &amp; 205g \u0111ang khi\u1ebfn d\u00e2n s\u00e0nh \u0103n \u201c\u0111\u1ee9ng ng\u1ed3i kh\u00f4ng y\u00ean\u201d v\u00ec \u0111\u1ed9 tr\u1eafng ng\u1ea7n, gi\u00f2n r\u1ee5m v\u00e0 b\u00e9o b\u00f9i t\u1ef1 nhi\u00ean \u0111\u1ec9nh cao! &#8211; \u201cN\u1eef ho\u00e0ng h\u1ea1t \u0111i\u1ec1u nh\u00e2n tr\u1eafng\u201d 5 l\u00fd do h\u1ea1t \u0111i\u1ec1u b\u00f3c v\u1ecf B\u00e0 T\u01b0 B\u00ecnh Ph\u01b0\u1edbc \u0111\u01b0\u1ee3c y\u00eau th\u00edch 100%&#8230;<\/p>","protected":false},"featured_media":1298,"comment_status":"open","ping_status":"closed","template":"","meta":[],"product_brand":[],"product_cat":[40],"product_tag":[225,217,215,222,219,224,227,226,216,228,223,220,218,221],"class_list":{"0":"post-1216","1":"product","2":"type-product","3":"status-publish","4":"has-post-thumbnail","6":"product_cat-hat-dieu-vo-lua","7":"product_tag-hat-dieu-ba-tu-160g-205g","8":"product_tag-hat-dieu-boc-vo-205g-ba-tu","9":"product_tag-hat-dieu-boc-vo-ba-tu","10":"product_tag-hat-dieu-boc-vo-binh-phuoc-chinh-goc","11":"product_tag-hat-dieu-boc-vo-khong-muoi-ba-tu","12":"product_tag-hat-dieu-boc-vo-qua-tet-2026","13":"product_tag-hat-dieu-boc-vo-shopee-ba-tu","14":"product_tag-hat-dieu-nhan-trang-an-kieng","15":"product_tag-hat-dieu-nhan-trang-ba-tu-binh-phuoc","16":"product_tag-hat-dieu-nhan-trang-cao-cap-binh-phuoc","17":"product_tag-hat-dieu-nhan-trang-rang-cui","18":"product_tag-hat-dieu-nhan-trang-ww180-ww210","19":"product_tag-hat-dieu-rang-cui-nhan-trang-binh-phuoc","20":"product_tag-mua-hat-dieu-boc-vo-ba-tu-o-dau","22":"first","23":"instock","24":"sale","25":"shipping-taxable","26":"purchasable","27":"product-type-variable"},"yoast_head":"<!-- This site is optimized with the Yoast SEO plugin v26.4 - https:\/\/yoast.com\/wordpress\/plugins\/seo\/ -->\n<title>H\u1ea1t \u0111i\u1ec1u b\u00f3c v\u1ecf B\u00e0 T\u01b0 B\u00ecnh Ph\u01b0\u1edbc 160g \u2013 205g \u2013 Nh\u00e2n tr\u1eafng rang c\u1ee7i - batubinhphuoc.vn<\/title>\n<meta name=\"description\" content=\"H\u1ea1t \u0111i\u1ec1u b\u00f3c v\u1ecf B\u00e0 T\u01b0 B\u00ecnh Ph\u01b0\u1edbc rang c\u1ee7i th\u1ee7 c\u00f4ng, nh\u00e2n tr\u1eafng WW gi\u00f2n b\u00f9i t\u1ef1 nhi\u00ean, kh\u00f4ng mu\u1ed1i, kh\u00f4ng d\u1ea7u chi\u00ean. \u0110\u1eb7c s\u1ea3n dinh d\u01b0\u1ee1ng.\" \/>\n<meta name=\"robots\" content=\"index, follow, max-snippet:-1, max-image-preview:large, max-video-preview:-1\" \/>\n<link rel=\"canonical\" href=\"https:\/\/batubinhphuoc.vn\/en\/shop\/hat-dieu-boc-vo-ba-tu-binh-phuoc-160g-205g-gion-rum-beo-bui-tu-nhien-rang-cui-truyen-thong\/\" \/>\n<meta property=\"og:locale\" content=\"en_US\" \/>\n<meta property=\"og:type\" content=\"article\" \/>\n<meta property=\"og:title\" content=\"H\u1ea1t \u0111i\u1ec1u b\u00f3c v\u1ecf B\u00e0 T\u01b0 B\u00ecnh Ph\u01b0\u1edbc 160g \u2013 205g \u2013 Nh\u00e2n tr\u1eafng rang c\u1ee7i - batubinhphuoc.vn\" \/>\n<meta property=\"og:description\" content=\"H\u1ea1t \u0111i\u1ec1u b\u00f3c v\u1ecf B\u00e0 T\u01b0 B\u00ecnh Ph\u01b0\u1edbc rang c\u1ee7i th\u1ee7 c\u00f4ng, nh\u00e2n tr\u1eafng WW gi\u00f2n b\u00f9i t\u1ef1 nhi\u00ean, kh\u00f4ng mu\u1ed1i, kh\u00f4ng d\u1ea7u chi\u00ean. \u0110\u1eb7c s\u1ea3n dinh d\u01b0\u1ee1ng.\" \/>\n<meta property=\"og:url\" content=\"https:\/\/batubinhphuoc.vn\/en\/shop\/hat-dieu-boc-vo-ba-tu-binh-phuoc-160g-205g-gion-rum-beo-bui-tu-nhien-rang-cui-truyen-thong\/\" \/>\n<meta property=\"og:site_name\" content=\"batubinhphuoc.vn\" \/>\n<meta property=\"article:modified_time\" content=\"2026-03-12T05:25:13+00:00\" \/>\n<meta property=\"og:image\" content=\"https:\/\/batubinhphuoc.vn\/wp-content\/uploads\/2025\/11\/Hat-Dieu-Boc-Vo-Ba-Tu-Binh-Phuoc-160g-205g-\u2013-Gion-rum-beo-bui-tu-nhien-\u2013-rang-cui-truyen-thong-1.webp\" \/>\n\t<meta property=\"og:image:width\" content=\"1024\" \/>\n\t<meta property=\"og:image:height\" content=\"1024\" \/>\n\t<meta property=\"og:image:type\" content=\"image\/webp\" \/>\n<meta name=\"twitter:card\" content=\"summary_large_image\" \/>\n<meta name=\"twitter:label1\" content=\"Est. reading time\" \/>\n\t<meta name=\"twitter:data1\" content=\"3 minutes\" \/>\n<script type=\"application\/ld+json\" class=\"yoast-schema-graph\">{\"@context\":\"https:\/\/schema.org\",\"@graph\":[{\"@type\":\"WebPage\",\"@id\":\"https:\/\/batubinhphuoc.vn\/shop\/hat-dieu-boc-vo-ba-tu-binh-phuoc-160g-205g-gion-rum-beo-bui-tu-nhien-rang-cui-truyen-thong\/\",\"url\":\"https:\/\/batubinhphuoc.vn\/shop\/hat-dieu-boc-vo-ba-tu-binh-phuoc-160g-205g-gion-rum-beo-bui-tu-nhien-rang-cui-truyen-thong\/\",\"name\":\"H\u1ea1t \u0111i\u1ec1u b\u00f3c v\u1ecf B\u00e0 T\u01b0 B\u00ecnh Ph\u01b0\u1edbc 160g \u2013 205g \u2013 Nh\u00e2n tr\u1eafng rang c\u1ee7i - batubinhphuoc.vn\",\"isPartOf\":{\"@id\":\"https:\/\/batubinhphuoc.vn\/#website\"},\"primaryImageOfPage\":{\"@id\":\"https:\/\/batubinhphuoc.vn\/shop\/hat-dieu-boc-vo-ba-tu-binh-phuoc-160g-205g-gion-rum-beo-bui-tu-nhien-rang-cui-truyen-thong\/#primaryimage\"},\"image\":{\"@id\":\"https:\/\/batubinhphuoc.vn\/shop\/hat-dieu-boc-vo-ba-tu-binh-phuoc-160g-205g-gion-rum-beo-bui-tu-nhien-rang-cui-truyen-thong\/#primaryimage\"},\"thumbnailUrl\":\"https:\/\/batubinhphuoc.vn\/wp-content\/uploads\/2025\/11\/Hat-Dieu-Boc-Vo-Ba-Tu-Binh-Phuoc-160g-205g-\u2013-Gion-rum-beo-bui-tu-nhien-\u2013-rang-cui-truyen-thong-1.webp\",\"datePublished\":\"2025-11-19T03:32:16+00:00\",\"dateModified\":\"2026-03-12T05:25:13+00:00\",\"description\":\"H\u1ea1t \u0111i\u1ec1u b\u00f3c v\u1ecf B\u00e0 T\u01b0 B\u00ecnh Ph\u01b0\u1edbc rang c\u1ee7i th\u1ee7 c\u00f4ng, nh\u00e2n tr\u1eafng WW gi\u00f2n b\u00f9i t\u1ef1 nhi\u00ean, kh\u00f4ng mu\u1ed1i, kh\u00f4ng d\u1ea7u chi\u00ean. \u0110\u1eb7c s\u1ea3n dinh d\u01b0\u1ee1ng.\",\"breadcrumb\":{\"@id\":\"https:\/\/batubinhphuoc.vn\/shop\/hat-dieu-boc-vo-ba-tu-binh-phuoc-160g-205g-gion-rum-beo-bui-tu-nhien-rang-cui-truyen-thong\/#breadcrumb\"},\"inLanguage\":\"en-US\",\"potentialAction\":[{\"@type\":\"ReadAction\",\"target\":[\"https:\/\/batubinhphuoc.vn\/shop\/hat-dieu-boc-vo-ba-tu-binh-phuoc-160g-205g-gion-rum-beo-bui-tu-nhien-rang-cui-truyen-thong\/\"]}]},{\"@type\":\"ImageObject\",\"inLanguage\":\"en-US\",\"@id\":\"https:\/\/batubinhphuoc.vn\/shop\/hat-dieu-boc-vo-ba-tu-binh-phuoc-160g-205g-gion-rum-beo-bui-tu-nhien-rang-cui-truyen-thong\/#primaryimage\",\"url\":\"https:\/\/batubinhphuoc.vn\/wp-content\/uploads\/2025\/11\/Hat-Dieu-Boc-Vo-Ba-Tu-Binh-Phuoc-160g-205g-\u2013-Gion-rum-beo-bui-tu-nhien-\u2013-rang-cui-truyen-thong-1.webp\",\"contentUrl\":\"https:\/\/batubinhphuoc.vn\/wp-content\/uploads\/2025\/11\/Hat-Dieu-Boc-Vo-Ba-Tu-Binh-Phuoc-160g-205g-\u2013-Gion-rum-beo-bui-tu-nhien-\u2013-rang-cui-truyen-thong-1.webp\",\"width\":1024,\"height\":1024,\"caption\":\"\u0111i\u1ec1u b\u00f3c v\u1ecf\"},{\"@type\":\"BreadcrumbList\",\"@id\":\"https:\/\/batubinhphuoc.vn\/shop\/hat-dieu-boc-vo-ba-tu-binh-phuoc-160g-205g-gion-rum-beo-bui-tu-nhien-rang-cui-truyen-thong\/#breadcrumb\",\"itemListElement\":[{\"@type\":\"ListItem\",\"position\":1,\"name\":\"Home\",\"item\":\"https:\/\/batubinhphuoc.vn\/\"},{\"@type\":\"ListItem\",\"position\":2,\"name\":\"S\u1ea3n ph\u1ea9m\",\"item\":\"https:\/\/batubinhphuoc.vn\/shop\/\"},{\"@type\":\"ListItem\",\"position\":3,\"name\":\"H\u1ea1t \u0111i\u1ec1u b\u00f3c v\u1ecf B\u00e0 T\u01b0 B\u00ecnh Ph\u01b0\u1edbc 160g \u2013 205g \u2013 Nh\u00e2n tr\u1eafng rang c\u1ee7i\"}]},{\"@type\":\"WebSite\",\"@id\":\"https:\/\/batubinhphuoc.vn\/#website\",\"url\":\"https:\/\/batubinhphuoc.vn\/\",\"name\":\"batubinhphuoc.vn\",\"description\":\"\",\"potentialAction\":[{\"@type\":\"SearchAction\",\"target\":{\"@type\":\"EntryPoint\",\"urlTemplate\":\"https:\/\/batubinhphuoc.vn\/?s={search_term_string}\"},\"query-input\":{\"@type\":\"PropertyValueSpecification\",\"valueRequired\":true,\"valueName\":\"search_term_string\"}}],\"inLanguage\":\"en-US\"}]}<\/script>\n<!-- \/ Yoast SEO plugin. -->","yoast_head_json":{"title":"H\u1ea1t \u0111i\u1ec1u b\u00f3c v\u1ecf B\u00e0 T\u01b0 B\u00ecnh Ph\u01b0\u1edbc 160g \u2013 205g \u2013 Nh\u00e2n tr\u1eafng rang c\u1ee7i - batubinhphuoc.vn","description":"H\u1ea1t \u0111i\u1ec1u b\u00f3c v\u1ecf B\u00e0 T\u01b0 B\u00ecnh Ph\u01b0\u1edbc rang c\u1ee7i th\u1ee7 c\u00f4ng, nh\u00e2n tr\u1eafng WW gi\u00f2n b\u00f9i t\u1ef1 nhi\u00ean, kh\u00f4ng mu\u1ed1i, kh\u00f4ng d\u1ea7u chi\u00ean. \u0110\u1eb7c s\u1ea3n dinh d\u01b0\u1ee1ng.","robots":{"index":"index","follow":"follow","max-snippet":"max-snippet:-1","max-image-preview":"max-image-preview:large","max-video-preview":"max-video-preview:-1"},"canonical":"https:\/\/batubinhphuoc.vn\/en\/shop\/hat-dieu-boc-vo-ba-tu-binh-phuoc-160g-205g-gion-rum-beo-bui-tu-nhien-rang-cui-truyen-thong\/","og_locale":"en_US","og_type":"article","og_title":"H\u1ea1t \u0111i\u1ec1u b\u00f3c v\u1ecf B\u00e0 T\u01b0 B\u00ecnh Ph\u01b0\u1edbc 160g \u2013 205g \u2013 Nh\u00e2n tr\u1eafng rang c\u1ee7i - batubinhphuoc.vn","og_description":"H\u1ea1t \u0111i\u1ec1u b\u00f3c v\u1ecf B\u00e0 T\u01b0 B\u00ecnh Ph\u01b0\u1edbc rang c\u1ee7i th\u1ee7 c\u00f4ng, nh\u00e2n tr\u1eafng WW gi\u00f2n b\u00f9i t\u1ef1 nhi\u00ean, kh\u00f4ng mu\u1ed1i, kh\u00f4ng d\u1ea7u chi\u00ean. \u0110\u1eb7c s\u1ea3n dinh d\u01b0\u1ee1ng.","og_url":"https:\/\/batubinhphuoc.vn\/en\/shop\/hat-dieu-boc-vo-ba-tu-binh-phuoc-160g-205g-gion-rum-beo-bui-tu-nhien-rang-cui-truyen-thong\/","og_site_name":"batubinhphuoc.vn","article_modified_time":"2026-03-12T05:25:13+00:00","og_image":[{"width":1024,"height":1024,"url":"https:\/\/batubinhphuoc.vn\/wp-content\/uploads\/2025\/11\/Hat-Dieu-Boc-Vo-Ba-Tu-Binh-Phuoc-160g-205g-\u2013-Gion-rum-beo-bui-tu-nhien-\u2013-rang-cui-truyen-thong-1.webp","type":"image\/webp"}],"twitter_card":"summary_large_image","twitter_misc":{"Est. reading time":"3 minutes"},"schema":{"@context":"https:\/\/schema.org","@graph":[{"@type":"WebPage","@id":"https:\/\/batubinhphuoc.vn\/shop\/hat-dieu-boc-vo-ba-tu-binh-phuoc-160g-205g-gion-rum-beo-bui-tu-nhien-rang-cui-truyen-thong\/","url":"https:\/\/batubinhphuoc.vn\/shop\/hat-dieu-boc-vo-ba-tu-binh-phuoc-160g-205g-gion-rum-beo-bui-tu-nhien-rang-cui-truyen-thong\/","name":"H\u1ea1t \u0111i\u1ec1u b\u00f3c v\u1ecf B\u00e0 T\u01b0 B\u00ecnh Ph\u01b0\u1edbc 160g \u2013 205g \u2013 Nh\u00e2n tr\u1eafng rang c\u1ee7i - batubinhphuoc.vn","isPartOf":{"@id":"https:\/\/batubinhphuoc.vn\/#website"},"primaryImageOfPage":{"@id":"https:\/\/batubinhphuoc.vn\/shop\/hat-dieu-boc-vo-ba-tu-binh-phuoc-160g-205g-gion-rum-beo-bui-tu-nhien-rang-cui-truyen-thong\/#primaryimage"},"image":{"@id":"https:\/\/batubinhphuoc.vn\/shop\/hat-dieu-boc-vo-ba-tu-binh-phuoc-160g-205g-gion-rum-beo-bui-tu-nhien-rang-cui-truyen-thong\/#primaryimage"},"thumbnailUrl":"https:\/\/batubinhphuoc.vn\/wp-content\/uploads\/2025\/11\/Hat-Dieu-Boc-Vo-Ba-Tu-Binh-Phuoc-160g-205g-\u2013-Gion-rum-beo-bui-tu-nhien-\u2013-rang-cui-truyen-thong-1.webp","datePublished":"2025-11-19T03:32:16+00:00","dateModified":"2026-03-12T05:25:13+00:00","description":"H\u1ea1t \u0111i\u1ec1u b\u00f3c v\u1ecf B\u00e0 T\u01b0 B\u00ecnh Ph\u01b0\u1edbc rang c\u1ee7i th\u1ee7 c\u00f4ng, nh\u00e2n tr\u1eafng WW gi\u00f2n b\u00f9i t\u1ef1 nhi\u00ean, kh\u00f4ng mu\u1ed1i, kh\u00f4ng d\u1ea7u chi\u00ean. \u0110\u1eb7c s\u1ea3n dinh d\u01b0\u1ee1ng.","breadcrumb":{"@id":"https:\/\/batubinhphuoc.vn\/shop\/hat-dieu-boc-vo-ba-tu-binh-phuoc-160g-205g-gion-rum-beo-bui-tu-nhien-rang-cui-truyen-thong\/#breadcrumb"},"inLanguage":"en-US","potentialAction":[{"@type":"ReadAction","target":["https:\/\/batubinhphuoc.vn\/shop\/hat-dieu-boc-vo-ba-tu-binh-phuoc-160g-205g-gion-rum-beo-bui-tu-nhien-rang-cui-truyen-thong\/"]}]},{"@type":"ImageObject","inLanguage":"en-US","@id":"https:\/\/batubinhphuoc.vn\/shop\/hat-dieu-boc-vo-ba-tu-binh-phuoc-160g-205g-gion-rum-beo-bui-tu-nhien-rang-cui-truyen-thong\/#primaryimage","url":"https:\/\/batubinhphuoc.vn\/wp-content\/uploads\/2025\/11\/Hat-Dieu-Boc-Vo-Ba-Tu-Binh-Phuoc-160g-205g-\u2013-Gion-rum-beo-bui-tu-nhien-\u2013-rang-cui-truyen-thong-1.webp","contentUrl":"https:\/\/batubinhphuoc.vn\/wp-content\/uploads\/2025\/11\/Hat-Dieu-Boc-Vo-Ba-Tu-Binh-Phuoc-160g-205g-\u2013-Gion-rum-beo-bui-tu-nhien-\u2013-rang-cui-truyen-thong-1.webp","width":1024,"height":1024,"caption":"\u0111i\u1ec1u b\u00f3c v\u1ecf"},{"@type":"BreadcrumbList","@id":"https:\/\/batubinhphuoc.vn\/shop\/hat-dieu-boc-vo-ba-tu-binh-phuoc-160g-205g-gion-rum-beo-bui-tu-nhien-rang-cui-truyen-thong\/#breadcrumb","itemListElement":[{"@type":"ListItem","position":1,"name":"Home","item":"https:\/\/batubinhphuoc.vn\/"},{"@type":"ListItem","position":2,"name":"S\u1ea3n ph\u1ea9m","item":"https:\/\/batubinhphuoc.vn\/shop\/"},{"@type":"ListItem","position":3,"name":"H\u1ea1t \u0111i\u1ec1u b\u00f3c v\u1ecf B\u00e0 T\u01b0 B\u00ecnh Ph\u01b0\u1edbc 160g \u2013 205g \u2013 Nh\u00e2n tr\u1eafng rang c\u1ee7i"}]},{"@type":"WebSite","@id":"https:\/\/batubinhphuoc.vn\/#website","url":"https:\/\/batubinhphuoc.vn\/","name":"batubinhphuoc.vn","description":"","potentialAction":[{"@type":"SearchAction","target":{"@type":"EntryPoint","urlTemplate":"https:\/\/batubinhphuoc.vn\/?s={search_term_string}"},"query-input":{"@type":"PropertyValueSpecification","valueRequired":true,"valueName":"search_term_string"}}],"inLanguage":"en-US"}]}},"_links":{"self":[{"href":"https:\/\/batubinhphuoc.vn\/en\/wp-json\/wp\/v2\/product\/1216","targetHints":{"allow":["GET"]}}],"collection":[{"href":"https:\/\/batubinhphuoc.vn\/en\/wp-json\/wp\/v2\/product"}],"about":[{"href":"https:\/\/batubinhphuoc.vn\/en\/wp-json\/wp\/v2\/types\/product"}],"replies":[{"embeddable":true,"href":"https:\/\/batubinhphuoc.vn\/en\/wp-json\/wp\/v2\/comments?post=1216"}],"wp:featuredmedia":[{"embeddable":true,"href":"https:\/\/batubinhphuoc.vn\/en\/wp-json\/wp\/v2\/media\/1298"}],"wp:attachment":[{"href":"https:\/\/batubinhphuoc.vn\/en\/wp-json\/wp\/v2\/media?parent=1216"}],"wp:term":[{"taxonomy":"product_brand","embeddable":true,"href":"https:\/\/batubinhphuoc.vn\/en\/wp-json\/wp\/v2\/product_brand?post=1216"},{"taxonomy":"product_cat","embeddable":true,"href":"https:\/\/batubinhphuoc.vn\/en\/wp-json\/wp\/v2\/product_cat?post=1216"},{"taxonomy":"product_tag","embeddable":true,"href":"https:\/\/batubinhphuoc.vn\/en\/wp-json\/wp\/v2\/product_tag?post=1216"}],"curies":[{"name":"wp","href":"https:\/\/api.w.org\/{rel}","templated":true}]}}