{"id":1217,"date":"2025-11-19T10:40:56","date_gmt":"2025-11-19T03:40:56","guid":{"rendered":"https:\/\/batubinhphuoc.vn\/?post_type=product&#038;p=1217"},"modified":"2026-03-12T12:15:25","modified_gmt":"2026-03-12T05:15:25","slug":"hat-dieu-boc-vo-ba-tu-binh-phuoc-160g-gion-rum-beo-bui-tu-nhien-rang-cui-truyen-thong","status":"publish","type":"product","link":"https:\/\/batubinhphuoc.vn\/en\/shop\/hat-dieu-boc-vo-ba-tu-binh-phuoc-160g-gion-rum-beo-bui-tu-nhien-rang-cui-truyen-thong\/","title":{"rendered":"H\u1ea1t \u0111i\u1ec1u b\u00f3c v\u1ecf B\u00e0 T\u01b0 B\u00ecnh Ph\u01b0\u1edbc 160g \u2013 Nh\u00e2n tr\u1eafng rang c\u1ee7i"},"content":{"rendered":"<p dir=\"auto\">\ud83d\udd25 <strong>\u201c<span style=\"color: #282828;\"><a style=\"color: #282828;\" href=\"https:\/\/www.facebook.com\/hatdieubatubinhphuoc.official\">\u0110\u1ec9nh cao c\u1ee7a h\u1ea1t \u0111i\u1ec1u nh\u00e2n tr\u1eafng\u201d<\/a><\/span><\/strong><span style=\"color: #282828;\"> \u2013 Cashew nuts peeled April 160g're making people foodie \u201ccrazy island\u201d because the seeds pure white as jade, crispy and fatty, aromatic, naturally can not resist!<\/span><\/p>\n<h3 dir=\"auto\">V\u00ec sao h\u1ea1t \u0111i\u1ec1u b\u00f3c v\u1ecf B\u00e0 T\u01b0 B\u00ecnh Ph\u01b0\u1edbc 160g \u0111\u01b0\u1ee3c y\u00eau th\u00edch?<\/h3>\n<ul dir=\"auto\">\n<li><strong>100% white type WW (WW180 \u2013 WW210) Binh Phuoc original<\/strong> \u2013 seeds, beautiful, white, light natural, no chemical bleaching.<\/li>\n<li><strong>Roasted handmade firewood dry forests<\/strong> \u2192 crispy evenly from the inside out, aromatic smell of wood joinery, no burning oil.<\/li>\n<li><strong>No salt \u2013 No sugar \u2013 No oil frying \u2013 No preservatives<\/strong> \u2192 keep the whole sweetness, fat, raw, anal, fleshy mild ethereal.<\/li>\n<li><strong>Beautiful \u201cfantastic\u201d<\/strong> \u2013 character white, no spotting, the look is wanted to take photo live virtual hard case gifts luxury.<\/li>\n<li><strong>Size 160g perfect<\/strong> \u2013 just enough food for 2-3 days, take go to work, school, travel.<\/li>\n<\/ul>\n<h3 dir=\"auto\">Guests really say what?<\/h3>\n<p dir=\"auto\">\u201cWhite and beautiful than the cashew nuts, imported food April is finished't want to eat genuine any more!\u201d \u201cThe house has small children and grandparents are enchanted because no salt, the natural very pleasant.\u201d<\/p>\n<h3 dir=\"auto\">Health benefits of \u201cgold\u201d<\/h3>\n<ul dir=\"auto\">\n<li>Rich in good fats, plant protein, vitamin E, magnesium, zinc<\/li>\n<li>Good for your heart, reduces bad cholesterol<\/li>\n<li>Beauty skin, anti-aging, enhance memory<\/li>\n<li>Suitable dieters, gym, pregnant mothers, children over 3 years, adult age<\/li>\n<\/ul>\n<h3 dir=\"auto\">Product information details<\/h3>\n<ul dir=\"auto\">\n<li>Product name: Cashew Nuts, Shelled (White) Roasted Firewood April Binh Phuoc<\/li>\n<li>Weight: 160g<\/li>\n<li>Composition: 100% cashew nuts, white, type 1, Binh Phuoc<\/li>\n<li>Packing: plastic Box PET premium or zip bag, silver vacuum<\/li>\n<li>Shelf life: 12 months<\/li>\n<li>Place of origin: Binh Phuoc, Vietnam<\/li>\n<\/ul>\n<p dir=\"auto\"><strong>100% commitment from Seeds This April<\/strong> \u2714 Couple beautiful white WW, no bleaching chemicals \u2714 Roasted new every day, delivery of seeds the latest \u2714 return for free if not white, grain moisture, loss of brittle \u2714 nationwide Delivery \u2013 Freeship single from 500k (or according to the program)<\/p>\n<h3 dir=\"auto\"><span style=\"color: #000000;\"><a style=\"color: #000000;\" href=\"https:\/\/batubinhphuoc.vn\/en\/\">Deals extremely HOT this week only!<\/a><\/span><\/h3>\n<ul dir=\"auto\">\n<li>Buy 6 get 1 free<\/li>\n<li>Buy 10 get 2 + gift mini, cute<\/li>\n<li>Combo white 160g + cheese + silk sheath price, super bargain<\/li>\n<\/ul>\n<p dir=\"auto\">Cashew nuts white 160g always \u201csold\u201d first, weekends and Holidays. Book now lest all offline!<\/p>\n<p dir=\"auto\"><strong>Cashew nuts Peeled April 160g \u2013 beautiful White jewel-like, crispy, greasy \u2013 1 times is addicted all my life!<\/strong> \ud83c\udf1f\ud83e\udd5c<\/p>","protected":false},"excerpt":{"rendered":"<p>\ud83d\udd25 \u201c\u0110\u1ec9nh cao c\u1ee7a h\u1ea1t \u0111i\u1ec1u nh\u00e2n tr\u1eafng\u201d \u2013 H\u1ea1t \u0111i\u1ec1u b\u00f3c v\u1ecf B\u00e0 T\u01b0 160g \u0111ang khi\u1ebfn d\u00e2n s\u00e0nh \u0103n \u201c\u0111i\u00ean \u0111\u1ea3o\u201d v\u00ec h\u1ea1t tr\u1eafng mu\u1ed1t nh\u01b0 ng\u1ecdc, gi\u00f2n r\u1ee5m v\u00e0 b\u00e9o th\u01a1m t\u1ef1 nhi\u00ean kh\u00f4ng th\u1ec3 c\u01b0\u1ee1ng n\u1ed5i! V\u00ec sao h\u1ea1t \u0111i\u1ec1u b\u00f3c v\u1ecf B\u00e0 T\u01b0 B\u00ecnh Ph\u01b0\u1edbc 160g \u0111\u01b0\u1ee3c y\u00eau th\u00edch? 100%&#8230;<\/p>","protected":false},"featured_media":1310,"comment_status":"open","ping_status":"closed","template":"","meta":[],"product_brand":[],"product_cat":[40],"product_tag":[236,230,229,238,219,224,234,235,237,216,233,231,218,232],"class_list":{"0":"post-1217","1":"product","2":"type-product","3":"status-publish","4":"has-post-thumbnail","6":"product_cat-hat-dieu-vo-lua","7":"product_tag-hat-dieu-ba-tu-shopee-160g","8":"product_tag-hat-dieu-boc-vo-160g-ba-tu","9":"product_tag-hat-dieu-boc-vo-ba-tu-160g","10":"product_tag-hat-dieu-boc-vo-cao-cap-ba-tu","11":"product_tag-hat-dieu-boc-vo-khong-muoi-ba-tu","12":"product_tag-hat-dieu-boc-vo-qua-tet-2026","13":"product_tag-hat-dieu-boc-vo-rang-cui-truyen-thong","14":"product_tag-hat-dieu-nhan-trang-160g-gia-bao-nhieu","15":"product_tag-hat-dieu-nhan-trang-an-kieng-binh-phuoc","16":"product_tag-hat-dieu-nhan-trang-ba-tu-binh-phuoc","17":"product_tag-hat-dieu-nhan-trang-ba-tu-chinh-hang","18":"product_tag-hat-dieu-nhan-trang-ww-binh-phuoc","19":"product_tag-hat-dieu-rang-cui-nhan-trang-binh-phuoc","20":"product_tag-mua-hat-dieu-boc-vo-160g-ba-tu","22":"first","23":"instock","24":"sale","25":"shipping-taxable","26":"purchasable","27":"product-type-simple"},"yoast_head":"<!-- This site is optimized with the Yoast SEO plugin v26.4 - https:\/\/yoast.com\/wordpress\/plugins\/seo\/ -->\n<title>H\u1ea1t \u0111i\u1ec1u b\u00f3c v\u1ecf B\u00e0 T\u01b0 B\u00ecnh Ph\u01b0\u1edbc 160g \u2013 Nh\u00e2n tr\u1eafng rang c\u1ee7i - batubinhphuoc.vn<\/title>\n<meta name=\"description\" content=\"H\u1ea1t \u0111i\u1ec1u b\u00f3c v\u1ecf B\u00e0 T\u01b0 B\u00ecnh Ph\u01b0\u1edbc 160g rang c\u1ee7i th\u1ee7 c\u00f4ng, nh\u00e2n tr\u1eafng WW gi\u00f2n b\u00f9i t\u1ef1 nhi\u00ean, kh\u00f4ng mu\u1ed1i, kh\u00f4ng d\u1ea7u chi\u00ean. \u0110\u1eb7c s\u1ea3n B\u00ecnh Ph\u01b0\u1edbc.\" \/>\n<meta name=\"robots\" content=\"index, follow, max-snippet:-1, max-image-preview:large, max-video-preview:-1\" \/>\n<link rel=\"canonical\" href=\"https:\/\/batubinhphuoc.vn\/en\/shop\/hat-dieu-boc-vo-ba-tu-binh-phuoc-160g-gion-rum-beo-bui-tu-nhien-rang-cui-truyen-thong\/\" \/>\n<meta property=\"og:locale\" content=\"en_US\" \/>\n<meta property=\"og:type\" content=\"article\" \/>\n<meta property=\"og:title\" content=\"H\u1ea1t \u0111i\u1ec1u b\u00f3c v\u1ecf B\u00e0 T\u01b0 B\u00ecnh Ph\u01b0\u1edbc 160g \u2013 Nh\u00e2n tr\u1eafng rang c\u1ee7i - batubinhphuoc.vn\" \/>\n<meta property=\"og:description\" content=\"H\u1ea1t \u0111i\u1ec1u b\u00f3c v\u1ecf B\u00e0 T\u01b0 B\u00ecnh Ph\u01b0\u1edbc 160g rang c\u1ee7i th\u1ee7 c\u00f4ng, nh\u00e2n tr\u1eafng WW gi\u00f2n b\u00f9i t\u1ef1 nhi\u00ean, kh\u00f4ng mu\u1ed1i, kh\u00f4ng d\u1ea7u chi\u00ean. \u0110\u1eb7c s\u1ea3n B\u00ecnh Ph\u01b0\u1edbc.\" \/>\n<meta property=\"og:url\" content=\"https:\/\/batubinhphuoc.vn\/en\/shop\/hat-dieu-boc-vo-ba-tu-binh-phuoc-160g-gion-rum-beo-bui-tu-nhien-rang-cui-truyen-thong\/\" \/>\n<meta property=\"og:site_name\" content=\"batubinhphuoc.vn\" \/>\n<meta property=\"article:modified_time\" content=\"2026-03-12T05:15:25+00:00\" \/>\n<meta property=\"og:image\" content=\"https:\/\/batubinhphuoc.vn\/wp-content\/uploads\/2025\/11\/Hat-Dieu-Boc-Vo-Ba-Tu-Binh-Phuoc-160g-\u2013-Gion-rum-beo-bui-tu-nhien-\u2013-rang-cui-truyen-thong-1.webp\" \/>\n\t<meta property=\"og:image:width\" content=\"1024\" \/>\n\t<meta property=\"og:image:height\" content=\"1024\" \/>\n\t<meta property=\"og:image:type\" content=\"image\/webp\" \/>\n<meta name=\"twitter:card\" content=\"summary_large_image\" \/>\n<meta name=\"twitter:label1\" content=\"Est. reading time\" \/>\n\t<meta name=\"twitter:data1\" content=\"3 minutes\" \/>\n<script type=\"application\/ld+json\" class=\"yoast-schema-graph\">{\"@context\":\"https:\/\/schema.org\",\"@graph\":[{\"@type\":\"WebPage\",\"@id\":\"https:\/\/batubinhphuoc.vn\/shop\/hat-dieu-boc-vo-ba-tu-binh-phuoc-160g-gion-rum-beo-bui-tu-nhien-rang-cui-truyen-thong\/\",\"url\":\"https:\/\/batubinhphuoc.vn\/shop\/hat-dieu-boc-vo-ba-tu-binh-phuoc-160g-gion-rum-beo-bui-tu-nhien-rang-cui-truyen-thong\/\",\"name\":\"H\u1ea1t \u0111i\u1ec1u b\u00f3c v\u1ecf B\u00e0 T\u01b0 B\u00ecnh Ph\u01b0\u1edbc 160g \u2013 Nh\u00e2n tr\u1eafng rang c\u1ee7i - batubinhphuoc.vn\",\"isPartOf\":{\"@id\":\"https:\/\/batubinhphuoc.vn\/#website\"},\"primaryImageOfPage\":{\"@id\":\"https:\/\/batubinhphuoc.vn\/shop\/hat-dieu-boc-vo-ba-tu-binh-phuoc-160g-gion-rum-beo-bui-tu-nhien-rang-cui-truyen-thong\/#primaryimage\"},\"image\":{\"@id\":\"https:\/\/batubinhphuoc.vn\/shop\/hat-dieu-boc-vo-ba-tu-binh-phuoc-160g-gion-rum-beo-bui-tu-nhien-rang-cui-truyen-thong\/#primaryimage\"},\"thumbnailUrl\":\"https:\/\/batubinhphuoc.vn\/wp-content\/uploads\/2025\/11\/Hat-Dieu-Boc-Vo-Ba-Tu-Binh-Phuoc-160g-\u2013-Gion-rum-beo-bui-tu-nhien-\u2013-rang-cui-truyen-thong-1.webp\",\"datePublished\":\"2025-11-19T03:40:56+00:00\",\"dateModified\":\"2026-03-12T05:15:25+00:00\",\"description\":\"H\u1ea1t \u0111i\u1ec1u b\u00f3c v\u1ecf B\u00e0 T\u01b0 B\u00ecnh Ph\u01b0\u1edbc 160g rang c\u1ee7i th\u1ee7 c\u00f4ng, nh\u00e2n tr\u1eafng WW gi\u00f2n b\u00f9i t\u1ef1 nhi\u00ean, kh\u00f4ng mu\u1ed1i, kh\u00f4ng d\u1ea7u chi\u00ean. \u0110\u1eb7c s\u1ea3n B\u00ecnh Ph\u01b0\u1edbc.\",\"breadcrumb\":{\"@id\":\"https:\/\/batubinhphuoc.vn\/shop\/hat-dieu-boc-vo-ba-tu-binh-phuoc-160g-gion-rum-beo-bui-tu-nhien-rang-cui-truyen-thong\/#breadcrumb\"},\"inLanguage\":\"en-US\",\"potentialAction\":[{\"@type\":\"ReadAction\",\"target\":[\"https:\/\/batubinhphuoc.vn\/shop\/hat-dieu-boc-vo-ba-tu-binh-phuoc-160g-gion-rum-beo-bui-tu-nhien-rang-cui-truyen-thong\/\"]}]},{\"@type\":\"ImageObject\",\"inLanguage\":\"en-US\",\"@id\":\"https:\/\/batubinhphuoc.vn\/shop\/hat-dieu-boc-vo-ba-tu-binh-phuoc-160g-gion-rum-beo-bui-tu-nhien-rang-cui-truyen-thong\/#primaryimage\",\"url\":\"https:\/\/batubinhphuoc.vn\/wp-content\/uploads\/2025\/11\/Hat-Dieu-Boc-Vo-Ba-Tu-Binh-Phuoc-160g-\u2013-Gion-rum-beo-bui-tu-nhien-\u2013-rang-cui-truyen-thong-1.webp\",\"contentUrl\":\"https:\/\/batubinhphuoc.vn\/wp-content\/uploads\/2025\/11\/Hat-Dieu-Boc-Vo-Ba-Tu-Binh-Phuoc-160g-\u2013-Gion-rum-beo-bui-tu-nhien-\u2013-rang-cui-truyen-thong-1.webp\",\"width\":1024,\"height\":1024,\"caption\":\"h\u1ea1t \u0111i\u1ec1u b\u00f3c v\u1ecf\"},{\"@type\":\"BreadcrumbList\",\"@id\":\"https:\/\/batubinhphuoc.vn\/shop\/hat-dieu-boc-vo-ba-tu-binh-phuoc-160g-gion-rum-beo-bui-tu-nhien-rang-cui-truyen-thong\/#breadcrumb\",\"itemListElement\":[{\"@type\":\"ListItem\",\"position\":1,\"name\":\"Home\",\"item\":\"https:\/\/batubinhphuoc.vn\/\"},{\"@type\":\"ListItem\",\"position\":2,\"name\":\"S\u1ea3n ph\u1ea9m\",\"item\":\"https:\/\/batubinhphuoc.vn\/shop\/\"},{\"@type\":\"ListItem\",\"position\":3,\"name\":\"H\u1ea1t \u0111i\u1ec1u b\u00f3c v\u1ecf B\u00e0 T\u01b0 B\u00ecnh Ph\u01b0\u1edbc 160g \u2013 Nh\u00e2n tr\u1eafng rang c\u1ee7i\"}]},{\"@type\":\"WebSite\",\"@id\":\"https:\/\/batubinhphuoc.vn\/#website\",\"url\":\"https:\/\/batubinhphuoc.vn\/\",\"name\":\"batubinhphuoc.vn\",\"description\":\"\",\"potentialAction\":[{\"@type\":\"SearchAction\",\"target\":{\"@type\":\"EntryPoint\",\"urlTemplate\":\"https:\/\/batubinhphuoc.vn\/?s={search_term_string}\"},\"query-input\":{\"@type\":\"PropertyValueSpecification\",\"valueRequired\":true,\"valueName\":\"search_term_string\"}}],\"inLanguage\":\"en-US\"}]}<\/script>\n<!-- \/ Yoast SEO plugin. -->","yoast_head_json":{"title":"H\u1ea1t \u0111i\u1ec1u b\u00f3c v\u1ecf B\u00e0 T\u01b0 B\u00ecnh Ph\u01b0\u1edbc 160g \u2013 Nh\u00e2n tr\u1eafng rang c\u1ee7i - batubinhphuoc.vn","description":"H\u1ea1t \u0111i\u1ec1u b\u00f3c v\u1ecf B\u00e0 T\u01b0 B\u00ecnh Ph\u01b0\u1edbc 160g rang c\u1ee7i th\u1ee7 c\u00f4ng, nh\u00e2n tr\u1eafng WW gi\u00f2n b\u00f9i t\u1ef1 nhi\u00ean, kh\u00f4ng mu\u1ed1i, kh\u00f4ng d\u1ea7u chi\u00ean. \u0110\u1eb7c s\u1ea3n B\u00ecnh Ph\u01b0\u1edbc.","robots":{"index":"index","follow":"follow","max-snippet":"max-snippet:-1","max-image-preview":"max-image-preview:large","max-video-preview":"max-video-preview:-1"},"canonical":"https:\/\/batubinhphuoc.vn\/en\/shop\/hat-dieu-boc-vo-ba-tu-binh-phuoc-160g-gion-rum-beo-bui-tu-nhien-rang-cui-truyen-thong\/","og_locale":"en_US","og_type":"article","og_title":"H\u1ea1t \u0111i\u1ec1u b\u00f3c v\u1ecf B\u00e0 T\u01b0 B\u00ecnh Ph\u01b0\u1edbc 160g \u2013 Nh\u00e2n tr\u1eafng rang c\u1ee7i - batubinhphuoc.vn","og_description":"H\u1ea1t \u0111i\u1ec1u b\u00f3c v\u1ecf B\u00e0 T\u01b0 B\u00ecnh Ph\u01b0\u1edbc 160g rang c\u1ee7i th\u1ee7 c\u00f4ng, nh\u00e2n tr\u1eafng WW gi\u00f2n b\u00f9i t\u1ef1 nhi\u00ean, kh\u00f4ng mu\u1ed1i, kh\u00f4ng d\u1ea7u chi\u00ean. \u0110\u1eb7c s\u1ea3n B\u00ecnh Ph\u01b0\u1edbc.","og_url":"https:\/\/batubinhphuoc.vn\/en\/shop\/hat-dieu-boc-vo-ba-tu-binh-phuoc-160g-gion-rum-beo-bui-tu-nhien-rang-cui-truyen-thong\/","og_site_name":"batubinhphuoc.vn","article_modified_time":"2026-03-12T05:15:25+00:00","og_image":[{"width":1024,"height":1024,"url":"https:\/\/batubinhphuoc.vn\/wp-content\/uploads\/2025\/11\/Hat-Dieu-Boc-Vo-Ba-Tu-Binh-Phuoc-160g-\u2013-Gion-rum-beo-bui-tu-nhien-\u2013-rang-cui-truyen-thong-1.webp","type":"image\/webp"}],"twitter_card":"summary_large_image","twitter_misc":{"Est. reading time":"3 minutes"},"schema":{"@context":"https:\/\/schema.org","@graph":[{"@type":"WebPage","@id":"https:\/\/batubinhphuoc.vn\/shop\/hat-dieu-boc-vo-ba-tu-binh-phuoc-160g-gion-rum-beo-bui-tu-nhien-rang-cui-truyen-thong\/","url":"https:\/\/batubinhphuoc.vn\/shop\/hat-dieu-boc-vo-ba-tu-binh-phuoc-160g-gion-rum-beo-bui-tu-nhien-rang-cui-truyen-thong\/","name":"H\u1ea1t \u0111i\u1ec1u b\u00f3c v\u1ecf B\u00e0 T\u01b0 B\u00ecnh Ph\u01b0\u1edbc 160g \u2013 Nh\u00e2n tr\u1eafng rang c\u1ee7i - batubinhphuoc.vn","isPartOf":{"@id":"https:\/\/batubinhphuoc.vn\/#website"},"primaryImageOfPage":{"@id":"https:\/\/batubinhphuoc.vn\/shop\/hat-dieu-boc-vo-ba-tu-binh-phuoc-160g-gion-rum-beo-bui-tu-nhien-rang-cui-truyen-thong\/#primaryimage"},"image":{"@id":"https:\/\/batubinhphuoc.vn\/shop\/hat-dieu-boc-vo-ba-tu-binh-phuoc-160g-gion-rum-beo-bui-tu-nhien-rang-cui-truyen-thong\/#primaryimage"},"thumbnailUrl":"https:\/\/batubinhphuoc.vn\/wp-content\/uploads\/2025\/11\/Hat-Dieu-Boc-Vo-Ba-Tu-Binh-Phuoc-160g-\u2013-Gion-rum-beo-bui-tu-nhien-\u2013-rang-cui-truyen-thong-1.webp","datePublished":"2025-11-19T03:40:56+00:00","dateModified":"2026-03-12T05:15:25+00:00","description":"H\u1ea1t \u0111i\u1ec1u b\u00f3c v\u1ecf B\u00e0 T\u01b0 B\u00ecnh Ph\u01b0\u1edbc 160g rang c\u1ee7i th\u1ee7 c\u00f4ng, nh\u00e2n tr\u1eafng WW gi\u00f2n b\u00f9i t\u1ef1 nhi\u00ean, kh\u00f4ng mu\u1ed1i, kh\u00f4ng d\u1ea7u chi\u00ean. \u0110\u1eb7c s\u1ea3n B\u00ecnh Ph\u01b0\u1edbc.","breadcrumb":{"@id":"https:\/\/batubinhphuoc.vn\/shop\/hat-dieu-boc-vo-ba-tu-binh-phuoc-160g-gion-rum-beo-bui-tu-nhien-rang-cui-truyen-thong\/#breadcrumb"},"inLanguage":"en-US","potentialAction":[{"@type":"ReadAction","target":["https:\/\/batubinhphuoc.vn\/shop\/hat-dieu-boc-vo-ba-tu-binh-phuoc-160g-gion-rum-beo-bui-tu-nhien-rang-cui-truyen-thong\/"]}]},{"@type":"ImageObject","inLanguage":"en-US","@id":"https:\/\/batubinhphuoc.vn\/shop\/hat-dieu-boc-vo-ba-tu-binh-phuoc-160g-gion-rum-beo-bui-tu-nhien-rang-cui-truyen-thong\/#primaryimage","url":"https:\/\/batubinhphuoc.vn\/wp-content\/uploads\/2025\/11\/Hat-Dieu-Boc-Vo-Ba-Tu-Binh-Phuoc-160g-\u2013-Gion-rum-beo-bui-tu-nhien-\u2013-rang-cui-truyen-thong-1.webp","contentUrl":"https:\/\/batubinhphuoc.vn\/wp-content\/uploads\/2025\/11\/Hat-Dieu-Boc-Vo-Ba-Tu-Binh-Phuoc-160g-\u2013-Gion-rum-beo-bui-tu-nhien-\u2013-rang-cui-truyen-thong-1.webp","width":1024,"height":1024,"caption":"h\u1ea1t \u0111i\u1ec1u b\u00f3c v\u1ecf"},{"@type":"BreadcrumbList","@id":"https:\/\/batubinhphuoc.vn\/shop\/hat-dieu-boc-vo-ba-tu-binh-phuoc-160g-gion-rum-beo-bui-tu-nhien-rang-cui-truyen-thong\/#breadcrumb","itemListElement":[{"@type":"ListItem","position":1,"name":"Home","item":"https:\/\/batubinhphuoc.vn\/"},{"@type":"ListItem","position":2,"name":"S\u1ea3n ph\u1ea9m","item":"https:\/\/batubinhphuoc.vn\/shop\/"},{"@type":"ListItem","position":3,"name":"H\u1ea1t \u0111i\u1ec1u b\u00f3c v\u1ecf B\u00e0 T\u01b0 B\u00ecnh Ph\u01b0\u1edbc 160g \u2013 Nh\u00e2n tr\u1eafng rang c\u1ee7i"}]},{"@type":"WebSite","@id":"https:\/\/batubinhphuoc.vn\/#website","url":"https:\/\/batubinhphuoc.vn\/","name":"batubinhphuoc.vn","description":"","potentialAction":[{"@type":"SearchAction","target":{"@type":"EntryPoint","urlTemplate":"https:\/\/batubinhphuoc.vn\/?s={search_term_string}"},"query-input":{"@type":"PropertyValueSpecification","valueRequired":true,"valueName":"search_term_string"}}],"inLanguage":"en-US"}]}},"_links":{"self":[{"href":"https:\/\/batubinhphuoc.vn\/en\/wp-json\/wp\/v2\/product\/1217","targetHints":{"allow":["GET"]}}],"collection":[{"href":"https:\/\/batubinhphuoc.vn\/en\/wp-json\/wp\/v2\/product"}],"about":[{"href":"https:\/\/batubinhphuoc.vn\/en\/wp-json\/wp\/v2\/types\/product"}],"replies":[{"embeddable":true,"href":"https:\/\/batubinhphuoc.vn\/en\/wp-json\/wp\/v2\/comments?post=1217"}],"wp:featuredmedia":[{"embeddable":true,"href":"https:\/\/batubinhphuoc.vn\/en\/wp-json\/wp\/v2\/media\/1310"}],"wp:attachment":[{"href":"https:\/\/batubinhphuoc.vn\/en\/wp-json\/wp\/v2\/media?parent=1217"}],"wp:term":[{"taxonomy":"product_brand","embeddable":true,"href":"https:\/\/batubinhphuoc.vn\/en\/wp-json\/wp\/v2\/product_brand?post=1217"},{"taxonomy":"product_cat","embeddable":true,"href":"https:\/\/batubinhphuoc.vn\/en\/wp-json\/wp\/v2\/product_cat?post=1217"},{"taxonomy":"product_tag","embeddable":true,"href":"https:\/\/batubinhphuoc.vn\/en\/wp-json\/wp\/v2\/product_tag?post=1217"}],"curies":[{"name":"wp","href":"https:\/\/api.w.org\/{rel}","templated":true}]}}