{"id":1218,"date":"2025-11-19T10:47:43","date_gmt":"2025-11-19T03:47:43","guid":{"rendered":"https:\/\/batubinhphuoc.vn\/?post_type=product&#038;p=1218"},"modified":"2026-03-12T14:37:29","modified_gmt":"2026-03-12T07:37:29","slug":"hat-dieu-nguyen-vi-ba-tu-binh-phuoc-65g-gion-rum-beo-bui-tu-nhien-rang-cui-truyen-thong","status":"publish","type":"product","link":"https:\/\/batubinhphuoc.vn\/en\/shop\/hat-dieu-nguyen-vi-ba-tu-binh-phuoc-65g-gion-rum-beo-bui-tu-nhien-rang-cui-truyen-thong\/","title":{"rendered":"H\u1ea1t \u0110i\u1ec1u Nguy\u00ean V\u1ecb B\u00e0 T\u01b0 B\u00ecnh Ph\u01b0\u1edbc 65g \u2013 Gi\u00f2n B\u00f9i Rang C\u1ee7i"},"content":{"rendered":"<p class=\"QN2lPu\">\ud83c\udf30 <span style=\"color: #282828;\"><a style=\"color: #282828;\" href=\"https:\/\/www.facebook.com\/hatdieubatubinhphuoc.official\">H\u1ea1t \u0110i\u1ec1u Nguy\u00ean V\u1ecb B\u00e0 T\u01b0 B\u00ecnh Ph\u01b0\u1edbc 65g <\/a><\/span><\/p>\n<p class=\"QN2lPu\">Crispy fat, fleshy natural \u2013 Keep the whole flower roasted cashews wood traditional<\/p>\n<p class=\"QN2lPu\">From the red, volcanic soil, fertile of Binh Phuoc \u2013 county capital of Vietnam, brand April was preserved and developed recipes roasted wood craft over many generations. Each batch that is created not just snacks, but also the crystallization of enthusiastic, technical, and love with traditional craft.<\/p>\n<p class=\"QN2lPu\">Different industrial processes, modern, Cashew Nuts, Raw The April selected from the cashew nuts type 1 \u2013 big, solid, evenly, harvested from the farm of April and the ethnic S'tieng, Khmer nearby. After being separated shell craft, each bead that is exposed brittle under the sun natural, then roasted with firewood dry forests \u2013 for out cashews and golden and crispy, fat, fleshy and aromatic characteristics.<\/p>\n<p class=\"QN2lPu\">In particular, no marinating, no oil frying, no food coloring, no preservatives \u2013 only the original natural preserve wholeness through each stage meticulously handcrafted. That's what makes the difference of Seeds This April, compared with the products rang other industry.<\/p>\n<p class=\"QN2lPu\">A grain of that small, but contained energy source, healthy, rich in protein, unsaturated fats, magnesium, vitamin E \u2013 just good for your heart, just no longer supports memory and beautiful skin. Snacks perfect for office people, people practicing sports, or simply exquisite gift give health.<\/p>\n<h3 class=\"QN2lPu\"><span style=\"font-size: 75%;\">\ud83d\udce6 PRODUCT INFORMATION<\/span><\/h3>\n<p class=\"QN2lPu\">Kh\u1ed1i l\u01b0\u1ee3ng t\u1ecbnh: 65g<\/p>\n<p class=\"QN2lPu\">Packing: Box, plastic vacuum sealed bag or zip convenience<\/p>\n<p class=\"QN2lPu\">Shelf life: 12 months<\/p>\n<h3 class=\"QN2lPu\"><span style=\"font-size: 75%;\">\ud83c\udf3e INGREDIENTS<\/span><\/h3>\n<p class=\"QN2lPu\">100% cashew Nuts, white type 1 \u2013 no frying oil, no coloring, no preservatives.<\/p>\n<h3 class=\"QN2lPu\"><span style=\"font-size: 75%;\">\u2728 HIGHLIGHTS<\/span><\/h3>\n<p class=\"QN2lPu\">1\ufe0f\u20e3 Crispy fat, fleshy natural \u2013 the original difficult and, imbued with the quintessential red earth Binh Phuoc.<\/p>\n<p class=\"QN2lPu\">2\ufe0f\u20e3 Roasted wood crafts \u2013 keep the whole fragrance rustic, not burning oil as roasting industry.<\/p>\n<p class=\"QN2lPu\">3\ufe0f\u20e3 No salt, no marinating fit every taste and diet.<\/p>\n<p class=\"QN2lPu\">4\ufe0f\u20e3 Rich in nutrients \u2013 provides sustainable energy, good for cardiovascular health and brain.<\/p>\n<p class=\"QN2lPu\">5\ufe0f\u20e3 pack sealed \u2013 ensure a crisp, clean and sanitary safety of food.<\/p>\n<h3 class=\"QN2lPu\"><span style=\"font-size: 75%;\">\ud83d\udcaa NUTRITIONAL VALUE &amp; BENEFITS<\/span><\/h3>\n<p class=\"QN2lPu\">Provides natural energy, help no long without worrying about weight gain.<\/p>\n<p class=\"QN2lPu\">Rich in vitamin E and magnesium \u2013 supports beautiful skin, good for memory, cardiovascular and nervous system.<\/p>\n<p class=\"QN2lPu\">Suitable for vegetarians, people, office, workout, sport, student \u2013 student.<\/p>\n<p class=\"QN2lPu\">Is gifts health implications for relatives, partners, friends.<\/p>\n<h3 class=\"QN2lPu\"><span style=\"font-size: 75%;\">\ud83e\udd1d <span style=\"color: #000000;\"><a style=\"color: #000000;\" href=\"https:\/\/batubinhphuoc.vn\/en\/\">CAM K\u1ebeT T\u1eea H\u1ea0T \u0110I\u1ec0U B\u00c0 T\u01af<\/a><\/span><\/span><\/h3>\n<p class=\"QN2lPu\">100% cashew nuts type 1, Binh Phuoc, roasted handmade wood do not mix.<\/p>\n<p class=\"QN2lPu\">No preservatives \u2013 No artificial flavors \u2013 No food coloring.<\/p>\n<p class=\"QN2lPu\">Return for free if the product is defective or does not reach the quality commitment.<\/p>\n<h3 class=\"QN2lPu\"><span style=\"font-size: 75%;\">\ud83c\udf7d\ufe0f HOW TO USE &amp; PRESERVE<\/span><\/h3>\n<p class=\"QN2lPu\">Eat, live, used as a topping for salad, yogurt, cakes, or food processing.<\/p>\n<p class=\"QN2lPu\">Stored in dry, cool, avoid direct sunlight.<\/p>","protected":false},"excerpt":{"rendered":"<p>\ud83c\udf30 H\u1ea1t \u0110i\u1ec1u Nguy\u00ean V\u1ecb B\u00e0 T\u01b0 B\u00ecnh Ph\u01b0\u1edbc 65g Gi\u00f2n r\u1ee5m, b\u00e9o b\u00f9i t\u1ef1 nhi\u00ean \u2013 Gi\u1eef tr\u1ecdn tinh hoa h\u1ea1t \u0111i\u1ec1u rang c\u1ee7i truy\u1ec1n th\u1ed1ng T\u1eeb v\u00f9ng \u0111\u1ea5t \u0111\u1ecf Bazan m\u00e0u m\u1ee1 c\u1ee7a B\u00ecnh Ph\u01b0\u1edbc \u2013 th\u1ee7 ph\u1ee7 h\u1ea1t \u0111i\u1ec1u Vi\u1ec7t Nam, th\u01b0\u01a1ng hi\u1ec7u B\u00e0 T\u01b0 \u0111\u00e3 g\u00ecn gi\u1eef v\u00e0 ph\u00e1t tri\u1ec3n b\u00ed&#8230;<\/p>","protected":false},"featured_media":1319,"comment_status":"open","ping_status":"closed","template":"","meta":[],"product_brand":[],"product_cat":[41],"product_tag":[247,250,243,240,246,239,248,251,242,244,212,241,249,245],"class_list":{"0":"post-1218","1":"product","2":"type-product","3":"status-publish","4":"has-post-thumbnail","6":"product_cat-hat-dieu-nguyen-vi","7":"product_tag-hat-dieu-ba-tu-goi-65g-gia-bao-nhieu","8":"product_tag-hat-dieu-ba-tu-shopee-65g","9":"product_tag-hat-dieu-khong-muoi-ba-tu-65g","10":"product_tag-hat-dieu-nguyen-vi-65g-binh-phuoc","11":"product_tag-hat-dieu-nguyen-vi-an-kieng-65g","12":"product_tag-hat-dieu-nguyen-vi-ba-tu-65g","13":"product_tag-hat-dieu-nguyen-vi-binh-phuoc-chinh-goc","14":"product_tag-hat-dieu-nguyen-vi-bo-tui","15":"product_tag-hat-dieu-nguyen-vi-goi-nho","16":"product_tag-hat-dieu-nguyen-vi-mang-di-lam","17":"product_tag-hat-dieu-nguyen-vi-qua-tet-2026","18":"product_tag-hat-dieu-rang-cui-ba-tu-65g","19":"product_tag-hat-dieu-rang-cui-goi-nho","20":"product_tag-mua-hat-dieu-nguyen-vi-65g-ba-tu","22":"first","23":"instock","24":"sale","25":"shipping-taxable","26":"purchasable","27":"product-type-simple"},"yoast_head":"<!-- This site is optimized with the Yoast SEO plugin v26.4 - https:\/\/yoast.com\/wordpress\/plugins\/seo\/ -->\n<title>H\u1ea1t \u0110i\u1ec1u Nguy\u00ean V\u1ecb B\u00e0 T\u01b0 B\u00ecnh Ph\u01b0\u1edbc 65g \u2013 Gi\u00f2n B\u00f9i Rang C\u1ee7i - batubinhphuoc.vn<\/title>\n<meta name=\"description\" content=\"H\u1ea1t \u0111i\u1ec1u nguy\u00ean v\u1ecb B\u00e0 T\u01b0 B\u00ecnh Ph\u01b0\u1edbc rang c\u1ee7i th\u1ee7 c\u00f4ng, gi\u00f2n b\u00f9i t\u1ef1 nhi\u00ean, kh\u00f4ng d\u1ea7u chi\u00ean, kh\u00f4ng ch\u1ea5t b\u1ea3o qu\u1ea3n. \u0110\u1eb7c s\u1ea3n B\u00ecnh Ph\u01b0\u1edbc gi\u00e0u dinh d\u01b0\u1ee1ng.\" \/>\n<meta name=\"robots\" content=\"index, follow, max-snippet:-1, max-image-preview:large, max-video-preview:-1\" \/>\n<link rel=\"canonical\" href=\"https:\/\/batubinhphuoc.vn\/en\/shop\/hat-dieu-nguyen-vi-ba-tu-binh-phuoc-65g-gion-rum-beo-bui-tu-nhien-rang-cui-truyen-thong\/\" \/>\n<meta property=\"og:locale\" content=\"en_US\" \/>\n<meta property=\"og:type\" content=\"article\" \/>\n<meta property=\"og:title\" content=\"H\u1ea1t \u0110i\u1ec1u Nguy\u00ean V\u1ecb B\u00e0 T\u01b0 B\u00ecnh Ph\u01b0\u1edbc 65g \u2013 Gi\u00f2n B\u00f9i Rang C\u1ee7i - batubinhphuoc.vn\" \/>\n<meta property=\"og:description\" content=\"H\u1ea1t \u0111i\u1ec1u nguy\u00ean v\u1ecb B\u00e0 T\u01b0 B\u00ecnh Ph\u01b0\u1edbc rang c\u1ee7i th\u1ee7 c\u00f4ng, gi\u00f2n b\u00f9i t\u1ef1 nhi\u00ean, kh\u00f4ng d\u1ea7u chi\u00ean, kh\u00f4ng ch\u1ea5t b\u1ea3o qu\u1ea3n. \u0110\u1eb7c s\u1ea3n B\u00ecnh Ph\u01b0\u1edbc gi\u00e0u dinh d\u01b0\u1ee1ng.\" \/>\n<meta property=\"og:url\" content=\"https:\/\/batubinhphuoc.vn\/en\/shop\/hat-dieu-nguyen-vi-ba-tu-binh-phuoc-65g-gion-rum-beo-bui-tu-nhien-rang-cui-truyen-thong\/\" \/>\n<meta property=\"og:site_name\" content=\"batubinhphuoc.vn\" \/>\n<meta property=\"article:modified_time\" content=\"2026-03-12T07:37:29+00:00\" \/>\n<meta property=\"og:image\" content=\"https:\/\/batubinhphuoc.vn\/wp-content\/uploads\/2025\/11\/Hat-Dieu-Nguyen-Vi-Ba-Tu-Binh-Phuoc-65g-\u2013-Gion-rum-beo-bui-tu-nhien-\u2013-rang-cui-truyen-thong-1.webp\" \/>\n\t<meta property=\"og:image:width\" content=\"1024\" \/>\n\t<meta property=\"og:image:height\" content=\"1024\" \/>\n\t<meta property=\"og:image:type\" content=\"image\/webp\" \/>\n<meta name=\"twitter:card\" content=\"summary_large_image\" \/>\n<meta name=\"twitter:label1\" content=\"Est. reading time\" \/>\n\t<meta name=\"twitter:data1\" content=\"4 minutes\" \/>\n<script type=\"application\/ld+json\" class=\"yoast-schema-graph\">{\"@context\":\"https:\/\/schema.org\",\"@graph\":[{\"@type\":\"WebPage\",\"@id\":\"https:\/\/batubinhphuoc.vn\/shop\/hat-dieu-nguyen-vi-ba-tu-binh-phuoc-65g-gion-rum-beo-bui-tu-nhien-rang-cui-truyen-thong\/\",\"url\":\"https:\/\/batubinhphuoc.vn\/shop\/hat-dieu-nguyen-vi-ba-tu-binh-phuoc-65g-gion-rum-beo-bui-tu-nhien-rang-cui-truyen-thong\/\",\"name\":\"H\u1ea1t \u0110i\u1ec1u Nguy\u00ean V\u1ecb B\u00e0 T\u01b0 B\u00ecnh Ph\u01b0\u1edbc 65g \u2013 Gi\u00f2n B\u00f9i Rang C\u1ee7i - batubinhphuoc.vn\",\"isPartOf\":{\"@id\":\"https:\/\/batubinhphuoc.vn\/#website\"},\"primaryImageOfPage\":{\"@id\":\"https:\/\/batubinhphuoc.vn\/shop\/hat-dieu-nguyen-vi-ba-tu-binh-phuoc-65g-gion-rum-beo-bui-tu-nhien-rang-cui-truyen-thong\/#primaryimage\"},\"image\":{\"@id\":\"https:\/\/batubinhphuoc.vn\/shop\/hat-dieu-nguyen-vi-ba-tu-binh-phuoc-65g-gion-rum-beo-bui-tu-nhien-rang-cui-truyen-thong\/#primaryimage\"},\"thumbnailUrl\":\"https:\/\/batubinhphuoc.vn\/wp-content\/uploads\/2025\/11\/Hat-Dieu-Nguyen-Vi-Ba-Tu-Binh-Phuoc-65g-\u2013-Gion-rum-beo-bui-tu-nhien-\u2013-rang-cui-truyen-thong-1.webp\",\"datePublished\":\"2025-11-19T03:47:43+00:00\",\"dateModified\":\"2026-03-12T07:37:29+00:00\",\"description\":\"H\u1ea1t \u0111i\u1ec1u nguy\u00ean v\u1ecb B\u00e0 T\u01b0 B\u00ecnh Ph\u01b0\u1edbc rang c\u1ee7i th\u1ee7 c\u00f4ng, gi\u00f2n b\u00f9i t\u1ef1 nhi\u00ean, kh\u00f4ng d\u1ea7u chi\u00ean, kh\u00f4ng ch\u1ea5t b\u1ea3o qu\u1ea3n. \u0110\u1eb7c s\u1ea3n B\u00ecnh Ph\u01b0\u1edbc gi\u00e0u dinh d\u01b0\u1ee1ng.\",\"breadcrumb\":{\"@id\":\"https:\/\/batubinhphuoc.vn\/shop\/hat-dieu-nguyen-vi-ba-tu-binh-phuoc-65g-gion-rum-beo-bui-tu-nhien-rang-cui-truyen-thong\/#breadcrumb\"},\"inLanguage\":\"en-US\",\"potentialAction\":[{\"@type\":\"ReadAction\",\"target\":[\"https:\/\/batubinhphuoc.vn\/shop\/hat-dieu-nguyen-vi-ba-tu-binh-phuoc-65g-gion-rum-beo-bui-tu-nhien-rang-cui-truyen-thong\/\"]}]},{\"@type\":\"ImageObject\",\"inLanguage\":\"en-US\",\"@id\":\"https:\/\/batubinhphuoc.vn\/shop\/hat-dieu-nguyen-vi-ba-tu-binh-phuoc-65g-gion-rum-beo-bui-tu-nhien-rang-cui-truyen-thong\/#primaryimage\",\"url\":\"https:\/\/batubinhphuoc.vn\/wp-content\/uploads\/2025\/11\/Hat-Dieu-Nguyen-Vi-Ba-Tu-Binh-Phuoc-65g-\u2013-Gion-rum-beo-bui-tu-nhien-\u2013-rang-cui-truyen-thong-1.webp\",\"contentUrl\":\"https:\/\/batubinhphuoc.vn\/wp-content\/uploads\/2025\/11\/Hat-Dieu-Nguyen-Vi-Ba-Tu-Binh-Phuoc-65g-\u2013-Gion-rum-beo-bui-tu-nhien-\u2013-rang-cui-truyen-thong-1.webp\",\"width\":1024,\"height\":1024,\"caption\":\"nguy\u00ean v\u1ecb\"},{\"@type\":\"BreadcrumbList\",\"@id\":\"https:\/\/batubinhphuoc.vn\/shop\/hat-dieu-nguyen-vi-ba-tu-binh-phuoc-65g-gion-rum-beo-bui-tu-nhien-rang-cui-truyen-thong\/#breadcrumb\",\"itemListElement\":[{\"@type\":\"ListItem\",\"position\":1,\"name\":\"Home\",\"item\":\"https:\/\/batubinhphuoc.vn\/\"},{\"@type\":\"ListItem\",\"position\":2,\"name\":\"S\u1ea3n ph\u1ea9m\",\"item\":\"https:\/\/batubinhphuoc.vn\/shop\/\"},{\"@type\":\"ListItem\",\"position\":3,\"name\":\"H\u1ea1t \u0110i\u1ec1u Nguy\u00ean V\u1ecb B\u00e0 T\u01b0 B\u00ecnh Ph\u01b0\u1edbc 65g \u2013 Gi\u00f2n B\u00f9i Rang C\u1ee7i\"}]},{\"@type\":\"WebSite\",\"@id\":\"https:\/\/batubinhphuoc.vn\/#website\",\"url\":\"https:\/\/batubinhphuoc.vn\/\",\"name\":\"batubinhphuoc.vn\",\"description\":\"\",\"potentialAction\":[{\"@type\":\"SearchAction\",\"target\":{\"@type\":\"EntryPoint\",\"urlTemplate\":\"https:\/\/batubinhphuoc.vn\/?s={search_term_string}\"},\"query-input\":{\"@type\":\"PropertyValueSpecification\",\"valueRequired\":true,\"valueName\":\"search_term_string\"}}],\"inLanguage\":\"en-US\"}]}<\/script>\n<!-- \/ Yoast SEO plugin. -->","yoast_head_json":{"title":"H\u1ea1t \u0110i\u1ec1u Nguy\u00ean V\u1ecb B\u00e0 T\u01b0 B\u00ecnh Ph\u01b0\u1edbc 65g \u2013 Gi\u00f2n B\u00f9i Rang C\u1ee7i - batubinhphuoc.vn","description":"H\u1ea1t \u0111i\u1ec1u nguy\u00ean v\u1ecb B\u00e0 T\u01b0 B\u00ecnh Ph\u01b0\u1edbc rang c\u1ee7i th\u1ee7 c\u00f4ng, gi\u00f2n b\u00f9i t\u1ef1 nhi\u00ean, kh\u00f4ng d\u1ea7u chi\u00ean, kh\u00f4ng ch\u1ea5t b\u1ea3o qu\u1ea3n. \u0110\u1eb7c s\u1ea3n B\u00ecnh Ph\u01b0\u1edbc gi\u00e0u dinh d\u01b0\u1ee1ng.","robots":{"index":"index","follow":"follow","max-snippet":"max-snippet:-1","max-image-preview":"max-image-preview:large","max-video-preview":"max-video-preview:-1"},"canonical":"https:\/\/batubinhphuoc.vn\/en\/shop\/hat-dieu-nguyen-vi-ba-tu-binh-phuoc-65g-gion-rum-beo-bui-tu-nhien-rang-cui-truyen-thong\/","og_locale":"en_US","og_type":"article","og_title":"H\u1ea1t \u0110i\u1ec1u Nguy\u00ean V\u1ecb B\u00e0 T\u01b0 B\u00ecnh Ph\u01b0\u1edbc 65g \u2013 Gi\u00f2n B\u00f9i Rang C\u1ee7i - batubinhphuoc.vn","og_description":"H\u1ea1t \u0111i\u1ec1u nguy\u00ean v\u1ecb B\u00e0 T\u01b0 B\u00ecnh Ph\u01b0\u1edbc rang c\u1ee7i th\u1ee7 c\u00f4ng, gi\u00f2n b\u00f9i t\u1ef1 nhi\u00ean, kh\u00f4ng d\u1ea7u chi\u00ean, kh\u00f4ng ch\u1ea5t b\u1ea3o qu\u1ea3n. \u0110\u1eb7c s\u1ea3n B\u00ecnh Ph\u01b0\u1edbc gi\u00e0u dinh d\u01b0\u1ee1ng.","og_url":"https:\/\/batubinhphuoc.vn\/en\/shop\/hat-dieu-nguyen-vi-ba-tu-binh-phuoc-65g-gion-rum-beo-bui-tu-nhien-rang-cui-truyen-thong\/","og_site_name":"batubinhphuoc.vn","article_modified_time":"2026-03-12T07:37:29+00:00","og_image":[{"width":1024,"height":1024,"url":"https:\/\/batubinhphuoc.vn\/wp-content\/uploads\/2025\/11\/Hat-Dieu-Nguyen-Vi-Ba-Tu-Binh-Phuoc-65g-\u2013-Gion-rum-beo-bui-tu-nhien-\u2013-rang-cui-truyen-thong-1.webp","type":"image\/webp"}],"twitter_card":"summary_large_image","twitter_misc":{"Est. reading time":"4 minutes"},"schema":{"@context":"https:\/\/schema.org","@graph":[{"@type":"WebPage","@id":"https:\/\/batubinhphuoc.vn\/shop\/hat-dieu-nguyen-vi-ba-tu-binh-phuoc-65g-gion-rum-beo-bui-tu-nhien-rang-cui-truyen-thong\/","url":"https:\/\/batubinhphuoc.vn\/shop\/hat-dieu-nguyen-vi-ba-tu-binh-phuoc-65g-gion-rum-beo-bui-tu-nhien-rang-cui-truyen-thong\/","name":"H\u1ea1t \u0110i\u1ec1u Nguy\u00ean V\u1ecb B\u00e0 T\u01b0 B\u00ecnh Ph\u01b0\u1edbc 65g \u2013 Gi\u00f2n B\u00f9i Rang C\u1ee7i - batubinhphuoc.vn","isPartOf":{"@id":"https:\/\/batubinhphuoc.vn\/#website"},"primaryImageOfPage":{"@id":"https:\/\/batubinhphuoc.vn\/shop\/hat-dieu-nguyen-vi-ba-tu-binh-phuoc-65g-gion-rum-beo-bui-tu-nhien-rang-cui-truyen-thong\/#primaryimage"},"image":{"@id":"https:\/\/batubinhphuoc.vn\/shop\/hat-dieu-nguyen-vi-ba-tu-binh-phuoc-65g-gion-rum-beo-bui-tu-nhien-rang-cui-truyen-thong\/#primaryimage"},"thumbnailUrl":"https:\/\/batubinhphuoc.vn\/wp-content\/uploads\/2025\/11\/Hat-Dieu-Nguyen-Vi-Ba-Tu-Binh-Phuoc-65g-\u2013-Gion-rum-beo-bui-tu-nhien-\u2013-rang-cui-truyen-thong-1.webp","datePublished":"2025-11-19T03:47:43+00:00","dateModified":"2026-03-12T07:37:29+00:00","description":"H\u1ea1t \u0111i\u1ec1u nguy\u00ean v\u1ecb B\u00e0 T\u01b0 B\u00ecnh Ph\u01b0\u1edbc rang c\u1ee7i th\u1ee7 c\u00f4ng, gi\u00f2n b\u00f9i t\u1ef1 nhi\u00ean, kh\u00f4ng d\u1ea7u chi\u00ean, kh\u00f4ng ch\u1ea5t b\u1ea3o qu\u1ea3n. \u0110\u1eb7c s\u1ea3n B\u00ecnh Ph\u01b0\u1edbc gi\u00e0u dinh d\u01b0\u1ee1ng.","breadcrumb":{"@id":"https:\/\/batubinhphuoc.vn\/shop\/hat-dieu-nguyen-vi-ba-tu-binh-phuoc-65g-gion-rum-beo-bui-tu-nhien-rang-cui-truyen-thong\/#breadcrumb"},"inLanguage":"en-US","potentialAction":[{"@type":"ReadAction","target":["https:\/\/batubinhphuoc.vn\/shop\/hat-dieu-nguyen-vi-ba-tu-binh-phuoc-65g-gion-rum-beo-bui-tu-nhien-rang-cui-truyen-thong\/"]}]},{"@type":"ImageObject","inLanguage":"en-US","@id":"https:\/\/batubinhphuoc.vn\/shop\/hat-dieu-nguyen-vi-ba-tu-binh-phuoc-65g-gion-rum-beo-bui-tu-nhien-rang-cui-truyen-thong\/#primaryimage","url":"https:\/\/batubinhphuoc.vn\/wp-content\/uploads\/2025\/11\/Hat-Dieu-Nguyen-Vi-Ba-Tu-Binh-Phuoc-65g-\u2013-Gion-rum-beo-bui-tu-nhien-\u2013-rang-cui-truyen-thong-1.webp","contentUrl":"https:\/\/batubinhphuoc.vn\/wp-content\/uploads\/2025\/11\/Hat-Dieu-Nguyen-Vi-Ba-Tu-Binh-Phuoc-65g-\u2013-Gion-rum-beo-bui-tu-nhien-\u2013-rang-cui-truyen-thong-1.webp","width":1024,"height":1024,"caption":"nguy\u00ean v\u1ecb"},{"@type":"BreadcrumbList","@id":"https:\/\/batubinhphuoc.vn\/shop\/hat-dieu-nguyen-vi-ba-tu-binh-phuoc-65g-gion-rum-beo-bui-tu-nhien-rang-cui-truyen-thong\/#breadcrumb","itemListElement":[{"@type":"ListItem","position":1,"name":"Home","item":"https:\/\/batubinhphuoc.vn\/"},{"@type":"ListItem","position":2,"name":"S\u1ea3n ph\u1ea9m","item":"https:\/\/batubinhphuoc.vn\/shop\/"},{"@type":"ListItem","position":3,"name":"H\u1ea1t \u0110i\u1ec1u Nguy\u00ean V\u1ecb B\u00e0 T\u01b0 B\u00ecnh Ph\u01b0\u1edbc 65g \u2013 Gi\u00f2n B\u00f9i Rang C\u1ee7i"}]},{"@type":"WebSite","@id":"https:\/\/batubinhphuoc.vn\/#website","url":"https:\/\/batubinhphuoc.vn\/","name":"batubinhphuoc.vn","description":"","potentialAction":[{"@type":"SearchAction","target":{"@type":"EntryPoint","urlTemplate":"https:\/\/batubinhphuoc.vn\/?s={search_term_string}"},"query-input":{"@type":"PropertyValueSpecification","valueRequired":true,"valueName":"search_term_string"}}],"inLanguage":"en-US"}]}},"_links":{"self":[{"href":"https:\/\/batubinhphuoc.vn\/en\/wp-json\/wp\/v2\/product\/1218","targetHints":{"allow":["GET"]}}],"collection":[{"href":"https:\/\/batubinhphuoc.vn\/en\/wp-json\/wp\/v2\/product"}],"about":[{"href":"https:\/\/batubinhphuoc.vn\/en\/wp-json\/wp\/v2\/types\/product"}],"replies":[{"embeddable":true,"href":"https:\/\/batubinhphuoc.vn\/en\/wp-json\/wp\/v2\/comments?post=1218"}],"wp:featuredmedia":[{"embeddable":true,"href":"https:\/\/batubinhphuoc.vn\/en\/wp-json\/wp\/v2\/media\/1319"}],"wp:attachment":[{"href":"https:\/\/batubinhphuoc.vn\/en\/wp-json\/wp\/v2\/media?parent=1218"}],"wp:term":[{"taxonomy":"product_brand","embeddable":true,"href":"https:\/\/batubinhphuoc.vn\/en\/wp-json\/wp\/v2\/product_brand?post=1218"},{"taxonomy":"product_cat","embeddable":true,"href":"https:\/\/batubinhphuoc.vn\/en\/wp-json\/wp\/v2\/product_cat?post=1218"},{"taxonomy":"product_tag","embeddable":true,"href":"https:\/\/batubinhphuoc.vn\/en\/wp-json\/wp\/v2\/product_tag?post=1218"}],"curies":[{"name":"wp","href":"https:\/\/api.w.org\/{rel}","templated":true}]}}