{"id":1219,"date":"2025-11-19T10:50:38","date_gmt":"2025-11-19T03:50:38","guid":{"rendered":"https:\/\/batubinhphuoc.vn\/?post_type=product&#038;p=1219"},"modified":"2026-03-12T14:36:37","modified_gmt":"2026-03-12T07:36:37","slug":"hat-dieu-vo-lua-ba-tu-binh-phuoc-30g-gion-bui-tu-nhien-dam-da-huong-rang-cui","status":"publish","type":"product","link":"https:\/\/batubinhphuoc.vn\/en\/shop\/hat-dieu-vo-lua-ba-tu-binh-phuoc-30g-gion-bui-tu-nhien-dam-da-huong-rang-cui\/","title":{"rendered":"H\u1ea1t \u0110i\u1ec1u V\u1ecf L\u1ee5a B\u00e0 T\u01b0 B\u00ecnh Ph\u01b0\u1edbc 30g \u2013 Gi\u00f2n B\u00f9i Rang C\u1ee7i"},"content":{"rendered":"<p class=\"QN2lPu\">\ud83d\uded2 <span style=\"color: #000000;\"><a style=\"color: #000000;\" href=\"https:\/\/www.facebook.com\/hatdieubatubinhphuoc.official\">Cashew nut Shell Silk April Binh Phuoc 30g \u2013 Crispy Bui Natural, Bold Flavor of Roasted Wood<\/a><\/span><\/p>\n<p class=\"QN2lPu\">Between countless snacks modern, Cashew Nut Shell, Silk, April still keep its attractiveness rustic of the early days \u2013 the pineapple bui bold, waft incense smoke firewood, the crust brown silk light surrounded cashews and golden and crispy.<\/p>\n<p class=\"QN2lPu\">From the red, volcanic soil, Binh Phuoc \u2013 county capital of Vietnam, April kept the secret to roasting the wood craft over many generations.<\/p>\n<p class=\"QN2lPu\">Each batch of seeds are roasted slowly by firewood dry forest, all to keep the brittle nature \u2013 no burning, no oil frying \u2013 for the cashews dark yellow, greasy \u2013 bui bold \u2013 aromatic incense wood.<\/p>\n<p class=\"QN2lPu\">Not only is the snack of wildlife, each bead, this is the quintessence of traditional craft contains full dedication of farmers in Binh Phuoc and workmanship of the artisan roasted firewood skilled.<\/p>\n<h2 class=\"QN2lPu\"><span style=\"font-size: 75%;\">\ud83c\udf3e INGREDIENTS<\/span><\/h2>\n<p class=\"QN2lPu\">100% cashew nuts type 1 keep the crust, natural silk, roasted handmade firewood.<\/p>\n<p class=\"QN2lPu\">Not marinated \u2013 No oil frying \u2013 No food coloring, No preservatives.<\/p>\n<h2 class=\"QN2lPu\"><span style=\"font-size: 75%;\">\u2728 HIGHLIGHTS<\/span><\/h2>\n<p class=\"QN2lPu\">1\ufe0f\u20e3 cashew Nuts type 1, Binh Phuoc, tits, round, firm, crispy.<\/p>\n<p class=\"QN2lPu\">2\ufe0f\u20e3 Roasted wood crafts \u2013 keep the whole fragrance rustic, bold traditional.<\/p>\n<p class=\"QN2lPu\">3\ufe0f\u20e3 fleshy characterized from silk mantle, anal, slight bitterness sounds of nature.<\/p>\n<p class=\"QN2lPu\">4\ufe0f\u20e3 No preservatives, safe for all ages.<\/p>\n<p class=\"QN2lPu\">5\ufe0f\u20e3 Box 200g \u2013 Bag 65g \u2013 Bag, 30g add user \u2013 snacking, gifts and donations are luxurious and healthy.<\/p>\n<h2 class=\"QN2lPu\"><span style=\"font-size: 75%;\">\ud83d\udcaa NUTRITIONAL VALUE<\/span><\/h2>\n<p class=\"QN2lPu\">Rich in unsaturated fats, protein, magnesium, vitamin E \u2013 good for your heart &amp; brain.<\/p>\n<p class=\"QN2lPu\">Provide natural energy without causing sick or gain weight.<\/p>\n<p class=\"QN2lPu\">Suitable for vegetarians, office people, students.<\/p>\n<h2 class=\"QN2lPu\"><span style=\"font-size: 75%;\">\ud83d\udce6 PRODUCT INFORMATION<\/span><\/h2>\n<p class=\"QN2lPu\">Net weight: 30g<\/p>\n<p class=\"QN2lPu\">Specification: zip Pocket convenience<\/p>\n<p class=\"QN2lPu\">Shelf life: 12 months from date of manufacture<\/p>\n<p class=\"QN2lPu\">Storage: store in dry, cool, avoid direct sunlight<\/p>\n<h2 class=\"QN2lPu\"><span style=\"font-size: 75%;\">\ud83e\udd1d <span style=\"color: #000000;\"><a style=\"color: #000000;\" href=\"https:\/\/batubinhphuoc.vn\/en\/\">CAM K\u1ebeT T\u1eea H\u1ea0T \u0110I\u1ec0U B\u00c0 T\u01af<\/a><\/span><\/span><\/h2>\n<p class=\"QN2lPu\">\u2714 100% cashew nuts type 1 Binh Phuoc original<\/p>\n<p class=\"QN2lPu\">\u2714 Rang wood craft \u2013 no mixing \u2013 no artificial flavorings<\/p>\n<p class=\"QN2lPu\">\u2714 Return for free, if products do not meet quality commitment<\/p>\n<p class=\"QN2lPu\">\ud83d\udcac HOW TO USE<\/p>\n<p class=\"QN2lPu\">Enjoy direct, or use the same tea, coffee, yogurt, salad, or topping cakes.<\/p>\n<p class=\"QN2lPu\">\ud83d\udc49 A snack refined \u2013 rustic \u2013 rounded taste, every day.<\/p>","protected":false},"excerpt":{"rendered":"<p>\ud83d\uded2 H\u1ea1t \u0110i\u1ec1u V\u1ecf L\u1ee5a B\u00e0 T\u01b0 B\u00ecnh Ph\u01b0\u1edbc 30g \u2013 Gi\u00f2n B\u00f9i T\u1ef1 Nhi\u00ean, \u0110\u1eadm \u0110\u00e0 H\u01b0\u01a1ng Rang C\u1ee7i Gi\u1eefa v\u00f4 v\u00e0n m\u00f3n \u0103n v\u1eb7t hi\u1ec7n \u0111\u1ea1i, H\u1ea1t \u0110i\u1ec1u V\u1ecf L\u1ee5a B\u00e0 T\u01b0 v\u1eabn gi\u1eef nguy\u00ean s\u1ee9c h\u1ea5p d\u1eabn m\u1ed9c m\u1ea1c c\u1ee7a nh\u1eefng ng\u00e0y \u0111\u1ea7u \u2013 v\u1ecb th\u01a1m b\u00f9i \u0111\u1eadm \u0111\u00e0, thoang tho\u1ea3ng h\u01b0\u01a1ng&#8230;<\/p>","protected":false},"featured_media":1328,"comment_status":"open","ping_status":"closed","template":"","meta":[],"product_brand":[],"product_cat":[40],"product_tag":[258,259,252,253,257,185,256,32,260,261,175,255,254,166],"class_list":{"0":"post-1219","1":"product","2":"type-product","3":"status-publish","4":"has-post-thumbnail","6":"product_cat-hat-dieu-vo-lua","7":"product_tag-hat-dieu-ba-tu-shopee-vo-lua","8":"product_tag-hat-dieu-rang-cui-giu-vo-lua","9":"product_tag-hat-dieu-rang-cui-vo-lua-ba-tu","10":"product_tag-hat-dieu-vo-lua-200g-ba-tu","11":"product_tag-hat-dieu-vo-lua-an-vat-tuoi-tho","12":"product_tag-hat-dieu-vo-lua-ba-tu","13":"product_tag-hat-dieu-vo-lua-ba-tu-65g-30g","14":"product_tag-hat-dieu-vo-lua-binh-phuoc-chinh-goc","15":"product_tag-hat-dieu-vo-lua-binh-phuoc-gia-bao-nhieu","16":"product_tag-hat-dieu-vo-lua-cao-cap-ba-tu","17":"product_tag-hat-dieu-vo-lua-khong-muoi-ba-tu","18":"product_tag-hat-dieu-vo-lua-qua-tet-2026","19":"product_tag-hat-dieu-vo-lua-rang-cui-truyen-thong","20":"product_tag-mua-hat-dieu-vo-lua-ba-tu-o-dau","22":"first","23":"instock","24":"sale","25":"shipping-taxable","26":"purchasable","27":"product-type-simple"},"yoast_head":"<!-- This site is optimized with the Yoast SEO plugin v26.4 - https:\/\/yoast.com\/wordpress\/plugins\/seo\/ -->\n<title>H\u1ea1t \u0110i\u1ec1u V\u1ecf L\u1ee5a B\u00e0 T\u01b0 B\u00ecnh Ph\u01b0\u1edbc 30g \u2013 Gi\u00f2n B\u00f9i Rang C\u1ee7i - batubinhphuoc.vn<\/title>\n<meta name=\"description\" content=\"H\u1ea1t \u0111i\u1ec1u v\u1ecf l\u1ee5a B\u00e0 T\u01b0 B\u00ecnh Ph\u01b0\u1edbc rang c\u1ee7i th\u1ee7 c\u00f4ng, gi\u00f2n b\u00f9i t\u1ef1 nhi\u00ean, th\u01a1m h\u01b0\u01a1ng kh\u00f3i c\u1ee7i. \u0110\u1eb7c s\u1ea3n B\u00ecnh Ph\u01b0\u1edbc gi\u00e0u dinh d\u01b0\u1ee1ng.\" \/>\n<meta name=\"robots\" content=\"index, follow, max-snippet:-1, max-image-preview:large, max-video-preview:-1\" \/>\n<link rel=\"canonical\" href=\"https:\/\/batubinhphuoc.vn\/en\/shop\/hat-dieu-vo-lua-ba-tu-binh-phuoc-30g-gion-bui-tu-nhien-dam-da-huong-rang-cui\/\" \/>\n<meta property=\"og:locale\" content=\"en_US\" \/>\n<meta property=\"og:type\" content=\"article\" \/>\n<meta property=\"og:title\" content=\"H\u1ea1t \u0110i\u1ec1u V\u1ecf L\u1ee5a B\u00e0 T\u01b0 B\u00ecnh Ph\u01b0\u1edbc 30g \u2013 Gi\u00f2n B\u00f9i Rang C\u1ee7i - batubinhphuoc.vn\" \/>\n<meta property=\"og:description\" content=\"H\u1ea1t \u0111i\u1ec1u v\u1ecf l\u1ee5a B\u00e0 T\u01b0 B\u00ecnh Ph\u01b0\u1edbc rang c\u1ee7i th\u1ee7 c\u00f4ng, gi\u00f2n b\u00f9i t\u1ef1 nhi\u00ean, th\u01a1m h\u01b0\u01a1ng kh\u00f3i c\u1ee7i. \u0110\u1eb7c s\u1ea3n B\u00ecnh Ph\u01b0\u1edbc gi\u00e0u dinh d\u01b0\u1ee1ng.\" \/>\n<meta property=\"og:url\" content=\"https:\/\/batubinhphuoc.vn\/en\/shop\/hat-dieu-vo-lua-ba-tu-binh-phuoc-30g-gion-bui-tu-nhien-dam-da-huong-rang-cui\/\" \/>\n<meta property=\"og:site_name\" content=\"batubinhphuoc.vn\" \/>\n<meta property=\"article:modified_time\" content=\"2026-03-12T07:36:37+00:00\" \/>\n<meta property=\"og:image\" content=\"https:\/\/batubinhphuoc.vn\/wp-content\/uploads\/2025\/11\/Hat-Dieu-Vo-Lua-Ba-Tu-Binh-Phuoc-30g-\u2013-Gion-Bui-Tu-Nhien-Dam-Da-Huong-Rang-Cui-1.webp\" \/>\n\t<meta property=\"og:image:width\" content=\"1024\" \/>\n\t<meta property=\"og:image:height\" content=\"1024\" \/>\n\t<meta property=\"og:image:type\" content=\"image\/webp\" \/>\n<meta name=\"twitter:card\" content=\"summary_large_image\" \/>\n<meta name=\"twitter:label1\" content=\"Est. reading time\" \/>\n\t<meta name=\"twitter:data1\" content=\"3 minutes\" \/>\n<script type=\"application\/ld+json\" class=\"yoast-schema-graph\">{\"@context\":\"https:\/\/schema.org\",\"@graph\":[{\"@type\":\"WebPage\",\"@id\":\"https:\/\/batubinhphuoc.vn\/shop\/hat-dieu-vo-lua-ba-tu-binh-phuoc-30g-gion-bui-tu-nhien-dam-da-huong-rang-cui\/\",\"url\":\"https:\/\/batubinhphuoc.vn\/shop\/hat-dieu-vo-lua-ba-tu-binh-phuoc-30g-gion-bui-tu-nhien-dam-da-huong-rang-cui\/\",\"name\":\"H\u1ea1t \u0110i\u1ec1u V\u1ecf L\u1ee5a B\u00e0 T\u01b0 B\u00ecnh Ph\u01b0\u1edbc 30g \u2013 Gi\u00f2n B\u00f9i Rang C\u1ee7i - batubinhphuoc.vn\",\"isPartOf\":{\"@id\":\"https:\/\/batubinhphuoc.vn\/#website\"},\"primaryImageOfPage\":{\"@id\":\"https:\/\/batubinhphuoc.vn\/shop\/hat-dieu-vo-lua-ba-tu-binh-phuoc-30g-gion-bui-tu-nhien-dam-da-huong-rang-cui\/#primaryimage\"},\"image\":{\"@id\":\"https:\/\/batubinhphuoc.vn\/shop\/hat-dieu-vo-lua-ba-tu-binh-phuoc-30g-gion-bui-tu-nhien-dam-da-huong-rang-cui\/#primaryimage\"},\"thumbnailUrl\":\"https:\/\/batubinhphuoc.vn\/wp-content\/uploads\/2025\/11\/Hat-Dieu-Vo-Lua-Ba-Tu-Binh-Phuoc-30g-\u2013-Gion-Bui-Tu-Nhien-Dam-Da-Huong-Rang-Cui-1.webp\",\"datePublished\":\"2025-11-19T03:50:38+00:00\",\"dateModified\":\"2026-03-12T07:36:37+00:00\",\"description\":\"H\u1ea1t \u0111i\u1ec1u v\u1ecf l\u1ee5a B\u00e0 T\u01b0 B\u00ecnh Ph\u01b0\u1edbc rang c\u1ee7i th\u1ee7 c\u00f4ng, gi\u00f2n b\u00f9i t\u1ef1 nhi\u00ean, th\u01a1m h\u01b0\u01a1ng kh\u00f3i c\u1ee7i. \u0110\u1eb7c s\u1ea3n B\u00ecnh Ph\u01b0\u1edbc gi\u00e0u dinh d\u01b0\u1ee1ng.\",\"breadcrumb\":{\"@id\":\"https:\/\/batubinhphuoc.vn\/shop\/hat-dieu-vo-lua-ba-tu-binh-phuoc-30g-gion-bui-tu-nhien-dam-da-huong-rang-cui\/#breadcrumb\"},\"inLanguage\":\"en-US\",\"potentialAction\":[{\"@type\":\"ReadAction\",\"target\":[\"https:\/\/batubinhphuoc.vn\/shop\/hat-dieu-vo-lua-ba-tu-binh-phuoc-30g-gion-bui-tu-nhien-dam-da-huong-rang-cui\/\"]}]},{\"@type\":\"ImageObject\",\"inLanguage\":\"en-US\",\"@id\":\"https:\/\/batubinhphuoc.vn\/shop\/hat-dieu-vo-lua-ba-tu-binh-phuoc-30g-gion-bui-tu-nhien-dam-da-huong-rang-cui\/#primaryimage\",\"url\":\"https:\/\/batubinhphuoc.vn\/wp-content\/uploads\/2025\/11\/Hat-Dieu-Vo-Lua-Ba-Tu-Binh-Phuoc-30g-\u2013-Gion-Bui-Tu-Nhien-Dam-Da-Huong-Rang-Cui-1.webp\",\"contentUrl\":\"https:\/\/batubinhphuoc.vn\/wp-content\/uploads\/2025\/11\/Hat-Dieu-Vo-Lua-Ba-Tu-Binh-Phuoc-30g-\u2013-Gion-Bui-Tu-Nhien-Dam-Da-Huong-Rang-Cui-1.webp\",\"width\":1024,\"height\":1024,\"caption\":\"V\u1ecf l\u1ee5a\"},{\"@type\":\"BreadcrumbList\",\"@id\":\"https:\/\/batubinhphuoc.vn\/shop\/hat-dieu-vo-lua-ba-tu-binh-phuoc-30g-gion-bui-tu-nhien-dam-da-huong-rang-cui\/#breadcrumb\",\"itemListElement\":[{\"@type\":\"ListItem\",\"position\":1,\"name\":\"Home\",\"item\":\"https:\/\/batubinhphuoc.vn\/\"},{\"@type\":\"ListItem\",\"position\":2,\"name\":\"S\u1ea3n ph\u1ea9m\",\"item\":\"https:\/\/batubinhphuoc.vn\/shop\/\"},{\"@type\":\"ListItem\",\"position\":3,\"name\":\"H\u1ea1t \u0110i\u1ec1u V\u1ecf L\u1ee5a B\u00e0 T\u01b0 B\u00ecnh Ph\u01b0\u1edbc 30g \u2013 Gi\u00f2n B\u00f9i Rang C\u1ee7i\"}]},{\"@type\":\"WebSite\",\"@id\":\"https:\/\/batubinhphuoc.vn\/#website\",\"url\":\"https:\/\/batubinhphuoc.vn\/\",\"name\":\"batubinhphuoc.vn\",\"description\":\"\",\"potentialAction\":[{\"@type\":\"SearchAction\",\"target\":{\"@type\":\"EntryPoint\",\"urlTemplate\":\"https:\/\/batubinhphuoc.vn\/?s={search_term_string}\"},\"query-input\":{\"@type\":\"PropertyValueSpecification\",\"valueRequired\":true,\"valueName\":\"search_term_string\"}}],\"inLanguage\":\"en-US\"}]}<\/script>\n<!-- \/ Yoast SEO plugin. -->","yoast_head_json":{"title":"H\u1ea1t \u0110i\u1ec1u V\u1ecf L\u1ee5a B\u00e0 T\u01b0 B\u00ecnh Ph\u01b0\u1edbc 30g \u2013 Gi\u00f2n B\u00f9i Rang C\u1ee7i - batubinhphuoc.vn","description":"H\u1ea1t \u0111i\u1ec1u v\u1ecf l\u1ee5a B\u00e0 T\u01b0 B\u00ecnh Ph\u01b0\u1edbc rang c\u1ee7i th\u1ee7 c\u00f4ng, gi\u00f2n b\u00f9i t\u1ef1 nhi\u00ean, th\u01a1m h\u01b0\u01a1ng kh\u00f3i c\u1ee7i. \u0110\u1eb7c s\u1ea3n B\u00ecnh Ph\u01b0\u1edbc gi\u00e0u dinh d\u01b0\u1ee1ng.","robots":{"index":"index","follow":"follow","max-snippet":"max-snippet:-1","max-image-preview":"max-image-preview:large","max-video-preview":"max-video-preview:-1"},"canonical":"https:\/\/batubinhphuoc.vn\/en\/shop\/hat-dieu-vo-lua-ba-tu-binh-phuoc-30g-gion-bui-tu-nhien-dam-da-huong-rang-cui\/","og_locale":"en_US","og_type":"article","og_title":"H\u1ea1t \u0110i\u1ec1u V\u1ecf L\u1ee5a B\u00e0 T\u01b0 B\u00ecnh Ph\u01b0\u1edbc 30g \u2013 Gi\u00f2n B\u00f9i Rang C\u1ee7i - batubinhphuoc.vn","og_description":"H\u1ea1t \u0111i\u1ec1u v\u1ecf l\u1ee5a B\u00e0 T\u01b0 B\u00ecnh Ph\u01b0\u1edbc rang c\u1ee7i th\u1ee7 c\u00f4ng, gi\u00f2n b\u00f9i t\u1ef1 nhi\u00ean, th\u01a1m h\u01b0\u01a1ng kh\u00f3i c\u1ee7i. \u0110\u1eb7c s\u1ea3n B\u00ecnh Ph\u01b0\u1edbc gi\u00e0u dinh d\u01b0\u1ee1ng.","og_url":"https:\/\/batubinhphuoc.vn\/en\/shop\/hat-dieu-vo-lua-ba-tu-binh-phuoc-30g-gion-bui-tu-nhien-dam-da-huong-rang-cui\/","og_site_name":"batubinhphuoc.vn","article_modified_time":"2026-03-12T07:36:37+00:00","og_image":[{"width":1024,"height":1024,"url":"https:\/\/batubinhphuoc.vn\/wp-content\/uploads\/2025\/11\/Hat-Dieu-Vo-Lua-Ba-Tu-Binh-Phuoc-30g-\u2013-Gion-Bui-Tu-Nhien-Dam-Da-Huong-Rang-Cui-1.webp","type":"image\/webp"}],"twitter_card":"summary_large_image","twitter_misc":{"Est. reading time":"3 minutes"},"schema":{"@context":"https:\/\/schema.org","@graph":[{"@type":"WebPage","@id":"https:\/\/batubinhphuoc.vn\/shop\/hat-dieu-vo-lua-ba-tu-binh-phuoc-30g-gion-bui-tu-nhien-dam-da-huong-rang-cui\/","url":"https:\/\/batubinhphuoc.vn\/shop\/hat-dieu-vo-lua-ba-tu-binh-phuoc-30g-gion-bui-tu-nhien-dam-da-huong-rang-cui\/","name":"H\u1ea1t \u0110i\u1ec1u V\u1ecf L\u1ee5a B\u00e0 T\u01b0 B\u00ecnh Ph\u01b0\u1edbc 30g \u2013 Gi\u00f2n B\u00f9i Rang C\u1ee7i - batubinhphuoc.vn","isPartOf":{"@id":"https:\/\/batubinhphuoc.vn\/#website"},"primaryImageOfPage":{"@id":"https:\/\/batubinhphuoc.vn\/shop\/hat-dieu-vo-lua-ba-tu-binh-phuoc-30g-gion-bui-tu-nhien-dam-da-huong-rang-cui\/#primaryimage"},"image":{"@id":"https:\/\/batubinhphuoc.vn\/shop\/hat-dieu-vo-lua-ba-tu-binh-phuoc-30g-gion-bui-tu-nhien-dam-da-huong-rang-cui\/#primaryimage"},"thumbnailUrl":"https:\/\/batubinhphuoc.vn\/wp-content\/uploads\/2025\/11\/Hat-Dieu-Vo-Lua-Ba-Tu-Binh-Phuoc-30g-\u2013-Gion-Bui-Tu-Nhien-Dam-Da-Huong-Rang-Cui-1.webp","datePublished":"2025-11-19T03:50:38+00:00","dateModified":"2026-03-12T07:36:37+00:00","description":"H\u1ea1t \u0111i\u1ec1u v\u1ecf l\u1ee5a B\u00e0 T\u01b0 B\u00ecnh Ph\u01b0\u1edbc rang c\u1ee7i th\u1ee7 c\u00f4ng, gi\u00f2n b\u00f9i t\u1ef1 nhi\u00ean, th\u01a1m h\u01b0\u01a1ng kh\u00f3i c\u1ee7i. \u0110\u1eb7c s\u1ea3n B\u00ecnh Ph\u01b0\u1edbc gi\u00e0u dinh d\u01b0\u1ee1ng.","breadcrumb":{"@id":"https:\/\/batubinhphuoc.vn\/shop\/hat-dieu-vo-lua-ba-tu-binh-phuoc-30g-gion-bui-tu-nhien-dam-da-huong-rang-cui\/#breadcrumb"},"inLanguage":"en-US","potentialAction":[{"@type":"ReadAction","target":["https:\/\/batubinhphuoc.vn\/shop\/hat-dieu-vo-lua-ba-tu-binh-phuoc-30g-gion-bui-tu-nhien-dam-da-huong-rang-cui\/"]}]},{"@type":"ImageObject","inLanguage":"en-US","@id":"https:\/\/batubinhphuoc.vn\/shop\/hat-dieu-vo-lua-ba-tu-binh-phuoc-30g-gion-bui-tu-nhien-dam-da-huong-rang-cui\/#primaryimage","url":"https:\/\/batubinhphuoc.vn\/wp-content\/uploads\/2025\/11\/Hat-Dieu-Vo-Lua-Ba-Tu-Binh-Phuoc-30g-\u2013-Gion-Bui-Tu-Nhien-Dam-Da-Huong-Rang-Cui-1.webp","contentUrl":"https:\/\/batubinhphuoc.vn\/wp-content\/uploads\/2025\/11\/Hat-Dieu-Vo-Lua-Ba-Tu-Binh-Phuoc-30g-\u2013-Gion-Bui-Tu-Nhien-Dam-Da-Huong-Rang-Cui-1.webp","width":1024,"height":1024,"caption":"V\u1ecf l\u1ee5a"},{"@type":"BreadcrumbList","@id":"https:\/\/batubinhphuoc.vn\/shop\/hat-dieu-vo-lua-ba-tu-binh-phuoc-30g-gion-bui-tu-nhien-dam-da-huong-rang-cui\/#breadcrumb","itemListElement":[{"@type":"ListItem","position":1,"name":"Home","item":"https:\/\/batubinhphuoc.vn\/"},{"@type":"ListItem","position":2,"name":"S\u1ea3n ph\u1ea9m","item":"https:\/\/batubinhphuoc.vn\/shop\/"},{"@type":"ListItem","position":3,"name":"H\u1ea1t \u0110i\u1ec1u V\u1ecf L\u1ee5a B\u00e0 T\u01b0 B\u00ecnh Ph\u01b0\u1edbc 30g \u2013 Gi\u00f2n B\u00f9i Rang C\u1ee7i"}]},{"@type":"WebSite","@id":"https:\/\/batubinhphuoc.vn\/#website","url":"https:\/\/batubinhphuoc.vn\/","name":"batubinhphuoc.vn","description":"","potentialAction":[{"@type":"SearchAction","target":{"@type":"EntryPoint","urlTemplate":"https:\/\/batubinhphuoc.vn\/?s={search_term_string}"},"query-input":{"@type":"PropertyValueSpecification","valueRequired":true,"valueName":"search_term_string"}}],"inLanguage":"en-US"}]}},"_links":{"self":[{"href":"https:\/\/batubinhphuoc.vn\/en\/wp-json\/wp\/v2\/product\/1219","targetHints":{"allow":["GET"]}}],"collection":[{"href":"https:\/\/batubinhphuoc.vn\/en\/wp-json\/wp\/v2\/product"}],"about":[{"href":"https:\/\/batubinhphuoc.vn\/en\/wp-json\/wp\/v2\/types\/product"}],"replies":[{"embeddable":true,"href":"https:\/\/batubinhphuoc.vn\/en\/wp-json\/wp\/v2\/comments?post=1219"}],"wp:featuredmedia":[{"embeddable":true,"href":"https:\/\/batubinhphuoc.vn\/en\/wp-json\/wp\/v2\/media\/1328"}],"wp:attachment":[{"href":"https:\/\/batubinhphuoc.vn\/en\/wp-json\/wp\/v2\/media?parent=1219"}],"wp:term":[{"taxonomy":"product_brand","embeddable":true,"href":"https:\/\/batubinhphuoc.vn\/en\/wp-json\/wp\/v2\/product_brand?post=1219"},{"taxonomy":"product_cat","embeddable":true,"href":"https:\/\/batubinhphuoc.vn\/en\/wp-json\/wp\/v2\/product_cat?post=1219"},{"taxonomy":"product_tag","embeddable":true,"href":"https:\/\/batubinhphuoc.vn\/en\/wp-json\/wp\/v2\/product_tag?post=1219"}],"curies":[{"name":"wp","href":"https:\/\/api.w.org\/{rel}","templated":true}]}}