{"id":2394,"date":"2026-03-20T15:43:34","date_gmt":"2026-03-20T08:43:34","guid":{"rendered":"https:\/\/batubinhphuoc.vn\/?post_type=product&#038;p=2394"},"modified":"2026-03-20T15:59:33","modified_gmt":"2026-03-20T08:59:33","slug":"hat-dieu-gac-mat-ong-ba-tu-binh-phuoc-200g-65g-30g-ngot-dep","status":"publish","type":"product","link":"https:\/\/batubinhphuoc.vn\/en\/shop\/hat-dieu-gac-mat-ong-ba-tu-binh-phuoc-200g-65g-30g-ngot-dep\/","title":{"rendered":"H\u1ea1t \u0111i\u1ec1u g\u1ea5c m\u1eadt ong B\u00e0 T\u01b0 B\u00ecnh Ph\u01b0\u1edbc 200g \u2013 65g \u2013 30g \u2013 Ng\u1ecdt, \u0111\u1eb9p"},"content":{"rendered":"<p class=\"QN2lPu\">\ud83c\udf30<span style=\"color: #282828;\"><a style=\"color: #282828;\" href=\"https:\/\/batubinhphuoc.vn\/en\/?post_type=product&amp;p=2394&amp;preview=true\"> <strong>H\u1ea1t \u0110i\u1ec1u g\u1ea5c m\u1eadt ong B\u00e0 T\u01b0 B\u00ecnh Ph\u01b0\u1edbc 200g \u2013 65g \u2013 30g<\/strong><\/a><\/span><\/p>\n<p>H\u1ea1t \u0111i\u1ec1u g\u1ea5c m\u1eadt ong B\u00e0 T\u01b0 B\u00ecnh Ph\u01b0\u1edbc 200g \u2013 65g \u2013 30g \u2013 Ng\u1ecdt thanh, \u0111\u1eb9p m\u1eaft<\/p>\n<p class=\"QN2lPu\">Ng\u1ecdt thanh \u2013 Gi\u00f2n b\u00f9i \u2013 M\u00e0u s\u1eafc b\u1eaft m\u1eaft t\u1ef1 nhi\u00ean<\/p>\n<p class=\"QN2lPu\">H\u1ea1t \u0111i\u1ec1u g\u1ea5c m\u1eadt ong B\u00e0 T\u01b0 B\u00ecnh Ph\u01b0\u1edbc l\u00e0 s\u1ef1 k\u1ebft h\u1ee3p \u0111\u1ed9c \u0111\u00e1o gi\u1eefa <strong data-start=\"385\" data-end=\"407\">h\u1ea1t \u0111i\u1ec1u rang gi\u00f2n<\/strong>, <strong data-start=\"409\" data-end=\"429\">m\u1eadt ong ng\u1ecdt d\u1ecbu<\/strong> and <strong data-start=\"433\" data-end=\"452\">g\u1ea5c \u0111\u1ecf t\u1ef1 nhi\u00ean<\/strong> \u2013 t\u1ea1o n\u00ean m\u00f3n \u0103n v\u1eb7t v\u1eeba ngon mi\u1ec7ng v\u1eeba b\u1ed5 d\u01b0\u1ee1ng.<\/p>\n<p data-start=\"504\" data-end=\"682\">M\u1ed7i h\u1ea1t \u0111i\u1ec1u \u0111\u01b0\u1ee3c ph\u1ee7 \u0111\u1ec1u l\u1edbp m\u1eadt ong \u00f3ng nh\u1eb9, h\u00f2a quy\u1ec7n c\u00f9ng h\u01b0\u01a1ng th\u01a1m \u0111\u1eb7c tr\u01b0ng c\u1ee7a g\u1ea5c, mang l\u1ea1i tr\u1ea3i nghi\u1ec7m v\u1ecb gi\u00e1c m\u1edbi l\u1ea1:<br data-start=\"632\" data-end=\"635\" \/>\ud83d\udc49 <strong data-start=\"638\" data-end=\"682\">Ng\u1ecdt nh\u1eb9 \u2013 b\u00f9i b\u00e9o \u2013 gi\u00f2n tan \u2013 th\u01a1m d\u1ecbu<\/strong><\/p>\n<p data-start=\"684\" data-end=\"818\">Kh\u00f4ng ch\u1ec9 l\u00e0 m\u00f3n snack th\u00f4ng th\u01b0\u1eddng, \u0111\u00e2y c\u00f2n l\u00e0 l\u1ef1a ch\u1ecdn tinh t\u1ebf d\u00e0nh cho nh\u1eefng ai y\u00eau th\u00edch th\u1ef1c ph\u1ea9m t\u1ef1 nhi\u00ean, l\u00e0nh m\u1ea1nh v\u00e0 \u0111\u1eb9p m\u1eaft.<\/p>\n<h2 class=\"QN2lPu\"><span style=\"font-size: 85%;\"><strong>Product information<\/strong><\/span><\/h2>\n<p class=\"QN2lPu\">Net weight: 200g \/ 65g \/ 30g<\/p>\n<p class=\"QN2lPu\">Packing: Box, plastic vacuum sealed bag or zip convenience<\/p>\n<p class=\"QN2lPu\">Shelf life: 12 months<\/p>\n<h2 class=\"QN2lPu\"><span style=\"font-size: 85%;\"><strong>Ingredients<\/strong><\/span><\/h2>\n<p class=\"QN2lPu\">&#8211; 100% h\u1ea1t \u0111i\u1ec1u B\u00ecnh Ph\u01b0\u1edbc lo\u1ea1i 1, rang th\u1ee7 c\u00f4ng, kh\u00f4ng pha tr\u1ed9n.<br \/>\n&#8211; Kh\u00f4ng ch\u1ea5t b\u1ea3o qu\u1ea3n, kh\u00f4ng h\u01b0\u01a1ng li\u1ec7u nh\u00e2n t\u1ea1o.<\/p>\n<h2 class=\"QN2lPu\"><span style=\"font-size: 85%;\"><strong>\u0110\u1eb7c \u0111i\u1ec3m n\u1ed5i b\u1eadt<\/strong><\/span><\/h2>\n<p class=\"QN2lPu\">1\ufe0f\u20e3 L\u1edbp ph\u1ee7 <strong data-start=\"866\" data-end=\"883\">g\u1ea5c + m\u1eadt ong<\/strong> t\u1ea1o m\u00e0u \u0111\u1ecf t\u1ef1 nhi\u00ean h\u1ea5p d\u1eabn.<\/p>\n<p class=\"QN2lPu\">2\ufe0f\u20e3 <strong data-start=\"130\" data-end=\"159\">Ng\u1ecdt nh\u1eb9 \u2013 b\u00f9i \u2013 gi\u00f2n tan<\/strong>, kh\u00e1c h\u1ea1t \u0111i\u1ec1u th\u01b0\u1eddng<\/p>\n<p class=\"QN2lPu\">3\ufe0f\u20e3 M\u00e0u \u0111\u1ecf t\u1ef1 nhi\u00ean, <strong data-start=\"203\" data-end=\"222\">th\u01a1m d\u1ecbu t\u1eeb g\u1ea5c<\/strong><\/p>\n<p class=\"QN2lPu\">4\ufe0f\u20e3 D\u1ec5 \u0103n, <strong data-start=\"234\" data-end=\"248\">kh\u00f4ng ng\u1ea5y<\/strong>, ph\u00f9 h\u1ee3p \u0103n v\u1eb7t m\u1ed7i ng\u00e0y<\/p>\n<p class=\"QN2lPu\">5\ufe0f\u20e3 pack sealed \u2013 ensure a crisp, clean and sanitary safety of food.<\/p>\n<h2 class=\"QN2lPu\"><span style=\"font-size: 85%;\"><strong>Gi\u00e1 tr\u1ecb dinh d\u01b0\u1ee1ng v\u00e0 l\u1ee3i \u00edch s\u1ee9c kh\u1ecfe<\/strong><\/span><\/h2>\n<p class=\"QN2lPu\">Gi\u00e0u <strong data-start=\"1394\" data-end=\"1414\">protein th\u1ef1c v\u1eadt<\/strong> and <strong data-start=\"1418\" data-end=\"1444\">ch\u1ea5t b\u00e9o kh\u00f4ng b\u00e3o h\u00f2a<\/strong><\/p>\n<p class=\"QN2lPu\">Cung c\u1ea5p <strong data-start=\"1458\" data-end=\"1478\">magie, vitamin E<\/strong> t\u1ed1t cho c\u01a1 th\u1ec3<\/p>\n<p class=\"QN2lPu\">Gi\u00fap <strong data-start=\"1503\" data-end=\"1535\">b\u1ed5 sung n\u0103ng l\u01b0\u1ee3ng l\u00e0nh m\u1ea1nh<\/strong>, h\u1ea1n ch\u1ebf \u0111\u00f3i v\u1eb7t<\/p>\n<p class=\"QN2lPu\">H\u1ed7 tr\u1ee3 <strong data-start=\"1564\" data-end=\"1587\">tr\u00ed n\u00e3o v\u00e0 tim m\u1ea1ch<\/strong><\/p>\n<h2 class=\"QN2lPu\"><span style=\"font-size: 85%;\"><strong><span style=\"color: #282828;\"><a style=\"color: #282828;\" href=\"https:\/\/www.facebook.com\/hatdieubatubinhphuoc.official\">Commitment from Seeds This April<\/a><\/span><\/strong><\/span><\/h2>\n<p class=\"QN2lPu\">100% <strong data-start=\"1754\" data-end=\"1784\">h\u1ea1t \u0111i\u1ec1u B\u00ecnh Ph\u01b0\u1edbc lo\u1ea1i 1<\/strong><\/p>\n<p>Rang th\u1ee7 c\u00f4ng \u2013 kh\u00f4ng pha tr\u1ed9n<\/p>\n<p class=\"QN2lPu\">No preservatives \u2013 No artificial flavors \u2013 No food coloring.<\/p>\n<p class=\"QN2lPu\">Return for free if the product is defective or does not reach the quality commitment.<\/p>\n<h2 class=\"QN2lPu\"><span style=\"font-size: 85%;\"><strong>C\u00e1ch d\u00f9ng v\u00e0 b\u1ea3o qu\u1ea3n<\/strong><\/span><\/h2>\n<p class=\"QN2lPu\">\u0102n tr\u1ef1c ti\u1ebfp, b\u1ea3o qu\u1ea3n n\u01a1i kh\u00f4 r\u00e1o, tr\u00e1nh n\u1eafng<\/p>","protected":false},"excerpt":{"rendered":"<p>\ud83c\udf30 H\u1ea1t \u0110i\u1ec1u g\u1ea5c m\u1eadt ong B\u00e0 T\u01b0 B\u00ecnh Ph\u01b0\u1edbc 200g \u2013 65g \u2013 30g H\u1ea1t \u0111i\u1ec1u g\u1ea5c m\u1eadt ong B\u00e0 T\u01b0 B\u00ecnh Ph\u01b0\u1edbc 200g \u2013 65g \u2013 30g \u2013 Ng\u1ecdt thanh, \u0111\u1eb9p m\u1eaft Ng\u1ecdt thanh \u2013 Gi\u00f2n b\u00f9i \u2013 M\u00e0u s\u1eafc b\u1eaft m\u1eaft t\u1ef1 nhi\u00ean H\u1ea1t \u0111i\u1ec1u g\u1ea5c m\u1eadt ong B\u00e0 T\u01b0 B\u00ecnh Ph\u01b0\u1edbc&#8230;<\/p>","protected":false},"featured_media":2400,"comment_status":"open","ping_status":"closed","template":"","meta":[],"product_brand":[],"product_cat":[270],"product_tag":[102,71],"class_list":{"0":"post-2394","1":"product","2":"type-product","3":"status-publish","4":"has-post-thumbnail","6":"product_cat-hat-dieu-gac-mat-ong","7":"product_tag-hat-dieu-gac-mat-ong-30g","8":"product_tag-hat-dieu-gac-mat-ong-ba-tu","10":"first","11":"instock","12":"sale","13":"shipping-taxable","14":"purchasable","15":"product-type-variable"},"yoast_head":"<!-- This site is optimized with the Yoast SEO plugin v26.4 - https:\/\/yoast.com\/wordpress\/plugins\/seo\/ -->\n<title>H\u1ea1t \u0111i\u1ec1u g\u1ea5c m\u1eadt ong B\u00e0 T\u01b0 B\u00ecnh Ph\u01b0\u1edbc 200g \u2013 65g \u2013 30g \u2013 Ng\u1ecdt, \u0111\u1eb9p - batubinhphuoc.vn<\/title>\n<meta name=\"description\" content=\"H\u1ea1t \u0111i\u1ec1u g\u1ea5c m\u1eadt ong l\u00e0 s\u1ef1 k\u1ebft h\u1ee3p ho\u00e0n h\u1ea3o gi\u1eefa v\u1ecb b\u00f9i ng\u1ecdt c\u1ee7a h\u1ea1t \u0111i\u1ec1u v\u00e0 m\u00f9i th\u01a1m d\u1ecbu ng\u1ecdt c\u1ee7a m\u1eadt ong c\u00f9ng m\u00e0u \u0111\u1ecf t\u1ef1 nhi\u00ean t\u1eeb g\u1ea5c. M\u1ed7i h\u1ea1t \u0111i\u1ec1u \u0111\u01b0\u1ee3c ph\u1ee7 \u0111\u1ec1u m\u1eadt ong, gi\u00f2n tan v\u00e0 th\u01a1m ngon, t\u1ea1o n\u00ean m\u00f3n \u0103n v\u1eb7t \u0111\u1ea7y h\u1ea5p d\u1eabn v\u00e0 b\u1ed5 d\u01b0\u1ee1ng. S\u1ea3n ph\u1ea9m n\u00e0y ch\u1eafc ch\u1eafn s\u1ebd l\u00e0m say l\u00f2ng nh\u1eefng th\u1ef1c kh\u00e1ch kh\u00f3 t\u00ednh nh\u1ea5t.\" \/>\n<meta name=\"robots\" content=\"index, follow, max-snippet:-1, max-image-preview:large, max-video-preview:-1\" \/>\n<link rel=\"canonical\" href=\"https:\/\/batubinhphuoc.vn\/en\/shop\/hat-dieu-gac-mat-ong-ba-tu-binh-phuoc-200g-65g-30g-ngot-dep\/\" \/>\n<meta property=\"og:locale\" content=\"en_US\" \/>\n<meta property=\"og:type\" content=\"article\" \/>\n<meta property=\"og:title\" content=\"H\u1ea1t \u0111i\u1ec1u g\u1ea5c m\u1eadt ong B\u00e0 T\u01b0 B\u00ecnh Ph\u01b0\u1edbc 200g \u2013 65g \u2013 30g \u2013 Ng\u1ecdt, \u0111\u1eb9p - batubinhphuoc.vn\" \/>\n<meta property=\"og:description\" content=\"H\u1ea1t \u0111i\u1ec1u g\u1ea5c m\u1eadt ong l\u00e0 s\u1ef1 k\u1ebft h\u1ee3p ho\u00e0n h\u1ea3o gi\u1eefa v\u1ecb b\u00f9i ng\u1ecdt c\u1ee7a h\u1ea1t \u0111i\u1ec1u v\u00e0 m\u00f9i th\u01a1m d\u1ecbu ng\u1ecdt c\u1ee7a m\u1eadt ong c\u00f9ng m\u00e0u \u0111\u1ecf t\u1ef1 nhi\u00ean t\u1eeb g\u1ea5c. M\u1ed7i h\u1ea1t \u0111i\u1ec1u \u0111\u01b0\u1ee3c ph\u1ee7 \u0111\u1ec1u m\u1eadt ong, gi\u00f2n tan v\u00e0 th\u01a1m ngon, t\u1ea1o n\u00ean m\u00f3n \u0103n v\u1eb7t \u0111\u1ea7y h\u1ea5p d\u1eabn v\u00e0 b\u1ed5 d\u01b0\u1ee1ng. S\u1ea3n ph\u1ea9m n\u00e0y ch\u1eafc ch\u1eafn s\u1ebd l\u00e0m say l\u00f2ng nh\u1eefng th\u1ef1c kh\u00e1ch kh\u00f3 t\u00ednh nh\u1ea5t.\" \/>\n<meta property=\"og:url\" content=\"https:\/\/batubinhphuoc.vn\/en\/shop\/hat-dieu-gac-mat-ong-ba-tu-binh-phuoc-200g-65g-30g-ngot-dep\/\" \/>\n<meta property=\"og:site_name\" content=\"batubinhphuoc.vn\" \/>\n<meta property=\"article:modified_time\" content=\"2026-03-20T08:59:33+00:00\" \/>\n<meta property=\"og:image\" content=\"https:\/\/batubinhphuoc.vn\/wp-content\/uploads\/2026\/03\/z7639934563521_b38154c51d09ed857a3fe68376a0632d.jpg\" \/>\n\t<meta property=\"og:image:width\" content=\"2400\" \/>\n\t<meta property=\"og:image:height\" content=\"2400\" \/>\n\t<meta property=\"og:image:type\" content=\"image\/jpeg\" \/>\n<meta name=\"twitter:card\" content=\"summary_large_image\" \/>\n<meta name=\"twitter:label1\" content=\"Est. reading time\" \/>\n\t<meta name=\"twitter:data1\" content=\"3 minutes\" \/>\n<script type=\"application\/ld+json\" class=\"yoast-schema-graph\">{\"@context\":\"https:\/\/schema.org\",\"@graph\":[{\"@type\":\"WebPage\",\"@id\":\"https:\/\/batubinhphuoc.vn\/shop\/hat-dieu-gac-mat-ong-ba-tu-binh-phuoc-200g-65g-30g-ngot-dep\/\",\"url\":\"https:\/\/batubinhphuoc.vn\/shop\/hat-dieu-gac-mat-ong-ba-tu-binh-phuoc-200g-65g-30g-ngot-dep\/\",\"name\":\"H\u1ea1t \u0111i\u1ec1u g\u1ea5c m\u1eadt ong B\u00e0 T\u01b0 B\u00ecnh Ph\u01b0\u1edbc 200g \u2013 65g \u2013 30g \u2013 Ng\u1ecdt, \u0111\u1eb9p - batubinhphuoc.vn\",\"isPartOf\":{\"@id\":\"https:\/\/batubinhphuoc.vn\/#website\"},\"primaryImageOfPage\":{\"@id\":\"https:\/\/batubinhphuoc.vn\/shop\/hat-dieu-gac-mat-ong-ba-tu-binh-phuoc-200g-65g-30g-ngot-dep\/#primaryimage\"},\"image\":{\"@id\":\"https:\/\/batubinhphuoc.vn\/shop\/hat-dieu-gac-mat-ong-ba-tu-binh-phuoc-200g-65g-30g-ngot-dep\/#primaryimage\"},\"thumbnailUrl\":\"https:\/\/batubinhphuoc.vn\/wp-content\/uploads\/2026\/03\/z7639934563521_b38154c51d09ed857a3fe68376a0632d.jpg\",\"datePublished\":\"2026-03-20T08:43:34+00:00\",\"dateModified\":\"2026-03-20T08:59:33+00:00\",\"description\":\"H\u1ea1t \u0111i\u1ec1u g\u1ea5c m\u1eadt ong l\u00e0 s\u1ef1 k\u1ebft h\u1ee3p ho\u00e0n h\u1ea3o gi\u1eefa v\u1ecb b\u00f9i ng\u1ecdt c\u1ee7a h\u1ea1t \u0111i\u1ec1u v\u00e0 m\u00f9i th\u01a1m d\u1ecbu ng\u1ecdt c\u1ee7a m\u1eadt ong c\u00f9ng m\u00e0u \u0111\u1ecf t\u1ef1 nhi\u00ean t\u1eeb g\u1ea5c. M\u1ed7i h\u1ea1t \u0111i\u1ec1u \u0111\u01b0\u1ee3c ph\u1ee7 \u0111\u1ec1u m\u1eadt ong, gi\u00f2n tan v\u00e0 th\u01a1m ngon, t\u1ea1o n\u00ean m\u00f3n \u0103n v\u1eb7t \u0111\u1ea7y h\u1ea5p d\u1eabn v\u00e0 b\u1ed5 d\u01b0\u1ee1ng. S\u1ea3n ph\u1ea9m n\u00e0y ch\u1eafc ch\u1eafn s\u1ebd l\u00e0m say l\u00f2ng nh\u1eefng th\u1ef1c kh\u00e1ch kh\u00f3 t\u00ednh nh\u1ea5t.\",\"breadcrumb\":{\"@id\":\"https:\/\/batubinhphuoc.vn\/shop\/hat-dieu-gac-mat-ong-ba-tu-binh-phuoc-200g-65g-30g-ngot-dep\/#breadcrumb\"},\"inLanguage\":\"en-US\",\"potentialAction\":[{\"@type\":\"ReadAction\",\"target\":[\"https:\/\/batubinhphuoc.vn\/shop\/hat-dieu-gac-mat-ong-ba-tu-binh-phuoc-200g-65g-30g-ngot-dep\/\"]}]},{\"@type\":\"ImageObject\",\"inLanguage\":\"en-US\",\"@id\":\"https:\/\/batubinhphuoc.vn\/shop\/hat-dieu-gac-mat-ong-ba-tu-binh-phuoc-200g-65g-30g-ngot-dep\/#primaryimage\",\"url\":\"https:\/\/batubinhphuoc.vn\/wp-content\/uploads\/2026\/03\/z7639934563521_b38154c51d09ed857a3fe68376a0632d.jpg\",\"contentUrl\":\"https:\/\/batubinhphuoc.vn\/wp-content\/uploads\/2026\/03\/z7639934563521_b38154c51d09ed857a3fe68376a0632d.jpg\",\"width\":2400,\"height\":2400,\"caption\":\"H\u1ea0T \u0110I\u1ec0U G\u1ea4C M\u1eacT ONG\"},{\"@type\":\"BreadcrumbList\",\"@id\":\"https:\/\/batubinhphuoc.vn\/shop\/hat-dieu-gac-mat-ong-ba-tu-binh-phuoc-200g-65g-30g-ngot-dep\/#breadcrumb\",\"itemListElement\":[{\"@type\":\"ListItem\",\"position\":1,\"name\":\"Home\",\"item\":\"https:\/\/batubinhphuoc.vn\/\"},{\"@type\":\"ListItem\",\"position\":2,\"name\":\"S\u1ea3n ph\u1ea9m\",\"item\":\"https:\/\/batubinhphuoc.vn\/shop\/\"},{\"@type\":\"ListItem\",\"position\":3,\"name\":\"H\u1ea1t \u0111i\u1ec1u g\u1ea5c m\u1eadt ong B\u00e0 T\u01b0 B\u00ecnh Ph\u01b0\u1edbc 200g \u2013 65g \u2013 30g \u2013 Ng\u1ecdt, \u0111\u1eb9p\"}]},{\"@type\":\"WebSite\",\"@id\":\"https:\/\/batubinhphuoc.vn\/#website\",\"url\":\"https:\/\/batubinhphuoc.vn\/\",\"name\":\"batubinhphuoc.vn\",\"description\":\"\",\"potentialAction\":[{\"@type\":\"SearchAction\",\"target\":{\"@type\":\"EntryPoint\",\"urlTemplate\":\"https:\/\/batubinhphuoc.vn\/?s={search_term_string}\"},\"query-input\":{\"@type\":\"PropertyValueSpecification\",\"valueRequired\":true,\"valueName\":\"search_term_string\"}}],\"inLanguage\":\"en-US\"}]}<\/script>\n<!-- \/ Yoast SEO plugin. -->","yoast_head_json":{"title":"H\u1ea1t \u0111i\u1ec1u g\u1ea5c m\u1eadt ong B\u00e0 T\u01b0 B\u00ecnh Ph\u01b0\u1edbc 200g \u2013 65g \u2013 30g \u2013 Ng\u1ecdt, \u0111\u1eb9p - batubinhphuoc.vn","description":"H\u1ea1t \u0111i\u1ec1u g\u1ea5c m\u1eadt ong l\u00e0 s\u1ef1 k\u1ebft h\u1ee3p ho\u00e0n h\u1ea3o gi\u1eefa v\u1ecb b\u00f9i ng\u1ecdt c\u1ee7a h\u1ea1t \u0111i\u1ec1u v\u00e0 m\u00f9i th\u01a1m d\u1ecbu ng\u1ecdt c\u1ee7a m\u1eadt ong c\u00f9ng m\u00e0u \u0111\u1ecf t\u1ef1 nhi\u00ean t\u1eeb g\u1ea5c. M\u1ed7i h\u1ea1t \u0111i\u1ec1u \u0111\u01b0\u1ee3c ph\u1ee7 \u0111\u1ec1u m\u1eadt ong, gi\u00f2n tan v\u00e0 th\u01a1m ngon, t\u1ea1o n\u00ean m\u00f3n \u0103n v\u1eb7t \u0111\u1ea7y h\u1ea5p d\u1eabn v\u00e0 b\u1ed5 d\u01b0\u1ee1ng. S\u1ea3n ph\u1ea9m n\u00e0y ch\u1eafc ch\u1eafn s\u1ebd l\u00e0m say l\u00f2ng nh\u1eefng th\u1ef1c kh\u00e1ch kh\u00f3 t\u00ednh nh\u1ea5t.","robots":{"index":"index","follow":"follow","max-snippet":"max-snippet:-1","max-image-preview":"max-image-preview:large","max-video-preview":"max-video-preview:-1"},"canonical":"https:\/\/batubinhphuoc.vn\/en\/shop\/hat-dieu-gac-mat-ong-ba-tu-binh-phuoc-200g-65g-30g-ngot-dep\/","og_locale":"en_US","og_type":"article","og_title":"H\u1ea1t \u0111i\u1ec1u g\u1ea5c m\u1eadt ong B\u00e0 T\u01b0 B\u00ecnh Ph\u01b0\u1edbc 200g \u2013 65g \u2013 30g \u2013 Ng\u1ecdt, \u0111\u1eb9p - batubinhphuoc.vn","og_description":"H\u1ea1t \u0111i\u1ec1u g\u1ea5c m\u1eadt ong l\u00e0 s\u1ef1 k\u1ebft h\u1ee3p ho\u00e0n h\u1ea3o gi\u1eefa v\u1ecb b\u00f9i ng\u1ecdt c\u1ee7a h\u1ea1t \u0111i\u1ec1u v\u00e0 m\u00f9i th\u01a1m d\u1ecbu ng\u1ecdt c\u1ee7a m\u1eadt ong c\u00f9ng m\u00e0u \u0111\u1ecf t\u1ef1 nhi\u00ean t\u1eeb g\u1ea5c. M\u1ed7i h\u1ea1t \u0111i\u1ec1u \u0111\u01b0\u1ee3c ph\u1ee7 \u0111\u1ec1u m\u1eadt ong, gi\u00f2n tan v\u00e0 th\u01a1m ngon, t\u1ea1o n\u00ean m\u00f3n \u0103n v\u1eb7t \u0111\u1ea7y h\u1ea5p d\u1eabn v\u00e0 b\u1ed5 d\u01b0\u1ee1ng. S\u1ea3n ph\u1ea9m n\u00e0y ch\u1eafc ch\u1eafn s\u1ebd l\u00e0m say l\u00f2ng nh\u1eefng th\u1ef1c kh\u00e1ch kh\u00f3 t\u00ednh nh\u1ea5t.","og_url":"https:\/\/batubinhphuoc.vn\/en\/shop\/hat-dieu-gac-mat-ong-ba-tu-binh-phuoc-200g-65g-30g-ngot-dep\/","og_site_name":"batubinhphuoc.vn","article_modified_time":"2026-03-20T08:59:33+00:00","og_image":[{"width":2400,"height":2400,"url":"https:\/\/batubinhphuoc.vn\/wp-content\/uploads\/2026\/03\/z7639934563521_b38154c51d09ed857a3fe68376a0632d.jpg","type":"image\/jpeg"}],"twitter_card":"summary_large_image","twitter_misc":{"Est. reading time":"3 minutes"},"schema":{"@context":"https:\/\/schema.org","@graph":[{"@type":"WebPage","@id":"https:\/\/batubinhphuoc.vn\/shop\/hat-dieu-gac-mat-ong-ba-tu-binh-phuoc-200g-65g-30g-ngot-dep\/","url":"https:\/\/batubinhphuoc.vn\/shop\/hat-dieu-gac-mat-ong-ba-tu-binh-phuoc-200g-65g-30g-ngot-dep\/","name":"H\u1ea1t \u0111i\u1ec1u g\u1ea5c m\u1eadt ong B\u00e0 T\u01b0 B\u00ecnh Ph\u01b0\u1edbc 200g \u2013 65g \u2013 30g \u2013 Ng\u1ecdt, \u0111\u1eb9p - batubinhphuoc.vn","isPartOf":{"@id":"https:\/\/batubinhphuoc.vn\/#website"},"primaryImageOfPage":{"@id":"https:\/\/batubinhphuoc.vn\/shop\/hat-dieu-gac-mat-ong-ba-tu-binh-phuoc-200g-65g-30g-ngot-dep\/#primaryimage"},"image":{"@id":"https:\/\/batubinhphuoc.vn\/shop\/hat-dieu-gac-mat-ong-ba-tu-binh-phuoc-200g-65g-30g-ngot-dep\/#primaryimage"},"thumbnailUrl":"https:\/\/batubinhphuoc.vn\/wp-content\/uploads\/2026\/03\/z7639934563521_b38154c51d09ed857a3fe68376a0632d.jpg","datePublished":"2026-03-20T08:43:34+00:00","dateModified":"2026-03-20T08:59:33+00:00","description":"H\u1ea1t \u0111i\u1ec1u g\u1ea5c m\u1eadt ong l\u00e0 s\u1ef1 k\u1ebft h\u1ee3p ho\u00e0n h\u1ea3o gi\u1eefa v\u1ecb b\u00f9i ng\u1ecdt c\u1ee7a h\u1ea1t \u0111i\u1ec1u v\u00e0 m\u00f9i th\u01a1m d\u1ecbu ng\u1ecdt c\u1ee7a m\u1eadt ong c\u00f9ng m\u00e0u \u0111\u1ecf t\u1ef1 nhi\u00ean t\u1eeb g\u1ea5c. M\u1ed7i h\u1ea1t \u0111i\u1ec1u \u0111\u01b0\u1ee3c ph\u1ee7 \u0111\u1ec1u m\u1eadt ong, gi\u00f2n tan v\u00e0 th\u01a1m ngon, t\u1ea1o n\u00ean m\u00f3n \u0103n v\u1eb7t \u0111\u1ea7y h\u1ea5p d\u1eabn v\u00e0 b\u1ed5 d\u01b0\u1ee1ng. S\u1ea3n ph\u1ea9m n\u00e0y ch\u1eafc ch\u1eafn s\u1ebd l\u00e0m say l\u00f2ng nh\u1eefng th\u1ef1c kh\u00e1ch kh\u00f3 t\u00ednh nh\u1ea5t.","breadcrumb":{"@id":"https:\/\/batubinhphuoc.vn\/shop\/hat-dieu-gac-mat-ong-ba-tu-binh-phuoc-200g-65g-30g-ngot-dep\/#breadcrumb"},"inLanguage":"en-US","potentialAction":[{"@type":"ReadAction","target":["https:\/\/batubinhphuoc.vn\/shop\/hat-dieu-gac-mat-ong-ba-tu-binh-phuoc-200g-65g-30g-ngot-dep\/"]}]},{"@type":"ImageObject","inLanguage":"en-US","@id":"https:\/\/batubinhphuoc.vn\/shop\/hat-dieu-gac-mat-ong-ba-tu-binh-phuoc-200g-65g-30g-ngot-dep\/#primaryimage","url":"https:\/\/batubinhphuoc.vn\/wp-content\/uploads\/2026\/03\/z7639934563521_b38154c51d09ed857a3fe68376a0632d.jpg","contentUrl":"https:\/\/batubinhphuoc.vn\/wp-content\/uploads\/2026\/03\/z7639934563521_b38154c51d09ed857a3fe68376a0632d.jpg","width":2400,"height":2400,"caption":"H\u1ea0T \u0110I\u1ec0U G\u1ea4C M\u1eacT ONG"},{"@type":"BreadcrumbList","@id":"https:\/\/batubinhphuoc.vn\/shop\/hat-dieu-gac-mat-ong-ba-tu-binh-phuoc-200g-65g-30g-ngot-dep\/#breadcrumb","itemListElement":[{"@type":"ListItem","position":1,"name":"Home","item":"https:\/\/batubinhphuoc.vn\/"},{"@type":"ListItem","position":2,"name":"S\u1ea3n ph\u1ea9m","item":"https:\/\/batubinhphuoc.vn\/shop\/"},{"@type":"ListItem","position":3,"name":"H\u1ea1t \u0111i\u1ec1u g\u1ea5c m\u1eadt ong B\u00e0 T\u01b0 B\u00ecnh Ph\u01b0\u1edbc 200g \u2013 65g \u2013 30g \u2013 Ng\u1ecdt, \u0111\u1eb9p"}]},{"@type":"WebSite","@id":"https:\/\/batubinhphuoc.vn\/#website","url":"https:\/\/batubinhphuoc.vn\/","name":"batubinhphuoc.vn","description":"","potentialAction":[{"@type":"SearchAction","target":{"@type":"EntryPoint","urlTemplate":"https:\/\/batubinhphuoc.vn\/?s={search_term_string}"},"query-input":{"@type":"PropertyValueSpecification","valueRequired":true,"valueName":"search_term_string"}}],"inLanguage":"en-US"}]}},"_links":{"self":[{"href":"https:\/\/batubinhphuoc.vn\/en\/wp-json\/wp\/v2\/product\/2394","targetHints":{"allow":["GET"]}}],"collection":[{"href":"https:\/\/batubinhphuoc.vn\/en\/wp-json\/wp\/v2\/product"}],"about":[{"href":"https:\/\/batubinhphuoc.vn\/en\/wp-json\/wp\/v2\/types\/product"}],"replies":[{"embeddable":true,"href":"https:\/\/batubinhphuoc.vn\/en\/wp-json\/wp\/v2\/comments?post=2394"}],"wp:featuredmedia":[{"embeddable":true,"href":"https:\/\/batubinhphuoc.vn\/en\/wp-json\/wp\/v2\/media\/2400"}],"wp:attachment":[{"href":"https:\/\/batubinhphuoc.vn\/en\/wp-json\/wp\/v2\/media?parent=2394"}],"wp:term":[{"taxonomy":"product_brand","embeddable":true,"href":"https:\/\/batubinhphuoc.vn\/en\/wp-json\/wp\/v2\/product_brand?post=2394"},{"taxonomy":"product_cat","embeddable":true,"href":"https:\/\/batubinhphuoc.vn\/en\/wp-json\/wp\/v2\/product_cat?post=2394"},{"taxonomy":"product_tag","embeddable":true,"href":"https:\/\/batubinhphuoc.vn\/en\/wp-json\/wp\/v2\/product_tag?post=2394"}],"curies":[{"name":"wp","href":"https:\/\/api.w.org\/{rel}","templated":true}]}}