{"id":2435,"date":"2026-03-20T16:32:33","date_gmt":"2026-03-20T09:32:33","guid":{"rendered":"https:\/\/batubinhphuoc.vn\/?post_type=product&#038;p=2435"},"modified":"2026-03-20T16:32:33","modified_gmt":"2026-03-20T09:32:33","slug":"hat-dieu-gac-mat-ong-ba-tu-binh-phuoc-65g-ngot-thanh-tu-nhien-do-dep-mat-an-la-me-ngay","status":"publish","type":"product","link":"https:\/\/batubinhphuoc.vn\/en\/shop\/hat-dieu-gac-mat-ong-ba-tu-binh-phuoc-65g-ngot-thanh-tu-nhien-do-dep-mat-an-la-me-ngay\/","title":{"rendered":"H\u1ea1t \u0110i\u1ec1u G\u1ea5c M\u1eadt Ong B\u00e0 T\u01b0 B\u00ecnh Ph\u01b0\u1edbc 65g \u2013 Ng\u1ecdt Thanh T\u1ef1 Nhi\u00ean, \u0110\u1ecf \u0110\u1eb9p M\u1eaft, \u0102n L\u00e0 M\u00ea Ngay!"},"content":{"rendered":"<h2 data-start=\"97\" data-end=\"196\"><a href=\"https:\/\/www.facebook.com\/hatdieubatubinhphuoc.official\"><span role=\"text\"><strong data-start=\"100\" data-end=\"196\">H\u1ea1t \u0110i\u1ec1u G\u1ea5c M\u1eadt Ong B\u00e0 T\u01b0 B\u00ecnh Ph\u01b0\u1edbc 65g \u2013 Ng\u1ecdt Thanh T\u1ef1 Nhi\u00ean, \u0110\u1ecf \u0110\u1eb9p M\u1eaft, \u0102n L\u00e0 M\u00ea Ngay!<\/strong><\/span><\/a><\/h2>\n<p data-start=\"198\" data-end=\"491\">\ud83d\udd25 <strong data-start=\"201\" data-end=\"237\">M\u00f3n \u0103n v\u1eb7t \u201chot trend\u201d 2025\u20132026<\/strong> \u2013 H\u1ea1t \u0111i\u1ec1u v\u1ecb g\u1ea5c m\u1eadt ong B\u00e0 T\u01b0 \u0111ang khi\u1ebfn h\u1ed9i m\u00ea \u0103n v\u1eb7t \u201cph\u00e1t cu\u1ed3ng\u201d!<br data-start=\"305\" data-end=\"308\" \/>Ch\u1ec9 c\u1ea7n th\u1eed m\u1ed9t l\u1ea7n l\u00e0 b\u1ea1n s\u1ebd c\u1ea3m nh\u1eadn ngay <strong data-start=\"352\" data-end=\"387\">\u0111\u1ed9 gi\u00f2n b\u00f9i c\u1ee7a h\u1ea1t \u0111i\u1ec1u lo\u1ea1i 1<\/strong> h\u00f2a quy\u1ec7n c\u00f9ng <strong data-start=\"403\" data-end=\"432\">v\u1ecb ng\u1ecdt thanh c\u1ee7a m\u1eadt ong<\/strong> and <strong data-start=\"436\" data-end=\"467\">h\u01b0\u01a1ng th\u01a1m \u0111\u1eb7c tr\u01b0ng t\u1eeb g\u1ea5c<\/strong> \u2013 v\u1eeba ngon v\u1eeba \u0111\u1eb9p m\u1eaft!<\/p>\n<h2 data-start=\"498\" data-end=\"557\">\ud83d\udca5 V\u00ec sao ai \u0103n c\u0169ng \u201cghi\u1ec1n\u201d h\u1ea1t \u0111i\u1ec1u g\u1ea5c m\u1eadt ong B\u00e0 T\u01b0?<\/h2>\n<p data-start=\"559\" data-end=\"937\">\u2714 <strong data-start=\"561\" data-end=\"596\">100% h\u1ea1t \u0111i\u1ec1u B\u00ecnh Ph\u01b0\u1edbc lo\u1ea1i 1<\/strong> \u2013 h\u1ea1t to, ch\u1eafc, nh\u00e2n tr\u1eafng, tuy\u1ec3n ch\u1ecdn k\u1ef9 l\u01b0\u1ee1ng<br data-start=\"644\" data-end=\"647\" \/>\u2714 <strong data-start=\"649\" data-end=\"679\">Rang th\u1ee7 c\u00f4ng truy\u1ec1n th\u1ed1ng<\/strong> \u2192 gi\u1eef tr\u1ecdn \u0111\u1ed9 gi\u00f2n, kh\u00f4ng chi\u00ean d\u1ea7u, \u0103n kh\u00f4ng ng\u1ea5y<br data-start=\"730\" data-end=\"733\" \/>\u2714 <strong data-start=\"735\" data-end=\"768\">Ph\u1ee7 l\u1edbp g\u1ea5c + m\u1eadt ong \u0111\u1ed9c \u0111\u00e1o<\/strong><br data-start=\"768\" data-end=\"771\" \/>\u2192 m\u00e0u \u0111\u1ecf t\u1ef1 nhi\u00ean \u0111\u1eb9p m\u1eaft<br data-start=\"796\" data-end=\"799\" \/>\u2192 v\u1ecb ng\u1ecdt nh\u1eb9 \u2013 th\u01a1m d\u1ecbu \u2013 b\u00f9i b\u00e9o c\u1ef1c cu\u1ed1n<br data-start=\"842\" data-end=\"845\" \/>\u2714 <strong data-start=\"847\" data-end=\"898\">Kh\u00f4ng ch\u1ea5t b\u1ea3o qu\u1ea3n \u2013 kh\u00f4ng h\u01b0\u01a1ng li\u1ec7u nh\u00e2n t\u1ea1o<\/strong><br data-start=\"898\" data-end=\"901\" \/>\u2714 <strong data-start=\"903\" data-end=\"937\">\u0102n l\u00e0 ghi\u1ec1n \u2013 c\u00e0ng \u0103n c\u00e0ng m\u00ea!<\/strong><\/p>\n<h2 data-start=\"944\" data-end=\"987\">Tr\u1ea3i nghi\u1ec7m v\u1ecb ngon \u201ckh\u00f4ng \u0111\u1ee5ng h\u00e0ng\u201d<\/h2>\n<p data-start=\"989\" data-end=\"1055\">L\u1edbp \u00e1o <strong data-start=\"998\" data-end=\"1015\">g\u1ea5c + m\u1eadt ong<\/strong> t\u1ea1o n\u00ean h\u01b0\u01a1ng v\u1ecb ho\u00e0n to\u00e0n kh\u00e1c bi\u1ec7t:<\/p>\n<ul data-start=\"1056\" data-end=\"1132\">\n<li data-start=\"1056\" data-end=\"1090\">\n<p data-start=\"1058\" data-end=\"1090\">Ng\u1ecdt thanh t\u1ef1 nhi\u00ean, kh\u00f4ng g\u1eaft<\/p>\n<\/li>\n<li data-start=\"1091\" data-end=\"1110\">\n<p data-start=\"1093\" data-end=\"1110\">Th\u01a1m nh\u1eb9, d\u1ec5 \u0103n<\/p>\n<\/li>\n<li data-start=\"1111\" data-end=\"1132\">\n<p data-start=\"1113\" data-end=\"1132\">Gi\u00f2n tan t\u1eebng h\u1ea1t<\/p>\n<\/li>\n<\/ul>\n<p data-start=\"1134\" data-end=\"1189\">Kh\u00e1c h\u1eb3n v\u1edbi h\u1ea1t \u0111i\u1ec1u rang mu\u1ed1i hay v\u1ecb truy\u1ec1n th\u1ed1ng!<\/p>\n<h2 data-start=\"1355\" data-end=\"1379\">L\u1ee3i \u00edch dinh d\u01b0\u1ee1ng<\/h2>\n<p data-start=\"1381\" data-end=\"1427\">Kh\u00f4ng ch\u1ec9 ngon m\u00e0 c\u00f2n c\u1ef1c k\u1ef3 t\u1ed1t cho s\u1ee9c kh\u1ecfe:<\/p>\n<ul data-start=\"1429\" data-end=\"1655\">\n<li data-start=\"1429\" data-end=\"1473\">\n<p data-start=\"1431\" data-end=\"1473\">Gi\u00e0u <strong data-start=\"1436\" data-end=\"1471\">protein th\u1ef1c v\u1eadt &amp; ch\u1ea5t b\u00e9o t\u1ed1t<\/strong><\/p>\n<\/li>\n<li data-start=\"1474\" data-end=\"1506\">\n<p data-start=\"1476\" data-end=\"1506\">B\u1ed5 sung <strong data-start=\"1484\" data-end=\"1504\">vitamin E, magie<\/strong><\/p>\n<\/li>\n<li data-start=\"1507\" data-end=\"1540\">\n<p data-start=\"1509\" data-end=\"1540\">H\u1ed7 tr\u1ee3 <strong data-start=\"1516\" data-end=\"1538\">tim m\u1ea1ch &amp; tr\u00ed n\u00e3o<\/strong><\/p>\n<\/li>\n<li data-start=\"1541\" data-end=\"1655\">\n<p data-start=\"1543\" data-end=\"1655\"><strong data-start=\"1543\" data-end=\"1580\">No l\u00e2u \u2013 \u00edt th\u00e8m \u0103n v\u1eb7t linh tinh<\/strong><br data-start=\"1580\" data-end=\"1583\" \/>\ud83d\udc49 Ph\u00f9 h\u1ee3p cho: d\u00e2n v\u0103n ph\u00f2ng, ng\u01b0\u1eddi t\u1eadp gym, m\u1eb9 b\u1ea7u, tr\u1ebb em tr\u00ean 2 tu\u1ed5i<\/p>\n<\/li>\n<\/ul>\n<h2 data-start=\"1662\" data-end=\"1686\">Product information<\/h2>\n<ul data-start=\"1688\" data-end=\"1975\">\n<li data-start=\"1688\" data-end=\"1747\">\n<p data-start=\"1690\" data-end=\"1747\"><strong data-start=\"1690\" data-end=\"1707\">T\u00ean s\u1ea3n ph\u1ea9m:<\/strong> <a href=\"https:\/\/batubinhphuoc.vn\/en\/\">H\u1ea1t \u0110i\u1ec1u G\u1ea5c M\u1eadt Ong B\u00e0 T\u01b0 B\u00ecnh Ph\u01b0\u1edbc<\/a><\/p>\n<\/li>\n<li data-start=\"1748\" data-end=\"1772\">\n<p data-start=\"1750\" data-end=\"1772\"><strong data-start=\"1750\" data-end=\"1765\">Kh\u1ed1i l\u01b0\u1ee3ng:<\/strong> 65gam<\/p>\n<\/li>\n<li data-start=\"1773\" data-end=\"1819\">\n<p data-start=\"1775\" data-end=\"1819\"><strong data-start=\"1775\" data-end=\"1788\">\u0110\u00f3ng g\u00f3i:<\/strong> H\u1ed9p nh\u1ef1a PET cao c\u1ea5p h\u00fat k\u00edn<\/p>\n<\/li>\n<li data-start=\"1820\" data-end=\"1875\">\n<p data-start=\"1822\" data-end=\"1875\"><strong data-start=\"1822\" data-end=\"1837\">Th\u00e0nh ph\u1ea7n:<\/strong> H\u1ea1t \u0111i\u1ec1u, m\u1eadt ong, g\u1ea5c, \u0111\u01b0\u1eddng, mu\u1ed1i<\/p>\n<\/li>\n<li data-start=\"1876\" data-end=\"1905\">\n<p data-start=\"1878\" data-end=\"1905\"><strong data-start=\"1878\" data-end=\"1894\">H\u1ea1n s\u1eed d\u1ee5ng:<\/strong> 12 th\u00e1ng<\/p>\n<\/li>\n<li data-start=\"1906\" data-end=\"1936\">\n<p data-start=\"1908\" data-end=\"1936\"><strong data-start=\"1908\" data-end=\"1920\">M\u00e3 v\u1ea1ch: <span class=\"fontstyle0\">8936227370164<\/span><\/strong><\/p>\n<\/li>\n<li data-start=\"1937\" data-end=\"1975\">\n<p data-start=\"1939\" data-end=\"1975\"><strong data-start=\"1939\" data-end=\"1951\">Xu\u1ea5t x\u1ee9:<\/strong> B\u00ecnh Ph\u01b0\u1edbc \u2013 Vi\u1ec7t Nam<\/p>\n<\/li>\n<\/ul>\n<h2 data-start=\"1982\" data-end=\"2014\">Commitment from Seeds This April<\/h2>\n<p data-start=\"2016\" data-end=\"2201\">\u2714 Rang m\u1edbi m\u1ed7i ng\u00e0y \u2013 h\u1ea1t lu\u00f4n gi\u00f2n ngon<br data-start=\"2056\" data-end=\"2059\" \/>\u2714 100% h\u1ea1t \u0111i\u1ec1u B\u00ecnh Ph\u01b0\u1edbc ch\u00ednh g\u1ed1c<br data-start=\"2095\" data-end=\"2098\" \/>\u2714 Kh\u00f4ng ph\u1ea9m m\u00e0u \u2013 kh\u00f4ng h\u00f3a ch\u1ea5t \u0111\u1ed9c h\u1ea1i<br data-start=\"2139\" data-end=\"2142\" \/>\u2714 \u0110\u1ed5i tr\u1ea3 mi\u1ec5n ph\u00ed n\u1ebfu s\u1ea3n ph\u1ea9m l\u1ed7i<br data-start=\"2177\" data-end=\"2180\" \/>\u2714 Giao h\u00e0ng to\u00e0n qu\u1ed1c<\/p>\n<h2 data-start=\"2208\" data-end=\"2228\">\u01afu \u0111\u00e3i h\u1ea5p d\u1eabn<\/h2>\n<ul data-start=\"2230\" data-end=\"2316\">\n<li data-start=\"2230\" data-end=\"2246\">\n<p data-start=\"2232\" data-end=\"2246\">Buy 5 get 1 free<\/p>\n<\/li>\n<li data-start=\"2247\" data-end=\"2275\">\n<p data-start=\"2249\" data-end=\"2275\">Mua 10 t\u1eb7ng 2 + freeship<\/p>\n<\/li>\n<li data-start=\"2276\" data-end=\"2316\">\n<p data-start=\"2278\" data-end=\"2316\">S\u1eafp ra m\u1eaft combo qu\u00e0 T\u1ebft si\u00eau \u0111\u1eb9p \ud83c\udf81<\/p>\n<\/li>\n<\/ul>\n<p data-start=\"2323\" data-end=\"2425\">\u26a0\ufe0f <strong data-start=\"2326\" data-end=\"2339\">C\u1ea3nh b\u00e1o:<\/strong> S\u1ea3n ph\u1ea9m th\u01b0\u1eddng xuy\u00ean \u201cch\u00e1y h\u00e0ng\u201d d\u1ecbp cu\u1ed1i tu\u1ea7n &amp; l\u1ec5 T\u1ebft<br data-start=\"2396\" data-end=\"2399\" \/>\u0110\u1eb7t s\u1edbm \u0111\u1ec3 kh\u00f4ng b\u1ecf l\u1ee1!<\/p>\n<p data-start=\"2432\" data-end=\"2552\" data-is-last-node=\"\" data-is-only-node=\"\">\ud83d\udd25 <strong data-start=\"2435\" data-end=\"2479\">\u0102n m\u1ed9t l\u1ea7n l\u00e0 nh\u1edb \u2013 \u0102n hai l\u1ea7n l\u00e0 ghi\u1ec1n!<\/strong><br data-start=\"2479\" data-end=\"2482\" \/>H\u1ea1t \u0111i\u1ec1u B\u00e0 T\u01b0 \u2013 m\u00f3n ngon v\u1eeba \u0111\u1eb9p v\u1eeba ch\u1ea5t cho m\u1ecdi nh\u00e0!<\/p>","protected":false},"excerpt":{"rendered":"<p><strong data-start=\"201\" data-end=\"237\">M\u00f3n \u0103n v\u1eb7t \u201chot trend\u201d 2025\u20132026<\/strong> \u2013 H\u1ea1t \u0111i\u1ec1u v\u1ecb g\u1ea5c m\u1eadt ong B\u00e0 T\u01b0 \u0111ang khi\u1ebfn h\u1ed9i m\u00ea \u0103n v\u1eb7t \u201cph\u00e1t cu\u1ed3ng\u201d!<br data-start=\"305\" data-end=\"308\" \/>Ch\u1ec9 c\u1ea7n th\u1eed m\u1ed9t l\u1ea7n l\u00e0 b\u1ea1n s\u1ebd c\u1ea3m nh\u1eadn ngay <strong data-start=\"352\" data-end=\"387\">\u0111\u1ed9 gi\u00f2n b\u00f9i c\u1ee7a h\u1ea1t \u0111i\u1ec1u lo\u1ea1i 1<\/strong> h\u00f2a quy\u1ec7n c\u00f9ng <strong data-start=\"403\" data-end=\"432\">v\u1ecb ng\u1ecdt thanh c\u1ee7a m\u1eadt ong<\/strong> and <strong data-start=\"436\" data-end=\"467\">h\u01b0\u01a1ng th\u01a1m \u0111\u1eb7c tr\u01b0ng t\u1eeb g\u1ea5c<\/strong> \u2013 v\u1eeba ngon v\u1eeba \u0111\u1eb9p m\u1eaft!<\/p>","protected":false},"featured_media":2445,"comment_status":"open","ping_status":"closed","template":"","meta":[],"product_brand":[],"product_cat":[270],"product_tag":[],"class_list":{"0":"post-2435","1":"product","2":"type-product","3":"status-publish","4":"has-post-thumbnail","6":"product_cat-hat-dieu-gac-mat-ong","8":"first","9":"instock","10":"sale","11":"shipping-taxable","12":"purchasable","13":"product-type-simple"},"yoast_head":"<!-- This site is optimized with the Yoast SEO plugin v26.4 - https:\/\/yoast.com\/wordpress\/plugins\/seo\/ -->\n<title>H\u1ea1t \u0110i\u1ec1u G\u1ea5c M\u1eadt Ong B\u00e0 T\u01b0 B\u00ecnh Ph\u01b0\u1edbc 65g<\/title>\n<meta name=\"description\" content=\"M\u00f3n \u0103n v\u1eb7t \u201chot trend\u201d 2025\u20132026 \u2013 H\u1ea1t \u0111i\u1ec1u v\u1ecb g\u1ea5c m\u1eadt ong B\u00e0 T\u01b0 \u0111ang khi\u1ebfn h\u1ed9i m\u00ea \u0103n v\u1eb7t \u201cph\u00e1t cu\u1ed3ng\u201d!Ch\u1ec9 c\u1ea7n th\u1eed m\u1ed9t l\u1ea7n l\u00e0 b\u1ea1n s\u1ebd c\u1ea3m nh\u1eadn ngay \u0111\u1ed9 gi\u00f2n b\u00f9i c\u1ee7a h\u1ea1t \u0111i\u1ec1u lo\u1ea1i 1 h\u00f2a quy\u1ec7n c\u00f9ng v\u1ecb ng\u1ecdt thanh c\u1ee7a m\u1eadt ong v\u00e0 h\u01b0\u01a1ng th\u01a1m \u0111\u1eb7c tr\u01b0ng t\u1eeb g\u1ea5c \u2013 v\u1eeba ngon v\u1eeba \u0111\u1eb9p m\u1eaft!\" \/>\n<meta name=\"robots\" content=\"index, follow, max-snippet:-1, max-image-preview:large, max-video-preview:-1\" \/>\n<link rel=\"canonical\" href=\"https:\/\/batubinhphuoc.vn\/en\/shop\/hat-dieu-gac-mat-ong-ba-tu-binh-phuoc-65g-ngot-thanh-tu-nhien-do-dep-mat-an-la-me-ngay\/\" \/>\n<meta property=\"og:locale\" content=\"en_US\" \/>\n<meta property=\"og:type\" content=\"article\" \/>\n<meta property=\"og:title\" content=\"H\u1ea1t \u0110i\u1ec1u G\u1ea5c M\u1eadt Ong B\u00e0 T\u01b0 B\u00ecnh Ph\u01b0\u1edbc 65g\" \/>\n<meta property=\"og:description\" content=\"M\u00f3n \u0103n v\u1eb7t \u201chot trend\u201d 2025\u20132026 \u2013 H\u1ea1t \u0111i\u1ec1u v\u1ecb g\u1ea5c m\u1eadt ong B\u00e0 T\u01b0 \u0111ang khi\u1ebfn h\u1ed9i m\u00ea \u0103n v\u1eb7t \u201cph\u00e1t cu\u1ed3ng\u201d!Ch\u1ec9 c\u1ea7n th\u1eed m\u1ed9t l\u1ea7n l\u00e0 b\u1ea1n s\u1ebd c\u1ea3m nh\u1eadn ngay \u0111\u1ed9 gi\u00f2n b\u00f9i c\u1ee7a h\u1ea1t \u0111i\u1ec1u lo\u1ea1i 1 h\u00f2a quy\u1ec7n c\u00f9ng v\u1ecb ng\u1ecdt thanh c\u1ee7a m\u1eadt ong v\u00e0 h\u01b0\u01a1ng th\u01a1m \u0111\u1eb7c tr\u01b0ng t\u1eeb g\u1ea5c \u2013 v\u1eeba ngon v\u1eeba \u0111\u1eb9p m\u1eaft!\" \/>\n<meta property=\"og:url\" content=\"https:\/\/batubinhphuoc.vn\/en\/shop\/hat-dieu-gac-mat-ong-ba-tu-binh-phuoc-65g-ngot-thanh-tu-nhien-do-dep-mat-an-la-me-ngay\/\" \/>\n<meta property=\"og:site_name\" content=\"batubinhphuoc.vn\" \/>\n<meta property=\"og:image\" content=\"https:\/\/batubinhphuoc.vn\/wp-content\/uploads\/2026\/03\/z7640298444769_83fc0e0f70df2b47fc4961060d34b92f.jpg\" \/>\n\t<meta property=\"og:image:width\" content=\"1200\" \/>\n\t<meta property=\"og:image:height\" content=\"1200\" \/>\n\t<meta property=\"og:image:type\" content=\"image\/jpeg\" \/>\n<meta name=\"twitter:card\" content=\"summary_large_image\" \/>\n<meta name=\"twitter:label1\" content=\"Est. reading time\" \/>\n\t<meta name=\"twitter:data1\" content=\"3 minutes\" \/>\n<script type=\"application\/ld+json\" class=\"yoast-schema-graph\">{\"@context\":\"https:\/\/schema.org\",\"@graph\":[{\"@type\":\"WebPage\",\"@id\":\"https:\/\/batubinhphuoc.vn\/shop\/hat-dieu-gac-mat-ong-ba-tu-binh-phuoc-65g-ngot-thanh-tu-nhien-do-dep-mat-an-la-me-ngay\/\",\"url\":\"https:\/\/batubinhphuoc.vn\/shop\/hat-dieu-gac-mat-ong-ba-tu-binh-phuoc-65g-ngot-thanh-tu-nhien-do-dep-mat-an-la-me-ngay\/\",\"name\":\"H\u1ea1t \u0110i\u1ec1u G\u1ea5c M\u1eadt Ong B\u00e0 T\u01b0 B\u00ecnh Ph\u01b0\u1edbc 65g\",\"isPartOf\":{\"@id\":\"https:\/\/batubinhphuoc.vn\/#website\"},\"primaryImageOfPage\":{\"@id\":\"https:\/\/batubinhphuoc.vn\/shop\/hat-dieu-gac-mat-ong-ba-tu-binh-phuoc-65g-ngot-thanh-tu-nhien-do-dep-mat-an-la-me-ngay\/#primaryimage\"},\"image\":{\"@id\":\"https:\/\/batubinhphuoc.vn\/shop\/hat-dieu-gac-mat-ong-ba-tu-binh-phuoc-65g-ngot-thanh-tu-nhien-do-dep-mat-an-la-me-ngay\/#primaryimage\"},\"thumbnailUrl\":\"https:\/\/batubinhphuoc.vn\/wp-content\/uploads\/2026\/03\/z7640298444769_83fc0e0f70df2b47fc4961060d34b92f.jpg\",\"datePublished\":\"2026-03-20T09:32:33+00:00\",\"description\":\"M\u00f3n \u0103n v\u1eb7t \u201chot trend\u201d 2025\u20132026 \u2013 H\u1ea1t \u0111i\u1ec1u v\u1ecb g\u1ea5c m\u1eadt ong B\u00e0 T\u01b0 \u0111ang khi\u1ebfn h\u1ed9i m\u00ea \u0103n v\u1eb7t \u201cph\u00e1t cu\u1ed3ng\u201d!Ch\u1ec9 c\u1ea7n th\u1eed m\u1ed9t l\u1ea7n l\u00e0 b\u1ea1n s\u1ebd c\u1ea3m nh\u1eadn ngay \u0111\u1ed9 gi\u00f2n b\u00f9i c\u1ee7a h\u1ea1t \u0111i\u1ec1u lo\u1ea1i 1 h\u00f2a quy\u1ec7n c\u00f9ng v\u1ecb ng\u1ecdt thanh c\u1ee7a m\u1eadt ong v\u00e0 h\u01b0\u01a1ng th\u01a1m \u0111\u1eb7c tr\u01b0ng t\u1eeb g\u1ea5c \u2013 v\u1eeba ngon v\u1eeba \u0111\u1eb9p m\u1eaft!\",\"breadcrumb\":{\"@id\":\"https:\/\/batubinhphuoc.vn\/shop\/hat-dieu-gac-mat-ong-ba-tu-binh-phuoc-65g-ngot-thanh-tu-nhien-do-dep-mat-an-la-me-ngay\/#breadcrumb\"},\"inLanguage\":\"en-US\",\"potentialAction\":[{\"@type\":\"ReadAction\",\"target\":[\"https:\/\/batubinhphuoc.vn\/shop\/hat-dieu-gac-mat-ong-ba-tu-binh-phuoc-65g-ngot-thanh-tu-nhien-do-dep-mat-an-la-me-ngay\/\"]}]},{\"@type\":\"ImageObject\",\"inLanguage\":\"en-US\",\"@id\":\"https:\/\/batubinhphuoc.vn\/shop\/hat-dieu-gac-mat-ong-ba-tu-binh-phuoc-65g-ngot-thanh-tu-nhien-do-dep-mat-an-la-me-ngay\/#primaryimage\",\"url\":\"https:\/\/batubinhphuoc.vn\/wp-content\/uploads\/2026\/03\/z7640298444769_83fc0e0f70df2b47fc4961060d34b92f.jpg\",\"contentUrl\":\"https:\/\/batubinhphuoc.vn\/wp-content\/uploads\/2026\/03\/z7640298444769_83fc0e0f70df2b47fc4961060d34b92f.jpg\",\"width\":1200,\"height\":1200,\"caption\":\"h\u1ea1t \u0111i\u1ec1u g\u1ea5c m\u1eadt ong\"},{\"@type\":\"BreadcrumbList\",\"@id\":\"https:\/\/batubinhphuoc.vn\/shop\/hat-dieu-gac-mat-ong-ba-tu-binh-phuoc-65g-ngot-thanh-tu-nhien-do-dep-mat-an-la-me-ngay\/#breadcrumb\",\"itemListElement\":[{\"@type\":\"ListItem\",\"position\":1,\"name\":\"Home\",\"item\":\"https:\/\/batubinhphuoc.vn\/\"},{\"@type\":\"ListItem\",\"position\":2,\"name\":\"S\u1ea3n ph\u1ea9m\",\"item\":\"https:\/\/batubinhphuoc.vn\/shop\/\"},{\"@type\":\"ListItem\",\"position\":3,\"name\":\"H\u1ea1t \u0110i\u1ec1u G\u1ea5c M\u1eadt Ong B\u00e0 T\u01b0 B\u00ecnh Ph\u01b0\u1edbc 65g \u2013 Ng\u1ecdt Thanh T\u1ef1 Nhi\u00ean, \u0110\u1ecf \u0110\u1eb9p M\u1eaft, \u0102n L\u00e0 M\u00ea Ngay!\"}]},{\"@type\":\"WebSite\",\"@id\":\"https:\/\/batubinhphuoc.vn\/#website\",\"url\":\"https:\/\/batubinhphuoc.vn\/\",\"name\":\"batubinhphuoc.vn\",\"description\":\"\",\"potentialAction\":[{\"@type\":\"SearchAction\",\"target\":{\"@type\":\"EntryPoint\",\"urlTemplate\":\"https:\/\/batubinhphuoc.vn\/?s={search_term_string}\"},\"query-input\":{\"@type\":\"PropertyValueSpecification\",\"valueRequired\":true,\"valueName\":\"search_term_string\"}}],\"inLanguage\":\"en-US\"}]}<\/script>\n<!-- \/ Yoast SEO plugin. -->","yoast_head_json":{"title":"H\u1ea1t \u0110i\u1ec1u G\u1ea5c M\u1eadt Ong B\u00e0 T\u01b0 B\u00ecnh Ph\u01b0\u1edbc 65g","description":"M\u00f3n \u0103n v\u1eb7t \u201chot trend\u201d 2025\u20132026 \u2013 H\u1ea1t \u0111i\u1ec1u v\u1ecb g\u1ea5c m\u1eadt ong B\u00e0 T\u01b0 \u0111ang khi\u1ebfn h\u1ed9i m\u00ea \u0103n v\u1eb7t \u201cph\u00e1t cu\u1ed3ng\u201d!Ch\u1ec9 c\u1ea7n th\u1eed m\u1ed9t l\u1ea7n l\u00e0 b\u1ea1n s\u1ebd c\u1ea3m nh\u1eadn ngay \u0111\u1ed9 gi\u00f2n b\u00f9i c\u1ee7a h\u1ea1t \u0111i\u1ec1u lo\u1ea1i 1 h\u00f2a quy\u1ec7n c\u00f9ng v\u1ecb ng\u1ecdt thanh c\u1ee7a m\u1eadt ong v\u00e0 h\u01b0\u01a1ng th\u01a1m \u0111\u1eb7c tr\u01b0ng t\u1eeb g\u1ea5c \u2013 v\u1eeba ngon v\u1eeba \u0111\u1eb9p m\u1eaft!","robots":{"index":"index","follow":"follow","max-snippet":"max-snippet:-1","max-image-preview":"max-image-preview:large","max-video-preview":"max-video-preview:-1"},"canonical":"https:\/\/batubinhphuoc.vn\/en\/shop\/hat-dieu-gac-mat-ong-ba-tu-binh-phuoc-65g-ngot-thanh-tu-nhien-do-dep-mat-an-la-me-ngay\/","og_locale":"en_US","og_type":"article","og_title":"H\u1ea1t \u0110i\u1ec1u G\u1ea5c M\u1eadt Ong B\u00e0 T\u01b0 B\u00ecnh Ph\u01b0\u1edbc 65g","og_description":"M\u00f3n \u0103n v\u1eb7t \u201chot trend\u201d 2025\u20132026 \u2013 H\u1ea1t \u0111i\u1ec1u v\u1ecb g\u1ea5c m\u1eadt ong B\u00e0 T\u01b0 \u0111ang khi\u1ebfn h\u1ed9i m\u00ea \u0103n v\u1eb7t \u201cph\u00e1t cu\u1ed3ng\u201d!Ch\u1ec9 c\u1ea7n th\u1eed m\u1ed9t l\u1ea7n l\u00e0 b\u1ea1n s\u1ebd c\u1ea3m nh\u1eadn ngay \u0111\u1ed9 gi\u00f2n b\u00f9i c\u1ee7a h\u1ea1t \u0111i\u1ec1u lo\u1ea1i 1 h\u00f2a quy\u1ec7n c\u00f9ng v\u1ecb ng\u1ecdt thanh c\u1ee7a m\u1eadt ong v\u00e0 h\u01b0\u01a1ng th\u01a1m \u0111\u1eb7c tr\u01b0ng t\u1eeb g\u1ea5c \u2013 v\u1eeba ngon v\u1eeba \u0111\u1eb9p m\u1eaft!","og_url":"https:\/\/batubinhphuoc.vn\/en\/shop\/hat-dieu-gac-mat-ong-ba-tu-binh-phuoc-65g-ngot-thanh-tu-nhien-do-dep-mat-an-la-me-ngay\/","og_site_name":"batubinhphuoc.vn","og_image":[{"width":1200,"height":1200,"url":"https:\/\/batubinhphuoc.vn\/wp-content\/uploads\/2026\/03\/z7640298444769_83fc0e0f70df2b47fc4961060d34b92f.jpg","type":"image\/jpeg"}],"twitter_card":"summary_large_image","twitter_misc":{"Est. reading time":"3 minutes"},"schema":{"@context":"https:\/\/schema.org","@graph":[{"@type":"WebPage","@id":"https:\/\/batubinhphuoc.vn\/shop\/hat-dieu-gac-mat-ong-ba-tu-binh-phuoc-65g-ngot-thanh-tu-nhien-do-dep-mat-an-la-me-ngay\/","url":"https:\/\/batubinhphuoc.vn\/shop\/hat-dieu-gac-mat-ong-ba-tu-binh-phuoc-65g-ngot-thanh-tu-nhien-do-dep-mat-an-la-me-ngay\/","name":"H\u1ea1t \u0110i\u1ec1u G\u1ea5c M\u1eadt Ong B\u00e0 T\u01b0 B\u00ecnh Ph\u01b0\u1edbc 65g","isPartOf":{"@id":"https:\/\/batubinhphuoc.vn\/#website"},"primaryImageOfPage":{"@id":"https:\/\/batubinhphuoc.vn\/shop\/hat-dieu-gac-mat-ong-ba-tu-binh-phuoc-65g-ngot-thanh-tu-nhien-do-dep-mat-an-la-me-ngay\/#primaryimage"},"image":{"@id":"https:\/\/batubinhphuoc.vn\/shop\/hat-dieu-gac-mat-ong-ba-tu-binh-phuoc-65g-ngot-thanh-tu-nhien-do-dep-mat-an-la-me-ngay\/#primaryimage"},"thumbnailUrl":"https:\/\/batubinhphuoc.vn\/wp-content\/uploads\/2026\/03\/z7640298444769_83fc0e0f70df2b47fc4961060d34b92f.jpg","datePublished":"2026-03-20T09:32:33+00:00","description":"M\u00f3n \u0103n v\u1eb7t \u201chot trend\u201d 2025\u20132026 \u2013 H\u1ea1t \u0111i\u1ec1u v\u1ecb g\u1ea5c m\u1eadt ong B\u00e0 T\u01b0 \u0111ang khi\u1ebfn h\u1ed9i m\u00ea \u0103n v\u1eb7t \u201cph\u00e1t cu\u1ed3ng\u201d!Ch\u1ec9 c\u1ea7n th\u1eed m\u1ed9t l\u1ea7n l\u00e0 b\u1ea1n s\u1ebd c\u1ea3m nh\u1eadn ngay \u0111\u1ed9 gi\u00f2n b\u00f9i c\u1ee7a h\u1ea1t \u0111i\u1ec1u lo\u1ea1i 1 h\u00f2a quy\u1ec7n c\u00f9ng v\u1ecb ng\u1ecdt thanh c\u1ee7a m\u1eadt ong v\u00e0 h\u01b0\u01a1ng th\u01a1m \u0111\u1eb7c tr\u01b0ng t\u1eeb g\u1ea5c \u2013 v\u1eeba ngon v\u1eeba \u0111\u1eb9p m\u1eaft!","breadcrumb":{"@id":"https:\/\/batubinhphuoc.vn\/shop\/hat-dieu-gac-mat-ong-ba-tu-binh-phuoc-65g-ngot-thanh-tu-nhien-do-dep-mat-an-la-me-ngay\/#breadcrumb"},"inLanguage":"en-US","potentialAction":[{"@type":"ReadAction","target":["https:\/\/batubinhphuoc.vn\/shop\/hat-dieu-gac-mat-ong-ba-tu-binh-phuoc-65g-ngot-thanh-tu-nhien-do-dep-mat-an-la-me-ngay\/"]}]},{"@type":"ImageObject","inLanguage":"en-US","@id":"https:\/\/batubinhphuoc.vn\/shop\/hat-dieu-gac-mat-ong-ba-tu-binh-phuoc-65g-ngot-thanh-tu-nhien-do-dep-mat-an-la-me-ngay\/#primaryimage","url":"https:\/\/batubinhphuoc.vn\/wp-content\/uploads\/2026\/03\/z7640298444769_83fc0e0f70df2b47fc4961060d34b92f.jpg","contentUrl":"https:\/\/batubinhphuoc.vn\/wp-content\/uploads\/2026\/03\/z7640298444769_83fc0e0f70df2b47fc4961060d34b92f.jpg","width":1200,"height":1200,"caption":"h\u1ea1t \u0111i\u1ec1u g\u1ea5c m\u1eadt ong"},{"@type":"BreadcrumbList","@id":"https:\/\/batubinhphuoc.vn\/shop\/hat-dieu-gac-mat-ong-ba-tu-binh-phuoc-65g-ngot-thanh-tu-nhien-do-dep-mat-an-la-me-ngay\/#breadcrumb","itemListElement":[{"@type":"ListItem","position":1,"name":"Home","item":"https:\/\/batubinhphuoc.vn\/"},{"@type":"ListItem","position":2,"name":"S\u1ea3n ph\u1ea9m","item":"https:\/\/batubinhphuoc.vn\/shop\/"},{"@type":"ListItem","position":3,"name":"H\u1ea1t \u0110i\u1ec1u G\u1ea5c M\u1eadt Ong B\u00e0 T\u01b0 B\u00ecnh Ph\u01b0\u1edbc 65g \u2013 Ng\u1ecdt Thanh T\u1ef1 Nhi\u00ean, \u0110\u1ecf \u0110\u1eb9p M\u1eaft, \u0102n L\u00e0 M\u00ea Ngay!"}]},{"@type":"WebSite","@id":"https:\/\/batubinhphuoc.vn\/#website","url":"https:\/\/batubinhphuoc.vn\/","name":"batubinhphuoc.vn","description":"","potentialAction":[{"@type":"SearchAction","target":{"@type":"EntryPoint","urlTemplate":"https:\/\/batubinhphuoc.vn\/?s={search_term_string}"},"query-input":{"@type":"PropertyValueSpecification","valueRequired":true,"valueName":"search_term_string"}}],"inLanguage":"en-US"}]}},"_links":{"self":[{"href":"https:\/\/batubinhphuoc.vn\/en\/wp-json\/wp\/v2\/product\/2435","targetHints":{"allow":["GET"]}}],"collection":[{"href":"https:\/\/batubinhphuoc.vn\/en\/wp-json\/wp\/v2\/product"}],"about":[{"href":"https:\/\/batubinhphuoc.vn\/en\/wp-json\/wp\/v2\/types\/product"}],"replies":[{"embeddable":true,"href":"https:\/\/batubinhphuoc.vn\/en\/wp-json\/wp\/v2\/comments?post=2435"}],"wp:featuredmedia":[{"embeddable":true,"href":"https:\/\/batubinhphuoc.vn\/en\/wp-json\/wp\/v2\/media\/2445"}],"wp:attachment":[{"href":"https:\/\/batubinhphuoc.vn\/en\/wp-json\/wp\/v2\/media?parent=2435"}],"wp:term":[{"taxonomy":"product_brand","embeddable":true,"href":"https:\/\/batubinhphuoc.vn\/en\/wp-json\/wp\/v2\/product_brand?post=2435"},{"taxonomy":"product_cat","embeddable":true,"href":"https:\/\/batubinhphuoc.vn\/en\/wp-json\/wp\/v2\/product_cat?post=2435"},{"taxonomy":"product_tag","embeddable":true,"href":"https:\/\/batubinhphuoc.vn\/en\/wp-json\/wp\/v2\/product_tag?post=2435"}],"curies":[{"name":"wp","href":"https:\/\/api.w.org\/{rel}","templated":true}]}}